{"id":1021,"date":"2015-11-23T11:52:46","date_gmt":"2015-11-23T10:52:46","guid":{"rendered":"http:\/\/www.schuetzen-hoengen.de\/?page_id=1021"},"modified":"2019-11-19T18:17:27","modified_gmt":"2019-11-19T17:17:27","slug":"chronik-bis-1963","status":"publish","type":"page","link":"https:\/\/schuetzen-hoengen.de\/index.php\/historisches\/chronik-bis-1963\/","title":{"rendered":"Chronik bis 1963"},"content":{"rendered":"<h5 style=\"text-align: center;\"><span style=\"color: #008000;\">Chronik bis 1963<\/span><\/h5>\n<p><a href=\"http:\/\/www.schuetzen-hoengen.de\/wp-content\/uploads\/2015\/11\/Festzeitschrift-1963-08.jpg\" data-rel=\"lightbox-image-0\" data-rl_title=\"\" data-rl_caption=\"\" title=\"\"><img loading=\"lazy\" decoding=\"async\" class=\"aligncenter wp-image-1023 size-full\" src=\"http:\/\/www.schuetzen-hoengen.de\/wp-content\/uploads\/2015\/11\/Festzeitschrift-1963-08.jpg\" alt=\"Festzeitschrift 1963-08\" width=\"3509\" height=\"2550\" \/><\/a><\/p>\n<p style=\"text-align: center;\"><a href=\"http:\/\/www.schuetzen-hoengen.de\/wp-content\/uploads\/2015\/11\/Festzeitschrift-1963-09.jpg\" data-rel=\"lightbox-image-1\" data-rl_title=\"\" data-rl_caption=\"\" title=\"\"><img loading=\"lazy\" decoding=\"async\" class=\"alignnone wp-image-1024 size-full\" src=\"http:\/\/www.schuetzen-hoengen.de\/wp-content\/uploads\/2015\/11\/Festzeitschrift-1963-09.jpg\" alt=\"Festzeitschrift 1963-09\" width=\"3509\" height=\"2550\" \/><\/a><\/p>\n<p style=\"text-align: center;\"><a href=\"http:\/\/www.schuetzen-hoengen.de\/wp-content\/uploads\/2015\/11\/Festzeitschrift-1963-10.jpg\" data-rel=\"lightbox-image-2\" data-rl_title=\"\" data-rl_caption=\"\" title=\"\"><img loading=\"lazy\" decoding=\"async\" class=\"alignnone wp-image-1026 size-full\" src=\"http:\/\/www.schuetzen-hoengen.de\/wp-content\/uploads\/2015\/11\/Festzeitschrift-1963-10.jpg\" alt=\"Festzeitschrift 1963-10\" width=\"3509\" height=\"2550\" \/><\/a><\/p>\n<p style=\"text-align: center;\">\u00a0( &#8220;Kick&#8221; aufs Bild zum vergr\u00f6\u00dfern )<\/p>\n<h6 style=\"text-align: center;\"><span style=\"color: #008000;\">Auszug aus der Festzeitschrift von 1963<\/span><\/h6>\n<p style=\"text-align: center;\">Chronik ab 1963 bis heute folgt<\/p>\n<hr \/>\n<p><a href=\"http:\/\/www.schuetzen-hoengen.de\/wp-content\/uploads\/2015\/11\/DSCN1864.jpg\" data-rel=\"lightbox-image-3\" data-rl_title=\"\" data-rl_caption=\"\" title=\"\"><img loading=\"lazy\" decoding=\"async\" class=\"wp-image-1344 size-full\" src=\"http:\/\/www.schuetzen-hoengen.de\/wp-content\/uploads\/2015\/11\/DSCN1864.jpg\" alt=\"DSCN1864\" width=\"2239\" height=\"3110\" \/><\/a><\/p>\n<h5><span style=\"color: #000000;\">Kurze Zusammenfassung der H\u00f6ngener Sch\u00fctzengeschichte aus 1997 durch Josef Peters<\/span><\/h5>\n<p>&nbsp;<\/p>\n<p>&nbsp;<\/p>\n<hr \/>\n<p>&nbsp;<\/p>\n<h5>Historie der St. Johannes Baptist Sch\u00fctzenbruderschaft H\u00f6ngen<\/h5>\n<p><a href=\"http:\/\/www.schuetzen-hoengen.de\/wp-content\/uploads\/2015\/05\/koenig_1932.jpg\" rel=\"attachment wp-att-237\" data-rel=\"lightbox-image-4\" data-rl_title=\"\" data-rl_caption=\"\" title=\"\"><img loading=\"lazy\" decoding=\"async\" class=\"aligncenter wp-image-237 size-full\" src=\"http:\/\/www.schuetzen-hoengen.de\/wp-content\/uploads\/2015\/05\/koenig_1932.jpg\" alt=\"koenig_1932\" width=\"200\" height=\"283\" \/><\/a>K\u00f6nigspaar 1932: Fritz Grein und Anna Schippers sp\u00e4ter Grein<\/p>\n<p><a href=\"http:\/\/www.schuetzen-hoengen.de\/wp-content\/uploads\/2015\/05\/koenig_1935.jpg\" rel=\"attachment wp-att-238\" data-rel=\"lightbox-image-5\" data-rl_title=\"\" data-rl_caption=\"\" title=\"\"><img loading=\"lazy\" decoding=\"async\" class=\" wp-image-238 aligncenter\" src=\"http:\/\/www.schuetzen-hoengen.de\/wp-content\/uploads\/2015\/05\/koenig_1935.jpg\" alt=\"koenig_1935\" width=\"285\" height=\"208\" \/><\/a><\/p>\n<p>Vor dem 2. Weltkrieg war die heutige Sch\u00fctzenbruderschaft eine Sch\u00fctzengesellschaft. Die Mitglieder waren nur Jungesellen im Alter von 18 Jahren und \u00e4lter. Ein eigenes Trommler- und Pfeiferkorps hatte man in H\u00f6ngen nicht. Nachbarcorps standen f\u00fcr ein Entgelt bei den Aufz\u00fcgen und Wecken zur Verf\u00fcgung. Ein Dorfeigener Musikverein bereicherte die Aufz\u00fcge und das Dorfleben. So verlief dieses bis in die drei\u00dfiger Jahren.<\/p>\n<p><a href=\"http:\/\/www.schuetzen-hoengen.de\/wp-content\/uploads\/2015\/05\/schuetzen_1915.jpg\" rel=\"attachment wp-att-291\" data-rel=\"lightbox-image-6\" data-rl_title=\"\" data-rl_caption=\"\" title=\"\"><img loading=\"lazy\" decoding=\"async\" class=\"aligncenter wp-image-291 size-full\" src=\"http:\/\/www.schuetzen-hoengen.de\/wp-content\/uploads\/2015\/05\/schuetzen_1915.jpg\" alt=\"schuetzen_1915\" width=\"200\" height=\"143\" \/><\/a>Durch ein gro\u00dfes Dekanatssch\u00fctzenfest kam wieder reichlich Geld in die Kasse, soda\u00df von der Sch\u00fctzengesellschaft eine Lambertusfahne erworben wurde. Ebenfalls konnte die notwendigen Instrumente zur Gr\u00fcndung eines eigenes Trommler- Pfeifercorps angeschaft werden. Durch die Machtergreifung der Nazis 1933 &#8220;Drittes Reich&#8221; kam f\u00fcr die Vereine eine Gro\u00dfe Ver\u00e4nderung. Alle Vereine in der \u00d6ffentlichkeit mu\u00dften dem NS Bund angeschlossen sein. Da die Sch\u00fctzengesellschaft ein kirchlicher Verein war mit weltlichen Traditionen mu\u00dften auch sie um \u00f6ffenlichen Auftreten zu k\u00f6nnen dem NS Sch\u00fctzenbund beitreten. Dieses wurde aber von den Mitgliedern in einer Mitgleiderversammlung abgelehnt und durfte nur noch als christliche Bruderschaft in \u00d6ffentlichkeit auftreten. Aber auch dies wurde nach einigen Jahren verboten, soda\u00df die Sch\u00fctzenbruderschaft nur im innern der Kirche der Kirche in Erscheinung trat. Die Jugend w\u00e4hrend dieser Zeit veranstalteten den Vogelschu\u00df und zogen mit K\u00f6nig durch H\u00f6ngen. Als Musik vorne hinter dem Schellenbaum die Gebr\u00fcder Stoffels mit Blockfl\u00f6te und Trommel. Da die Sch\u00fctzenbruderschaft verboten war und das Trommler- und Pfeiferkorps durch flei\u00dfiges \u00dcben auftrittsreif war wurde der erste Auftritt des Corps im Aufzug durch das Dorf mit den Jungsch\u00fctzen vollzogen. Es war ein sch\u00f6ner Samstagnachmittag als die Jungendlichen ( Kinder ) von der Kirchstra\u00dfe in Richtung Krouw Bird marschierten. Doch dieser Aufzug nahm ein schnelles Ende. Der damalige Polizeibeamte Jakob Hermanns aus T\u00fcddrn hielt den Aufzug vor der Gastst\u00e4tte Geradts an und f\u00fchrte das Trommler- und Pfeiferkorps in die Gastst\u00e4tte, wo dann die Instrumente in Beschlag genommen wurden. So wurde der letzte Sch\u00fctzengeist von den Nazis in H\u00f6ngen von der Stra\u00dfe verbannt.<\/p>\n","protected":false},"excerpt":{"rendered":"<p>Chronik bis 1963 \u00a0( &#8220;Kick&#8221; aufs Bild zum vergr\u00f6\u00dfern ) Auszug aus der Festzeitschrift von 1963 Chronik ab 1963 bis heute folgt Kurze Zusammenfassung der H\u00f6ngener Sch\u00fctzengeschichte aus 1997 durch Josef Peters &nbsp; &nbsp; &nbsp; Historie der St. Johannes Baptist Sch\u00fctzenbruderschaft H\u00f6ngen K\u00f6nigspaar 1932: Fritz Grein und Anna Schippers sp\u00e4ter Grein Vor dem 2. Weltkrieg &hellip; <a href=\"https:\/\/schuetzen-hoengen.de\/index.php\/historisches\/chronik-bis-1963\/\" class=\"more-link\"><span class=\"screen-reader-text\">Chronik bis 1963<\/span> weiterlesen <span class=\"meta-nav\">&rarr;<\/span><\/a><\/p>\n","protected":false},"author":2,"featured_media":0,"parent":42,"menu_order":0,"comment_status":"closed","ping_status":"closed","template":"","meta":{"footnotes":""},"_links":{"self":[{"href":"https:\/\/schuetzen-hoengen.de\/index.php\/wp-json\/wp\/v2\/pages\/1021"}],"collection":[{"href":"https:\/\/schuetzen-hoengen.de\/index.php\/wp-json\/wp\/v2\/pages"}],"about":[{"href":"https:\/\/schuetzen-hoengen.de\/index.php\/wp-json\/wp\/v2\/types\/page"}],"author":[{"embeddable":true,"href":"https:\/\/schuetzen-hoengen.de\/index.php\/wp-json\/wp\/v2\/users\/2"}],"replies":[{"embeddable":true,"href":"https:\/\/schuetzen-hoengen.de\/index.php\/wp-json\/wp\/v2\/comments?post=1021"}],"version-history":[{"count":19,"href":"https:\/\/schuetzen-hoengen.de\/index.php\/wp-json\/wp\/v2\/pages\/1021\/revisions"}],"predecessor-version":[{"id":12272,"href":"https:\/\/schuetzen-hoengen.de\/index.php\/wp-json\/wp\/v2\/pages\/1021\/revisions\/12272"}],"up":[{"embeddable":true,"href":"https:\/\/schuetzen-hoengen.de\/index.php\/wp-json\/wp\/v2\/pages\/42"}],"wp:attachment":[{"href":"https:\/\/schuetzen-hoengen.de\/index.php\/wp-json\/wp\/v2\/media?parent=1021"}],"curies":[{"name":"wp","href":"https:\/\/api.w.org\/{rel}","templated":true}]}}