{"id":1032,"date":"2015-11-23T13:59:09","date_gmt":"2015-11-23T12:59:09","guid":{"rendered":"http:\/\/www.schuetzen-hoengen.de\/?page_id=1032"},"modified":"2019-10-25T17:43:20","modified_gmt":"2019-10-25T15:43:20","slug":"vereinsmeisterschaft-2015","status":"publish","type":"page","link":"https:\/\/schuetzen-hoengen.de\/index.php\/schiesssport\/vereinsmeisterschaft-2015\/","title":{"rendered":"5_Vereinsmeisterschaft 2015"},"content":{"rendered":"<h5>Bericht zur Vereinsmeisterschaft 2015<\/h5>\n<p>Die Vereinsmeisterschaft 2015 wurde an drei verschiedenen Terminen geschossen.<br \/>\nBegonnen haben wir im Fr\u00fchjahr mit dem <strong>Ordonnanzgewehr.<\/strong> Es wurde ein geselliger Abend<strong> in Aldenhoven<\/strong>. Bei dem Jeder versuchte sein Bestes zu geben.<\/p>\n<p>Mitte des Jahres traf man sich, nach der <strong>Sonntagsmesse zum Fr\u00fchschoppen<\/strong> auf dem vereinseigenen Schie\u00dfstand. Nicht um Bier zu trinken, nein es wurde gleich in drei Disziplinen ein weiterer Teil der Vereinsmeisterschaft geschossen.<br \/>\nHier war Universaltalent gefragt.<strong> Standen doch Luftgewehr, KK- Gewehr und Armbrust\u00a0 &#8220;Hobby Tell&#8221; auf dem Programm<\/strong>. Die Konkurrenz war gro\u00df, in zwei Disziplinen musste gekabelt werden.<\/p>\n<p>&nbsp;<\/p>\n<p><strong>Unsere Sportger\u00e4te:<\/strong><\/p>\n<p><strong>Armbrust &#8220;Hobby Tell&#8221; &#8211; f\u00fcr unsere Anf\u00e4nger<\/strong><\/p>\n<p><a href=\"http:\/\/www.schuetzen-hoengen.de\/wp-content\/uploads\/2015\/04\/Hobby-Tell.jpg\" data-rel=\"lightbox-image-0\" data-rl_title=\"\" data-rl_caption=\"\" title=\"\"><img loading=\"lazy\" decoding=\"async\" class=\" wp-image-6332 aligncenter\" src=\"http:\/\/www.schuetzen-hoengen.de\/wp-content\/uploads\/2015\/04\/Hobby-Tell-300x129.jpg\" alt=\"hobby-tell\" width=\"265\" height=\"114\" srcset=\"https:\/\/schuetzen-hoengen.de\/wp-content\/uploads\/2015\/04\/Hobby-Tell-300x129.jpg 300w, https:\/\/schuetzen-hoengen.de\/wp-content\/uploads\/2015\/04\/Hobby-Tell.jpg 366w\" sizes=\"(max-width: 265px) 100vw, 265px\" \/><\/a><strong>Kleinkalibergewehr &#8211; Kleinkaliber Rundenwettk\u00e4mpfe<\/strong><\/p>\n<p><a href=\"http:\/\/www.schuetzen-hoengen.de\/wp-content\/uploads\/2015\/04\/kleinkalibergewehr_50m_sp.jpg\" rel=\"attachment wp-att-1677\" data-rel=\"lightbox-image-1\" data-rl_title=\"\" data-rl_caption=\"\" title=\"\"><img loading=\"lazy\" decoding=\"async\" class=\"size-medium wp-image-1677 aligncenter\" src=\"http:\/\/www.schuetzen-hoengen.de\/wp-content\/uploads\/2015\/04\/kleinkalibergewehr_50m_sp-300x130.jpg\" alt=\"kleinkalibergewehr_50m_sp\" width=\"300\" height=\"130\" \/><\/a><strong>Luftgewehr<\/strong><\/p>\n<p><a href=\"http:\/\/www.schuetzen-hoengen.de\/wp-content\/uploads\/2015\/04\/luftgewehr.jpg\" data-rel=\"lightbox-image-2\" data-rl_title=\"\" data-rl_caption=\"\" title=\"\"><img loading=\"lazy\" decoding=\"async\" class=\"size-medium wp-image-6333 aligncenter\" src=\"http:\/\/www.schuetzen-hoengen.de\/wp-content\/uploads\/2015\/04\/luftgewehr-300x150.jpg\" alt=\"luftgewehr\" width=\"300\" height=\"150\" srcset=\"https:\/\/schuetzen-hoengen.de\/wp-content\/uploads\/2015\/04\/luftgewehr-300x150.jpg 300w, https:\/\/schuetzen-hoengen.de\/wp-content\/uploads\/2015\/04\/luftgewehr.jpg 318w\" sizes=\"(max-width: 300px) 100vw, 300px\" \/><\/a><\/p>\n<p><strong>Balancebogen &#8211; Ordonnanzgewehr &#8211; Armbrust &#8221; Op de Wipp &#8221;<br \/>\nPanzerfaust f\u00fcr ungebetene G\u00e4ste<br \/>\n<\/strong><\/p>\n<p>Als dritter Termin stand unserer <strong>Herbstkirmes auf dem Programm.<\/strong> Dort wurde unsere Traditions &#8211; Disziplin &#8220;<strong> Op de Wipp &#8220;<\/strong> geschossen. Sicherlich kann sich nicht Jedermann darunter etwas vorstellen. Geschossen wird auf eine 8 cm im Durchmesser gro\u00dfe Scheibe. Diese liegt in 12,50 m H\u00f6he auf einem 4 cm im Durchmesser aufweisenden Mast. Es stehen also als m\u00f6gliche Treffer &#8211; Fl\u00e4che gerade einmal 2 cm zur Verf\u00fcgung.<strong> Eine knifflige Angelegenheit.<\/strong> Bei der unter anderem auch der Wind und dessen Richtung mit eingerechnet werden will. Auch hier musste bei guter Teilnahme gekabelt werden.<\/p>\n<p><strong>Insgesamt muss man sagen, es hat allen viel Spa\u00df bereitet in geselliger Runde an drei Terminen unsere abwechslungsreiche Vereinsmeisterschaft zu schie\u00dfen.<\/strong><\/p>\n<h5 style=\"text-align: center;\"><a href=\"http:\/\/www.schuetzen-hoengen.de\/wp-content\/uploads\/2015\/11\/DSCN1791.jpg\" data-rel=\"lightbox-image-3\" data-rl_title=\"\" data-rl_caption=\"\" title=\"\"><img loading=\"lazy\" decoding=\"async\" class=\"wp-image-6378 size-large aligncenter\" src=\"http:\/\/www.schuetzen-hoengen.de\/wp-content\/uploads\/2015\/11\/DSCN1791-1024x768.jpg\" alt=\"dscn1791\" width=\"474\" height=\"356\" srcset=\"https:\/\/schuetzen-hoengen.de\/wp-content\/uploads\/2015\/11\/DSCN1791.jpg 1024w, https:\/\/schuetzen-hoengen.de\/wp-content\/uploads\/2015\/11\/DSCN1791-300x225.jpg 300w, https:\/\/schuetzen-hoengen.de\/wp-content\/uploads\/2015\/11\/DSCN1791-768x576.jpg 768w\" sizes=\"(max-width: 474px) 100vw, 474px\" \/><\/a><\/h5>\n<p>Der \u00dcberraschungssieger in der Diziplin &#8221; Op de Wipp &#8221;<br \/>\nTobias Conen nimmt die Gl\u00fcckw\u00fcnsche durch den Schie\u00dfmeister<br \/>\nKarl-Heinz Welter entgegen.<\/p>\n<p><strong>Luftgewehr:\u00a0 \u00a0 \u00a0 \u00a0 \u00a0 \u00a0 \u00a0 \u00a0 \u00a0 \u00a0 \u00a0 \u00a0 \u00a0 \u00a0 \u00a0 \u00a0 \u00a0 \u00a0 \u00a0 \u00a0 \u00a0 \u00a0 \u00a0 \u00a0 \u00a0 \u00a0 \u00a0 \u00a0 Armbrust &#8220;Hobby Tell&#8221;:<\/strong><\/p>\n<p>1. Josef Zaunbrecher 140\u00a0\u00a0\u00a0\u00a0\u00a0 \u00a0 \u00a0 \u00a0 \u00a0 \u00a0 \u00a0 \u00a0 \u00a0 \u00a0 \u00a0\u00a0 Hans Janssen\u00a0\u00a0\u00a0\u00a0\u00a0\u00a0 \u00a0 \u00a0\u00a0 69 Kabeln<br \/>\n2. Hans Janssen\u00a0\u00a0\u00a0\u00a0\u00a0\u00a0\u00a0\u00a0\u00a0\u00a0\u00a0\u00a0 135\u00a0\u00a0\u00a0 \u00a0 \u00a0 \u00a0 \u00a0 \u00a0 \u00a0 \u00a0 \u00a0 \u00a0 \u00a0 \u00a0 Frank K\u00fcsters \u00a0 \u00a0 \u00a0 \u00a0\u00a0 \u00a0 69<br \/>\n3. Frank K\u00fcsters \u00a0 \u00a0 \u00a0 \u00a0 \u00a0\u00a0 128\u00a0\u00a0 \u00a0 \u00a0 \u00a0 \u00a0 \u00a0 \u00a0 \u00a0 \u00a0 \u00a0 \u00a0\u00a0 \u00a0 Josef Zaunbrecher 61<\/p>\n<p><strong>Kleinkaliber Gewehr:\u00a0\u00a0 \u00a0 \u00a0 \u00a0 \u00a0 \u00a0 \u00a0 \u00a0 \u00a0 \u00a0 \u00a0\u00a0\u00a0\u00a0\u00a0\u00a0 \u00a0 \u00a0 \u00a0 Armbrust &#8221; Op de Wipp &#8220;:<\/strong><\/p>\n<p>1. Frank K\u00fcsters\u00a0\u00a0\u00a0\u00a0\u00a0\u00a0\u00a0\u00a0\u00a0\u00a0\u00a0 15 &#8211; 43 Kab.\u00a0\u00a0\u00a0\u00a0\u00a0 Tobias Conen \u00a0\u00a0 \u00a0 \u00a0 \u00a0\u00a0 \u00a0 \u00a0 4 &#8211; 1 K.<br \/>\n2. K. H. Welter\u00a0\u00a0\u00a0\u00a0\u00a0\u00a0\u00a0\u00a0\u00a0 \u00a0 \u00a0 \u00a0 15 &#8211; 42\u00a0\u00a0\u00a0\u00a0\u00a0\u00a0\u00a0\u00a0\u00a0\u00a0\u00a0\u00a0\u00a0\u00a0\u00a0 \u00a0 Leo Keulen\u00a0\u00a0\u00a0\u00a0\u00a0\u00a0\u00a0\u00a0\u00a0\u00a0\u00a0\u00a0\u00a0 \u00a0\u00a0 \u00a0\u00a0 4 &#8211; 0<br \/>\n3. Ger Hanssen\u00a0\u00a0\u00a0\u00a0\u00a0\u00a0\u00a0\u00a0 \u00a0\u00a0 \u00a0 15 &#8211; 41\u00a0\u00a0\u00a0\u00a0\u00a0\u00a0\u00a0\u00a0\u00a0\u00a0\u00a0\u00a0 \u00a0 \u00a0\u00a0 Josef Zaunbrecher\u00a0\u00a0 3<br \/>\n_\u00a0\u00a0\u00a0\u00a0\u00a0\u00a0\u00a0\u00a0\u00a0\u00a0\u00a0\u00a0\u00a0\u00a0\u00a0\u00a0\u00a0\u00a0\u00a0\u00a0\u00a0\u00a0\u00a0\u00a0\u00a0\u00a0\u00a0\u00a0\u00a0\u00a0\u00a0\u00a0\u00a0\u00a0\u00a0\u00a0\u00a0\u00a0\u00a0\u00a0\u00a0\u00a0\u00a0\u00a0\u00a0\u00a0\u00a0\u00a0\u00a0\u00a0\u00a0\u00a0\u00a0\u00a0\u00a0\u00a0\u00a0\u00a0\u00a0\u00a0\u00a0\u00a0\u00a0\u00a0\u00a0\u00a0\u00a0\u00a0\u00a0\u00a0\u00a0\u00a0 \u00a0 \u00a0\u00a0 \u00a0\u00a0 Uwe Opinski\u00a0\u00a0\u00a0\u00a0\u00a0\u00a0\u00a0\u00a0 \u00a0 \u00a0\u00a0 \u00a0\u00a0 3<\/p>\n<p><strong>Ordonnanzgewehr:<\/strong><\/p>\n<p>1. Frank K\u00fcsters\u00a0\u00a0\u00a0\u00a0\u00a0\u00a0\u00a0\u00a0\u00a0\u00a0 159<br \/>\n2. Karl Heinz Welter 147<br \/>\n3. Ger Hanssen \u00a0 \u00a0 \u00a0 \u00a0 \u00a0 \u00a0 146<br \/>\n3. Paul Boumanns \u00a0 \u00a0 \u00a0 146<\/p>\n<p>Karl Heinz Welter<br \/>\nSchie\u00dfmeister<\/p>\n","protected":false},"excerpt":{"rendered":"<p>Bericht zur Vereinsmeisterschaft 2015 Die Vereinsmeisterschaft 2015 wurde an drei verschiedenen Terminen geschossen. Begonnen haben wir im Fr\u00fchjahr mit dem Ordonnanzgewehr. Es wurde ein geselliger Abend in Aldenhoven. Bei dem Jeder versuchte sein Bestes zu geben. Mitte des Jahres traf man sich, nach der Sonntagsmesse zum Fr\u00fchschoppen auf dem vereinseigenen Schie\u00dfstand. Nicht um Bier zu &hellip; <a href=\"https:\/\/schuetzen-hoengen.de\/index.php\/schiesssport\/vereinsmeisterschaft-2015\/\" class=\"more-link\"><span class=\"screen-reader-text\">5_Vereinsmeisterschaft 2015<\/span> weiterlesen <span class=\"meta-nav\">&rarr;<\/span><\/a><\/p>\n","protected":false},"author":2,"featured_media":0,"parent":44,"menu_order":0,"comment_status":"closed","ping_status":"closed","template":"","meta":{"footnotes":""},"_links":{"self":[{"href":"https:\/\/schuetzen-hoengen.de\/index.php\/wp-json\/wp\/v2\/pages\/1032"}],"collection":[{"href":"https:\/\/schuetzen-hoengen.de\/index.php\/wp-json\/wp\/v2\/pages"}],"about":[{"href":"https:\/\/schuetzen-hoengen.de\/index.php\/wp-json\/wp\/v2\/types\/page"}],"author":[{"embeddable":true,"href":"https:\/\/schuetzen-hoengen.de\/index.php\/wp-json\/wp\/v2\/users\/2"}],"replies":[{"embeddable":true,"href":"https:\/\/schuetzen-hoengen.de\/index.php\/wp-json\/wp\/v2\/comments?post=1032"}],"version-history":[{"count":20,"href":"https:\/\/schuetzen-hoengen.de\/index.php\/wp-json\/wp\/v2\/pages\/1032\/revisions"}],"predecessor-version":[{"id":6379,"href":"https:\/\/schuetzen-hoengen.de\/index.php\/wp-json\/wp\/v2\/pages\/1032\/revisions\/6379"}],"up":[{"embeddable":true,"href":"https:\/\/schuetzen-hoengen.de\/index.php\/wp-json\/wp\/v2\/pages\/44"}],"wp:attachment":[{"href":"https:\/\/schuetzen-hoengen.de\/index.php\/wp-json\/wp\/v2\/media?parent=1032"}],"curies":[{"name":"wp","href":"https:\/\/api.w.org\/{rel}","templated":true}]}}