{"id":10494,"date":"2018-06-28T22:31:16","date_gmt":"2018-06-28T20:31:16","guid":{"rendered":"http:\/\/www.schuetzen-hoengen.de\/?page_id=10494"},"modified":"2018-06-29T12:59:45","modified_gmt":"2018-06-29T10:59:45","slug":"buergerhalleninfo","status":"publish","type":"page","link":"https:\/\/schuetzen-hoengen.de\/index.php\/willkommen-ii\/buergerhalleninfo\/","title":{"rendered":"B\u00fcrgerhalleninfo"},"content":{"rendered":"<header class=\"entry-header\">\n<h1 class=\"entry-title\"><!-- .entry-header --><\/h1>\n<\/header>\n<div class=\"entry-content\">\n<h4>\u00a0<a title=\"\" href=\"http:\/\/www.schuetzen-hoengen.de\/wp-content\/uploads\/2015\/04\/Festhalle-1.jpg\" data-rel=\"lightbox-image-bGlnaHRib3gtaW1hZ2UtMA==\" data-rl_title=\"\" data-rl_caption=\"\" data-rl_title=\"\" data-rl_caption=\"\" data-slimstat=\"5\"><img loading=\"lazy\" decoding=\"async\" class=\"alignnone size-full wp-image-8536\" src=\"http:\/\/www.schuetzen-hoengen.de\/wp-content\/uploads\/2015\/04\/Festhalle-1.jpg\" alt=\"\" width=\"276\" height=\"183\" \/><\/a><\/h4>\n<h6>In der B\u00fcrgerversammlung sprach sich eine gro\u00dfe Mehrheit daf\u00fcr aus das Projekt B\u00fcrgerhalle in Angriff zu nehmen.<\/h6>\n<hr \/>\n<h4>\u00a0<strong>Protokoll der Versammlung \u00a0Ortsring H\u00f6ngen am 22.05.2017 in der Gastst\u00e4tte Dreissen<\/strong><\/h4>\n<p>Um 19.00 Uhr begr\u00fc\u00dfte der Vorsitzende die Vertreter der Ortsvereine. Anwesend waren: \u00a0Tennisclub Freizeitspass, Frauengemeinschaft H\u00f6ngen, Ortsvorsteher Bert Fehlen, Sch\u00fctzenbruderschaft H\u00f6ngen, Altenheim St Josef, TTC H\u00f6ngen, Kulturverein Selfkant, die Alte Schule H\u00f6ngen. Entschuldigt hatte sich der SV H\u00f6ngen Saeffelen. Es fehlte: MGV H\u00f6ngen, Kirchenchor H\u00f6ngen, DVV H\u00f6ngen, Feuerwehr H\u00f6ngen\/Saeffeln und TPFC H\u00f6ngen.<\/p>\n<p>Des Weiteren begr\u00fc\u00dfte er Dirk G\u00f6rtz von der Gemeindeverwaltung der sp\u00e4ter noch die einzelnen Planungen vorstellen wird.<\/p>\n<p>Als erstes kann Toni Meiers noch mal auf die Veranstaltung am 28.04.2017 zur\u00fcck. Er merkte an das die Resonanz doch sehr gut war. Positiv hob er hervor das noch 195,00\u20ac Gewinn gemacht wurde und er das Geld auf das Konto der Ortsvereine eingezahlt hat.<\/p>\n<p>Dann kam er zum eigentlichen Punkt der Versammlung B\u00fcrgerhalle H\u00f6ngen. Er bem\u00e4ngelte das nicht alle Vereine der Einladung gefolgt waren wo es doch um eine wichtige Entscheidung f\u00fcr die Zukunft von H\u00f6ngen geht. Wie stehen die Vereine in H\u00f6ngen zu dem Projekt B\u00fcrgerhalle. Wollen wir in H\u00f6ngen eigentlich eine B\u00fcrgerhalle. Die Chancen stehen gut was die Finanzierung angeht. F\u00f6rdergelder von 60% stehen im Raum.<\/p>\n<p>Aber ohne Eigenleistung der Vereine und der Dorfbev\u00f6lkerung geht das nicht.<\/p>\n<p>Ein Dorf packt an. Das haben wir in H\u00f6ngen schon \u00f6fters bewiesen. Sei es beim Bau des Jugendheimes, beim Bau der Sch\u00fctzenhalle, des Turnhallenvorplatzes und beim Bau des Kulturhauses.<\/p>\n<p>Die Frage die wir heute hier kl\u00e4ren wollen ist, wenn es dann was gibt stehen die Vereine dahinter und sind bereit mit zu machen.<\/p>\n<p>Dann begann eine rege Diskussion. Leo Keulen sagte die Sch\u00fctzenhalle ist Eigentum der Sch\u00fctzen. Wenn das Projekt jetzt realisiert wird geht ja die Halle in Eigentum der Gemeinde \u00fcber und die Sch\u00fctzen m\u00fcssten dann f\u00fcr die Nutzung der \u201eEigenen Halle\u201c\u00a0\u00a0 Miete bezahlen. Das w\u00e4re den Mitgliedern auf der Generalversammlung schwer zu vermitteln. Er fragte weiterhin nach wenn jetzt die Gemeinde die Halle k\u00e4uflich erwerben w\u00fcrde und dann die Gemeinde die Halle zur Verf\u00fcgung stellen w\u00fcrde w\u00e4re das f\u00fcr die Sch\u00fctzen eher tragbar. Dirk G\u00f6rtz antwortete das k\u00f6nne er nicht sagen. Damit m\u00fcsste Leo dann zum B\u00fcrgermeister gehen.<\/p>\n<p>Dirk G\u00f6rtz stellte dann die Vorplanungen vor die im Vorfeld mit dem Sch\u00fctzenvorstand besprochen worden waren. Es gibt eine kleine Version mit einem Kostenrahmen von 405 000,00\u20ac mit einer Eigenleistung von 5000 Stunden. und eine etwas gr\u00f6\u00dfere Version von 829 000,00\u20ac mit einer Eigenleistung von 10 000 Stunden.<\/p>\n<p>Rege Diskussionen gab es danach \u00fcber die verschiedenen\u00a0 Versionen wobei sich einige f\u00fcr die gro\u00dfe Version und einige f\u00fcr die kleinere Version aussprachen.<\/p>\n<p>Dirk G\u00f6rtz gab jedem Verein ein Exemplar der beiden Versionen mit, dann k\u00f6nnten die in den Vereinen \u00a0schon mal diskutiert werden.<\/p>\n<p>Gottfried Engendahl schlug sogar vor die Gro\u00dfe Halle neben der Turnhalle auf dem Schwimmbadged\u00e4chtnisplatz zu bauen was aber laut Dirk G\u00f6rtz nicht mit den F\u00f6rderrichtlinien zu vereinbaren ist.<\/p>\n<p>Dann stellte Toni Meiers mal die Frage im Raum wer von den Vereinen die hier sind ist denn bereit bei dem Projekt mit zu arbeiten. Gegenfrage kam:\u00a0 Welcher Verein nutzt denn die Halle regelm\u00e4\u00dfig? TTC braucht sie nicht, Tennisclub auch nicht, Frauengemeinschaft auch nicht, Kulturverein auch nicht, Alte Schule auch nicht. Blieben noch Sch\u00fctzenbruderschaft und TPFC H\u00f6ngen \u00fcbrig.<\/p>\n<p>Res\u00fcmee der Versammlung: Die Anwesenden waren als H\u00f6ngener Einwohner f\u00fcr die Halle aber f\u00fcr die Vereine sprachen sich lediglich\u00a0 der TTC, die Frauengemeinschaft und das TPFC H\u00f6ngen\u00a0 f\u00fcr die Halle aus. Wobei die Sch\u00fctzen noch Kl\u00e4rungsbedarf mit dem B\u00fcrgermeister haben. Es werden auch noch weitere B\u00fcrgerversammlungen geben wo der B\u00fcrger sich auch einbringen kann bei der Planung. Toni Meiers merkte noch an das wenn dieser Verein gegr\u00fcndet werden soll der f\u00fcr die Vermietung und Unterhaltung der Halle zust\u00e4ndig ist dieser sich haupts\u00e4chlich aus Vertretern der Ortsvereine zusammensetzen soll.<\/p>\n<p>Anschlie\u00dfend stellte Dirk G\u00f6rtz noch die weiteren Planungen f\u00fcr H\u00f6ngen und zwar die Kirchstrasse und Sportanlage vor.<\/p>\n<p>Toni Meiers bedankte sich anschlie\u00dfend besonders bei Dirk G\u00f6rtz f\u00fcr die Ausf\u00fchrungen und bei den Anwesenden f\u00fcr die rege Diskussion und schloss die Versammlung um 21 Uhr.<\/p>\n<hr \/>\n<h4>\u00a0<a title=\"\" href=\"http:\/\/www.schuetzen-hoengen.de\/wp-content\/uploads\/2015\/04\/Bericht_B\u00fcrgerhalle-Copy.jpg\" data-rel=\"lightbox-image-bGlnaHRib3gtaW1hZ2UtMQ==\" data-rl_title=\"\" data-rl_caption=\"\" data-rl_title=\"\" data-rl_caption=\"\" data-slimstat=\"5\"><img loading=\"lazy\" decoding=\"async\" class=\"wp-image-8663 size-full aligncenter\" src=\"http:\/\/www.schuetzen-hoengen.de\/wp-content\/uploads\/2015\/04\/Bericht_B\u00fcrgerhalle-Copy.jpg\" sizes=\"(max-width: 640px) 100vw, 640px\" srcset=\"http:\/\/www.schuetzen-hoengen.de\/wp-content\/uploads\/2015\/04\/Bericht_B\u00fcrgerhalle-Copy.jpg 640w, http:\/\/www.schuetzen-hoengen.de\/wp-content\/uploads\/2015\/04\/Bericht_B\u00fcrgerhalle-Copy-300x216.jpg 300w\" alt=\"\" width=\"640\" height=\"460\" \/><\/a><\/h4>\n<hr \/>\n<h4>An die H\u00f6ngener Ortsvereine<\/h4>\n<h6>Wie schon gestern auf der B\u00fcrgerversammlung gesagt wurde lade ich die Vertreter \u00a0der \u00a0Ortsvereine zu einer Versammlung am 22.05.2017 um 19 Uhr in die Gastst\u00e4tte Dreissen ein. Einziger Tagesordnungspunkt : B\u00fcrgerhalle H\u00f6ngen.<\/h6>\n<h6>Ich bitte doch darum das mindestens 1 Vertreter von jedem Verein an dieser sehr wichtigen Versammlung teilnimmt. Es geht um die Zukunft von H\u00f6ngen.<\/h6>\n<h6>Freundliche Gr\u00fc\u00dfe<\/h6>\n<h6>\u00a0\u00a0 \u00a0 Toni Meiers<\/h6>\n<h6><\/h6>\n<hr \/>\n<h4><em>B\u00fcrgerhalle in H\u00f6ngen?<\/em><\/h4>\n<h6><em>Im Rahmen der St\u00e4dtebauf\u00f6rderung ist von der Gemeinde angedacht die Sch\u00fctzenhalle in dieses Projekt einzubeziehen. Quelle: Selfkant im Aufwind \u2013 Bericht SUPER SONNTAG<\/em><br \/>\n<em> Es best\u00e4nde die M\u00f6glichkeit Gelder f\u00fcr eine Dorfhalle, getragen von der H\u00f6ngener Bev\u00f6lkerung, zu erhalten. Die Sch\u00fctzenhalle w\u00fcrde dann energetisch saniert und ausgebaut; der Schiessstand ausgelaget.<\/em><\/h6>\n<p>Ein Verein als Betreiber dieser Dorfhalle m\u00fcsste gegr\u00fcndet werden.<\/p>\n<h6><em> Die Sch\u00fctzenbruderschaft w\u00e4re somit nicht mehr alleiniger Eigent\u00fcmer der Halle.<\/em><\/h6>\n<p>Wollen wir unsere Eigenst\u00e4ndigkeit beibehalten oder vielleicht etwas einmaliges f\u00fcr H\u00f6ngen, zur St\u00e4rkung der Gemeinschaft, schaffen?<\/p>\n<h6><em><a title=\"\" href=\"http:\/\/www.schuetzen-hoengen.de\/wp-content\/uploads\/2015\/04\/Sch\u00fctzenhalle.jpg\" data-rel=\"lightbox-image-bGlnaHRib3gtaW1hZ2UtMg==\" data-rl_title=\"\" data-rl_caption=\"\" data-rl_title=\"\" data-rl_caption=\"\" data-slimstat=\"5\"><img loading=\"lazy\" decoding=\"async\" class=\"size-medium wp-image-6759 aligncenter\" src=\"http:\/\/www.schuetzen-hoengen.de\/wp-content\/uploads\/2015\/04\/Sch\u00fctzenhalle-300x129.jpg\" sizes=\"(max-width: 300px) 100vw, 300px\" srcset=\"http:\/\/www.schuetzen-hoengen.de\/wp-content\/uploads\/2015\/04\/Sch\u00fctzenhalle-300x129.jpg 300w, http:\/\/www.schuetzen-hoengen.de\/wp-content\/uploads\/2015\/04\/Sch\u00fctzenhalle-768x331.jpg 768w, http:\/\/www.schuetzen-hoengen.de\/wp-content\/uploads\/2015\/04\/Sch\u00fctzenhalle-1024x441.jpg 1024w\" alt=\"Sch\u00fctzenhalle\" width=\"300\" height=\"129\" \/><\/a><\/em>Sint Jan Sch\u00fctzenhalle<\/h6>\n<p>Heimat der St. Johannes Baptist Sch\u00fctzenbruderschaft<\/p>\n<p>Mehr Infos unter Historisches\\ Bau Sch\u00fctzenhalle und Schie\u00dfsport<\/p>\n<\/div>\n","protected":false},"excerpt":{"rendered":"<p>\u00a0 In der B\u00fcrgerversammlung sprach sich eine gro\u00dfe Mehrheit daf\u00fcr aus das Projekt B\u00fcrgerhalle in Angriff zu nehmen. \u00a0Protokoll der Versammlung \u00a0Ortsring H\u00f6ngen am 22.05.2017 in der Gastst\u00e4tte Dreissen Um 19.00 Uhr begr\u00fc\u00dfte der Vorsitzende die Vertreter der Ortsvereine. Anwesend waren: \u00a0Tennisclub Freizeitspass, Frauengemeinschaft H\u00f6ngen, Ortsvorsteher Bert Fehlen, Sch\u00fctzenbruderschaft H\u00f6ngen, Altenheim St Josef, TTC H\u00f6ngen, &hellip; <a href=\"https:\/\/schuetzen-hoengen.de\/index.php\/willkommen-ii\/buergerhalleninfo\/\" class=\"more-link\"><span class=\"screen-reader-text\">B\u00fcrgerhalleninfo<\/span> weiterlesen <span class=\"meta-nav\">&rarr;<\/span><\/a><\/p>\n","protected":false},"author":3,"featured_media":0,"parent":10476,"menu_order":0,"comment_status":"closed","ping_status":"closed","template":"","meta":{"footnotes":""},"_links":{"self":[{"href":"https:\/\/schuetzen-hoengen.de\/index.php\/wp-json\/wp\/v2\/pages\/10494"}],"collection":[{"href":"https:\/\/schuetzen-hoengen.de\/index.php\/wp-json\/wp\/v2\/pages"}],"about":[{"href":"https:\/\/schuetzen-hoengen.de\/index.php\/wp-json\/wp\/v2\/types\/page"}],"author":[{"embeddable":true,"href":"https:\/\/schuetzen-hoengen.de\/index.php\/wp-json\/wp\/v2\/users\/3"}],"replies":[{"embeddable":true,"href":"https:\/\/schuetzen-hoengen.de\/index.php\/wp-json\/wp\/v2\/comments?post=10494"}],"version-history":[{"count":2,"href":"https:\/\/schuetzen-hoengen.de\/index.php\/wp-json\/wp\/v2\/pages\/10494\/revisions"}],"predecessor-version":[{"id":10505,"href":"https:\/\/schuetzen-hoengen.de\/index.php\/wp-json\/wp\/v2\/pages\/10494\/revisions\/10505"}],"up":[{"embeddable":true,"href":"https:\/\/schuetzen-hoengen.de\/index.php\/wp-json\/wp\/v2\/pages\/10476"}],"wp:attachment":[{"href":"https:\/\/schuetzen-hoengen.de\/index.php\/wp-json\/wp\/v2\/media?parent=10494"}],"curies":[{"name":"wp","href":"https:\/\/api.w.org\/{rel}","templated":true}]}}