{"id":10500,"date":"2018-06-28T22:35:35","date_gmt":"2018-06-28T20:35:35","guid":{"rendered":"http:\/\/www.schuetzen-hoengen.de\/?page_id=10500"},"modified":"2019-06-05T21:45:01","modified_gmt":"2019-06-05T19:45:01","slug":"historische-bilder","status":"publish","type":"page","link":"https:\/\/schuetzen-hoengen.de\/index.php\/willkommen-ii\/historische-bilder\/","title":{"rendered":"Historische Bilder"},"content":{"rendered":"<p>Bilder k\u00f6nnen zur Zeit nicht angezeigt werden. Bitte die Bilder anclicken um sie sichtbar zu machen!!<\/p>\n<h4><\/h4>\n<h6><a href=\"http:\/\/www.schuetzen-hoengen.de\/wp-content\/uploads\/2019\/05\/Gasthof-Peters-datum-unbekannt.jpg\" data-rel=\"lightbox-image-0\" data-rl_title=\"\" data-rl_caption=\"\" title=\"\"><img loading=\"lazy\" decoding=\"async\" class=\"size-medium wp-image-11694 aligncenter\" src=\"http:\/\/www.schuetzen-hoengen.de\/wp-content\/uploads\/2019\/05\/Gasthof-Peters-datum-unbekannt-223x300.jpg\" alt=\"\" width=\"223\" height=\"300\" srcset=\"https:\/\/schuetzen-hoengen.de\/wp-content\/uploads\/2019\/05\/Gasthof-Peters-datum-unbekannt-223x300.jpg 223w, https:\/\/schuetzen-hoengen.de\/wp-content\/uploads\/2019\/05\/Gasthof-Peters-datum-unbekannt.jpg 761w\" sizes=\"(max-width: 223px) 100vw, 223px\" \/><\/a><\/h6>\n<p style=\"text-align: center;\">Gasthof Peters<\/p>\n<h6><a href=\"http:\/\/www.schuetzen-hoengen.de\/wp-content\/uploads\/2019\/05\/Luftbild-H\u00f6ngen-5-8-1963.jpg\" data-rel=\"lightbox-image-1\" data-rl_title=\"\" data-rl_caption=\"\" title=\"\"><img loading=\"lazy\" decoding=\"async\" class=\"size-medium wp-image-11695 aligncenter\" src=\"http:\/\/www.schuetzen-hoengen.de\/wp-content\/uploads\/2019\/05\/Luftbild-H\u00f6ngen-5-8-1963-255x300.jpg\" alt=\"\" width=\"255\" height=\"300\" srcset=\"https:\/\/schuetzen-hoengen.de\/wp-content\/uploads\/2019\/05\/Luftbild-H\u00f6ngen-5-8-1963-255x300.jpg 255w, https:\/\/schuetzen-hoengen.de\/wp-content\/uploads\/2019\/05\/Luftbild-H\u00f6ngen-5-8-1963-768x902.jpg 768w, https:\/\/schuetzen-hoengen.de\/wp-content\/uploads\/2019\/05\/Luftbild-H\u00f6ngen-5-8-1963.jpg 872w\" sizes=\"(max-width: 255px) 100vw, 255px\" \/><\/a><\/h6>\n<p style=\"text-align: center;\">Luftbildaufnahme &#8211; am Saeffelbach 1963<\/p>\n<hr \/>\n<p>&nbsp;<\/p>\n<p><a title=\"\" href=\"http:\/\/www.schuetzen-hoengen.de\/wp-content\/uploads\/2015\/04\/Kirchstra\u00dfe-alt-2\u00fcberarb.jpg\" data-rel=\"lightbox-image-bGlnaHRib3gtaW1hZ2UtMA==\" data-rl_title=\"\" data-rl_caption=\"\" data-rl_title=\"\" data-rl_caption=\"\" data-slimstat=\"5\"><img loading=\"lazy\" decoding=\"async\" class=\"alignnone wp-image-4241 size-full\" src=\"http:\/\/www.schuetzen-hoengen.de\/wp-content\/uploads\/2015\/04\/Kirchstra\u00dfe-alt-2\u00fcberarb.jpg\" sizes=\"(max-width: 431px) 100vw, 431px\" srcset=\"http:\/\/www.schuetzen-hoengen.de\/wp-content\/uploads\/2015\/04\/Kirchstra\u00dfe-alt-2\u00fcberarb.jpg 431w, http:\/\/www.schuetzen-hoengen.de\/wp-content\/uploads\/2015\/04\/Kirchstra\u00dfe-alt-2\u00fcberarb-295x300.jpg 295w\" alt=\"Kirchstra\u00dfe alt 2\u00fcberarb\" width=\"431\" height=\"439\" \/><\/a><\/p>\n<p><a title=\"\" href=\"http:\/\/www.schuetzen-hoengen.de\/wp-content\/uploads\/2016\/06\/Groeten-uit-Hoengen.jpg\" data-rel=\"lightbox-image-bGlnaHRib3gtaW1hZ2UtMQ==\" data-rl_title=\"\" data-rl_caption=\"\" data-rl_title=\"\" data-rl_caption=\"\" data-slimstat=\"5\"><img loading=\"lazy\" decoding=\"async\" class=\"alignnone wp-image-4246 size-large\" src=\"http:\/\/www.schuetzen-hoengen.de\/wp-content\/uploads\/2016\/06\/Groeten-uit-Hoengen-1024x652.jpg\" sizes=\"(max-width: 474px) 100vw, 474px\" srcset=\"http:\/\/www.schuetzen-hoengen.de\/wp-content\/uploads\/2016\/06\/Groeten-uit-Hoengen-1024x652.jpg 1024w, http:\/\/www.schuetzen-hoengen.de\/wp-content\/uploads\/2016\/06\/Groeten-uit-Hoengen-300x191.jpg 300w, http:\/\/www.schuetzen-hoengen.de\/wp-content\/uploads\/2016\/06\/Groeten-uit-Hoengen-768x489.jpg 768w, http:\/\/www.schuetzen-hoengen.de\/wp-content\/uploads\/2016\/06\/Groeten-uit-Hoengen.jpg 1060w\" alt=\"Groeten uit Hoengen\" width=\"474\" height=\"302\" \/><\/a><\/p>\n<p><a title=\"\" href=\"http:\/\/www.schuetzen-hoengen.de\/wp-content\/uploads\/2016\/06\/Kirchstra\u00dfe-alt-3.jpg\" data-rel=\"lightbox-image-bGlnaHRib3gtaW1hZ2UtMg==\" data-rl_title=\"\" data-rl_caption=\"\" data-rl_title=\"\" data-rl_caption=\"\" data-slimstat=\"5\"><img loading=\"lazy\" decoding=\"async\" class=\"alignnone wp-image-4247 size-large\" src=\"http:\/\/www.schuetzen-hoengen.de\/wp-content\/uploads\/2016\/06\/Kirchstra\u00dfe-alt-3-735x1024.jpg\" sizes=\"(max-width: 474px) 100vw, 474px\" srcset=\"http:\/\/www.schuetzen-hoengen.de\/wp-content\/uploads\/2016\/06\/Kirchstra\u00dfe-alt-3-735x1024.jpg 735w, http:\/\/www.schuetzen-hoengen.de\/wp-content\/uploads\/2016\/06\/Kirchstra\u00dfe-alt-3-215x300.jpg 215w, http:\/\/www.schuetzen-hoengen.de\/wp-content\/uploads\/2016\/06\/Kirchstra\u00dfe-alt-3.jpg 751w\" alt=\"Kirchstra\u00dfe alt 3\" width=\"474\" height=\"660\" \/><\/a><\/p>\n<p><a title=\"\" href=\"http:\/\/www.schuetzen-hoengen.de\/wp-content\/uploads\/2016\/06\/neue-Kirchstra\u00dfe.jpg\" data-rel=\"lightbox-image-bGlnaHRib3gtaW1hZ2UtMw==\" data-rl_title=\"\" data-rl_caption=\"\" data-rl_title=\"\" data-rl_caption=\"\" data-slimstat=\"5\"><img loading=\"lazy\" decoding=\"async\" class=\"alignnone wp-image-4249 size-large\" src=\"http:\/\/www.schuetzen-hoengen.de\/wp-content\/uploads\/2016\/06\/neue-Kirchstra\u00dfe-1024x657.jpg\" sizes=\"(max-width: 474px) 100vw, 474px\" srcset=\"http:\/\/www.schuetzen-hoengen.de\/wp-content\/uploads\/2016\/06\/neue-Kirchstra\u00dfe-1024x657.jpg 1024w, http:\/\/www.schuetzen-hoengen.de\/wp-content\/uploads\/2016\/06\/neue-Kirchstra\u00dfe-300x193.jpg 300w, http:\/\/www.schuetzen-hoengen.de\/wp-content\/uploads\/2016\/06\/neue-Kirchstra\u00dfe-768x493.jpg 768w, http:\/\/www.schuetzen-hoengen.de\/wp-content\/uploads\/2016\/06\/neue-Kirchstra\u00dfe.jpg 1056w\" alt=\"neue Kirchstra\u00dfe\" width=\"474\" height=\"304\" \/><\/a><\/p>\n<p><a title=\"\" href=\"http:\/\/www.schuetzen-hoengen.de\/wp-content\/uploads\/2016\/06\/alte-Kirchstra\u00dfe.jpg\" data-rel=\"lightbox-image-bGlnaHRib3gtaW1hZ2UtNA==\" data-rl_title=\"\" data-rl_caption=\"\" data-rl_title=\"\" data-rl_caption=\"\" data-slimstat=\"5\"><img loading=\"lazy\" decoding=\"async\" class=\"alignnone wp-image-4250 size-large\" src=\"http:\/\/www.schuetzen-hoengen.de\/wp-content\/uploads\/2016\/06\/alte-Kirchstra\u00dfe-1024x665.jpg\" sizes=\"(max-width: 474px) 100vw, 474px\" srcset=\"http:\/\/www.schuetzen-hoengen.de\/wp-content\/uploads\/2016\/06\/alte-Kirchstra\u00dfe-1024x665.jpg 1024w, http:\/\/www.schuetzen-hoengen.de\/wp-content\/uploads\/2016\/06\/alte-Kirchstra\u00dfe-300x195.jpg 300w, http:\/\/www.schuetzen-hoengen.de\/wp-content\/uploads\/2016\/06\/alte-Kirchstra\u00dfe-768x499.jpg 768w, http:\/\/www.schuetzen-hoengen.de\/wp-content\/uploads\/2016\/06\/alte-Kirchstra\u00dfe.jpg 1065w\" alt=\"alte Kirchstra\u00dfe\" width=\"474\" height=\"308\" \/><\/a><\/p>\n<p><a title=\"\" href=\"http:\/\/www.schuetzen-hoengen.de\/wp-content\/uploads\/2016\/06\/Selfk\u00e4nter-bei-der-Feldarbeit.jpg\" data-rel=\"lightbox-image-bGlnaHRib3gtaW1hZ2UtNQ==\" data-rl_title=\"\" data-rl_caption=\"\" data-rl_title=\"\" data-rl_caption=\"\" data-slimstat=\"5\"><img loading=\"lazy\" decoding=\"async\" class=\"alignnone wp-image-4251 size-full\" src=\"http:\/\/www.schuetzen-hoengen.de\/wp-content\/uploads\/2016\/06\/Selfk\u00e4nter-bei-der-Feldarbeit.jpg\" sizes=\"(max-width: 701px) 100vw, 701px\" srcset=\"http:\/\/www.schuetzen-hoengen.de\/wp-content\/uploads\/2016\/06\/Selfk\u00e4nter-bei-der-Feldarbeit.jpg 701w, http:\/\/www.schuetzen-hoengen.de\/wp-content\/uploads\/2016\/06\/Selfk\u00e4nter-bei-der-Feldarbeit-206x300.jpg 206w\" alt=\"Selfk\u00e4nter bei der Feldarbeit\" width=\"701\" height=\"1021\" \/><\/a><\/p>\n<p>Bilder wurden uns von Kira Jansen zur Verf\u00fcgung gestellt<\/p>\n<p><a title=\"\" href=\"http:\/\/www.schuetzen-hoengen.de\/wp-content\/uploads\/2016\/06\/alte-Kirchstra\u00dfe.jpg\" data-rel=\"lightbox-image-bGlnaHRib3gtaW1hZ2UtNA==\" data-rl_title=\"\" data-rl_caption=\"\" data-rl_title=\"\" data-rl_caption=\"\" data-slimstat=\"5\"><img loading=\"lazy\" decoding=\"async\" class=\"alignnone size-medium wp-image-4250\" src=\"http:\/\/www.schuetzen-hoengen.de\/wp-content\/uploads\/2016\/06\/alte-Kirchstra\u00dfe-300x195.jpg\" sizes=\"(max-width: 300px) 100vw, 300px\" srcset=\"http:\/\/www.schuetzen-hoengen.de\/wp-content\/uploads\/2016\/06\/alte-Kirchstra\u00dfe-300x195.jpg 300w, http:\/\/www.schuetzen-hoengen.de\/wp-content\/uploads\/2016\/06\/alte-Kirchstra\u00dfe-768x499.jpg 768w, http:\/\/www.schuetzen-hoengen.de\/wp-content\/uploads\/2016\/06\/alte-Kirchstra\u00dfe-1024x665.jpg 1024w, http:\/\/www.schuetzen-hoengen.de\/wp-content\/uploads\/2016\/06\/alte-Kirchstra\u00dfe.jpg 1065w\" alt=\"alte Kirchstra\u00dfe\" width=\"300\" height=\"195\" \/><\/a><\/p>\n<p>Kirchstra\u00dfe in H\u00f6ngen vor dem 2. Weltkrieg<\/p>\n<p><a title=\"\" href=\"http:\/\/www.schuetzen-hoengen.de\/wp-content\/uploads\/2015\/04\/Gruss-aus-H\u00f6ngen.jpg\" data-rel=\"lightbox-image-bGlnaHRib3gtaW1hZ2UtNw==\" data-rl_title=\"\" data-rl_caption=\"\" data-rl_title=\"\" data-rl_caption=\"\" data-slimstat=\"5\"><img loading=\"lazy\" decoding=\"async\" class=\"alignnone size-full wp-image-7846\" src=\"http:\/\/www.schuetzen-hoengen.de\/wp-content\/uploads\/2015\/04\/Gruss-aus-H\u00f6ngen.jpg\" alt=\"\" width=\"290\" height=\"193\" \/><\/a><\/p>\n<p>Gruss aus H\u00f6ngen\u00a0\u00a0\u00a0 Alte Pfarrkirche u. Pfarrhaus<\/p>\n<p><a title=\"\" href=\"http:\/\/www.schuetzen-hoengen.de\/wp-content\/uploads\/2015\/04\/Sch\u00fctzen-1915.jpg\" data-rel=\"lightbox-image-bGlnaHRib3gtaW1hZ2UtOA==\" data-rl_title=\"\" data-rl_caption=\"\" data-rl_title=\"\" data-rl_caption=\"\" data-slimstat=\"5\"><img loading=\"lazy\" decoding=\"async\" class=\"alignnone size-medium wp-image-7841\" src=\"http:\/\/www.schuetzen-hoengen.de\/wp-content\/uploads\/2015\/04\/Sch\u00fctzen-1915-300x175.jpg\" sizes=\"(max-width: 300px) 100vw, 300px\" srcset=\"http:\/\/www.schuetzen-hoengen.de\/wp-content\/uploads\/2015\/04\/Sch\u00fctzen-1915-300x175.jpg 300w, http:\/\/www.schuetzen-hoengen.de\/wp-content\/uploads\/2015\/04\/Sch\u00fctzen-1915-768x449.jpg 768w, http:\/\/www.schuetzen-hoengen.de\/wp-content\/uploads\/2015\/04\/Sch\u00fctzen-1915-1024x598.jpg 1024w, http:\/\/www.schuetzen-hoengen.de\/wp-content\/uploads\/2015\/04\/Sch\u00fctzen-1915.jpg 1563w\" alt=\"\" width=\"300\" height=\"175\" \/><\/a><\/p>\n<p>Jugend Wehr 1915<\/p>\n","protected":false},"excerpt":{"rendered":"<p>Bilder k\u00f6nnen zur Zeit nicht angezeigt werden. Bitte die Bilder anclicken um sie sichtbar zu machen!! Gasthof Peters Luftbildaufnahme &#8211; am Saeffelbach 1963 &nbsp; Bilder wurden uns von Kira Jansen zur Verf\u00fcgung gestellt Kirchstra\u00dfe in H\u00f6ngen vor dem 2. Weltkrieg Gruss aus H\u00f6ngen\u00a0\u00a0\u00a0 Alte Pfarrkirche u. Pfarrhaus Jugend Wehr 1915<\/p>\n","protected":false},"author":3,"featured_media":0,"parent":10476,"menu_order":0,"comment_status":"closed","ping_status":"closed","template":"","meta":{"footnotes":""},"_links":{"self":[{"href":"https:\/\/schuetzen-hoengen.de\/index.php\/wp-json\/wp\/v2\/pages\/10500"}],"collection":[{"href":"https:\/\/schuetzen-hoengen.de\/index.php\/wp-json\/wp\/v2\/pages"}],"about":[{"href":"https:\/\/schuetzen-hoengen.de\/index.php\/wp-json\/wp\/v2\/types\/page"}],"author":[{"embeddable":true,"href":"https:\/\/schuetzen-hoengen.de\/index.php\/wp-json\/wp\/v2\/users\/3"}],"replies":[{"embeddable":true,"href":"https:\/\/schuetzen-hoengen.de\/index.php\/wp-json\/wp\/v2\/comments?post=10500"}],"version-history":[{"count":5,"href":"https:\/\/schuetzen-hoengen.de\/index.php\/wp-json\/wp\/v2\/pages\/10500\/revisions"}],"predecessor-version":[{"id":11779,"href":"https:\/\/schuetzen-hoengen.de\/index.php\/wp-json\/wp\/v2\/pages\/10500\/revisions\/11779"}],"up":[{"embeddable":true,"href":"https:\/\/schuetzen-hoengen.de\/index.php\/wp-json\/wp\/v2\/pages\/10476"}],"wp:attachment":[{"href":"https:\/\/schuetzen-hoengen.de\/index.php\/wp-json\/wp\/v2\/media?parent=10500"}],"curies":[{"name":"wp","href":"https:\/\/api.w.org\/{rel}","templated":true}]}}