{"id":10597,"date":"2018-08-18T19:25:58","date_gmt":"2018-08-18T17:25:58","guid":{"rendered":"http:\/\/www.schuetzen-hoengen.de\/?page_id=10597"},"modified":"2018-08-18T19:27:42","modified_gmt":"2018-08-18T17:27:42","slug":"schuetzenfest-schierwaldenrath","status":"publish","type":"page","link":"https:\/\/schuetzen-hoengen.de\/index.php\/veranstaltungen-2\/veranstaltungen-2018\/schuetzenfest-schierwaldenrath\/","title":{"rendered":"Sch\u00fctzenfest Schierwaldenrath"},"content":{"rendered":"<h1>Sch\u00fctzenfest Schierwaldenrath<a href=\"http:\/\/www.schuetzen-hoengen.de\/wp-content\/uploads\/2015\/04\/Sonne.jpg\" data-rel=\"lightbox-image-0\" data-rl_title=\"\" data-rl_caption=\"\" title=\"\"><img loading=\"lazy\" decoding=\"async\" class=\"wp-image-8874 aligncenter\" src=\"http:\/\/www.schuetzen-hoengen.de\/wp-content\/uploads\/2015\/04\/Sonne.jpg\" alt=\"\" width=\"132\" height=\"123\" \/><\/a><\/h1>\n<h6>trotz subtropischer Temperaturen und einem langen Zugweg konnten wir mit der Beteiligung durchaus zufrieden sein.<\/h6>\n<p><a href=\"http:\/\/www.schuetzen-hoengen.de\/wp-content\/uploads\/2018\/07\/Bild1.jpg\" data-rel=\"lightbox-image-1\" data-rl_title=\"\" data-rl_caption=\"\" title=\"\"><img loading=\"lazy\" decoding=\"async\" class=\"size-medium wp-image-10560 aligncenter\" src=\"http:\/\/www.schuetzen-hoengen.de\/wp-content\/uploads\/2018\/07\/Bild1-300x204.jpg\" alt=\"\" width=\"300\" height=\"204\" srcset=\"https:\/\/schuetzen-hoengen.de\/wp-content\/uploads\/2018\/07\/Bild1-300x204.jpg 300w, https:\/\/schuetzen-hoengen.de\/wp-content\/uploads\/2018\/07\/Bild1-768x521.jpg 768w, https:\/\/schuetzen-hoengen.de\/wp-content\/uploads\/2018\/07\/Bild1.jpg 883w\" sizes=\"(max-width: 300px) 100vw, 300px\" \/><\/a><\/p>\n<p><a href=\"http:\/\/www.schuetzen-hoengen.de\/wp-content\/uploads\/2018\/07\/Bild2.jpg\" data-rel=\"lightbox-image-2\" data-rl_title=\"\" data-rl_caption=\"\" title=\"\"><img loading=\"lazy\" decoding=\"async\" class=\"size-medium wp-image-10561 aligncenter\" src=\"http:\/\/www.schuetzen-hoengen.de\/wp-content\/uploads\/2018\/07\/Bild2-300x288.jpg\" alt=\"\" width=\"300\" height=\"288\" srcset=\"https:\/\/schuetzen-hoengen.de\/wp-content\/uploads\/2018\/07\/Bild2-300x288.jpg 300w, https:\/\/schuetzen-hoengen.de\/wp-content\/uploads\/2018\/07\/Bild2-768x737.jpg 768w, https:\/\/schuetzen-hoengen.de\/wp-content\/uploads\/2018\/07\/Bild2.jpg 889w\" sizes=\"(max-width: 300px) 100vw, 300px\" \/><\/a><\/p>\n<h6>Bilder Gitta K\u00fcsters\u00a0\u00a0 PS: Was w\u00e4ren wir ohne die Rasselbande?<br \/>\nWer noch Bilder hat bitte mailen.<\/h6>\n<h6>unsere K\u00f6nigin setzte ihre Charmeoffensive weiter fort.<br \/>\nWie sagte mir Agsb; eine Augenweide!!<\/h6>\n<p><a href=\"http:\/\/www.schuetzen-hoengen.de\/wp-content\/uploads\/2018\/07\/Bild4.jpg\" data-rel=\"lightbox-image-3\" data-rl_title=\"\" data-rl_caption=\"\" title=\"\"><img loading=\"lazy\" decoding=\"async\" class=\"size-medium wp-image-10563 aligncenter\" src=\"http:\/\/www.schuetzen-hoengen.de\/wp-content\/uploads\/2018\/07\/Bild4-300x213.jpg\" alt=\"\" width=\"300\" height=\"213\" srcset=\"https:\/\/schuetzen-hoengen.de\/wp-content\/uploads\/2018\/07\/Bild4-300x213.jpg 300w, https:\/\/schuetzen-hoengen.de\/wp-content\/uploads\/2018\/07\/Bild4-768x546.jpg 768w, https:\/\/schuetzen-hoengen.de\/wp-content\/uploads\/2018\/07\/Bild4.jpg 893w\" sizes=\"(max-width: 300px) 100vw, 300px\" \/><\/a><\/p>\n<p><a href=\"http:\/\/www.schuetzen-hoengen.de\/wp-content\/uploads\/2018\/07\/Bild3.jpg\" data-rel=\"lightbox-image-4\" data-rl_title=\"\" data-rl_caption=\"\" title=\"\"><img loading=\"lazy\" decoding=\"async\" class=\"size-medium wp-image-10562 aligncenter\" src=\"http:\/\/www.schuetzen-hoengen.de\/wp-content\/uploads\/2018\/07\/Bild3-300x248.jpg\" alt=\"\" width=\"300\" height=\"248\" srcset=\"https:\/\/schuetzen-hoengen.de\/wp-content\/uploads\/2018\/07\/Bild3-300x248.jpg 300w, https:\/\/schuetzen-hoengen.de\/wp-content\/uploads\/2018\/07\/Bild3-768x634.jpg 768w, https:\/\/schuetzen-hoengen.de\/wp-content\/uploads\/2018\/07\/Bild3.jpg 895w\" sizes=\"(max-width: 300px) 100vw, 300px\" \/><\/a><\/p>\n<h6>unsere Offiziere genossen besonders die<br \/>\nMarscherleichterung.<\/h6>\n<h5><a href=\"http:\/\/www.schuetzen-hoengen.de\/wp-content\/uploads\/2018\/07\/Bild5.jpg\" data-rel=\"lightbox-image-5\" data-rl_title=\"\" data-rl_caption=\"\" title=\"\"><img loading=\"lazy\" decoding=\"async\" class=\"size-medium wp-image-10564 aligncenter\" src=\"http:\/\/www.schuetzen-hoengen.de\/wp-content\/uploads\/2018\/07\/Bild5-300x225.jpg\" alt=\"\" width=\"300\" height=\"225\" srcset=\"https:\/\/schuetzen-hoengen.de\/wp-content\/uploads\/2018\/07\/Bild5-300x225.jpg 300w, https:\/\/schuetzen-hoengen.de\/wp-content\/uploads\/2018\/07\/Bild5-768x577.jpg 768w, https:\/\/schuetzen-hoengen.de\/wp-content\/uploads\/2018\/07\/Bild5.jpg 779w\" sizes=\"(max-width: 300px) 100vw, 300px\" \/><\/a><\/h5>\n<h6>Wenn der Chef zufrieden ist; was will man mehr!!!<\/h6>\n<h6>Aufstellung, Anwesenheit bei der Feldandacht ;<br \/>\ndaran m\u00fcssen wir noch arbeiten! \u00a0\u00a0 2. Platz<br \/>\nBewertet werden nicht nur die Sch\u00fctzenbruderschaften<br \/>\nauch die musizierenden Vereine.<\/h6>\n<h6><u>Aufstellung<\/u> <u>Feldandacht, Festaufzug, Vorbeimarsch<\/u><\/h6>\n<h6>Gesamtauswertung 1. Heimat- und Dekanatssch\u00fctzenfest<br \/>\nSchierwaldenrath\u00a0 2018 am Ende der Seite<\/h6>\n<hr \/>\n<h6>\u00a0\u00a0\u00a0\u00a0\u00a0\u00a0\u00a0\u00a0\u00a0\u00a0\u00a0\u00a0\u00a0\u00a0\u00a0 Schwuchtel mit Ladies Bike!!! ( P.S. \u00fcber What\u00b4s App )<a href=\"http:\/\/www.schuetzen-hoengen.de\/wp-content\/uploads\/2018\/07\/S\u00e4belhalterung.jpg\" data-rel=\"lightbox-image-6\" data-rl_title=\"\" data-rl_caption=\"\" title=\"\"><img loading=\"lazy\" decoding=\"async\" class=\"aligncenter wp-image-10536 size-thumbnail\" src=\"http:\/\/www.schuetzen-hoengen.de\/wp-content\/uploads\/2018\/07\/S\u00e4belhalterung-150x150.jpg\" alt=\"\" width=\"150\" height=\"150\" \/><\/a>PS: S\u00e4belhalter &#8211; T\u00dcV Gutachten &gt; Der Eintrag im Fahrradschein konnte nur bei Damenfahrr\u00e4dern erfolgen; wegen der Unfallgefahr beim Absteigen bei M\u00e4nnerfahrr\u00e4dern &#8211; Stange und so &#8211; Da sagt einer der T\u00dcV w\u00e4re bl\u00f6d!!!!. Weit gefehlt. Die wissen was sie tun!!<br \/>\nAlso keine Schwuchtel mit Ladies Bike; sondern ein Sch\u00fctze der mitdenkt!<\/h6>\n<p>&nbsp;<\/p>\n","protected":false},"excerpt":{"rendered":"<p>Sch\u00fctzenfest Schierwaldenrath trotz subtropischer Temperaturen und einem langen Zugweg konnten wir mit der Beteiligung durchaus zufrieden sein. Bilder Gitta K\u00fcsters\u00a0\u00a0 PS: Was w\u00e4ren wir ohne die Rasselbande? Wer noch Bilder hat bitte mailen. unsere K\u00f6nigin setzte ihre Charmeoffensive weiter fort. Wie sagte mir Agsb; eine Augenweide!! unsere Offiziere genossen besonders die Marscherleichterung. Wenn der Chef &hellip; <a href=\"https:\/\/schuetzen-hoengen.de\/index.php\/veranstaltungen-2\/veranstaltungen-2018\/schuetzenfest-schierwaldenrath\/\" class=\"more-link\"><span class=\"screen-reader-text\">Sch\u00fctzenfest Schierwaldenrath<\/span> weiterlesen <span class=\"meta-nav\">&rarr;<\/span><\/a><\/p>\n","protected":false},"author":3,"featured_media":0,"parent":9625,"menu_order":0,"comment_status":"closed","ping_status":"closed","template":"","meta":{"footnotes":""},"_links":{"self":[{"href":"https:\/\/schuetzen-hoengen.de\/index.php\/wp-json\/wp\/v2\/pages\/10597"}],"collection":[{"href":"https:\/\/schuetzen-hoengen.de\/index.php\/wp-json\/wp\/v2\/pages"}],"about":[{"href":"https:\/\/schuetzen-hoengen.de\/index.php\/wp-json\/wp\/v2\/types\/page"}],"author":[{"embeddable":true,"href":"https:\/\/schuetzen-hoengen.de\/index.php\/wp-json\/wp\/v2\/users\/3"}],"replies":[{"embeddable":true,"href":"https:\/\/schuetzen-hoengen.de\/index.php\/wp-json\/wp\/v2\/comments?post=10597"}],"version-history":[{"count":2,"href":"https:\/\/schuetzen-hoengen.de\/index.php\/wp-json\/wp\/v2\/pages\/10597\/revisions"}],"predecessor-version":[{"id":10599,"href":"https:\/\/schuetzen-hoengen.de\/index.php\/wp-json\/wp\/v2\/pages\/10597\/revisions\/10599"}],"up":[{"embeddable":true,"href":"https:\/\/schuetzen-hoengen.de\/index.php\/wp-json\/wp\/v2\/pages\/9625"}],"wp:attachment":[{"href":"https:\/\/schuetzen-hoengen.de\/index.php\/wp-json\/wp\/v2\/media?parent=10597"}],"curies":[{"name":"wp","href":"https:\/\/api.w.org\/{rel}","templated":true}]}}