{"id":10659,"date":"2018-09-10T17:58:26","date_gmt":"2018-09-10T15:58:26","guid":{"rendered":"http:\/\/www.schuetzen-hoengen.de\/?page_id=10659"},"modified":"2018-09-10T18:12:20","modified_gmt":"2018-09-10T16:12:20","slug":"schuetzenfest-isenbruch","status":"publish","type":"page","link":"https:\/\/schuetzen-hoengen.de\/index.php\/veranstaltungen-2\/veranstaltungen-2018\/schuetzenfest-isenbruch\/","title":{"rendered":"Sch\u00fctzenfest Isenbruch"},"content":{"rendered":"<h2 style=\"text-align: center;\">Sch\u00fctzenfest Isenbruch<\/h2>\n<p style=\"text-align: center;\">\n<figure style=\"width: 347px\" class=\"wp-caption aligncenter\"><img loading=\"lazy\" decoding=\"async\" class=\"cboxPhoto aligncenter\" src=\"http:\/\/foto.selfkant-online.de\/wp-content\/uploads\/2018\/08\/ise_18-08-19_P1380100.jpg\" alt=\"\" width=\"347\" height=\"231\" \/><figcaption class=\"wp-caption-text\">Bild selfkant-online<\/figcaption><\/figure>\n<p>&nbsp;<\/p>\n<p style=\"text-align: center;\">tolles Wetter ( Gottseidank Marscherleichterung )<\/p>\n<p style=\"text-align: center;\">gute Organisation; trotz das wir eine Stra\u00dfe dreimal gezogen sind<\/p>\n<p style=\"text-align: center;\">sehr gute Beteiligung!!!<\/p>\n<h5>Gesamtauswertung Heimat- und Dekanatssch\u00fctzenfest\u00a0 Isenbruch<\/h5>\n<p><u>Aufstellung<\/u> <u>Feldandacht, Festaufzug, Vorbeimarsch<br \/>\nHier werden auch die musizierenden Vereine mit bewertet.<br \/>\n<\/u><\/p>\n<p><strong><u>Gruppe 4<\/u><\/strong><\/p>\n<p><strong>St. Michael Hillensberg\u00a0\u00a0\u00a0\u00a0\u00a0\u00a0\u00a0 \u00a0\u00a0\u00a0\u00a0\u00a0\u00a0\u00a0\u00a0\u00a0\u00a0 Ehrenpreis\u00a0\u00a0\u00a0\u00a0\u00a0\u00a0 \u00a0\u00a0\u00a0\u00a0\u00a0\u00a0\u00a0\u00a0\u00a0\u00a0\u00a0\u00a0\u00a0\u00a0\u00a0 68,75 Punkte<\/strong><\/p>\n<p><strong>St. Johann Baptist H\u00f6ngen \u00a0\u00a0\u00a0\u00a0\u00a0\u00a0\u00a0\u00a0\u00a0 1. Preis\u00a0\u00a0\u00a0\u00a0\u00a0\u00a0\u00a0\u00a0\u00a0\u00a0\u00a0\u00a0\u00a0\u00a0\u00a0\u00a0\u00a0\u00a0\u00a0\u00a0\u00a0\u00a0 \u00a0\u00a0\u00a0 \u00a0\u00a0 \u00a0 68,50 Punkte<\/strong><\/p>\n<p><strong>St. Salvator Langbroich \u00a0\u00a0\u00a0\u00a0\u00a0\u00a0\u00a0\u00a0\u00a0\u00a0\u00a0\u00a0\u00a0\u00a0\u00a0\u00a0\u00a0 2. Preis\u00a0\u00a0\u00a0\u00a0\u00a0\u00a0\u00a0\u00a0\u00a0\u00a0\u00a0\u00a0\u00a0 \u00a0\u00a0 \u00a0\u00a0\u00a0\u00a0\u00a0\u00a0 \u00a0\u00a0\u00a0\u00a0 \u00a0\u00a0 66,75 Punkte<\/strong><\/p>\n<p><strong>St. Peter und Paul Hatterath\u00a0\u00a0\u00a0\u00a0\u00a0\u00a0 3. Preis\u00a0\u00a0\u00a0\u00a0\u00a0\u00a0\u00a0\u00a0\u00a0\u00a0\u00a0\u00a0\u00a0\u00a0\u00a0\u00a0\u00a0\u00a0\u00a0\u00a0\u00a0\u00a0\u00a0 \u00a0\u00a0\u00a0 \u00a0\u00a0 \u00a0 66,50 Punkte<\/strong><\/p>\n<p><strong>\u00a0<\/strong><\/p>\n<p style=\"text-align: center;\"><a href=\"http:\/\/www.schuetzen-hoengen.de\/wp-content\/uploads\/2018\/08\/IMG-20180819-WA0006-Copy.jpg\" data-rel=\"lightbox-image-0\" data-rl_title=\"\" data-rl_caption=\"\" title=\"\"><img loading=\"lazy\" decoding=\"async\" class=\"size-medium wp-image-10611 aligncenter\" src=\"http:\/\/www.schuetzen-hoengen.de\/wp-content\/uploads\/2018\/08\/IMG-20180819-WA0006-Copy-300x169.jpg\" alt=\"\" width=\"300\" height=\"169\" srcset=\"https:\/\/schuetzen-hoengen.de\/wp-content\/uploads\/2018\/08\/IMG-20180819-WA0006-Copy-300x169.jpg 300w, https:\/\/schuetzen-hoengen.de\/wp-content\/uploads\/2018\/08\/IMG-20180819-WA0006-Copy-768x432.jpg 768w, https:\/\/schuetzen-hoengen.de\/wp-content\/uploads\/2018\/08\/IMG-20180819-WA0006-Copy.jpg 800w\" sizes=\"(max-width: 300px) 100vw, 300px\" \/><\/a>Die Vorhut<\/p>\n<p>Naja, dass mit dem \u00dcbereichen des Huhns als Zeichen der Freundschaft an Isenbruch hat leider nicht geklappt!!<br \/>\nPS: Ein Brath\u00e4hnchen h\u00e4tte es auch getan. L\u00e4\u00dft sich eben leichter einfangen.<\/p>\n<p><a href=\"http:\/\/www.schuetzen-hoengen.de\/wp-content\/uploads\/2018\/08\/Bild2.jpg\" data-rel=\"lightbox-image-1\" data-rl_title=\"\" data-rl_caption=\"\" title=\"\"><img loading=\"lazy\" decoding=\"async\" class=\"size-medium wp-image-10622 aligncenter\" src=\"http:\/\/www.schuetzen-hoengen.de\/wp-content\/uploads\/2018\/08\/Bild2-300x194.jpg\" alt=\"\" width=\"300\" height=\"194\" srcset=\"https:\/\/schuetzen-hoengen.de\/wp-content\/uploads\/2018\/08\/Bild2-300x194.jpg 300w, https:\/\/schuetzen-hoengen.de\/wp-content\/uploads\/2018\/08\/Bild2.jpg 560w\" sizes=\"(max-width: 300px) 100vw, 300px\" \/><\/a><\/p>\n<p><a href=\"http:\/\/www.schuetzen-hoengen.de\/wp-content\/uploads\/2018\/08\/Bild-1.jpg\" data-rel=\"lightbox-image-2\" data-rl_title=\"\" data-rl_caption=\"\" title=\"\"><img loading=\"lazy\" decoding=\"async\" class=\"size-medium wp-image-10621 aligncenter\" src=\"http:\/\/www.schuetzen-hoengen.de\/wp-content\/uploads\/2018\/08\/Bild-1-300x164.jpg\" alt=\"\" width=\"300\" height=\"164\" srcset=\"https:\/\/schuetzen-hoengen.de\/wp-content\/uploads\/2018\/08\/Bild-1-300x164.jpg 300w, https:\/\/schuetzen-hoengen.de\/wp-content\/uploads\/2018\/08\/Bild-1-768x419.jpg 768w, https:\/\/schuetzen-hoengen.de\/wp-content\/uploads\/2018\/08\/Bild-1.jpg 845w\" sizes=\"(max-width: 300px) 100vw, 300px\" \/><\/a><\/p>\n<p><a href=\"http:\/\/www.schuetzen-hoengen.de\/wp-content\/uploads\/2018\/08\/Bild-3.jpg\" data-rel=\"lightbox-image-3\" data-rl_title=\"\" data-rl_caption=\"\" title=\"\"><img loading=\"lazy\" decoding=\"async\" class=\"size-medium wp-image-10626 aligncenter\" src=\"http:\/\/www.schuetzen-hoengen.de\/wp-content\/uploads\/2018\/08\/Bild-3-300x217.jpg\" alt=\"\" width=\"300\" height=\"217\" srcset=\"https:\/\/schuetzen-hoengen.de\/wp-content\/uploads\/2018\/08\/Bild-3-300x217.jpg 300w, https:\/\/schuetzen-hoengen.de\/wp-content\/uploads\/2018\/08\/Bild-3-768x555.jpg 768w, https:\/\/schuetzen-hoengen.de\/wp-content\/uploads\/2018\/08\/Bild-3-1024x740.jpg 1024w, https:\/\/schuetzen-hoengen.de\/wp-content\/uploads\/2018\/08\/Bild-3.jpg 1873w\" sizes=\"(max-width: 300px) 100vw, 300px\" \/><\/a>Unser K\u00f6nigspaar; wieder einmal Konkurrenzlos im Dekanat<\/p>\n<p><a href=\"http:\/\/www.schuetzen-hoengen.de\/wp-content\/uploads\/2018\/08\/IMG_20180819_131852085_HDR-Copy.jpg\" data-rel=\"lightbox-image-4\" data-rl_title=\"\" data-rl_caption=\"\" title=\"\"><img loading=\"lazy\" decoding=\"async\" class=\"size-medium wp-image-10604 aligncenter\" src=\"http:\/\/www.schuetzen-hoengen.de\/wp-content\/uploads\/2018\/08\/IMG_20180819_131852085_HDR-Copy-300x169.jpg\" alt=\"\" width=\"300\" height=\"169\" srcset=\"https:\/\/schuetzen-hoengen.de\/wp-content\/uploads\/2018\/08\/IMG_20180819_131852085_HDR-Copy-300x169.jpg 300w, https:\/\/schuetzen-hoengen.de\/wp-content\/uploads\/2018\/08\/IMG_20180819_131852085_HDR-Copy-768x432.jpg 768w, https:\/\/schuetzen-hoengen.de\/wp-content\/uploads\/2018\/08\/IMG_20180819_131852085_HDR-Copy.jpg 800w\" sizes=\"(max-width: 300px) 100vw, 300px\" \/><\/a>Offiziere ohne Schulterklappen &#8211; und das Hemd lang\u00e4rmlig,<br \/>\ntailliert, dass geht gar nicht!!<\/p>\n<p><a href=\"http:\/\/www.schuetzen-hoengen.de\/wp-content\/uploads\/2018\/08\/IMG_20180819_163227464_HDR-Copy.jpg\" data-rel=\"lightbox-image-5\" data-rl_title=\"\" data-rl_caption=\"\" title=\"\"><img loading=\"lazy\" decoding=\"async\" class=\"size-medium wp-image-10609 aligncenter\" src=\"http:\/\/www.schuetzen-hoengen.de\/wp-content\/uploads\/2018\/08\/IMG_20180819_163227464_HDR-Copy-169x300.jpg\" alt=\"\" width=\"169\" height=\"300\" srcset=\"https:\/\/schuetzen-hoengen.de\/wp-content\/uploads\/2018\/08\/IMG_20180819_163227464_HDR-Copy-169x300.jpg 169w, https:\/\/schuetzen-hoengen.de\/wp-content\/uploads\/2018\/08\/IMG_20180819_163227464_HDR-Copy.jpg 338w\" sizes=\"(max-width: 169px) 100vw, 169px\" \/><\/a>Rudi und Franz &#8211; Zwischenspiel &#8211; Hauptsache Ihr habt Spa\u00df!!!<\/p>\n<p style=\"text-align: center;\"><a href=\"http:\/\/www.schuetzen-hoengen.de\/wp-content\/uploads\/2018\/08\/IMG_20180819_162815235-Copy.jpg\" data-rel=\"lightbox-image-6\" data-rl_title=\"\" data-rl_caption=\"\" title=\"\"><img loading=\"lazy\" decoding=\"async\" class=\"size-medium wp-image-10608 aligncenter\" src=\"http:\/\/www.schuetzen-hoengen.de\/wp-content\/uploads\/2018\/08\/IMG_20180819_162815235-Copy-169x300.jpg\" alt=\"\" width=\"169\" height=\"300\" srcset=\"https:\/\/schuetzen-hoengen.de\/wp-content\/uploads\/2018\/08\/IMG_20180819_162815235-Copy-169x300.jpg 169w, https:\/\/schuetzen-hoengen.de\/wp-content\/uploads\/2018\/08\/IMG_20180819_162815235-Copy.jpg 338w\" sizes=\"(max-width: 169px) 100vw, 169px\" \/><\/a>echte Fr\u00fcnde; die ein gemeinsames Geheimnis haben.<\/p>\n<p style=\"text-align: center;\"><a href=\"http:\/\/www.schuetzen-hoengen.de\/wp-content\/uploads\/2018\/08\/IMG_20180819_163250289-Copy.jpg\" data-rel=\"lightbox-image-7\" data-rl_title=\"\" data-rl_caption=\"\" title=\"\"><img loading=\"lazy\" decoding=\"async\" class=\"size-medium wp-image-10610 aligncenter\" src=\"http:\/\/www.schuetzen-hoengen.de\/wp-content\/uploads\/2018\/08\/IMG_20180819_163250289-Copy-300x169.jpg\" alt=\"\" width=\"300\" height=\"169\" srcset=\"https:\/\/schuetzen-hoengen.de\/wp-content\/uploads\/2018\/08\/IMG_20180819_163250289-Copy-300x169.jpg 300w, https:\/\/schuetzen-hoengen.de\/wp-content\/uploads\/2018\/08\/IMG_20180819_163250289-Copy-768x432.jpg 768w, https:\/\/schuetzen-hoengen.de\/wp-content\/uploads\/2018\/08\/IMG_20180819_163250289-Copy.jpg 800w\" sizes=\"(max-width: 300px) 100vw, 300px\" \/><\/a>ein Blick nach hinten, der sicht lohnte<\/p>\n<p style=\"text-align: center;\"><a href=\"http:\/\/www.schuetzen-hoengen.de\/wp-content\/uploads\/2018\/08\/IMG_20180819_154614180_HDR-Copy.jpg\" data-rel=\"lightbox-image-8\" data-rl_title=\"\" data-rl_caption=\"\" title=\"\"><img loading=\"lazy\" decoding=\"async\" class=\"size-medium wp-image-10606 aligncenter\" src=\"http:\/\/www.schuetzen-hoengen.de\/wp-content\/uploads\/2018\/08\/IMG_20180819_154614180_HDR-Copy-300x169.jpg\" alt=\"\" width=\"300\" height=\"169\" srcset=\"https:\/\/schuetzen-hoengen.de\/wp-content\/uploads\/2018\/08\/IMG_20180819_154614180_HDR-Copy-300x169.jpg 300w, https:\/\/schuetzen-hoengen.de\/wp-content\/uploads\/2018\/08\/IMG_20180819_154614180_HDR-Copy-768x432.jpg 768w, https:\/\/schuetzen-hoengen.de\/wp-content\/uploads\/2018\/08\/IMG_20180819_154614180_HDR-Copy.jpg 800w\" sizes=\"(max-width: 300px) 100vw, 300px\" \/><\/a>Marschunterbrechung<\/p>\n","protected":false},"excerpt":{"rendered":"<p>Sch\u00fctzenfest Isenbruch &nbsp; tolles Wetter ( Gottseidank Marscherleichterung ) gute Organisation; trotz das wir eine Stra\u00dfe dreimal gezogen sind sehr gute Beteiligung!!! Gesamtauswertung Heimat- und Dekanatssch\u00fctzenfest\u00a0 Isenbruch Aufstellung Feldandacht, Festaufzug, Vorbeimarsch Hier werden auch die musizierenden Vereine mit bewertet. Gruppe 4 St. Michael Hillensberg\u00a0\u00a0\u00a0\u00a0\u00a0\u00a0\u00a0 \u00a0\u00a0\u00a0\u00a0\u00a0\u00a0\u00a0\u00a0\u00a0\u00a0 Ehrenpreis\u00a0\u00a0\u00a0\u00a0\u00a0\u00a0 \u00a0\u00a0\u00a0\u00a0\u00a0\u00a0\u00a0\u00a0\u00a0\u00a0\u00a0\u00a0\u00a0\u00a0\u00a0 68,75 Punkte St. Johann Baptist H\u00f6ngen \u00a0\u00a0\u00a0\u00a0\u00a0\u00a0\u00a0\u00a0\u00a0 1. &hellip; <a href=\"https:\/\/schuetzen-hoengen.de\/index.php\/veranstaltungen-2\/veranstaltungen-2018\/schuetzenfest-isenbruch\/\" class=\"more-link\"><span class=\"screen-reader-text\">Sch\u00fctzenfest Isenbruch<\/span> weiterlesen <span class=\"meta-nav\">&rarr;<\/span><\/a><\/p>\n","protected":false},"author":3,"featured_media":0,"parent":9625,"menu_order":0,"comment_status":"closed","ping_status":"closed","template":"","meta":{"footnotes":""},"_links":{"self":[{"href":"https:\/\/schuetzen-hoengen.de\/index.php\/wp-json\/wp\/v2\/pages\/10659"}],"collection":[{"href":"https:\/\/schuetzen-hoengen.de\/index.php\/wp-json\/wp\/v2\/pages"}],"about":[{"href":"https:\/\/schuetzen-hoengen.de\/index.php\/wp-json\/wp\/v2\/types\/page"}],"author":[{"embeddable":true,"href":"https:\/\/schuetzen-hoengen.de\/index.php\/wp-json\/wp\/v2\/users\/3"}],"replies":[{"embeddable":true,"href":"https:\/\/schuetzen-hoengen.de\/index.php\/wp-json\/wp\/v2\/comments?post=10659"}],"version-history":[{"count":2,"href":"https:\/\/schuetzen-hoengen.de\/index.php\/wp-json\/wp\/v2\/pages\/10659\/revisions"}],"predecessor-version":[{"id":10664,"href":"https:\/\/schuetzen-hoengen.de\/index.php\/wp-json\/wp\/v2\/pages\/10659\/revisions\/10664"}],"up":[{"embeddable":true,"href":"https:\/\/schuetzen-hoengen.de\/index.php\/wp-json\/wp\/v2\/pages\/9625"}],"wp:attachment":[{"href":"https:\/\/schuetzen-hoengen.de\/index.php\/wp-json\/wp\/v2\/media?parent=10659"}],"curies":[{"name":"wp","href":"https:\/\/api.w.org\/{rel}","templated":true}]}}