{"id":10671,"date":"2018-09-10T18:39:28","date_gmt":"2018-09-10T16:39:28","guid":{"rendered":"http:\/\/www.schuetzen-hoengen.de\/?page_id=10671"},"modified":"2018-09-10T18:40:31","modified_gmt":"2018-09-10T16:40:31","slug":"generalversammlung","status":"publish","type":"page","link":"https:\/\/schuetzen-hoengen.de\/index.php\/veranstaltungen-2\/veranstaltungen-2018\/generalversammlung\/","title":{"rendered":"Generalversammlung"},"content":{"rendered":"<h5><strong>R\u00fcckblick Generalversammlung 2018<\/strong><\/h5>\n<p>&nbsp;<\/p>\n<p>Zum Beginn der Versammlung begr\u00fc\u00dfte Pr\u00e4sident Leo Keulen alle Anwesenden. Als Erstes gedachte man der verstorbenen Aktiven und Inaktiven Mitglieder<\/p>\n<p>Im Jahresr\u00fcckblick hielt Pr\u00e4sident Keinz-Leo Keulen einen R\u00fcckblick auf die zahlreichen Aktivit\u00e4ten des abgelaufenen Jahr. H\u00f6hepunkt das Bundessch\u00fctzenfest in Heinsberg, wo man Werbung in eigener Sache gemacht habe. Auf so einen Auftritt mit so eine Truppe, darauf k\u00f6nne man nicht nur als Pr\u00e4sident stolz sein. Prima auch wieder die zur\u00fcckliegende Prunkkirmes mit viel Zuspruch aus der H\u00f6ngener Bev\u00f6lkerung und einem tollen K\u00f6nigspaar Philipp van Hall und Jule Dohmen mit der Hoffnung, dass man 2019 ein Kaiserfest feiern k\u00f6nne. Wieder einmal ein rundum gelungenes Sch\u00fctzenjahr.<\/p>\n<p>Im Schie\u00dfbericht ging Schie\u00dfmeister Karl-Heinz Welter auf die Schie\u00dfsportaktivit\u00e4ten der Bruderschaft im zur\u00fcckliegenden Jahr ein. Leider k\u00f6nne man die Klasse ( 1. Bezirksklasse Kleinkaliber ) nicht halten. Aber im n\u00e4chsten Jahr w\u00fcrde man wieder angreifen.<\/p>\n<p>Bericht F\u00f6rderverein: Hier gab es im abgelaufenen Jahr eine Mitgliederversammlung, wobei der Vorstand best\u00e4tigt wurde. Beim Bosselturnier gingen 28 Mannschaften an den Start. Dies w\u00e4re eine Steigerung um 100% zum letzen Jahr,\u00a0 wo 14 Mannschaften an den Start gingen..<\/p>\n<p>Die Kassenlage der Hauptkasse war trotz einiger Anschaffungen gut, so Kassierer Franz Hensgens. Zum neuen Kassenpr\u00fcfer wurde Peter Stoffels gew\u00e4hlt.<\/p>\n<p>Wahlen: Neuer Sch\u00fctzenmeister Axel Fiddelers. Neuer F\u00e4hnrich Peter Stoffels. 1. Zugf\u00fchrer Berthold Conen. Die Offiziere wurden im Block wiedergew\u00e4hlt.<\/p>\n<p>Neue Mitglieder: Hier konnte man 3 neue Aktive Sch\u00fctzen und 3 Inaktive Mitglieder aufnehmen.<\/p>\n<p>Punkt Verschiedenes:<br \/>\nSch\u00fctzenausflug: 3 Sch\u00fctzenbr\u00fcder hatten sich bereiterkl\u00e4rt die Planung zu \u00fcbernehmen.<br \/>\nB\u00fcrgerhalle: Dieses Projekt w\u00e4re momentan auf Eis gelegt, da die Bezirksregierung eine neue oder Erweiterung der Turnhalle der Gesamtschule H\u00f6ngen plane.<br \/>\nDie Termine, die im Herbst anstehen, wurden noch bekanntgegeben.<\/p>\n<p>Nach der Generalversammlung sa\u00dfen Rot und Gr\u00fcn noch lange zusammen und genossen das K\u00f6nigbier.<\/p>\n","protected":false},"excerpt":{"rendered":"<p>R\u00fcckblick Generalversammlung 2018 &nbsp; Zum Beginn der Versammlung begr\u00fc\u00dfte Pr\u00e4sident Leo Keulen alle Anwesenden. Als Erstes gedachte man der verstorbenen Aktiven und Inaktiven Mitglieder Im Jahresr\u00fcckblick hielt Pr\u00e4sident Keinz-Leo Keulen einen R\u00fcckblick auf die zahlreichen Aktivit\u00e4ten des abgelaufenen Jahr. H\u00f6hepunkt das Bundessch\u00fctzenfest in Heinsberg, wo man Werbung in eigener Sache gemacht habe. Auf so einen &hellip; <a href=\"https:\/\/schuetzen-hoengen.de\/index.php\/veranstaltungen-2\/veranstaltungen-2018\/generalversammlung\/\" class=\"more-link\"><span class=\"screen-reader-text\">Generalversammlung<\/span> weiterlesen <span class=\"meta-nav\">&rarr;<\/span><\/a><\/p>\n","protected":false},"author":3,"featured_media":0,"parent":9625,"menu_order":0,"comment_status":"closed","ping_status":"closed","template":"","meta":{"footnotes":""},"_links":{"self":[{"href":"https:\/\/schuetzen-hoengen.de\/index.php\/wp-json\/wp\/v2\/pages\/10671"}],"collection":[{"href":"https:\/\/schuetzen-hoengen.de\/index.php\/wp-json\/wp\/v2\/pages"}],"about":[{"href":"https:\/\/schuetzen-hoengen.de\/index.php\/wp-json\/wp\/v2\/types\/page"}],"author":[{"embeddable":true,"href":"https:\/\/schuetzen-hoengen.de\/index.php\/wp-json\/wp\/v2\/users\/3"}],"replies":[{"embeddable":true,"href":"https:\/\/schuetzen-hoengen.de\/index.php\/wp-json\/wp\/v2\/comments?post=10671"}],"version-history":[{"count":2,"href":"https:\/\/schuetzen-hoengen.de\/index.php\/wp-json\/wp\/v2\/pages\/10671\/revisions"}],"predecessor-version":[{"id":10673,"href":"https:\/\/schuetzen-hoengen.de\/index.php\/wp-json\/wp\/v2\/pages\/10671\/revisions\/10673"}],"up":[{"embeddable":true,"href":"https:\/\/schuetzen-hoengen.de\/index.php\/wp-json\/wp\/v2\/pages\/9625"}],"wp:attachment":[{"href":"https:\/\/schuetzen-hoengen.de\/index.php\/wp-json\/wp\/v2\/media?parent=10671"}],"curies":[{"name":"wp","href":"https:\/\/api.w.org\/{rel}","templated":true}]}}