{"id":10826,"date":"2018-10-05T22:35:00","date_gmt":"2018-10-05T20:35:00","guid":{"rendered":"http:\/\/www.schuetzen-hoengen.de\/?page_id=10826"},"modified":"2018-10-05T22:36:34","modified_gmt":"2018-10-05T20:36:34","slug":"seniorenfahrt","status":"publish","type":"page","link":"https:\/\/schuetzen-hoengen.de\/index.php\/veranstaltungen-2\/veranstaltungen-2018\/seniorenfahrt\/","title":{"rendered":"Seniorenfahrt"},"content":{"rendered":"<h3>Sch\u00fctzensenioren fahren zum Rursee<\/h3>\n<div class=\"itemHeader\">\n<div class=\"clr\"><\/div>\n<\/div>\n<div class=\"itemImageBlock\">\n<p><span class=\"itemImage\"> <a class=\"modal\" title=\"\" href=\"http:\/\/www.selfkant-online.de\/media\/k2\/items\/cache\/1e2a46ff38225c8ba303e84cd189ad6e_XL.jpg\" rel=\"{handler: 'image'}\" data-rel=\"lightbox-image-0\" data-rl_title=\"\" data-rl_caption=\"\"> <img decoding=\"async\" src=\"http:\/\/www.selfkant-online.de\/media\/k2\/items\/cache\/1e2a46ff38225c8ba303e84cd189ad6e_L.jpg\" alt=\"Sch\u00fctzensenioren fahren zum Rursee\" \/> <\/a> <\/span><\/p>\n<div class=\"clr\"><\/div>\n<\/div>\n<div class=\"articleInnerAside\"><\/div>\n<div class=\"itemBody articlePushRight\">\n<div class=\"itemFullText\">\n<p>Birgden. Die Sch\u00fctzensenioren im Dekanatsverband Gangelt-Selfkant gehen am Mittwoch, 10. Oktober auf gro\u00dfer Fahrt. Das Ziel der 27. Seniorenfahrt ist in diesem Jahr der Rursee in der Eifel. Dekanatsehrenbundesmeister Heinrich Aretz startete vor 27 Jahren diese Erfolgsgeschichte mit den Seniorenfahrten und hat erneut ein sch\u00f6nes Programm zusammengestellt. Um 9:30 geht es ab Birgden (Bushof Drie\u00dfen) los, hier treffen sich die Busse, die zuvor die Teilnehmer in den Ortschaften des Selfkantlandes und Gangelt abgeholt haben. Um 12:00 ist das Mittagessen vorgesehen, im J\u00e4gerhof Konzen folgt ein erster Stopp. Weiter geht es anschlie\u00dfend nach Schwammenauel mit folgender Schifffahrt \u00fcber den Rursee. Gegen 17:00 geht es wieder Richtung Heimat mit Ziel Gillrath, hier wird gegen 18:30 \u00a0Uhr das Abendbrot (Platte) im Restaurant Pfefferkorn gereicht. Nach dem geselligen Beisammensein erfolgt gegen 20:00 die R\u00fcckfahrt zu den Heimatorten. Der Unkostenbeitrag betr\u00e4gt insgesamt 40\u20ac. Diese Seniorenfahrt ist neben den beiden Dekanatssch\u00fctzenfesten ein besonderes Highlight und erfreut sich stetig gro\u00dfer Beliebtheit. Anmeldungen wie allj\u00e4hrlich an den bekannten Adressen.<\/p>\n<p>Titelbild: Foto aus dem Vorjahr, die Tagesfahrten der Senioren aus dem Sch\u00fctzendekanat Gangelt-Selfkant sind traditionell Highlights.<\/p>\n<p>HE<\/p>\n<p>Bericht: selfkant-online<\/p>\n<\/div>\n<\/div>\n","protected":false},"excerpt":{"rendered":"<p>Sch\u00fctzensenioren fahren zum Rursee Birgden. Die Sch\u00fctzensenioren im Dekanatsverband Gangelt-Selfkant gehen am Mittwoch, 10. Oktober auf gro\u00dfer Fahrt. Das Ziel der 27. Seniorenfahrt ist in diesem Jahr der Rursee in der Eifel. Dekanatsehrenbundesmeister Heinrich Aretz startete vor 27 Jahren diese Erfolgsgeschichte mit den Seniorenfahrten und hat erneut ein sch\u00f6nes Programm zusammengestellt. Um 9:30 geht es &hellip; <a href=\"https:\/\/schuetzen-hoengen.de\/index.php\/veranstaltungen-2\/veranstaltungen-2018\/seniorenfahrt\/\" class=\"more-link\"><span class=\"screen-reader-text\">Seniorenfahrt<\/span> weiterlesen <span class=\"meta-nav\">&rarr;<\/span><\/a><\/p>\n","protected":false},"author":3,"featured_media":0,"parent":9625,"menu_order":0,"comment_status":"closed","ping_status":"closed","template":"","meta":{"footnotes":""},"_links":{"self":[{"href":"https:\/\/schuetzen-hoengen.de\/index.php\/wp-json\/wp\/v2\/pages\/10826"}],"collection":[{"href":"https:\/\/schuetzen-hoengen.de\/index.php\/wp-json\/wp\/v2\/pages"}],"about":[{"href":"https:\/\/schuetzen-hoengen.de\/index.php\/wp-json\/wp\/v2\/types\/page"}],"author":[{"embeddable":true,"href":"https:\/\/schuetzen-hoengen.de\/index.php\/wp-json\/wp\/v2\/users\/3"}],"replies":[{"embeddable":true,"href":"https:\/\/schuetzen-hoengen.de\/index.php\/wp-json\/wp\/v2\/comments?post=10826"}],"version-history":[{"count":2,"href":"https:\/\/schuetzen-hoengen.de\/index.php\/wp-json\/wp\/v2\/pages\/10826\/revisions"}],"predecessor-version":[{"id":10829,"href":"https:\/\/schuetzen-hoengen.de\/index.php\/wp-json\/wp\/v2\/pages\/10826\/revisions\/10829"}],"up":[{"embeddable":true,"href":"https:\/\/schuetzen-hoengen.de\/index.php\/wp-json\/wp\/v2\/pages\/9625"}],"wp:attachment":[{"href":"https:\/\/schuetzen-hoengen.de\/index.php\/wp-json\/wp\/v2\/media?parent=10826"}],"curies":[{"name":"wp","href":"https:\/\/api.w.org\/{rel}","templated":true}]}}