{"id":11110,"date":"2018-12-30T08:50:59","date_gmt":"2018-12-30T07:50:59","guid":{"rendered":"http:\/\/www.schuetzen-hoengen.de\/?page_id=11110"},"modified":"2018-12-30T19:13:19","modified_gmt":"2018-12-30T18:13:19","slug":"spendenuebergabe-volksbank","status":"publish","type":"page","link":"https:\/\/schuetzen-hoengen.de\/index.php\/veranstaltungen-2\/veranstaltungen-2018\/spendenuebergabe-volksbank\/","title":{"rendered":"Spenden\u00fcbergabe Volksbank"},"content":{"rendered":"<h4>500 Euro Belohnung f\u00fcr unser Engagement<\/h4>\n<h6>Das Vorstandsmitglied der Volksbank Heinsberg, Kurt Hauser, und der Bereichsleiter Filialkunden, Rudolf Klee, haben uns anl\u00e4sslich des j\u00e4hrlich in Gangelt stattfindenden Spendentages der Volksbank Heinsberg mit 500 Euro f\u00fcr unser ehrenamtliches Engagement belohnt. Bankdirektor Hauser war voll des Lobes f\u00fcr unseren Verein und unsere Ehrenamtler.<\/h6>\n<h6>\u201eWir wollen mit unseren Spendentagen ein Zeichen daf\u00fcr setzen, dass wir an die Zukunft der Vereinsarbeit glauben. Und um diese Zukunft etwas sicherer zu machen, freut es mich sehr Ihnen als kleine Finanzspritze f\u00fcr Ihre erfolgreiche Vereinsarbeit wieder 500 Euro \u00fcbergeben zu d\u00fcrfen\u201c, so Hauser.<\/h6>\n<h1><a href=\"http:\/\/www.schuetzen-hoengen.de\/wp-content\/uploads\/2018\/11\/Sch\u00fctzen-H\u00f6ngen.jpg\" data-rel=\"lightbox-image-0\" data-rl_title=\"\" data-rl_caption=\"\" title=\"\"><img loading=\"lazy\" decoding=\"async\" class=\"alignnone wp-image-10960 size-large\" src=\"http:\/\/www.schuetzen-hoengen.de\/wp-content\/uploads\/2018\/11\/Sch\u00fctzen-H\u00f6ngen-1024x600.jpg\" alt=\"\" width=\"474\" height=\"278\" srcset=\"https:\/\/schuetzen-hoengen.de\/wp-content\/uploads\/2018\/11\/Sch\u00fctzen-H\u00f6ngen-1024x600.jpg 1024w, https:\/\/schuetzen-hoengen.de\/wp-content\/uploads\/2018\/11\/Sch\u00fctzen-H\u00f6ngen-300x176.jpg 300w, https:\/\/schuetzen-hoengen.de\/wp-content\/uploads\/2018\/11\/Sch\u00fctzen-H\u00f6ngen-768x450.jpg 768w, https:\/\/schuetzen-hoengen.de\/wp-content\/uploads\/2018\/11\/Sch\u00fctzen-H\u00f6ngen.jpg 1754w\" sizes=\"(max-width: 474px) 100vw, 474px\" \/><\/a><\/h1>\n<h6>Das Foto zeigt uns &#8211; Kassierer Franz Hensgens &#8211; bei der Spenden-\u00fcbergabe mit dem Leiter Filialkunden Rudolf Klee (rechts) und<br \/>\nFilialleiter Ralf Meurers (links).<\/h6>\n","protected":false},"excerpt":{"rendered":"<p>500 Euro Belohnung f\u00fcr unser Engagement Das Vorstandsmitglied der Volksbank Heinsberg, Kurt Hauser, und der Bereichsleiter Filialkunden, Rudolf Klee, haben uns anl\u00e4sslich des j\u00e4hrlich in Gangelt stattfindenden Spendentages der Volksbank Heinsberg mit 500 Euro f\u00fcr unser ehrenamtliches Engagement belohnt. Bankdirektor Hauser war voll des Lobes f\u00fcr unseren Verein und unsere Ehrenamtler. \u201eWir wollen mit unseren &hellip; <a href=\"https:\/\/schuetzen-hoengen.de\/index.php\/veranstaltungen-2\/veranstaltungen-2018\/spendenuebergabe-volksbank\/\" class=\"more-link\"><span class=\"screen-reader-text\">Spenden\u00fcbergabe Volksbank<\/span> weiterlesen <span class=\"meta-nav\">&rarr;<\/span><\/a><\/p>\n","protected":false},"author":3,"featured_media":0,"parent":9625,"menu_order":0,"comment_status":"closed","ping_status":"closed","template":"","meta":{"footnotes":""},"_links":{"self":[{"href":"https:\/\/schuetzen-hoengen.de\/index.php\/wp-json\/wp\/v2\/pages\/11110"}],"collection":[{"href":"https:\/\/schuetzen-hoengen.de\/index.php\/wp-json\/wp\/v2\/pages"}],"about":[{"href":"https:\/\/schuetzen-hoengen.de\/index.php\/wp-json\/wp\/v2\/types\/page"}],"author":[{"embeddable":true,"href":"https:\/\/schuetzen-hoengen.de\/index.php\/wp-json\/wp\/v2\/users\/3"}],"replies":[{"embeddable":true,"href":"https:\/\/schuetzen-hoengen.de\/index.php\/wp-json\/wp\/v2\/comments?post=11110"}],"version-history":[{"count":2,"href":"https:\/\/schuetzen-hoengen.de\/index.php\/wp-json\/wp\/v2\/pages\/11110\/revisions"}],"predecessor-version":[{"id":11116,"href":"https:\/\/schuetzen-hoengen.de\/index.php\/wp-json\/wp\/v2\/pages\/11110\/revisions\/11116"}],"up":[{"embeddable":true,"href":"https:\/\/schuetzen-hoengen.de\/index.php\/wp-json\/wp\/v2\/pages\/9625"}],"wp:attachment":[{"href":"https:\/\/schuetzen-hoengen.de\/index.php\/wp-json\/wp\/v2\/media?parent=11110"}],"curies":[{"name":"wp","href":"https:\/\/api.w.org\/{rel}","templated":true}]}}