{"id":11112,"date":"2018-12-30T08:52:50","date_gmt":"2018-12-30T07:52:50","guid":{"rendered":"http:\/\/www.schuetzen-hoengen.de\/?page_id=11112"},"modified":"2018-12-30T19:14:59","modified_gmt":"2018-12-30T18:14:59","slug":"5-3-vereinsmeisterschaft-2018","status":"publish","type":"page","link":"https:\/\/schuetzen-hoengen.de\/index.php\/schiesssport\/5-3-vereinsmeisterschaft-2018\/","title":{"rendered":"5.3 Vereinsmeisterschaft 2018"},"content":{"rendered":"<h1>Vereinsmeisterschaft 2018<\/h1>\n<p>&nbsp;<\/p>\n<p>Nach gemeinsamer Absprache und Planung legten wir die diesj\u00e4hrige zweigeteilten Vereinsmeisterschaft nicht mehr auf einen tr\u00fcben Montagabend, sondern auf einen sch\u00f6nen Samstagnachmittag. Genauer gesagt auf den Samstag vor der Herbstkirmes.<\/p>\n<p>Als weitere Neuerung kam ein Grill mit Bratwurst und allerlei anderen Leckereien hinzu. Rudi, ein Meister des Grillfaches, k\u00fcmmerte sich dankenswerterweise im Vorfeld zusammen mit Ger um den Einkauf und die Grillvorbereitung. Rudi stand einige Stunden am Grill. Das sagt schon aus, dass die Vereinsmeisterschaft ein gro\u00dfer Erfolg wurde.<\/p>\n<p>Zwischen den Schie\u00dfdisziplinen Hobby Tell, Luftgewehr und KK- Gewehr konnte immer einmal wieder ein P\u00e4uschen zur St\u00e4rkung mit Festem und Fl\u00fcssigem eingelegt werden. Das mit dem Fl\u00fcssigem zog sich dann bis einige Stunden nach der Beendigung der Vereinsmeisterschaft hin.<\/p>\n<p>Zwischen 13 und 15 Teilnehmer freuten sich auf eine im Vorfeld perfekt vorbereitete Halle und eine ruhige und sachliche Aufteilung der Abl\u00e4ufe. An jeder Station stand ein oder zwei Schie\u00dfleiter zur Aufsicht bereit.<\/p>\n<p>In der Disziplin <strong>Hobby Tell<\/strong> ( kleine Armbrust ) erreichte etwas \u00fcberraschend Axel Fiddelers mit 86 Ringen den 3. Platz. Zweiter wurde mit 87 Ringen Leon Zwingelberg. Mit etwas Abstand\u00a0 errreichte unser Armbrustaltmeister <strong>Hans Janssen mit 91 Ringen den 1. Platz.<\/strong><\/p>\n<p>Auch in der Disziplin <strong>Luftgewehr<\/strong> lagen der 2. und 3. nicht weit auseinander.\u00a0 Den 3. Platz belegte hier Tobias Conen mit 135 Ringen. Platz 2 erreichte Stephanie Schmitz mit 136 Ringen. Ein weiterer Altmeister in dieser Disziplin belegte<strong> mit 146 Ringen den 1. Platz Karl Heinz Welter.<\/strong><\/p>\n<p>Beim Ringen um die <strong>KK<\/strong> Vereinsmeisterschaft dauerte die Angelegenheit etwas l\u00e4nger. Den 3. Platz erreichte Jens Wallraven mit 9 Treffer.\u00a0 Den 2. Platz nach zuvor 10 Treffern und zweimaligen Kabeln\u00a0 auf Karte\u00a0 ( 46, 42 ) Ralf Amkreutz. Den <strong>1. Platz<\/strong> nat\u00fcrlich auch nach <strong>10 Treffern<\/strong> und <strong>zweimaligen Kabeln ( 46, 47 ) Karl Heinz Welter.<\/strong><\/p>\n<p>Da unsere Vereinsmeisterschaft ohne die Diszipin \u201e Op de Wipp \u201e nicht denkbar w\u00e4re, wurde diese am Kirmessamstag nach dem Aufzug vor gr\u00f6\u00dferem Publikum geschossen.<\/p>\n<p>Da vielen der Begriff \u201e Op de Wipp \u201e wenig oder gar nichts sagt, hier eine kleine Erkl\u00e4rung:<\/p>\n<p>Geschossen wird mit einer Stahlbogenarmbrust auf eine runde Scheibe, die oben auf einem 12,5 m hohen Mast aufliegt. Hierbei ist\u00a0 die Scheibe nur 2 cm gr\u00f6\u00dfer im Durchmesser als das obere Ende des Mastes. Man ist also echt gefordert diese 2 cm zu treffen bei 2 Probesch\u00fcssen und 10 Wertungssch\u00fcssen.<\/p>\n<p>In fast jedem Jahr gibt es \u00dcberraschungen. Nur selten gelingt es einem der \u201e Profis \u201e diese Diszipin zu gewinnen.<\/p>\n<p>Den 3. Platz mit 5 Treffern belegte Jens Wallraven. Den 2. Platz unser K\u00f6nig und jetziger Kaiser Philipp van Hall mit 7 Treffer und zu unser aller \u00dcberraschung den <strong>1. Platz mit 8 Treffern Peter Stoffels.<\/strong><\/p>\n<p>Ich glaube die neue Form der Durchf\u00fchrung unserer Vereinsmeisterschaft, ausgedacht und geplant von Ger Hanssen unter Mithilfe von Rudi von Cleef,\u00a0 ist sehr gut angekommen. Viele freuen sich schon auf die n\u00e4chstj\u00e4hrige Meisterschaft.<\/p>\n","protected":false},"excerpt":{"rendered":"<p>Vereinsmeisterschaft 2018 &nbsp; Nach gemeinsamer Absprache und Planung legten wir die diesj\u00e4hrige zweigeteilten Vereinsmeisterschaft nicht mehr auf einen tr\u00fcben Montagabend, sondern auf einen sch\u00f6nen Samstagnachmittag. Genauer gesagt auf den Samstag vor der Herbstkirmes. Als weitere Neuerung kam ein Grill mit Bratwurst und allerlei anderen Leckereien hinzu. Rudi, ein Meister des Grillfaches, k\u00fcmmerte sich dankenswerterweise im &hellip; <a href=\"https:\/\/schuetzen-hoengen.de\/index.php\/schiesssport\/5-3-vereinsmeisterschaft-2018\/\" class=\"more-link\"><span class=\"screen-reader-text\">5.3 Vereinsmeisterschaft 2018<\/span> weiterlesen <span class=\"meta-nav\">&rarr;<\/span><\/a><\/p>\n","protected":false},"author":3,"featured_media":0,"parent":44,"menu_order":0,"comment_status":"closed","ping_status":"closed","template":"","meta":{"footnotes":""},"_links":{"self":[{"href":"https:\/\/schuetzen-hoengen.de\/index.php\/wp-json\/wp\/v2\/pages\/11112"}],"collection":[{"href":"https:\/\/schuetzen-hoengen.de\/index.php\/wp-json\/wp\/v2\/pages"}],"about":[{"href":"https:\/\/schuetzen-hoengen.de\/index.php\/wp-json\/wp\/v2\/types\/page"}],"author":[{"embeddable":true,"href":"https:\/\/schuetzen-hoengen.de\/index.php\/wp-json\/wp\/v2\/users\/3"}],"replies":[{"embeddable":true,"href":"https:\/\/schuetzen-hoengen.de\/index.php\/wp-json\/wp\/v2\/comments?post=11112"}],"version-history":[{"count":2,"href":"https:\/\/schuetzen-hoengen.de\/index.php\/wp-json\/wp\/v2\/pages\/11112\/revisions"}],"predecessor-version":[{"id":11117,"href":"https:\/\/schuetzen-hoengen.de\/index.php\/wp-json\/wp\/v2\/pages\/11112\/revisions\/11117"}],"up":[{"embeddable":true,"href":"https:\/\/schuetzen-hoengen.de\/index.php\/wp-json\/wp\/v2\/pages\/44"}],"wp:attachment":[{"href":"https:\/\/schuetzen-hoengen.de\/index.php\/wp-json\/wp\/v2\/media?parent=11112"}],"curies":[{"name":"wp","href":"https:\/\/api.w.org\/{rel}","templated":true}]}}