{"id":11585,"date":"2019-04-20T20:28:48","date_gmt":"2019-04-20T18:28:48","guid":{"rendered":"http:\/\/www.schuetzen-hoengen.de\/?page_id=11585"},"modified":"2019-04-26T07:51:29","modified_gmt":"2019-04-26T05:51:29","slug":"ostereierschiessen","status":"publish","type":"page","link":"https:\/\/schuetzen-hoengen.de\/index.php\/veranstaltungen-2\/1-veranstaltungen-2019\/ostereierschiessen\/","title":{"rendered":"Ostereierschiessen"},"content":{"rendered":"<h1 style=\"text-align: center;\">Ostereierschiessen 2019<\/h1>\n<h1 style=\"text-align: center;\">Dorfmeister Andy Schmitz<\/h1>\n<h6><a href=\"http:\/\/www.schuetzen-hoengen.de\/wp-content\/uploads\/2019\/04\/CIMG1931-Copy.jpg\" data-rel=\"lightbox-image-0\" data-rl_title=\"\" data-rl_caption=\"\" title=\"\"><img loading=\"lazy\" decoding=\"async\" class=\"wp-image-11589 size-full aligncenter\" src=\"http:\/\/www.schuetzen-hoengen.de\/wp-content\/uploads\/2019\/04\/CIMG1931-Copy.jpg\" alt=\"\" width=\"640\" height=\"480\" srcset=\"https:\/\/schuetzen-hoengen.de\/wp-content\/uploads\/2019\/04\/CIMG1931-Copy.jpg 640w, https:\/\/schuetzen-hoengen.de\/wp-content\/uploads\/2019\/04\/CIMG1931-Copy-300x225.jpg 300w\" sizes=\"(max-width: 640px) 100vw, 640px\" \/><\/a>auf den weiteren Pl\u00e4tzen der Conen Clan mit von links<br \/>\nAndy Schmitz, Willi K\u00fcsters, Melanie Conen, Tobias Conen\u00a0 und<br \/>\nJosef Zaunbrecher.<br \/>\nPS: Unser Dorfmeister wird sich in K\u00fcrze auch dem Conen Clan unterordnen\u00a0 m\u00fcssen!!!\u00a0 Mafi\u00f6se\u00a0 Zust\u00e4nde in H\u00f6ngen?<\/h6>\n<h4 style=\"text-align: center;\">Die Siegerkarte<\/h4>\n<p><a href=\"http:\/\/www.schuetzen-hoengen.de\/wp-content\/uploads\/2019\/04\/Andy-Schmitz-1.jpg\" data-rel=\"lightbox-image-1\" data-rl_title=\"\" data-rl_caption=\"\" title=\"\"><img loading=\"lazy\" decoding=\"async\" class=\"alignnone wp-image-11631 size-large\" src=\"http:\/\/www.schuetzen-hoengen.de\/wp-content\/uploads\/2019\/04\/Andy-Schmitz-1-1024x642.jpg\" alt=\"\" width=\"474\" height=\"297\" srcset=\"https:\/\/schuetzen-hoengen.de\/wp-content\/uploads\/2019\/04\/Andy-Schmitz-1-1024x642.jpg 1024w, https:\/\/schuetzen-hoengen.de\/wp-content\/uploads\/2019\/04\/Andy-Schmitz-1-300x188.jpg 300w, https:\/\/schuetzen-hoengen.de\/wp-content\/uploads\/2019\/04\/Andy-Schmitz-1-768x481.jpg 768w, https:\/\/schuetzen-hoengen.de\/wp-content\/uploads\/2019\/04\/Andy-Schmitz-1.jpg 1103w\" sizes=\"(max-width: 474px) 100vw, 474px\" \/><\/a><\/p>\n<h6>Der Ansturm hielt sich aufgrund der Witterung in Grenzen.<br \/>\nDas kurzfristig eingef\u00fchrte\u00a0 Eier &#8211; Bonus- System,\u00a0 aufgrund des drastischen Wertverlustes bei den Eieren ( \u00dcberangebot ), sorgte f\u00fcr ein L\u00e4cheln bei den Sch\u00fctzen und auch daf\u00fcr, dass es in den n\u00e4chsten Tagen nicht nur Eiersalat bei den Vorst\u00e4ndlern gibt!!!<\/h6>\n<h6 style=\"text-align: center;\"><a href=\"http:\/\/www.schuetzen-hoengen.de\/wp-content\/uploads\/2019\/04\/CIMG1928-Copy.jpg\" data-rel=\"lightbox-image-2\" data-rl_title=\"\" data-rl_caption=\"\" title=\"\"><img loading=\"lazy\" decoding=\"async\" class=\"size-medium wp-image-11616 aligncenter\" src=\"http:\/\/www.schuetzen-hoengen.de\/wp-content\/uploads\/2019\/04\/CIMG1928-Copy-300x225.jpg\" alt=\"\" width=\"300\" height=\"225\" srcset=\"https:\/\/schuetzen-hoengen.de\/wp-content\/uploads\/2019\/04\/CIMG1928-Copy-300x225.jpg 300w, https:\/\/schuetzen-hoengen.de\/wp-content\/uploads\/2019\/04\/CIMG1928-Copy.jpg 640w\" sizes=\"(max-width: 300px) 100vw, 300px\" \/><\/a>Der Kommandostand: Rudi, Berthold und Franz<\/h6>\n<h6 style=\"text-align: center;\"><a href=\"http:\/\/www.schuetzen-hoengen.de\/wp-content\/uploads\/2019\/04\/CIMG1927-Copy.jpg\" data-rel=\"lightbox-image-3\" data-rl_title=\"\" data-rl_caption=\"\" title=\"\"><img loading=\"lazy\" decoding=\"async\" class=\"size-medium wp-image-11615 aligncenter\" src=\"http:\/\/www.schuetzen-hoengen.de\/wp-content\/uploads\/2019\/04\/CIMG1927-Copy-300x225.jpg\" alt=\"\" width=\"300\" height=\"225\" srcset=\"https:\/\/schuetzen-hoengen.de\/wp-content\/uploads\/2019\/04\/CIMG1927-Copy-300x225.jpg 300w, https:\/\/schuetzen-hoengen.de\/wp-content\/uploads\/2019\/04\/CIMG1927-Copy.jpg 640w\" sizes=\"(max-width: 300px) 100vw, 300px\" \/><\/a>Wer hat denn jetzt recht!!<\/h6>\n<h6 style=\"text-align: center;\"><a href=\"http:\/\/www.schuetzen-hoengen.de\/wp-content\/uploads\/2019\/04\/CIMG1925-Copy.jpg\" data-rel=\"lightbox-image-4\" data-rl_title=\"\" data-rl_caption=\"\" title=\"\"><img loading=\"lazy\" decoding=\"async\" class=\"alignnone size-medium wp-image-11614\" src=\"http:\/\/www.schuetzen-hoengen.de\/wp-content\/uploads\/2019\/04\/CIMG1925-Copy-300x225.jpg\" alt=\"\" width=\"300\" height=\"225\" srcset=\"https:\/\/schuetzen-hoengen.de\/wp-content\/uploads\/2019\/04\/CIMG1925-Copy-300x225.jpg 300w, https:\/\/schuetzen-hoengen.de\/wp-content\/uploads\/2019\/04\/CIMG1925-Copy.jpg 640w\" sizes=\"(max-width: 300px) 100vw, 300px\" \/><\/a><\/h6>\n<h6 style=\"text-align: center;\">Hochbetrieb im Aussenbereich &#8211; nah nicht so ganz!!<\/h6>\n<h4 style=\"text-align: center;\"><a href=\"http:\/\/www.schuetzen-hoengen.de\/wp-content\/uploads\/2019\/04\/CIMG1924-Copy.jpg\" data-rel=\"lightbox-image-5\" data-rl_title=\"\" data-rl_caption=\"\" title=\"\"><img loading=\"lazy\" decoding=\"async\" class=\"alignnone size-medium wp-image-11613\" src=\"http:\/\/www.schuetzen-hoengen.de\/wp-content\/uploads\/2019\/04\/CIMG1924-Copy-300x225.jpg\" alt=\"\" width=\"300\" height=\"225\" srcset=\"https:\/\/schuetzen-hoengen.de\/wp-content\/uploads\/2019\/04\/CIMG1924-Copy-300x225.jpg 300w, https:\/\/schuetzen-hoengen.de\/wp-content\/uploads\/2019\/04\/CIMG1924-Copy.jpg 640w\" sizes=\"(max-width: 300px) 100vw, 300px\" \/><\/a><\/h4>\n<h4 style=\"text-align: center;\"><a href=\"http:\/\/www.schuetzen-hoengen.de\/wp-content\/uploads\/2019\/04\/CIMG1923-Copy.jpg\" data-rel=\"lightbox-image-6\" data-rl_title=\"\" data-rl_caption=\"\" title=\"\"><img loading=\"lazy\" decoding=\"async\" class=\"alignnone size-medium wp-image-11612\" src=\"http:\/\/www.schuetzen-hoengen.de\/wp-content\/uploads\/2019\/04\/CIMG1923-Copy-300x225.jpg\" alt=\"\" width=\"300\" height=\"225\" srcset=\"https:\/\/schuetzen-hoengen.de\/wp-content\/uploads\/2019\/04\/CIMG1923-Copy-300x225.jpg 300w, https:\/\/schuetzen-hoengen.de\/wp-content\/uploads\/2019\/04\/CIMG1923-Copy.jpg 640w\" sizes=\"(max-width: 300px) 100vw, 300px\" \/><\/a><\/h4>\n<h6 style=\"text-align: center;\">Sieben Zwerge im Einsatz<\/h6>\n<h4 style=\"text-align: center;\"><a href=\"http:\/\/www.schuetzen-hoengen.de\/wp-content\/uploads\/2019\/04\/CIMG1921-Copy.jpg\" data-rel=\"lightbox-image-7\" data-rl_title=\"\" data-rl_caption=\"\" title=\"\"><img loading=\"lazy\" decoding=\"async\" class=\"alignnone size-medium wp-image-11611\" src=\"http:\/\/www.schuetzen-hoengen.de\/wp-content\/uploads\/2019\/04\/CIMG1921-Copy-300x225.jpg\" alt=\"\" width=\"300\" height=\"225\" srcset=\"https:\/\/schuetzen-hoengen.de\/wp-content\/uploads\/2019\/04\/CIMG1921-Copy-300x225.jpg 300w, https:\/\/schuetzen-hoengen.de\/wp-content\/uploads\/2019\/04\/CIMG1921-Copy.jpg 640w\" sizes=\"(max-width: 300px) 100vw, 300px\" \/><\/a><\/h4>\n<h6 style=\"text-align: center;\">&#8220;Zwei Originale&#8221;<\/h6>\n<h4 style=\"text-align: center;\"><a href=\"http:\/\/www.schuetzen-hoengen.de\/wp-content\/uploads\/2019\/04\/CIMG1920-Copy.jpg\" data-rel=\"lightbox-image-8\" data-rl_title=\"\" data-rl_caption=\"\" title=\"\"><img loading=\"lazy\" decoding=\"async\" class=\"alignnone size-medium wp-image-11610\" src=\"http:\/\/www.schuetzen-hoengen.de\/wp-content\/uploads\/2019\/04\/CIMG1920-Copy-300x225.jpg\" alt=\"\" width=\"300\" height=\"225\" srcset=\"https:\/\/schuetzen-hoengen.de\/wp-content\/uploads\/2019\/04\/CIMG1920-Copy-300x225.jpg 300w, https:\/\/schuetzen-hoengen.de\/wp-content\/uploads\/2019\/04\/CIMG1920-Copy.jpg 640w\" sizes=\"(max-width: 300px) 100vw, 300px\" \/><\/a><\/h4>\n<h6 style=\"text-align: center;\">Der Kaiserliche Hofstaat war auch in diesem Jahr wieder<br \/>\neinmal stark vertreten!!<\/h6>\n<h4 style=\"text-align: center;\"><a href=\"http:\/\/www.schuetzen-hoengen.de\/wp-content\/uploads\/2019\/04\/CIMG1917-Copy.jpg\" data-rel=\"lightbox-image-9\" data-rl_title=\"\" data-rl_caption=\"\" title=\"\"><img loading=\"lazy\" decoding=\"async\" class=\"alignnone size-medium wp-image-11607\" src=\"http:\/\/www.schuetzen-hoengen.de\/wp-content\/uploads\/2019\/04\/CIMG1917-Copy-300x225.jpg\" alt=\"\" width=\"300\" height=\"225\" srcset=\"https:\/\/schuetzen-hoengen.de\/wp-content\/uploads\/2019\/04\/CIMG1917-Copy-300x225.jpg 300w, https:\/\/schuetzen-hoengen.de\/wp-content\/uploads\/2019\/04\/CIMG1917-Copy.jpg 640w\" sizes=\"(max-width: 300px) 100vw, 300px\" \/><\/a><\/h4>\n<h6 style=\"text-align: center;\">Aaron &#8211; starkes Bild &#8211; wurde mit zwei Eier belohnt.<\/h6>\n<h6 style=\"text-align: center;\"><a href=\"http:\/\/www.schuetzen-hoengen.de\/wp-content\/uploads\/2019\/04\/Greta-Bild-Copy.jpg\" data-rel=\"lightbox-image-10\" data-rl_title=\"\" data-rl_caption=\"\" title=\"\"><img loading=\"lazy\" decoding=\"async\" class=\"size-medium wp-image-11627 aligncenter\" src=\"http:\/\/www.schuetzen-hoengen.de\/wp-content\/uploads\/2019\/04\/Greta-Bild-Copy-169x300.jpg\" alt=\"\" width=\"169\" height=\"300\" srcset=\"https:\/\/schuetzen-hoengen.de\/wp-content\/uploads\/2019\/04\/Greta-Bild-Copy-169x300.jpg 169w, https:\/\/schuetzen-hoengen.de\/wp-content\/uploads\/2019\/04\/Greta-Bild-Copy.jpg 270w\" sizes=\"(max-width: 169px) 100vw, 169px\" \/><\/a>Ausgemahlt von Greta. Ich glaube, da hat Jemand geholfen!!!<\/h6>\n<h4 style=\"text-align: center;\"><a href=\"http:\/\/www.schuetzen-hoengen.de\/wp-content\/uploads\/2019\/04\/CIMG1916-Copy.jpg\" data-rel=\"lightbox-image-11\" data-rl_title=\"\" data-rl_caption=\"\" title=\"\"><img loading=\"lazy\" decoding=\"async\" class=\"alignnone size-medium wp-image-11606\" src=\"http:\/\/www.schuetzen-hoengen.de\/wp-content\/uploads\/2019\/04\/CIMG1916-Copy-300x225.jpg\" alt=\"\" width=\"300\" height=\"225\" srcset=\"https:\/\/schuetzen-hoengen.de\/wp-content\/uploads\/2019\/04\/CIMG1916-Copy-300x225.jpg 300w, https:\/\/schuetzen-hoengen.de\/wp-content\/uploads\/2019\/04\/CIMG1916-Copy.jpg 640w\" sizes=\"(max-width: 300px) 100vw, 300px\" \/><\/a><\/h4>\n<h6 style=\"text-align: center;\">KK Schie\u00dfstand,\u00a0 Ralf hat alles im Griff<\/h6>\n<h4 style=\"text-align: center;\"><a href=\"http:\/\/www.schuetzen-hoengen.de\/wp-content\/uploads\/2019\/04\/CIMG1913-Copy.jpg\" data-rel=\"lightbox-image-12\" data-rl_title=\"\" data-rl_caption=\"\" title=\"\"><img loading=\"lazy\" decoding=\"async\" class=\"alignnone size-medium wp-image-11604\" src=\"http:\/\/www.schuetzen-hoengen.de\/wp-content\/uploads\/2019\/04\/CIMG1913-Copy-300x225.jpg\" alt=\"\" width=\"300\" height=\"225\" srcset=\"https:\/\/schuetzen-hoengen.de\/wp-content\/uploads\/2019\/04\/CIMG1913-Copy-300x225.jpg 300w, https:\/\/schuetzen-hoengen.de\/wp-content\/uploads\/2019\/04\/CIMG1913-Copy.jpg 640w\" sizes=\"(max-width: 300px) 100vw, 300px\" \/><\/a><\/h4>\n<h4 style=\"text-align: center;\">\u00a0 <a href=\"http:\/\/www.schuetzen-hoengen.de\/wp-content\/uploads\/2019\/04\/CIMG1909-Copy.jpg\" data-rel=\"lightbox-image-13\" data-rl_title=\"\" data-rl_caption=\"\" title=\"\"><img loading=\"lazy\" decoding=\"async\" class=\"alignnone size-medium wp-image-11602\" src=\"http:\/\/www.schuetzen-hoengen.de\/wp-content\/uploads\/2019\/04\/CIMG1909-Copy-300x225.jpg\" alt=\"\" width=\"300\" height=\"225\" srcset=\"https:\/\/schuetzen-hoengen.de\/wp-content\/uploads\/2019\/04\/CIMG1909-Copy-300x225.jpg 300w, https:\/\/schuetzen-hoengen.de\/wp-content\/uploads\/2019\/04\/CIMG1909-Copy.jpg 640w\" sizes=\"(max-width: 300px) 100vw, 300px\" \/><\/a><\/h4>\n<h6 style=\"text-align: center;\"><a href=\"http:\/\/www.schuetzen-hoengen.de\/wp-content\/uploads\/2019\/04\/CIMG1907-Copy.jpg\" data-rel=\"lightbox-image-14\" data-rl_title=\"\" data-rl_caption=\"\" title=\"\"><img loading=\"lazy\" decoding=\"async\" class=\"size-medium wp-image-11601 aligncenter\" src=\"http:\/\/www.schuetzen-hoengen.de\/wp-content\/uploads\/2019\/04\/CIMG1907-Copy-300x225.jpg\" alt=\"\" width=\"300\" height=\"225\" srcset=\"https:\/\/schuetzen-hoengen.de\/wp-content\/uploads\/2019\/04\/CIMG1907-Copy-300x225.jpg 300w, https:\/\/schuetzen-hoengen.de\/wp-content\/uploads\/2019\/04\/CIMG1907-Copy.jpg 640w\" sizes=\"(max-width: 300px) 100vw, 300px\" \/><\/a>Hobby Tell &#8211; Unser Ortsvorsteher Bert Fehlen legt an<br \/>\nGer gibt Hilfestellung bei unserem B\u00fcrgermeisterkandidaten<\/h6>\n<h4 style=\"text-align: center;\"><a href=\"http:\/\/www.schuetzen-hoengen.de\/wp-content\/uploads\/2019\/04\/CIMG1905-Copy.jpg\" data-rel=\"lightbox-image-15\" data-rl_title=\"\" data-rl_caption=\"\" title=\"\"><img loading=\"lazy\" decoding=\"async\" class=\"alignnone size-medium wp-image-11599\" src=\"http:\/\/www.schuetzen-hoengen.de\/wp-content\/uploads\/2019\/04\/CIMG1905-Copy-300x225.jpg\" alt=\"\" width=\"300\" height=\"225\" srcset=\"https:\/\/schuetzen-hoengen.de\/wp-content\/uploads\/2019\/04\/CIMG1905-Copy-300x225.jpg 300w, https:\/\/schuetzen-hoengen.de\/wp-content\/uploads\/2019\/04\/CIMG1905-Copy.jpg 640w\" sizes=\"(max-width: 300px) 100vw, 300px\" \/><\/a><\/h4>\n<h6 style=\"text-align: center;\">LG Schie\u00dfstand\u00a0 &#8211; Kalles Revier<\/h6>\n<h6 style=\"text-align: center;\"><a href=\"http:\/\/www.schuetzen-hoengen.de\/wp-content\/uploads\/2019\/04\/CIMG1903-Copy.jpg\" data-rel=\"lightbox-image-16\" data-rl_title=\"\" data-rl_caption=\"\" title=\"\"><img loading=\"lazy\" decoding=\"async\" class=\"alignnone size-medium wp-image-11597\" src=\"http:\/\/www.schuetzen-hoengen.de\/wp-content\/uploads\/2019\/04\/CIMG1903-Copy-300x225.jpg\" alt=\"\" width=\"300\" height=\"225\" srcset=\"https:\/\/schuetzen-hoengen.de\/wp-content\/uploads\/2019\/04\/CIMG1903-Copy-300x225.jpg 300w, https:\/\/schuetzen-hoengen.de\/wp-content\/uploads\/2019\/04\/CIMG1903-Copy.jpg 640w\" sizes=\"(max-width: 300px) 100vw, 300px\" \/><\/a><\/h6>\n<h6 style=\"text-align: center;\">Lasergewehrschiessen; unsere Kleinsten im Einsatz<\/h6>\n<h4 style=\"text-align: center;\"><a href=\"http:\/\/www.schuetzen-hoengen.de\/wp-content\/uploads\/2019\/04\/CIMG1902-Copy.jpg\" data-rel=\"lightbox-image-17\" data-rl_title=\"\" data-rl_caption=\"\" title=\"\"><img loading=\"lazy\" decoding=\"async\" class=\"alignnone size-medium wp-image-11596\" src=\"http:\/\/www.schuetzen-hoengen.de\/wp-content\/uploads\/2019\/04\/CIMG1902-Copy-300x225.jpg\" alt=\"\" width=\"300\" height=\"225\" srcset=\"https:\/\/schuetzen-hoengen.de\/wp-content\/uploads\/2019\/04\/CIMG1902-Copy-300x225.jpg 300w, https:\/\/schuetzen-hoengen.de\/wp-content\/uploads\/2019\/04\/CIMG1902-Copy.jpg 640w\" sizes=\"(max-width: 300px) 100vw, 300px\" \/><\/a><\/h4>\n<h4 style=\"text-align: center;\"><a href=\"http:\/\/www.schuetzen-hoengen.de\/wp-content\/uploads\/2019\/04\/CIMG1901-Copy.jpg\" data-rel=\"lightbox-image-18\" data-rl_title=\"\" data-rl_caption=\"\" title=\"\"><img loading=\"lazy\" decoding=\"async\" class=\"alignnone size-medium wp-image-11595\" src=\"http:\/\/www.schuetzen-hoengen.de\/wp-content\/uploads\/2019\/04\/CIMG1901-Copy-300x225.jpg\" alt=\"\" width=\"300\" height=\"225\" srcset=\"https:\/\/schuetzen-hoengen.de\/wp-content\/uploads\/2019\/04\/CIMG1901-Copy-300x225.jpg 300w, https:\/\/schuetzen-hoengen.de\/wp-content\/uploads\/2019\/04\/CIMG1901-Copy.jpg 640w\" sizes=\"(max-width: 300px) 100vw, 300px\" \/><\/a><\/h4>\n<h6 style=\"text-align: center;\">\u00a0 Es war wieder einmal gesellig!!!<\/h6>\n<h6 style=\"text-align: center;\"><a href=\"http:\/\/www.schuetzen-hoengen.de\/wp-content\/uploads\/2019\/04\/CIMG1899-Copy.jpg\" data-rel=\"lightbox-image-19\" data-rl_title=\"\" data-rl_caption=\"\" title=\"\"><img loading=\"lazy\" decoding=\"async\" class=\"alignnone size-medium wp-image-11593 aligncenter\" src=\"http:\/\/www.schuetzen-hoengen.de\/wp-content\/uploads\/2019\/04\/CIMG1899-Copy-300x225.jpg\" alt=\"\" width=\"300\" height=\"225\" srcset=\"https:\/\/schuetzen-hoengen.de\/wp-content\/uploads\/2019\/04\/CIMG1899-Copy-300x225.jpg 300w, https:\/\/schuetzen-hoengen.de\/wp-content\/uploads\/2019\/04\/CIMG1899-Copy.jpg 640w\" sizes=\"(max-width: 300px) 100vw, 300px\" \/><\/a><br \/>\nNah M\u00e4nner &#8211; hat doch alles prima geklappt!!!<\/h6>\n<p>&nbsp;<\/p>\n<hr \/>\n<h4 style=\"text-align: center;\"><em>Herzliche Einladung an die Bev\u00f6lkerung<br \/>\naus H\u00f6ngen und Wehrhagen,<br \/>\naber auch an alle Schie\u00dfsportinteressierte<\/em><\/h4>\n<h4 style=\"text-align: center;\"><a href=\"http:\/\/www.schuetzen-hoengen.de\/wp-content\/uploads\/2015\/11\/Ostern2.jpg\" rel=\"attachment wp-att-1873\" data-rel=\"lightbox-image-20\" data-rl_title=\"\" data-rl_caption=\"\" title=\"\"><img loading=\"lazy\" decoding=\"async\" class=\"wp-image-1873 aligncenter\" src=\"http:\/\/www.schuetzen-hoengen.de\/wp-content\/uploads\/2015\/11\/Ostern2-300x222.jpg\" alt=\"Ostern2\" width=\"199\" height=\"147\" srcset=\"https:\/\/schuetzen-hoengen.de\/wp-content\/uploads\/2015\/11\/Ostern2-300x222.jpg 300w, https:\/\/schuetzen-hoengen.de\/wp-content\/uploads\/2015\/11\/Ostern2.jpg 524w\" sizes=\"(max-width: 199px) 100vw, 199px\" \/><\/a>Ostereierschiessen 2019<\/h4>\n<h6 style=\"text-align: center;\"><a href=\"http:\/\/www.schuetzen-hoengen.de\/wp-content\/uploads\/2019\/04\/Warten-auf-den-Osterhasen.jpg\" data-rel=\"lightbox-image-21\" data-rl_title=\"\" data-rl_caption=\"\" title=\"\"><img loading=\"lazy\" decoding=\"async\" class=\"wp-image-11579 size-thumbnail aligncenter\" src=\"http:\/\/www.schuetzen-hoengen.de\/wp-content\/uploads\/2019\/04\/Warten-auf-den-Osterhasen-150x150.jpg\" alt=\"\" width=\"150\" height=\"150\" \/><\/a>Warten auf den Osterhasen!!<\/h6>\n<p><a href=\"http:\/\/www.schuetzen-hoengen.de\/wp-content\/uploads\/2015\/04\/Ostern-2016.jpg\" rel=\"attachment wp-att-2198\" data-rel=\"lightbox-image-22\" data-rl_title=\"\" data-rl_caption=\"\" title=\"\"><img loading=\"lazy\" decoding=\"async\" class=\"alignnone wp-image-2198 aligncenter\" src=\"http:\/\/www.schuetzen-hoengen.de\/wp-content\/uploads\/2015\/04\/Ostern-2016.jpg\" alt=\"Ostern 2016\" width=\"278\" height=\"202\" \/><\/a>Samstag, 20. April ab 14:00 Uhr<\/p>\n<h5 style=\"text-align: center;\"><a title=\"\" href=\"http:\/\/www.schuetzen-hoengen.de\/wp-content\/uploads\/2015\/04\/nicht-vergessen-2.jpg\" data-rel=\"lightbox-image-bGlnaHRib3gtOA==\" data-rl_title=\"\" data-rl_caption=\"\" data-slimstat=\"5\"><img loading=\"lazy\" decoding=\"async\" class=\"wp-image-8264 aligncenter\" src=\"http:\/\/www.schuetzen-hoengen.de\/wp-content\/uploads\/2015\/04\/nicht-vergessen-2.jpg\" alt=\"\" width=\"133\" height=\"123\" \/><\/a><\/h5>\n<hr \/>\n<h1 style=\"text-align: center;\" align=\"center\"><a href=\"http:\/\/www.schuetzen-hoengen.de\/wp-content\/uploads\/2019\/04\/Ostereierschie\u00dfen-2019.docxPDFneu.jpg\" data-rel=\"lightbox-image-24\" data-rl_title=\"\" data-rl_caption=\"\" title=\"\"><img loading=\"lazy\" decoding=\"async\" class=\"wp-image-11382\" src=\"http:\/\/www.schuetzen-hoengen.de\/wp-content\/uploads\/2019\/04\/Ostereierschie\u00dfen-2019.docxPDFneu-724x1024.jpg\" alt=\"\" width=\"339\" height=\"479\" srcset=\"https:\/\/schuetzen-hoengen.de\/wp-content\/uploads\/2019\/04\/Ostereierschie\u00dfen-2019.docxPDFneu-724x1024.jpg 724w, https:\/\/schuetzen-hoengen.de\/wp-content\/uploads\/2019\/04\/Ostereierschie\u00dfen-2019.docxPDFneu-212x300.jpg 212w, https:\/\/schuetzen-hoengen.de\/wp-content\/uploads\/2019\/04\/Ostereierschie\u00dfen-2019.docxPDFneu-768x1086.jpg 768w, https:\/\/schuetzen-hoengen.de\/wp-content\/uploads\/2019\/04\/Ostereierschie\u00dfen-2019.docxPDFneu.jpg 1240w\" sizes=\"(max-width: 339px) 100vw, 339px\" \/><\/a><\/h1>\n<p style=\"text-align: center;\"><a href=\"http:\/\/www.schuetzen-hoengen.de\/wp-content\/uploads\/2019\/04\/Liste-Ostereierschiessen-2019-001.jpg\" data-rel=\"lightbox-image-25\" data-rl_title=\"\" data-rl_caption=\"\" title=\"\"><img loading=\"lazy\" decoding=\"async\" class=\"size-medium wp-image-11534 aligncenter\" src=\"http:\/\/www.schuetzen-hoengen.de\/wp-content\/uploads\/2019\/04\/Liste-Ostereierschiessen-2019-001-300x200.jpg\" alt=\"\" width=\"300\" height=\"200\" srcset=\"https:\/\/schuetzen-hoengen.de\/wp-content\/uploads\/2019\/04\/Liste-Ostereierschiessen-2019-001-300x200.jpg 300w, https:\/\/schuetzen-hoengen.de\/wp-content\/uploads\/2019\/04\/Liste-Ostereierschiessen-2019-001-768x512.jpg 768w, https:\/\/schuetzen-hoengen.de\/wp-content\/uploads\/2019\/04\/Liste-Ostereierschiessen-2019-001-1024x682.jpg 1024w, https:\/\/schuetzen-hoengen.de\/wp-content\/uploads\/2019\/04\/Liste-Ostereierschiessen-2019-001.jpg 1085w\" sizes=\"(max-width: 300px) 100vw, 300px\" \/><\/a><\/p>\n<p style=\"text-align: center;\"><a href=\"http:\/\/www.schuetzen-hoengen.de\/wp-content\/uploads\/2018\/03\/Gewinnplan-Ostereierschiessen2018.jpg\" data-rel=\"lightbox-image-26\" data-rl_title=\"\" data-rl_caption=\"\" title=\"\"><img loading=\"lazy\" decoding=\"async\" class=\"size-medium wp-image-9997 aligncenter\" src=\"http:\/\/www.schuetzen-hoengen.de\/wp-content\/uploads\/2018\/03\/Gewinnplan-Ostereierschiessen2018-218x300.jpg\" alt=\"\" width=\"218\" height=\"300\" srcset=\"https:\/\/schuetzen-hoengen.de\/wp-content\/uploads\/2018\/03\/Gewinnplan-Ostereierschiessen2018-218x300.jpg 218w, https:\/\/schuetzen-hoengen.de\/wp-content\/uploads\/2018\/03\/Gewinnplan-Ostereierschiessen2018-768x1054.jpg 768w, https:\/\/schuetzen-hoengen.de\/wp-content\/uploads\/2018\/03\/Gewinnplan-Ostereierschiessen2018-746x1024.jpg 746w, https:\/\/schuetzen-hoengen.de\/wp-content\/uploads\/2018\/03\/Gewinnplan-Ostereierschiessen2018.jpg 1276w\" sizes=\"(max-width: 218px) 100vw, 218px\" \/><\/a><\/p>\n","protected":false},"excerpt":{"rendered":"<p>Ostereierschiessen 2019 Dorfmeister Andy Schmitz auf den weiteren Pl\u00e4tzen der Conen Clan mit von links Andy Schmitz, Willi K\u00fcsters, Melanie Conen, Tobias Conen\u00a0 und Josef Zaunbrecher. PS: Unser Dorfmeister wird sich in K\u00fcrze auch dem Conen Clan unterordnen\u00a0 m\u00fcssen!!!\u00a0 Mafi\u00f6se\u00a0 Zust\u00e4nde in H\u00f6ngen? Die Siegerkarte Der Ansturm hielt sich aufgrund der Witterung in Grenzen. Das &hellip; <a href=\"https:\/\/schuetzen-hoengen.de\/index.php\/veranstaltungen-2\/1-veranstaltungen-2019\/ostereierschiessen\/\" class=\"more-link\"><span class=\"screen-reader-text\">Ostereierschiessen<\/span> weiterlesen <span class=\"meta-nav\">&rarr;<\/span><\/a><\/p>\n","protected":false},"author":3,"featured_media":0,"parent":11133,"menu_order":0,"comment_status":"closed","ping_status":"closed","template":"","meta":{"footnotes":""},"_links":{"self":[{"href":"https:\/\/schuetzen-hoengen.de\/index.php\/wp-json\/wp\/v2\/pages\/11585"}],"collection":[{"href":"https:\/\/schuetzen-hoengen.de\/index.php\/wp-json\/wp\/v2\/pages"}],"about":[{"href":"https:\/\/schuetzen-hoengen.de\/index.php\/wp-json\/wp\/v2\/types\/page"}],"author":[{"embeddable":true,"href":"https:\/\/schuetzen-hoengen.de\/index.php\/wp-json\/wp\/v2\/users\/3"}],"replies":[{"embeddable":true,"href":"https:\/\/schuetzen-hoengen.de\/index.php\/wp-json\/wp\/v2\/comments?post=11585"}],"version-history":[{"count":17,"href":"https:\/\/schuetzen-hoengen.de\/index.php\/wp-json\/wp\/v2\/pages\/11585\/revisions"}],"predecessor-version":[{"id":11647,"href":"https:\/\/schuetzen-hoengen.de\/index.php\/wp-json\/wp\/v2\/pages\/11585\/revisions\/11647"}],"up":[{"embeddable":true,"href":"https:\/\/schuetzen-hoengen.de\/index.php\/wp-json\/wp\/v2\/pages\/11133"}],"wp:attachment":[{"href":"https:\/\/schuetzen-hoengen.de\/index.php\/wp-json\/wp\/v2\/media?parent=11585"}],"curies":[{"name":"wp","href":"https:\/\/api.w.org\/{rel}","templated":true}]}}