{"id":11813,"date":"2019-06-18T08:30:50","date_gmt":"2019-06-18T06:30:50","guid":{"rendered":"http:\/\/www.schuetzen-hoengen.de\/?page_id=11813"},"modified":"2019-06-18T08:33:07","modified_gmt":"2019-06-18T06:33:07","slug":"tueddern-dioezesanprinzenfest","status":"publish","type":"page","link":"https:\/\/schuetzen-hoengen.de\/index.php\/veranstaltungen-2\/1-veranstaltungen-2019\/tueddern-dioezesanprinzenfest\/","title":{"rendered":"T\u00fcddern Di\u00f6z\u00f6sanprinzenfest"},"content":{"rendered":"<h1 style=\"text-align: center;\">Dioz\u00f6sanprinzenfest T\u00fcddern<\/h1>\n<h4 style=\"text-align: center;\">Es war nicht nur warm, sondern hei\u00df!!<\/h4>\n<h4 style=\"text-align: center;\"><a href=\"http:\/\/www.schuetzen-hoengen.de\/wp-content\/uploads\/2019\/06\/Sonne.jpg\" data-rel=\"lightbox-image-0\" data-rl_title=\"\" data-rl_caption=\"\" title=\"\"><img loading=\"lazy\" decoding=\"async\" class=\"wp-image-11771 aligncenter\" src=\"http:\/\/www.schuetzen-hoengen.de\/wp-content\/uploads\/2019\/06\/Sonne.jpg\" alt=\"\" width=\"115\" height=\"107\" \/><\/a>Danke an alle die dabei waren!!<\/h4>\n<p><a href=\"http:\/\/www.schuetzen-hoengen.de\/wp-content\/uploads\/2019\/06\/K\u00f6nigspaar-Copy-1.jpg\" data-rel=\"lightbox-image-1\" data-rl_title=\"\" data-rl_caption=\"\" title=\"\"><img loading=\"lazy\" decoding=\"async\" class=\"size-medium wp-image-11764 aligncenter\" src=\"http:\/\/www.schuetzen-hoengen.de\/wp-content\/uploads\/2019\/06\/K\u00f6nigspaar-Copy-1-300x225.jpg\" alt=\"\" width=\"300\" height=\"225\" srcset=\"https:\/\/schuetzen-hoengen.de\/wp-content\/uploads\/2019\/06\/K\u00f6nigspaar-Copy-1-300x225.jpg 300w, https:\/\/schuetzen-hoengen.de\/wp-content\/uploads\/2019\/06\/K\u00f6nigspaar-Copy-1.jpg 640w\" sizes=\"(max-width: 300px) 100vw, 300px\" \/><\/a><\/p>\n<p>Im Mittelpunkt unser noch K\u00f6nigspaar Philipp und Jule.<br \/>\nMehr Werbung f\u00fcr das Kaiserfest kann man sicher nicht<br \/>\nmehr machen!!!<\/p>\n<p><a href=\"http:\/\/www.schuetzen-hoengen.de\/wp-content\/uploads\/2019\/06\/TPFC.jpg\" data-rel=\"lightbox-image-2\" data-rl_title=\"\" data-rl_caption=\"\" title=\"\"><img loading=\"lazy\" decoding=\"async\" class=\"size-medium wp-image-11787 aligncenter\" src=\"http:\/\/www.schuetzen-hoengen.de\/wp-content\/uploads\/2019\/06\/TPFC-300x198.jpg\" alt=\"\" width=\"300\" height=\"198\" srcset=\"https:\/\/schuetzen-hoengen.de\/wp-content\/uploads\/2019\/06\/TPFC-300x198.jpg 300w, https:\/\/schuetzen-hoengen.de\/wp-content\/uploads\/2019\/06\/TPFC.jpg 650w\" sizes=\"(max-width: 300px) 100vw, 300px\" \/><\/a><a href=\"http:\/\/www.schuetzen-hoengen.de\/wp-content\/uploads\/2019\/06\/Schuetzen-Copy.jpg\" data-rel=\"lightbox-image-3\" data-rl_title=\"\" data-rl_caption=\"\" title=\"\"><img loading=\"lazy\" decoding=\"async\" class=\"size-medium wp-image-11762 aligncenter\" src=\"http:\/\/www.schuetzen-hoengen.de\/wp-content\/uploads\/2019\/06\/Schuetzen-Copy-300x225.jpg\" alt=\"\" width=\"300\" height=\"225\" srcset=\"https:\/\/schuetzen-hoengen.de\/wp-content\/uploads\/2019\/06\/Schuetzen-Copy-300x225.jpg 300w, https:\/\/schuetzen-hoengen.de\/wp-content\/uploads\/2019\/06\/Schuetzen-Copy.jpg 640w\" sizes=\"(max-width: 300px) 100vw, 300px\" \/><\/a><\/p>\n<p style=\"text-align: center;\"><a href=\"http:\/\/www.schuetzen-hoengen.de\/wp-content\/uploads\/2019\/06\/Pause-Copy.jpg\" data-rel=\"lightbox-image-4\" data-rl_title=\"\" data-rl_caption=\"\" title=\"\"><img loading=\"lazy\" decoding=\"async\" class=\"size-medium wp-image-11760 aligncenter\" src=\"http:\/\/www.schuetzen-hoengen.de\/wp-content\/uploads\/2019\/06\/Pause-Copy-300x225.jpg\" alt=\"\" width=\"300\" height=\"225\" srcset=\"https:\/\/schuetzen-hoengen.de\/wp-content\/uploads\/2019\/06\/Pause-Copy-300x225.jpg 300w, https:\/\/schuetzen-hoengen.de\/wp-content\/uploads\/2019\/06\/Pause-Copy.jpg 640w\" sizes=\"(max-width: 300px) 100vw, 300px\" \/><\/a>Immer auf der Suchen nach Schatten!!<\/p>\n<p style=\"text-align: center;\"><a href=\"http:\/\/www.schuetzen-hoengen.de\/wp-content\/uploads\/2019\/06\/Sch\u00fctzen.jpg\" data-rel=\"lightbox-image-5\" data-rl_title=\"\" data-rl_caption=\"\" title=\"\"><img loading=\"lazy\" decoding=\"async\" class=\"size-medium wp-image-11788 aligncenter\" src=\"http:\/\/www.schuetzen-hoengen.de\/wp-content\/uploads\/2019\/06\/Sch\u00fctzen-300x198.jpg\" alt=\"\" width=\"300\" height=\"198\" srcset=\"https:\/\/schuetzen-hoengen.de\/wp-content\/uploads\/2019\/06\/Sch\u00fctzen-300x198.jpg 300w, https:\/\/schuetzen-hoengen.de\/wp-content\/uploads\/2019\/06\/Sch\u00fctzen.jpg 650w\" sizes=\"(max-width: 300px) 100vw, 300px\" \/><\/a><\/p>\n<p style=\"text-align: center;\"><a href=\"http:\/\/www.schuetzen-hoengen.de\/wp-content\/uploads\/2019\/06\/Rest-Copy.jpg\" data-rel=\"lightbox-image-6\" data-rl_title=\"\" data-rl_caption=\"\" title=\"\"><img loading=\"lazy\" decoding=\"async\" class=\"size-medium wp-image-11761 aligncenter\" src=\"http:\/\/www.schuetzen-hoengen.de\/wp-content\/uploads\/2019\/06\/Rest-Copy-300x225.jpg\" alt=\"\" width=\"300\" height=\"225\" srcset=\"https:\/\/schuetzen-hoengen.de\/wp-content\/uploads\/2019\/06\/Rest-Copy-300x225.jpg 300w, https:\/\/schuetzen-hoengen.de\/wp-content\/uploads\/2019\/06\/Rest-Copy.jpg 640w\" sizes=\"(max-width: 300px) 100vw, 300px\" \/><\/a><\/p>\n<p style=\"text-align: center;\"><a href=\"http:\/\/www.schuetzen-hoengen.de\/wp-content\/uploads\/2019\/06\/Bodden.jpg\" data-rel=\"lightbox-image-7\" data-rl_title=\"\" data-rl_caption=\"\" title=\"\"><img loading=\"lazy\" decoding=\"async\" class=\"size-medium wp-image-11769 aligncenter\" src=\"http:\/\/www.schuetzen-hoengen.de\/wp-content\/uploads\/2019\/06\/Bodden-225x300.jpg\" alt=\"\" width=\"225\" height=\"300\" srcset=\"https:\/\/schuetzen-hoengen.de\/wp-content\/uploads\/2019\/06\/Bodden-225x300.jpg 225w, https:\/\/schuetzen-hoengen.de\/wp-content\/uploads\/2019\/06\/Bodden.jpg 768w\" sizes=\"(max-width: 225px) 100vw, 225px\" \/><\/a>Unser Erinnerungsgeschenk!!<\/p>\n<p style=\"text-align: center;\">\n","protected":false},"excerpt":{"rendered":"<p>Dioz\u00f6sanprinzenfest T\u00fcddern Es war nicht nur warm, sondern hei\u00df!! Danke an alle die dabei waren!! Im Mittelpunkt unser noch K\u00f6nigspaar Philipp und Jule. Mehr Werbung f\u00fcr das Kaiserfest kann man sicher nicht mehr machen!!! Immer auf der Suchen nach Schatten!! Unser Erinnerungsgeschenk!!<\/p>\n","protected":false},"author":3,"featured_media":0,"parent":11133,"menu_order":0,"comment_status":"closed","ping_status":"closed","template":"","meta":{"footnotes":""},"_links":{"self":[{"href":"https:\/\/schuetzen-hoengen.de\/index.php\/wp-json\/wp\/v2\/pages\/11813"}],"collection":[{"href":"https:\/\/schuetzen-hoengen.de\/index.php\/wp-json\/wp\/v2\/pages"}],"about":[{"href":"https:\/\/schuetzen-hoengen.de\/index.php\/wp-json\/wp\/v2\/types\/page"}],"author":[{"embeddable":true,"href":"https:\/\/schuetzen-hoengen.de\/index.php\/wp-json\/wp\/v2\/users\/3"}],"replies":[{"embeddable":true,"href":"https:\/\/schuetzen-hoengen.de\/index.php\/wp-json\/wp\/v2\/comments?post=11813"}],"version-history":[{"count":4,"href":"https:\/\/schuetzen-hoengen.de\/index.php\/wp-json\/wp\/v2\/pages\/11813\/revisions"}],"predecessor-version":[{"id":11817,"href":"https:\/\/schuetzen-hoengen.de\/index.php\/wp-json\/wp\/v2\/pages\/11813\/revisions\/11817"}],"up":[{"embeddable":true,"href":"https:\/\/schuetzen-hoengen.de\/index.php\/wp-json\/wp\/v2\/pages\/11133"}],"wp:attachment":[{"href":"https:\/\/schuetzen-hoengen.de\/index.php\/wp-json\/wp\/v2\/media?parent=11813"}],"curies":[{"name":"wp","href":"https:\/\/api.w.org\/{rel}","templated":true}]}}