{"id":11863,"date":"2019-07-08T07:57:49","date_gmt":"2019-07-08T05:57:49","guid":{"rendered":"http:\/\/www.schuetzen-hoengen.de\/?page_id=11863"},"modified":"2019-09-03T19:42:53","modified_gmt":"2019-09-03T17:42:53","slug":"schuetzenfest-saeffelen","status":"publish","type":"page","link":"https:\/\/schuetzen-hoengen.de\/index.php\/veranstaltungen-2\/1-veranstaltungen-2019\/schuetzenfest-saeffelen\/","title":{"rendered":"Sch\u00fctzenfest Saeffelen"},"content":{"rendered":"<p><!-- x-tinymce\/html --><\/p>\n<h5 style=\"text-align: center;\">R\u00fcckblick Dekanatssch\u00fctzenfest Saeffelen<\/h5>\n<p style=\"text-align: center;\"><a href=\"http:\/\/www.schuetzen-hoengen.de\/wp-content\/uploads\/2019\/07\/Saeffelen3.jpg\" data-rel=\"lightbox-image-0\" data-rl_title=\"\" data-rl_caption=\"\" title=\"\"><img loading=\"lazy\" decoding=\"async\" class=\"alignnone wp-image-11901 size-full\" src=\"http:\/\/www.schuetzen-hoengen.de\/wp-content\/uploads\/2019\/07\/Saeffelen3.jpg\" alt=\"\" width=\"987\" height=\"649\" srcset=\"https:\/\/schuetzen-hoengen.de\/wp-content\/uploads\/2019\/07\/Saeffelen3.jpg 987w, https:\/\/schuetzen-hoengen.de\/wp-content\/uploads\/2019\/07\/Saeffelen3-300x197.jpg 300w, https:\/\/schuetzen-hoengen.de\/wp-content\/uploads\/2019\/07\/Saeffelen3-768x505.jpg 768w\" sizes=\"(max-width: 987px) 100vw, 987px\" \/><\/a><\/p>\n<p style=\"text-align: center;\"><img decoding=\"async\" src=\"http:\/\/www.selfkant-online.de\/media\/k2\/items\/cache\/dba95a8406b4906b3c69e39cf5684697_L.jpg\" alt=\"Dekanatssch\u00fctzenfest - ein kleiner R\u00fcckblick\" \/><\/p>\n<p style=\"text-align: left;\">F\u00fcr die Mitglieder des Trommler-Pfeifer und Fanfarencorps und den Sch\u00fctzen fing das Sch\u00fctzenfest schon am Freitag an. Thekendienst beim Heimatabend stand an. Hier musste die Theke Festzelt und Au\u00dfenpavillion besetzt werden. Trotz einiger Ausf\u00e4lle haben wir das ganz gut hinbekommen.<\/p>\n<p style=\"text-align: left;\">Sonntag bei moderaten Temperaturen standen beide Vereine gut drauf. Dies wurde mit einem 1. Preis belohnt. Besonders viel Applaus f\u00fcr unser Kaiserpaar Philipp van Hall und Jule Dohmen. Das war wieder einmal Spitze. Besonders m\u00f6chte ich noch unsere Adjutanten Toni ( Dohmen ) und Ralf ( van Hall ), die beiden V\u00e4ter unseres Kaiserpaares erw\u00e4hnen; dass war eines Kaisers w\u00fcrdig, so eine Begleitung. Beide waren m\u00e4chtig stolz auf ihre Kinder. Rundum ein gelungener Nachmittag. Besonders gefiel der Mann am Mikrofon, der f\u00fcr einen reibungslosen Ablauf, vor und nach der Feldandacht, sorgte &#8211; was ein pr\u00e4chtiges Bild abgab!!.<\/p>\n<p style=\"text-align: left;\"><a href=\"http:\/\/www.schuetzen-hoengen.de\/wp-content\/uploads\/2019\/07\/IMG-20190707-WA0000.jpg\" data-rel=\"lightbox-image-1\" data-rl_title=\"\" data-rl_caption=\"\" title=\"\"><img loading=\"lazy\" decoding=\"async\" class=\"size-medium wp-image-11872 aligncenter\" src=\"http:\/\/www.schuetzen-hoengen.de\/wp-content\/uploads\/2019\/07\/IMG-20190707-WA0000-225x300.jpg\" alt=\"\" width=\"225\" height=\"300\" srcset=\"https:\/\/schuetzen-hoengen.de\/wp-content\/uploads\/2019\/07\/IMG-20190707-WA0000-225x300.jpg 225w, https:\/\/schuetzen-hoengen.de\/wp-content\/uploads\/2019\/07\/IMG-20190707-WA0000-768x1024.jpg 768w, https:\/\/schuetzen-hoengen.de\/wp-content\/uploads\/2019\/07\/IMG-20190707-WA0000.jpg 1200w\" sizes=\"(max-width: 225px) 100vw, 225px\" \/><\/a>Wir helfen doch gerne!!<\/p>\n<p><a href=\"http:\/\/www.schuetzen-hoengen.de\/wp-content\/uploads\/2019\/05\/Programm-Saeffelen.jpg\" data-rel=\"lightbox-image-2\" data-rl_title=\"\" data-rl_caption=\"\" title=\"\"><img loading=\"lazy\" decoding=\"async\" class=\"alignnone wp-image-11730 size-large\" src=\"http:\/\/www.schuetzen-hoengen.de\/wp-content\/uploads\/2019\/05\/Programm-Saeffelen-756x1024.jpg\" alt=\"\" width=\"474\" height=\"642\" srcset=\"https:\/\/schuetzen-hoengen.de\/wp-content\/uploads\/2019\/05\/Programm-Saeffelen-756x1024.jpg 756w, https:\/\/schuetzen-hoengen.de\/wp-content\/uploads\/2019\/05\/Programm-Saeffelen-222x300.jpg 222w, https:\/\/schuetzen-hoengen.de\/wp-content\/uploads\/2019\/05\/Programm-Saeffelen-768x1040.jpg 768w, https:\/\/schuetzen-hoengen.de\/wp-content\/uploads\/2019\/05\/Programm-Saeffelen.jpg 1005w\" sizes=\"(max-width: 474px) 100vw, 474px\" \/><\/a><\/p>\n<p><!-- x-tinymce\/html --><a href=\"http:\/\/www.schuetzen-hoengen.de\/wp-content\/uploads\/2019\/05\/Zugweg-Saeffelen.jpg\" data-rel=\"lightbox-image-3\" data-rl_title=\"\" data-rl_caption=\"\" title=\"\"><img loading=\"lazy\" decoding=\"async\" class=\"alignnone wp-image-11731 size-large\" src=\"http:\/\/www.schuetzen-hoengen.de\/wp-content\/uploads\/2019\/05\/Zugweg-Saeffelen-1024x900.jpg\" alt=\"\" width=\"474\" height=\"417\" srcset=\"https:\/\/schuetzen-hoengen.de\/wp-content\/uploads\/2019\/05\/Zugweg-Saeffelen-1024x900.jpg 1024w, https:\/\/schuetzen-hoengen.de\/wp-content\/uploads\/2019\/05\/Zugweg-Saeffelen-300x264.jpg 300w, https:\/\/schuetzen-hoengen.de\/wp-content\/uploads\/2019\/05\/Zugweg-Saeffelen-768x675.jpg 768w, https:\/\/schuetzen-hoengen.de\/wp-content\/uploads\/2019\/05\/Zugweg-Saeffelen.jpg 1349w\" sizes=\"(max-width: 474px) 100vw, 474px\" \/><\/a><\/p>\n<p>&nbsp;<\/p>\n","protected":false},"excerpt":{"rendered":"<p>R\u00fcckblick Dekanatssch\u00fctzenfest Saeffelen F\u00fcr die Mitglieder des Trommler-Pfeifer und Fanfarencorps und den Sch\u00fctzen fing das Sch\u00fctzenfest schon am Freitag an. Thekendienst beim Heimatabend stand an. Hier musste die Theke Festzelt und Au\u00dfenpavillion besetzt werden. Trotz einiger Ausf\u00e4lle haben wir das ganz gut hinbekommen. Sonntag bei moderaten Temperaturen standen beide Vereine gut drauf. Dies wurde mit &hellip; <a href=\"https:\/\/schuetzen-hoengen.de\/index.php\/veranstaltungen-2\/1-veranstaltungen-2019\/schuetzenfest-saeffelen\/\" class=\"more-link\"><span class=\"screen-reader-text\">Sch\u00fctzenfest Saeffelen<\/span> weiterlesen <span class=\"meta-nav\">&rarr;<\/span><\/a><\/p>\n","protected":false},"author":3,"featured_media":0,"parent":11133,"menu_order":0,"comment_status":"closed","ping_status":"closed","template":"","meta":{"footnotes":""},"_links":{"self":[{"href":"https:\/\/schuetzen-hoengen.de\/index.php\/wp-json\/wp\/v2\/pages\/11863"}],"collection":[{"href":"https:\/\/schuetzen-hoengen.de\/index.php\/wp-json\/wp\/v2\/pages"}],"about":[{"href":"https:\/\/schuetzen-hoengen.de\/index.php\/wp-json\/wp\/v2\/types\/page"}],"author":[{"embeddable":true,"href":"https:\/\/schuetzen-hoengen.de\/index.php\/wp-json\/wp\/v2\/users\/3"}],"replies":[{"embeddable":true,"href":"https:\/\/schuetzen-hoengen.de\/index.php\/wp-json\/wp\/v2\/comments?post=11863"}],"version-history":[{"count":5,"href":"https:\/\/schuetzen-hoengen.de\/index.php\/wp-json\/wp\/v2\/pages\/11863\/revisions"}],"predecessor-version":[{"id":11940,"href":"https:\/\/schuetzen-hoengen.de\/index.php\/wp-json\/wp\/v2\/pages\/11863\/revisions\/11940"}],"up":[{"embeddable":true,"href":"https:\/\/schuetzen-hoengen.de\/index.php\/wp-json\/wp\/v2\/pages\/11133"}],"wp:attachment":[{"href":"https:\/\/schuetzen-hoengen.de\/index.php\/wp-json\/wp\/v2\/media?parent=11863"}],"curies":[{"name":"wp","href":"https:\/\/api.w.org\/{rel}","templated":true}]}}