{"id":1187,"date":"2015-11-28T14:11:05","date_gmt":"2015-11-28T13:11:05","guid":{"rendered":"http:\/\/www.schuetzen-hoengen.de\/?page_id=1187"},"modified":"2017-01-29T13:52:43","modified_gmt":"2017-01-29T12:52:43","slug":"2004-2015","status":"publish","type":"page","link":"https:\/\/schuetzen-hoengen.de\/index.php\/schiesssport\/chronik\/2004-2015\/","title":{"rendered":"2004-2015"},"content":{"rendered":"<p style=\"text-align: center;\">Auszug aus der Festzeitschrift Sch\u00fctzenfest 2015<br \/>\n( Klick auf den Text zur Vergr\u00f6\u00dferung )<\/p>\n<p><a href=\"http:\/\/www.schuetzen-hoengen.de\/wp-content\/uploads\/2015\/11\/Foto-1204-Copy.jpg\" data-rel=\"lightbox-image-0\" data-rl_title=\"\" data-rl_caption=\"\" title=\"\"><img loading=\"lazy\" decoding=\"async\" class=\"wp-image-7788 size-full aligncenter\" src=\"http:\/\/www.schuetzen-hoengen.de\/wp-content\/uploads\/2015\/11\/Foto-1204-Copy.jpg\" width=\"815\" height=\"1200\" srcset=\"https:\/\/schuetzen-hoengen.de\/wp-content\/uploads\/2015\/11\/Foto-1204-Copy.jpg 815w, https:\/\/schuetzen-hoengen.de\/wp-content\/uploads\/2015\/11\/Foto-1204-Copy-204x300.jpg 204w, https:\/\/schuetzen-hoengen.de\/wp-content\/uploads\/2015\/11\/Foto-1204-Copy-768x1131.jpg 768w, https:\/\/schuetzen-hoengen.de\/wp-content\/uploads\/2015\/11\/Foto-1204-Copy-695x1024.jpg 695w\" sizes=\"(max-width: 815px) 100vw, 815px\" \/><\/a><\/p>\n<p><a href=\"http:\/\/www.schuetzen-hoengen.de\/wp-content\/uploads\/2015\/11\/Foto-1205-Copy.jpg\" data-rel=\"lightbox-image-1\" data-rl_title=\"\" data-rl_caption=\"\" title=\"\"><img loading=\"lazy\" decoding=\"async\" class=\"wp-image-7789 size-full aligncenter\" src=\"http:\/\/www.schuetzen-hoengen.de\/wp-content\/uploads\/2015\/11\/Foto-1205-Copy.jpg\" width=\"809\" height=\"1200\" srcset=\"https:\/\/schuetzen-hoengen.de\/wp-content\/uploads\/2015\/11\/Foto-1205-Copy.jpg 809w, https:\/\/schuetzen-hoengen.de\/wp-content\/uploads\/2015\/11\/Foto-1205-Copy-202x300.jpg 202w, https:\/\/schuetzen-hoengen.de\/wp-content\/uploads\/2015\/11\/Foto-1205-Copy-768x1139.jpg 768w, https:\/\/schuetzen-hoengen.de\/wp-content\/uploads\/2015\/11\/Foto-1205-Copy-690x1024.jpg 690w\" sizes=\"(max-width: 809px) 100vw, 809px\" \/><\/a><\/p>\n<p>&nbsp;<\/p>\n","protected":false},"excerpt":{"rendered":"<p>Auszug aus der Festzeitschrift Sch\u00fctzenfest 2015 ( Klick auf den Text zur Vergr\u00f6\u00dferung ) &nbsp;<\/p>\n","protected":false},"author":2,"featured_media":0,"parent":1165,"menu_order":0,"comment_status":"closed","ping_status":"closed","template":"","meta":{"footnotes":""},"_links":{"self":[{"href":"https:\/\/schuetzen-hoengen.de\/index.php\/wp-json\/wp\/v2\/pages\/1187"}],"collection":[{"href":"https:\/\/schuetzen-hoengen.de\/index.php\/wp-json\/wp\/v2\/pages"}],"about":[{"href":"https:\/\/schuetzen-hoengen.de\/index.php\/wp-json\/wp\/v2\/types\/page"}],"author":[{"embeddable":true,"href":"https:\/\/schuetzen-hoengen.de\/index.php\/wp-json\/wp\/v2\/users\/2"}],"replies":[{"embeddable":true,"href":"https:\/\/schuetzen-hoengen.de\/index.php\/wp-json\/wp\/v2\/comments?post=1187"}],"version-history":[{"count":7,"href":"https:\/\/schuetzen-hoengen.de\/index.php\/wp-json\/wp\/v2\/pages\/1187\/revisions"}],"predecessor-version":[{"id":7791,"href":"https:\/\/schuetzen-hoengen.de\/index.php\/wp-json\/wp\/v2\/pages\/1187\/revisions\/7791"}],"up":[{"embeddable":true,"href":"https:\/\/schuetzen-hoengen.de\/index.php\/wp-json\/wp\/v2\/pages\/1165"}],"wp:attachment":[{"href":"https:\/\/schuetzen-hoengen.de\/index.php\/wp-json\/wp\/v2\/media?parent=1187"}],"curies":[{"name":"wp","href":"https:\/\/api.w.org\/{rel}","templated":true}]}}