{"id":12176,"date":"2019-11-10T09:25:56","date_gmt":"2019-11-10T08:25:56","guid":{"rendered":"http:\/\/www.schuetzen-hoengen.de\/?page_id=12176"},"modified":"2019-11-10T09:28:27","modified_gmt":"2019-11-10T08:28:27","slug":"vereinsmeisterschaft-2019","status":"publish","type":"page","link":"https:\/\/schuetzen-hoengen.de\/index.php\/schiesssport\/vereinsmeisterschaft-2019\/","title":{"rendered":"Vereinsmeisterschaft 2019"},"content":{"rendered":"<h1>Vereinsmeisterschaft 2019<\/h1>\n<p>&nbsp;<\/p>\n<h5>Kleinkaliber &#8211; Stefanie Schmitz<\/h5>\n<h5>Luftgewehr &#8211; Tobias Conen<\/h5>\n<h5>Hobby Tell &#8211; Hans Jan\u00dfen<\/h5>\n<h5>Op de Wipp &#8211; Vinnie Luxenburg<\/h5>\n<h1><a href=\"http:\/\/www.schuetzen-hoengen.de\/wp-content\/uploads\/2019\/10\/IMG-20191026-WA0003.jpg\" data-rel=\"lightbox-image-0\" data-rl_title=\"\" data-rl_caption=\"\" title=\"\"><img loading=\"lazy\" decoding=\"async\" class=\"alignnone wp-image-12148 size-large\" src=\"http:\/\/www.schuetzen-hoengen.de\/wp-content\/uploads\/2019\/10\/IMG-20191026-WA0003-1024x768.jpg\" alt=\"\" width=\"474\" height=\"356\" srcset=\"https:\/\/schuetzen-hoengen.de\/wp-content\/uploads\/2019\/10\/IMG-20191026-WA0003-1024x768.jpg 1024w, https:\/\/schuetzen-hoengen.de\/wp-content\/uploads\/2019\/10\/IMG-20191026-WA0003-300x225.jpg 300w, https:\/\/schuetzen-hoengen.de\/wp-content\/uploads\/2019\/10\/IMG-20191026-WA0003-768x576.jpg 768w, https:\/\/schuetzen-hoengen.de\/wp-content\/uploads\/2019\/10\/IMG-20191026-WA0003.jpg 1600w\" sizes=\"(max-width: 474px) 100vw, 474px\" \/><\/a><\/h1>\n<h6>Im Bild v.l.: Tobias Conen, Stefanie Schmitz, K\u00f6nig Ralf Amkreutz,<br \/>\nSchie\u00dfmeister Karl-Heinz Welter, Hans Jan\u00dfen und Sch\u00fctzenmeister Axel Fiddelers<\/h6>\n<p>Ehrung der Vereinsmeister bei der Generalversammlung 2020<\/p>\n<p>Danke Kalle, f\u00fcr wieder einmal perfekte Organisation!!!<\/p>\n<p><a href=\"http:\/\/www.schuetzen-hoengen.de\/wp-content\/uploads\/2019\/10\/IMG_20191026_174522924-Copy.jpg\" data-rel=\"lightbox-image-1\" data-rl_title=\"\" data-rl_caption=\"\" title=\"\"><img loading=\"lazy\" decoding=\"async\" class=\"size-medium wp-image-12151 aligncenter\" src=\"http:\/\/www.schuetzen-hoengen.de\/wp-content\/uploads\/2019\/10\/IMG_20191026_174522924-Copy-300x225.jpg\" alt=\"\" width=\"300\" height=\"225\" srcset=\"https:\/\/schuetzen-hoengen.de\/wp-content\/uploads\/2019\/10\/IMG_20191026_174522924-Copy-300x225.jpg 300w, https:\/\/schuetzen-hoengen.de\/wp-content\/uploads\/2019\/10\/IMG_20191026_174522924-Copy-768x576.jpg 768w, https:\/\/schuetzen-hoengen.de\/wp-content\/uploads\/2019\/10\/IMG_20191026_174522924-Copy.jpg 800w\" sizes=\"(max-width: 300px) 100vw, 300px\" \/><\/a><\/p>\n<p><a href=\"http:\/\/www.schuetzen-hoengen.de\/wp-content\/uploads\/2019\/10\/IMG_20191026_174559988-Copy.jpg\" data-rel=\"lightbox-image-2\" data-rl_title=\"\" data-rl_caption=\"\" title=\"\"><img loading=\"lazy\" decoding=\"async\" class=\"size-medium wp-image-12152 aligncenter\" src=\"http:\/\/www.schuetzen-hoengen.de\/wp-content\/uploads\/2019\/10\/IMG_20191026_174559988-Copy-300x225.jpg\" alt=\"\" width=\"300\" height=\"225\" srcset=\"https:\/\/schuetzen-hoengen.de\/wp-content\/uploads\/2019\/10\/IMG_20191026_174559988-Copy-300x225.jpg 300w, https:\/\/schuetzen-hoengen.de\/wp-content\/uploads\/2019\/10\/IMG_20191026_174559988-Copy-768x576.jpg 768w, https:\/\/schuetzen-hoengen.de\/wp-content\/uploads\/2019\/10\/IMG_20191026_174559988-Copy.jpg 800w\" sizes=\"(max-width: 300px) 100vw, 300px\" \/><\/a><\/p>\n<h1>Hobby Tell, Kleinkaliber, Luftgewehr<\/h1>\n<p><a href=\"http:\/\/www.schuetzen-hoengen.de\/wp-content\/uploads\/2019\/10\/KK-schiessen.jpg\" data-rel=\"lightbox-image-3\" data-rl_title=\"\" data-rl_caption=\"\" title=\"\"><img loading=\"lazy\" decoding=\"async\" class=\"wp-image-12114 aligncenter\" src=\"http:\/\/www.schuetzen-hoengen.de\/wp-content\/uploads\/2019\/10\/KK-schiessen.jpg\" alt=\"\" width=\"134\" height=\"86\" \/><\/a><\/p>\n<h1>Samstag, ab 15 Uhr Sch\u00fctzenhalle<\/h1>\n<h4>mit 30 Liter Freibier<\/h4>\n<p><img loading=\"lazy\" decoding=\"async\" class=\"aligncenter\" title=\" BITBURGER PILS 20 L Fass (MEHRWEG) \" src=\"https:\/\/www.getraenke-frieling.de\/online-bestellung\/images\/medium\/30l_fass_pils_06_MED.jpg\" alt=\"BITBURGER PILS 20 L Fass (MEHRWEG)\" width=\"112\" height=\"151\" \/><\/p>\n<p><strong>Armbrust &#8220;Hobby Tell&#8221;<\/strong><\/p>\n<p><a href=\"http:\/\/www.schuetzen-hoengen.de\/wp-content\/uploads\/2015\/04\/Hobby-Tell.jpg\" data-rel=\"lightbox-image-4\" data-rl_title=\"\" data-rl_caption=\"\" title=\"\"><img loading=\"lazy\" decoding=\"async\" class=\" wp-image-6332 aligncenter\" src=\"http:\/\/www.schuetzen-hoengen.de\/wp-content\/uploads\/2015\/04\/Hobby-Tell-300x129.jpg\" alt=\"hobby-tell\" width=\"265\" height=\"114\" srcset=\"https:\/\/schuetzen-hoengen.de\/wp-content\/uploads\/2015\/04\/Hobby-Tell-300x129.jpg 300w, https:\/\/schuetzen-hoengen.de\/wp-content\/uploads\/2015\/04\/Hobby-Tell.jpg 366w\" sizes=\"(max-width: 265px) 100vw, 265px\" \/><\/a><strong>Kleinkalibergewehr<br \/>\n<\/strong><\/p>\n<p><a href=\"http:\/\/www.schuetzen-hoengen.de\/wp-content\/uploads\/2015\/04\/kleinkalibergewehr_50m_sp.jpg\" rel=\"attachment wp-att-1677\" data-rel=\"lightbox-image-5\" data-rl_title=\"\" data-rl_caption=\"\" title=\"\"><img loading=\"lazy\" decoding=\"async\" class=\"size-medium wp-image-1677 aligncenter\" src=\"http:\/\/www.schuetzen-hoengen.de\/wp-content\/uploads\/2015\/04\/kleinkalibergewehr_50m_sp-300x130.jpg\" alt=\"kleinkalibergewehr_50m_sp\" width=\"300\" height=\"130\" \/><\/a><strong>Luftgewehr<\/strong><\/p>\n<p><a href=\"http:\/\/www.schuetzen-hoengen.de\/wp-content\/uploads\/2015\/04\/luftgewehr.jpg\" data-rel=\"lightbox-image-6\" data-rl_title=\"\" data-rl_caption=\"\" title=\"\"><img loading=\"lazy\" decoding=\"async\" class=\"size-medium wp-image-6333 aligncenter\" src=\"http:\/\/www.schuetzen-hoengen.de\/wp-content\/uploads\/2015\/04\/luftgewehr-300x150.jpg\" alt=\"luftgewehr\" width=\"300\" height=\"150\" srcset=\"https:\/\/schuetzen-hoengen.de\/wp-content\/uploads\/2015\/04\/luftgewehr-300x150.jpg 300w, https:\/\/schuetzen-hoengen.de\/wp-content\/uploads\/2015\/04\/luftgewehr.jpg 318w\" sizes=\"(max-width: 300px) 100vw, 300px\" \/><\/a><\/p>\n<h6>Vereinsmeister &#8220;Op de Wipp&#8221;,<\/h6>\n<p>wurde am Kirmeswochenende<br \/>\nVinnie Luxenburg mit 7 von 10 Treffern.<\/p>\n<p>Herzlichen Gl\u00fcckwunsch<\/p>\n","protected":false},"excerpt":{"rendered":"<p>Vereinsmeisterschaft 2019 &nbsp; Kleinkaliber &#8211; Stefanie Schmitz Luftgewehr &#8211; Tobias Conen Hobby Tell &#8211; Hans Jan\u00dfen Op de Wipp &#8211; Vinnie Luxenburg Im Bild v.l.: Tobias Conen, Stefanie Schmitz, K\u00f6nig Ralf Amkreutz, Schie\u00dfmeister Karl-Heinz Welter, Hans Jan\u00dfen und Sch\u00fctzenmeister Axel Fiddelers Ehrung der Vereinsmeister bei der Generalversammlung 2020 Danke Kalle, f\u00fcr wieder einmal perfekte Organisation!!! &hellip; <a href=\"https:\/\/schuetzen-hoengen.de\/index.php\/schiesssport\/vereinsmeisterschaft-2019\/\" class=\"more-link\"><span class=\"screen-reader-text\">Vereinsmeisterschaft 2019<\/span> weiterlesen <span class=\"meta-nav\">&rarr;<\/span><\/a><\/p>\n","protected":false},"author":3,"featured_media":0,"parent":44,"menu_order":0,"comment_status":"closed","ping_status":"closed","template":"","meta":{"footnotes":""},"_links":{"self":[{"href":"https:\/\/schuetzen-hoengen.de\/index.php\/wp-json\/wp\/v2\/pages\/12176"}],"collection":[{"href":"https:\/\/schuetzen-hoengen.de\/index.php\/wp-json\/wp\/v2\/pages"}],"about":[{"href":"https:\/\/schuetzen-hoengen.de\/index.php\/wp-json\/wp\/v2\/types\/page"}],"author":[{"embeddable":true,"href":"https:\/\/schuetzen-hoengen.de\/index.php\/wp-json\/wp\/v2\/users\/3"}],"replies":[{"embeddable":true,"href":"https:\/\/schuetzen-hoengen.de\/index.php\/wp-json\/wp\/v2\/comments?post=12176"}],"version-history":[{"count":3,"href":"https:\/\/schuetzen-hoengen.de\/index.php\/wp-json\/wp\/v2\/pages\/12176\/revisions"}],"predecessor-version":[{"id":12179,"href":"https:\/\/schuetzen-hoengen.de\/index.php\/wp-json\/wp\/v2\/pages\/12176\/revisions\/12179"}],"up":[{"embeddable":true,"href":"https:\/\/schuetzen-hoengen.de\/index.php\/wp-json\/wp\/v2\/pages\/44"}],"wp:attachment":[{"href":"https:\/\/schuetzen-hoengen.de\/index.php\/wp-json\/wp\/v2\/media?parent=12176"}],"curies":[{"name":"wp","href":"https:\/\/api.w.org\/{rel}","templated":true}]}}