{"id":1582,"date":"2016-01-02T11:52:36","date_gmt":"2016-01-02T10:52:36","guid":{"rendered":"http:\/\/www.schuetzen-hoengen.de\/?page_id=1582"},"modified":"2016-01-03T21:23:37","modified_gmt":"2016-01-03T20:23:37","slug":"satzung","status":"publish","type":"page","link":"https:\/\/schuetzen-hoengen.de\/index.php\/bruderschaft\/satzung\/","title":{"rendered":"Satzung"},"content":{"rendered":"<h5 style=\"text-align: center;\">Satzung der<br \/>\nSankt Johannes Baptist Sch\u00fctzenbruderschaft H\u00f6ngen<\/h5>\n<p>&nbsp;<\/p>\n<p style=\"text-align: center;\">\u00a7 1<\/p>\n<p><span style=\"text-decoration: underline;\">Name und Sitz<\/span><br \/>\nDieser Verein tr\u00e4gt den Namen \u201eSankt Johannes Baptist Sch\u00fctzenbruderschaft, Selfkant H\u00f6ngen .\u201c<br \/>\nEr ist unter diesem Namen im Vereinsregister des Amtsgerichtes in Heinsberg eingetragen und hat seinen Sitz in H\u00f6ngen.<\/p>\n<p style=\"text-align: center;\">\u00a7 2<\/p>\n<p><span style=\"text-decoration: underline;\">Wesen und Aufgaben<\/span><br \/>\nSie St. Johannes Baptist Sch\u00fctzenbruderschaft ist eine Vereinigung von M\u00e4nnern und Frauen, die sich dem Grunds\u00e4tzen und Zielen des Bundes der Historischen Deutschen Sch\u00fctzenbruderschaften in K\u00f6ln e.V bekennen. Sie ist Mitglied des Bundes, dessen Statut und Rahmensatzung in ihrer jeweils g\u00fcltigen Fassung f\u00fcr sie verbindlich ist.<br \/>\nGetreu dem Wahlspruch der historischen Deutschen Sch\u00fctzenbrudrschaften \u201eF\u00fcr Glaube, Sitte, Heimat\u201c stellen sich die Mitglieder der St. Johannes Baptist Sch\u00fctzenbruderschaft folgenden Aufgaben:<\/p>\n<p>1. Bekenntnis der Glaubens durch<\/p>\n<p>a) aktive religi\u00f6se Lebensf\u00fchrung,<br \/>\nb) Ausgleich sozialer und konfessioneller Spannungen im Geiste echter Br\u00fcderlichkeit<br \/>\nc) Werke christlicher N\u00e4chstenliebe,<br \/>\nd) Durchf\u00fchrung caritativer Aktionen<\/p>\n<p>2. Schutz der Sitte durch<\/p>\n<p>a) Eintreten f\u00fcr christliche Sitte und Kultur im privaten und\u00a0 \u00f6ffentlichen Leben<br \/>\nb) Gestaltung echter br\u00fcderlicher Geselligkeit<br \/>\nc) Erziehung zu k\u00f6rperlicher und charakterlicher Selbstbeherrschung durch den Schie\u00dfsport<\/p>\n<p>3. Liebe zur Heimat und zum Vaterland durch<\/p>\n<p>a) Dienst f\u00fcr das Gemeinwohl aus verantwortungsbewu\u00dftem B\u00fcrgersinn<br \/>\nb) t\u00e4tige Nachbarschaftshilfe,<br \/>\nc) Pflege der geschichtlichen \u00dcberlieferung und des althergebrachten Brauchtums, vor allem des dem sch\u00fctzenwesen eigent\u00fcmlichen Schie\u00dfspiels und des historischen Fahnenschwenkens,<br \/>\nd) Pflege der Kontakte zu den europ\u00e4ischen Nachbarvereinigungen der sch\u00fctzen,<br \/>\ne) Heimatpflege und heimatlichen Brauchtum.<\/p>\n<p style=\"text-align: center;\">\u00a7 3<\/p>\n<p><span style=\"text-decoration: underline;\">Gemeinn\u00fctzigkeit<\/span><br \/>\nDie St. Johannes Baptist Sch\u00fctzenbruderschaft verfolgt ausschlie\u00dflich und unmittelbar sch\u00fctzenbr\u00fcderliche, christliche, mildt\u00e4tige und gemeinn\u00fctzige Zwecke im Sinne des Abschnittes \u201eSteuerbeg\u00fcnstigte Zwecke\u201c der Abgabenordung. Mittel der Sch\u00fctzenbruderschaft d\u00fcrfen nur f\u00fcr die satzungsm\u00e4\u00dfigen Zwecke verwendet werden. Die Sch\u00fctzenbruderschaft ist selbstlos t\u00e4tig; sie verfolgt nicht in erster Linie eigenwirtschaftliche Zwecke.<br \/>\nDie Mitglieder erhalten keinen Gewinn und ihre Eigenschaft als Mitglieder auch keine sonstigen Zuwendungen aus Mitteln des Vereins. Sie haben bei ihrem Ausscheiden und bei Aufl\u00f6sung des Vereins keine verm\u00f6gensrechtlichen Anspr\u00fcche gegen den Verein. Keine Person darf durch Verwaltungsaufgaben, die den Zwecken des Vereins fremd sind, oder durch unverh\u00e4ltnism\u00e4\u00dfig hohe Verg\u00fctungen beg\u00fcnstigt werden.<\/p>\n<p style=\"text-align: center;\">\u00a7 4<\/p>\n<p style=\"text-align: left;\">\n<span style=\"text-decoration: underline;\">Mitgliedschaft<\/span><br \/>\n1. Die St. Johannes Baptist Sch\u00fctzenbruderschaft ist eine Vereinigung christlicher Personen.<\/p>\n<p>2. Nichtkatholische Mitglieder verpflichten sich mit der Aufnahme in die Bruderschaft grunds\u00e4tzlich zur Wahrung derer christlichen Grunds\u00e4tze.<\/p>\n<p>3. Mitglied k\u00f6nnen M\u00e4nner und Frauen werden, die das 6. Lebensjahr vollendet haben, unbescholten und bereit sind, sich zur Einhaltung der Bestimmung dieser Satzung und damit zum Statut des bundes zu verpflichten, und in H\u00f6ngen bzw. Wehrhagen wohnen. Auf besonderen Wunsch k\u00f6nnen die Bewohner von Heilder oder ehemalige H\u00f6ngener, die Ausw\u00e4rts wohnen, Mitglied werden.<\/p>\n<p>4. Das Gesuch um Aufnahme ist schriftlich an den Pr\u00e4sidenten zu richten. \u00dcber die Aufnahme entscheidet der Vorstand mit einfacher Mehrheit. Im Falle einer Ausnahme von \u00a7 4, Satz 1 ist eine Zustimmung von mindestens 2\/3 des Vorstandes erforderlich.<\/p>\n<p>5. Die Mitgliedschaft endet durch Austritt, Tod oder Ausschluss<\/p>\n<p>6. Der Austritt ist schriftlich dem Pr\u00e4sidenten zu erkl\u00e4ren.<\/p>\n<p>7. Ein Mitglied kann ausgeschlossen werden, wenn ein wichtiger Grund vorliegt. Ein wichtiger Grund ist besonders dann gegeben, wenn das Mitglied das Ansehen und die Interessen der Bruderschaft oder des Bundes sch\u00e4digt, oder wenn es mit dem Beitrag mehr als ein Jahr im R\u00fcckstand bleibt. \u00dcber den Ausschluss entscheidet der Vorstand mit einfacher Stimmenmehrheit. Dem Mitglied ist vorher das rechtliche Geh\u00f6r zu gew\u00e4hren. Ein ausgeschlossenes Vorstandsmitglied scheidet mit der Rechtwirksamkeit der Ausschlussentscheidung aus seinem Amt aus. Bis zur Rechtwirksamkeit ist es vom Amt suspendiert.<\/p>\n<p>Gegen die Entscheidung des Vorstandes hat das ausgeschlossene Mitglied das Recht der Beschwerde an das Schiedsgericht des Bundes der Historischen deutschen Sch\u00fctzenbruderschaften.<\/p>\n<p>8. Das ausscheidende Mitglied hat auf das Verm\u00f6gen der St. Johannes Baptist Sch\u00fctzenbruderschaft keinen Anspruch. Auch ein Anspruch auf Auseinandersetzung steht ihm nicht zu. Der Beitrag f\u00fcr das laufende Gesch\u00e4ftsjahr ist sp\u00e4testens beim Ausscheiden zu zahlen.<\/p>\n<p style=\"text-align: center;\">\n\u00a7 5<\/p>\n<p><span style=\"text-decoration: underline;\">Rechte und Pflichten aus der Mitgliedschaft<\/span><br \/>\n1. Aktive Mitglieder<br \/>\nAktive Mitglieder<br \/>\nAktive Mitglieder haben das Recht zur stimmberechtigten Teilnahme an der Generalversammlung<\/p>\n<p>1 a) Aktive Mitglieder<br \/>\nAktive Mitglieder haben sich an den Veranstaltungen und Aufz\u00fcgen der St. Johannes Baptist Sch\u00fctzenbruderschaften zu beteiligen. N\u00e4heres regelt die Gesch\u00e4ftsordnung.<\/p>\n<p>1 b) Vriesch\u00f6tte<br \/>\nVriesch\u00f6tte sind aktive Mitglieder, die aus gesundheitlichen Gr\u00fcnden nicht an den Aufz\u00fcgen der St. Johannes Baptist Sch\u00fctzenbruderschaften teilnehmen k\u00f6nnen.<\/p>\n<p>1 c) Jungsch\u00fctzen<br \/>\nKinder und Jugendliche bis zum vollendeten 18. Lebensjahr sind Jungsch\u00fctzen. Sie sind ab dem vollendeten 14. Lebensjahr stimmberechtigt in der Mitgliederversammlung. N\u00e4heres regelt die Gesch\u00e4ftsordnung.<\/p>\n<p>2. Inaktive Mitglieder<br \/>\nInaktive Mitglieder haben das Recht zur Teilnahme an der General- und Mitgliederversammlung ohne Stimmrecht.<\/p>\n<p>3.Mitgliedsbeitrag<br \/>\nAktive und inaktive Mitglieder sind verpflichtet, den Mitgliedsbeitrag gem\u00e4\u00df der Gesch\u00e4ftsordnung zu entrichten. Die Zahlung hat im ersten Quartal des jeweiligen Gesch\u00e4ftsjahres zu erfolgen.<\/p>\n<p>4. Gegenst\u00e4nde der Bruderschaft<br \/>\nMitglieder, die Gegenst\u00e4nde der Bruderschaft zur Aufbewahrung haben, sind verpflichtet, diese pfleglich zu behandeln. Sie sind f\u00fcr den ordentlichen Zustand dieser Gegenst\u00e4nde verantwortlich.<\/p>\n<p style=\"text-align: center;\">\n\u00a7 6<\/p>\n<p><span style=\"text-decoration: underline;\">Ehrenmitglieder<\/span><br \/>\nPersonen, auch Nichtmitglieder, die sich um die Sch\u00fctzenbruderschaft au\u00dfergew\u00f6hnliche Verdienste erworben haben k\u00f6nnen von der Mitgliederversammlung auf Vorschlag des Vorstandes mit Mehrheit von mindestens 2\/3 der abgegebenen Stimmen zu Ehrenmitgliedern ernannt werden.<br \/>\nEhrenmitglieder haben volle Mitgliedsrechte, sind aber von der Mitgliedspflicht befreit.<br \/>\nJedes aktive Mitglied hat das Recht dem Vorstand Vorschl\u00e4ge zur Ernennung von Ehrenmitgliedern zu unterbreiten.<\/p>\n<p style=\"text-align: center;\">\n\u00a7 7<\/p>\n<p><span style=\"text-decoration: underline;\">Organe der St. Johannes Baptist Sch\u00fctzenbruderschaft<\/span><br \/>\nOrgane der St. Johannes Baptist Sch\u00fctzenbruderschaft sind:<\/p>\n<p>a) Generalversammlung<br \/>\nb) die Mitgliederversammlung<br \/>\nc) der Vorstand<\/p>\n<p style=\"text-align: center;\">\n\u00a7 8<\/p>\n<p><span style=\"text-decoration: underline;\">Generalversammlung\/ Mitgliederversammlung<\/span><br \/>\nJ\u00e4hrlich, m\u00f6glichst am Patronatstag, ist die Generalversammlung einzuberufen.<br \/>\nMitgliedsversammlungen k\u00f6nnen bei Bedarf einberufen werden. Eine Mitgliederversammlung mu\u00df einberufen werden, wenn mindestens ein dritte der Mitglieder dies schriftlich beim Pr\u00e4sidenten unter Angabe der Gr\u00fcnde beantragt<br \/>\nZur Versammlung ist mindestens zwei Wochen vorher unter Angabe der Tagesordnung einzuladen<br \/>\nJede ordentliche einberufene Versammlung ist ohne R\u00fccksicht auf die Zahl der erschienenen Mitglieder beschlu\u00dff\u00e4hig.<br \/>\nF\u00fcr eine Generalversammlung, auf der \u00fcber die Aufl\u00f6sung der Bruderschaft entschieden werden soll, gelten weitgehende Bestimmungen, die \u00a7 24 dieser Satzung festgelegt sind.<br \/>\nF\u00fcr eine Generalversammlung oder Mitgliederversammlung, auf der \u00fcber eine \u00c4nderung dieser Satzung entschieden werden soll, gelten weitergehende Bestimmungen, die \u00a7 26 dieser Satzung festlegt.<\/p>\n<p style=\"text-align: center;\">\n\u00a7 9<\/p>\n<p><span style=\"text-decoration: underline;\">Aufgaben der Generalversammlung<\/span><br \/>\nAufgaben der Generalversammlung sind:<br \/>\na) Wahl des Vorstandes und der Kassenpr\u00fcfer;<br \/>\nb) Wahl des Schie\u00dfmeisters auf Vorschlag des Vorstandes;<br \/>\nc) Wahl der Offiziere und der F\u00e4hnriche der Bruderschaft in dreij\u00e4hrigem Rhythmus;<br \/>\nd) Beschlussfassung \u00fcber die Jahresrechnung<br \/>\ne) Entgegennahme der Berichte des Vorstandes und der Kassenpr\u00fcfer;<br \/>\nf) Entlastung des Vorstandes nach Rechnungslage<br \/>\ng) Festsetzung der Mitgliedsbeitr\u00e4ge;<br \/>\nh) \u00c4nderung der Satzung<br \/>\ni) Aufl\u00f6sung der Bruderschaft<br \/>\nAntr\u00e4ge und Beschl\u00fcsse sind in einem Protokollbuch einzutragen, und dem Pr\u00e4sidenten oder seinem Stellvertreter sowie dem Schriftf\u00fchrer zu unterzeichnen<\/p>\n<p style=\"text-align: center;\">\n\u00a7 10<\/p>\n<p style=\"text-align: left;\"><span style=\"text-decoration: underline;\">Vorstand<\/span><br \/>\nDer Vorstand besteht aus:<br \/>\ndem Pr\u00e4sidenten<br \/>\ndem Kommandanten ( Hauptmann)<br \/>\ndem Kassierer<br \/>\ndem Schriftf\u00fchrer (Sch\u00fctzenmeister)<br \/>\ndem Schie\u00dfmeister<br \/>\n3 Beisitzer<\/p>\n<p>Dem Vorstand geh\u00f6ren als ordentliche Mitglieder<br \/>\nals geistlicher Pr\u00e4ses der Pfarrer oder ein von ihm zu benennenden Priester<br \/>\nder amtierende K\u00f6nig<br \/>\nder Kaiser f\u00fcr drei Jahre<br \/>\nder amtierende Jugendprinz<\/p>\n<p>Die Mitglieder des Vorstandes werden f\u00fcr drei Jahre gew\u00e4hlt. Der Vorstand bleibt bis zur Neuwahl im Amt. Bei vorzeitigem Ausschieden eines Vorstandsmitgliedes erfolgt die Ersatzwahl auf der n\u00e4chsten Generalversammlung<\/p>\n<p style=\"text-align: center;\">\n\u00a7 11<\/p>\n<p><span style=\"text-decoration: underline;\">Gesetzlicher Vorstand<\/span><br \/>\nDer Pr\u00e4sident, der Kassierer und der Schriftf\u00fchrer bilden den gesetzlichen Vorstand im Sinne \u00a7 26 BGB.<br \/>\nJe zwei Mitglieder des gesetzlichen Vorstandes sind befugt, die Bruderschaft gerichtlich und au\u00dfergerichtlich zu vertreten. Rechtssverbindliche Erkl\u00e4rungen der Bruderschaft werden von mindestens zwei Mitgliedern des gesetzlichen Vorstandes abgegeben.<br \/>\nDie Amtsdauer des gesetzlichen Vorstandes endet mit der Eintragung des gew\u00e4hlten Vorstandes im Vereinsregister. Scheidet ein Mitglied des gesetzlichen Vorstandes vorzeitig aus, so wird seine Funktion von einem anderen Mitglied des Vorstandes, welches nicht dem gesetzlichen Vorstandes angeh\u00f6rt, bis zur Neuwahl kommissarisch wahrgenommen.<\/p>\n<p style=\"text-align: center;\">\n\u00a7 12<\/p>\n<p><span style=\"text-decoration: underline;\">Aufgaben des Vorstandes<\/span><br \/>\nAufgaben des Vorstandes sind;<br \/>\n1.Die F\u00fchrung der laufenden Gesch\u00e4fte;<br \/>\n2.Die Rechnungslegung \u00fcber das abgelaufene Gesch\u00e4ftsjahr;<br \/>\n3.Die Erstattung der T\u00e4tigkeitsberichte;<br \/>\n4.Die Beschlussfassung \u00fcber Aufnahmeantr\u00e4ge;<br \/>\n5.Den Ausschlu\u00df eines Mitgliedes gem\u00e4\u00df \u00a7 4.7<br \/>\n6.Die Wahl der Delegierten f\u00fcr Organe des Bundes der Historischen Deutschen Sch\u00fctzenbruderschaften und seiner Untergliederungen.<br \/>\nDie Vorstandsversammlungen werden vom Pr\u00e4sidenten, im Falle seiner Verhinderung vom stellvertretenden Pr\u00e4sidenten, einberufen und geleitet.<\/p>\n<p style=\"text-align: center;\">\n\u00a7 13<\/p>\n<p><span style=\"text-decoration: underline;\">Funktionstr\u00e4ger der Bruderschaft<\/span><br \/>\nDer <span style=\"text-decoration: underline;\">Pr\u00e4sident<\/span> ist Repr\u00e4sentant der Bruderschaft. Er beruft und leitet die Sitzungen des Vorstandes, der Generalversammlung und der Mitgliederversammlung.<\/p>\n<p>Der <span style=\"text-decoration: underline;\">Kommandant<\/span> vertritt den Pr\u00e4sidenten im Falle der Verhinderung. Er organisiert und leitet die Aufz\u00fcge. Weitere regelt die Gesch\u00e4ftsordnung<\/p>\n<p>Dem<span style=\"text-decoration: underline;\"> Schriftf\u00fchrer<\/span> (Sch\u00fctzenmeister) obliegt das Schriftwesen der Bruderschaft. Er f\u00fchrt und verwahrt das gesamte Schriftwerk. Weiteres regelt die Gesch\u00e4ftsordnung.<\/p>\n<p>Der <span style=\"text-decoration: underline;\">Kassierer<\/span> ist f\u00fcr das Finanzwesen der Bruderschaft verantwortlich. Er hat alle Einnahmen und Ausgaben mit der Sorgfalt des ordentlichen Kaufmanns aufzuzeichen und die belege zu verwahren. Er hat den Jahresabschlu\u00df sowie das Kassenbuch zu erstellen. Weiteres regelt die Gesch\u00e4ftsordnung.<\/p>\n<p>Der <span style=\"text-decoration: underline;\">Pr\u00e4ses<\/span> wahrt die geistlichen, kirchlichen und kulturellen Aufgaben der Bruderschaft.<\/p>\n<p>Der <span style=\"text-decoration: underline;\">Schie\u00dfmeister<\/span> ist f\u00fcr die ordnungsgem\u00e4\u00dfe Durchf\u00fchrung aller den Schie\u00dfsport betreffenden Aktivit\u00e4ten verantwortlich.<\/p>\n<p>Die Aufgaben der \u00fcbrigen Funktionstr\u00e4ger der Bruderschaft regelt die Gesch\u00e4ftsordnung.<\/p>\n<p style=\"text-align: center;\">\n\u00a7 14<\/p>\n<p><span style=\"text-decoration: underline;\">Kassenpr\u00fcfer<\/span><br \/>\nDie Kassenpr\u00fcfer werden im Wechsel f\u00fcr zwei Jahre von der Generalversammlung gew\u00e4hlt. Sie pr\u00fcfen die F\u00fchrung der Kassenb\u00fccher, die Best\u00e4nde, Verm\u00f6gensanlagen und Belege. Zur Jahresrechnungslegung des Kassierers geben sie den Pr\u00fcfungsbericht.<\/p>\n<p style=\"text-align: center;\">\n\u00a7 15<\/p>\n<p><span style=\"text-decoration: underline;\">Festveranstaltungen<\/span><br \/>\nDie Bruderschaft feiert, wie seit Alters her Brauch ist, allj\u00e4hrlich das Patronatsfest im Kreise seiner Mitglieder, den Vogelschu\u00df und die Kirmes als gro\u00dfe \u00f6ffentliche Veranstaltung. N\u00e4heres regelt die Gesch\u00e4ftsordnung.<\/p>\n<p style=\"text-align: center;\">\n\u00a7 16<\/p>\n<p><span style=\"text-decoration: underline;\">Kirchliche Veranstaltungen<\/span><br \/>\nDie Bruderschaft beteiligt sich geschlossen in Uniform und mit Fahnen an der Fronleichnamsprozession und an der Pfarrprozession der Pfarre.<br \/>\nDie Bruderschaft l\u00e4\u00dft allj\u00e4hrlich zwei Hoch\u00e4mter halten f\u00fcr die lebenden und verstorbenen Mitglieder der Bruderschaft.<br \/>\nDie Bruderschaft beteiligt sich an Veranstaltungen und Einrichtungen der Pfarre.<br \/>\nN\u00e4heres regelt die Gesch\u00e4ftsordnung<\/p>\n<p style=\"text-align: center;\">\n\u00a7 17<\/p>\n<p><span style=\"text-decoration: underline;\">Begr\u00e4bnisordnung<\/span><br \/>\nDie Mitglieder sollen am Begr\u00e4bnis eines Sch\u00fctzenbruders in Uniform teilnehmen, unter Voranf\u00fchrung der Bruderschaftfahne.<\/p>\n<p style=\"text-align: center;\">\n\u00a7 18<\/p>\n<p><span style=\"text-decoration: underline;\">Vorstandssitzung<br \/>\n<\/span>Die Vorstandsmitglieder finden sich regelm\u00e4\u00dfig zu einer Zusammenkunft zusammen, zu der der Pr\u00e4sident einl\u00e4dt. Sie dient der Regelung der laufenden Gesch\u00e4fte der Bruderschaft. N\u00e4heres regelt die Gesch\u00e4ftsordnung.<\/p>\n<p style=\"text-align: center;\">\n\u00a7 19<\/p>\n<p><span style=\"text-decoration: underline;\">Sch\u00fctzenbrauchtum<\/span><br \/>\nDie Bruderschaft pflegt das seit vielen Jahrhunderten von den historischen Bruderschaften ge\u00fcbte Schie\u00dfspiel, das Schie\u00dfen auf V\u00f6geln und Sterne, desgleichen das althergebrachte Fahnenschwenken im Sch\u00fctzenzug und bei sonstigen \u00f6ffentlichen Veranstaltungen.<\/p>\n<p style=\"text-align: center;\">\n\u00a7 20<\/p>\n<p><span style=\"text-decoration: underline;\">Sportschie\u00dfen<\/span><br \/>\nIm Rahmen der Freizeitgestaltung pflegt die Bruderschaft das sportliche Schie\u00dfen nach den Bestimmungen des Bundes der Historischen Sch\u00fctzenbruderschaften und der FICEP ( Internationaler Katholischen Sportverband ). Auch beteiligt sich die Bruderschaft an den sportlichen Schie\u00dfwettk\u00e4mpfen auf den verschiedenen Ebenen des Bundes.<\/p>\n<p style=\"text-align: center;\">\n\u00a7 21<\/p>\n<p><span style=\"text-decoration: underline;\">Kunst und Kultur<\/span><br \/>\nDer Vorstand hat dar\u00fcber zu wachen, da\u00df die alten Besitzt\u00fcmer der Bruderschaft die Kunstwert haben, insbesondere das K\u00f6nigssilber, Urkunden und Protokollb\u00fccher sorgf\u00e4ltig und sicher aufbewahrt werden.<br \/>\nDie Bruderschaft beteiligt sich an der Pflege christlicher und geschichtlicher Kultur der Heimat.<\/p>\n<p style=\"text-align: center;\">\n\u00a7 22<\/p>\n<p><span style=\"text-decoration: underline;\">Jugendpflege<\/span><br \/>\nDie Sch\u00fctzenbruderschaft widmet sich im Besonderen auch der Jugendpflege.<\/p>\n<p style=\"text-align: center;\">\n\u00a7 23<\/p>\n<p><span style=\"text-decoration: underline;\">Soziale F\u00fcrsorge<\/span><br \/>\nDie Bruderschaft sch\u00fctzt ihre Mitglieder durch eine Unfall- und Haftpflichtversicherung. Die Mitglieder verpflichten sich zur Hilfeleistung in Notf\u00e4llen. Armen oder in Not geratene Mitglieder mu\u00df der Beitrag ganz oder teilweise erlassen werden. Eine Entscheidung hier\u00fcber trifft der Vorstand. Niemand darf von der Mitgliedschaft abgewiesen oder aus der Bruderschaft ausgeschlossen werden weil er arm oder bed\u00fcrftig ist.<\/p>\n<p style=\"text-align: center;\">\n\u00a7 24<\/p>\n<p><span style=\"text-decoration: underline;\">Aufl\u00f6sung der Bruderschaft<\/span><br \/>\n\u00dcber die Aufl\u00f6sung der Bruderschaft entscheidet eine Generalversammlung, in der mindestens 2\/3 aller Mitglieder anwesend sein m\u00fcssen. Der Beschlu\u00df bedarf einer Mehrheit von mindestens 2\/3 der abgegebenen Stimmen.<br \/>\nSind nicht mindestens 273 der Mitglieder anwesend, so ist innerhalb eines Monats eine Generalversammlung einzuberufen, die in jedem Fall beschlu\u00dff\u00e4hig ist. Auch in diesem Falle ist eine Mehrheit von mindestens \u00be der abgegebenen Stimmen f\u00fcr den Aufl\u00f6sungsbeschlu\u00df erforderlich.<br \/>\nDie Bruderschaft ist ohne Beschlu\u00dffassung aufzul\u00f6sen, wenn die Zahl der Mitglieder unter 7 sinkt.<br \/>\nIm Falle der Aufl\u00f6sung der Bruderschaft f\u00e4llt das Verm\u00f6gen und der Besitz an die St. Lambertus-Pfarre in H\u00f6ngen. Diese soll das Verm\u00f6gen verwalten und etwaige Sachwerte aufbewahren. \u00dcber das Verm\u00f6gen ist ein Inventarverzeichnis zu erstellen und dem zust\u00e4ndigen Bischof zu \u00fcbergeben.<br \/>\nDie Pfarre ist verpflichtet in Abst\u00e4nden von 5 Jahren den Versuch einer Neugr\u00fcndung einer Bruderschaft einzuleiten. Im Falle der Neugr\u00fcndung einer Bruderschaft in der Pfarre mit gleicher Zielsetzung hat die Pfarre die verwalteten Werte an die neugegr\u00fcndete Bruderschaft herauszugeben.<\/p>\n<p style=\"text-align: center;\">\n\u00a7 25<\/p>\n<p><span style=\"text-decoration: underline;\">Schiedsgericht<\/span><br \/>\nStreitigkeiten zwischen Mitgliedern und der Bruderschaft bzw. zwischen Mitgliedern untereinander sollen vom Vorstand geschlichtet werden. Falls dies nicht m\u00f6glich ist, ist das Schiedsgericht beim Bund der Historischen Deutschen Sch\u00fctzenbruderschaften anzurufen. Jedes einzelne Mitglied hat das Recht sich direkt an das Schiedsgericht des Bundes zu wenden.<br \/>\nDie Schiedsgerichtsordnung des Bundes der Historischen Deutschen Sch\u00fctzenbruderschaften e.V. K\u00f6ln ist in der jeweiligen g\u00fcltigen Fassung Bestandteil dieser Satzung und alle Mitglieder der Bruderschaft verbindlich.<\/p>\n<p style=\"text-align: center;\">\n\u00a7 26<\/p>\n<p><span style=\"text-decoration: underline;\">\u00c4nderung der Satzung<\/span><br \/>\nZur \u00c4nderung dieser Satzung ist eine Mehrheit von \u00be der abgegebenen Stimmen einer Mitglieder- oder Generalversammlung erforderlich.<br \/>\nSatzungs\u00e4nderung bed\u00fcrfen der zustimmung des zust\u00e4ndigen Di\u00f6zesanverbandes des Bundes<\/p>\n<p style=\"text-align: center;\">\n\u00a7 27<\/p>\n<p><span style=\"text-decoration: underline;\">Gesch\u00e4ftsordnung<\/span><br \/>\nN\u00e4heres zur F\u00fchrung der t\u00e4glichen Gesch\u00e4fte der Bruderschaft regelt die Gesch\u00e4ftsordnung. \u00dcber deren Inhalt bestimmt eine Generalversammlung. Eine \u00c4nderung der Gesch\u00e4ftsordnung ist mit der Mehrheit der abgegebenen Stimmen m\u00f6glich.<\/p>\n<p style=\"text-align: center;\">\n\u00a7 28<\/p>\n<p><span style=\"text-decoration: underline;\">Inkrafttreten<\/span><br \/>\nDiese Satzung wurde mit der Generalversammlung vom 24.06.2001 beschlossen und tritt mit der Eintragung im Vereinsregister in Kraft.<\/p>\n<p>&nbsp;<\/p>\n<p><strong>\u00a0<\/strong><\/p>\n","protected":false},"excerpt":{"rendered":"<p>Satzung der Sankt Johannes Baptist Sch\u00fctzenbruderschaft H\u00f6ngen &nbsp; \u00a7 1 Name und Sitz Dieser Verein tr\u00e4gt den Namen \u201eSankt Johannes Baptist Sch\u00fctzenbruderschaft, Selfkant H\u00f6ngen .\u201c Er ist unter diesem Namen im Vereinsregister des Amtsgerichtes in Heinsberg eingetragen und hat seinen Sitz in H\u00f6ngen. \u00a7 2 Wesen und Aufgaben Sie St. Johannes Baptist Sch\u00fctzenbruderschaft ist eine &hellip; <a href=\"https:\/\/schuetzen-hoengen.de\/index.php\/bruderschaft\/satzung\/\" class=\"more-link\"><span class=\"screen-reader-text\">Satzung<\/span> weiterlesen <span class=\"meta-nav\">&rarr;<\/span><\/a><\/p>\n","protected":false},"author":2,"featured_media":0,"parent":40,"menu_order":0,"comment_status":"closed","ping_status":"closed","template":"","meta":{"footnotes":""},"_links":{"self":[{"href":"https:\/\/schuetzen-hoengen.de\/index.php\/wp-json\/wp\/v2\/pages\/1582"}],"collection":[{"href":"https:\/\/schuetzen-hoengen.de\/index.php\/wp-json\/wp\/v2\/pages"}],"about":[{"href":"https:\/\/schuetzen-hoengen.de\/index.php\/wp-json\/wp\/v2\/types\/page"}],"author":[{"embeddable":true,"href":"https:\/\/schuetzen-hoengen.de\/index.php\/wp-json\/wp\/v2\/users\/2"}],"replies":[{"embeddable":true,"href":"https:\/\/schuetzen-hoengen.de\/index.php\/wp-json\/wp\/v2\/comments?post=1582"}],"version-history":[{"count":9,"href":"https:\/\/schuetzen-hoengen.de\/index.php\/wp-json\/wp\/v2\/pages\/1582\/revisions"}],"predecessor-version":[{"id":1594,"href":"https:\/\/schuetzen-hoengen.de\/index.php\/wp-json\/wp\/v2\/pages\/1582\/revisions\/1594"}],"up":[{"embeddable":true,"href":"https:\/\/schuetzen-hoengen.de\/index.php\/wp-json\/wp\/v2\/pages\/40"}],"wp:attachment":[{"href":"https:\/\/schuetzen-hoengen.de\/index.php\/wp-json\/wp\/v2\/media?parent=1582"}],"curies":[{"name":"wp","href":"https:\/\/api.w.org\/{rel}","templated":true}]}}