{"id":1809,"date":"2016-02-13T10:25:45","date_gmt":"2016-02-13T09:25:45","guid":{"rendered":"http:\/\/www.schuetzen-hoengen.de\/?page_id=1809"},"modified":"2016-09-16T22:33:09","modified_gmt":"2016-09-16T20:33:09","slug":"internationales-freundschaftstreffen","status":"publish","type":"page","link":"https:\/\/schuetzen-hoengen.de\/index.php\/historisches\/internationales-freundschaftstreffen\/","title":{"rendered":"Besuch des Belgischen Convents zur Vorbereitung 2. Internationales Sch\u00fctzentreffen"},"content":{"rendered":"<h4>Um die &#8221; Brabantische K\u00f6nigsw\u00fcrde &#8220;<\/h4>\n<p>&nbsp;<\/p>\n<p><a href=\"http:\/\/www.schuetzen-hoengen.de\/wp-content\/uploads\/2015\/04\/Antwerpen.jpg\" rel=\"attachment wp-att-1694\" data-rel=\"lightbox-image-0\" data-rl_title=\"\" data-rl_caption=\"\" title=\"\"><img loading=\"lazy\" decoding=\"async\" class=\"wp-image-1694 aligncenter\" src=\"http:\/\/www.schuetzen-hoengen.de\/wp-content\/uploads\/2015\/04\/Antwerpen-257x300.jpg\" alt=\"Antwerpen\" width=\"165\" height=\"193\" srcset=\"https:\/\/schuetzen-hoengen.de\/wp-content\/uploads\/2015\/04\/Antwerpen-257x300.jpg 257w, https:\/\/schuetzen-hoengen.de\/wp-content\/uploads\/2015\/04\/Antwerpen.jpg 570w\" sizes=\"(max-width: 165px) 100vw, 165px\" \/><\/a><\/p>\n<h6>Im Rahmen des Ostereierschie\u00dfens konnte man am Wochenende vor Ostern den Vorstand des Belgischen Convents in der Sint Jan Sch\u00fctzenhalle zum Fr\u00fchst\u00fcck begr\u00fcssen, mit dem man an diesem Sonntagmorgen die Einzelheiten f\u00fcr das Freundschafttreffen absprach und die \u00d6rtlichkeiten, f\u00fcr die einzelnen Schie\u00dfwettbewerbe, besichtigte.<\/h6>\n<h4>Kirmes in H\u00f6ngen wird zum besonderen internationalen Festtag<\/h4>\n<p>&nbsp;<\/p>\n<p>H\u00f6ngen: In Verbindung mit der Prunkkirmes, die in H\u00f6ngen vom 01. \u2013 03. Juni 2002 gefeiert wird, richtet die St. Johannes Baptist Sch\u00fctzenbruderschaft nach 1990 ihr zweites Internationales Freundschaftstreffen aus, wo man Bruderschaften und Gilden aus Frankreich, Belgien den Niederlanden und nat\u00fcrlich aus Deutschland erwartet.<\/p>\n<p>Samstags werden die ersten G\u00e4ste erwartet, wobei nach dem Aufzug durch Gro\u00df- und Kleinwehragen die Tanzkapelle Four Stripes f\u00fcr Stimmung in der Sint Jan Sch\u00fctzenhalle sorgen wird. Die Gildemesse, die einzelnen Schie\u00dfwettbewerbe mit dem Wettstreit um die Belgische K\u00f6nigsw\u00fcrde und der Festaufzug durch H\u00f6ngen werden die H\u00f6hepunkte am Kirmessonntag.<\/p>\n<p style=\"text-align: center;\"><a href=\"http:\/\/www.schuetzen-hoengen.de\/wp-content\/uploads\/2015\/11\/Bogen-1759-und-Spanner.jpg\" rel=\"attachment wp-att-785\" data-rel=\"lightbox-image-1\" data-rl_title=\"\" data-rl_caption=\"\" title=\"\"><img loading=\"lazy\" decoding=\"async\" class=\"size-medium wp-image-785 aligncenter\" src=\"http:\/\/www.schuetzen-hoengen.de\/wp-content\/uploads\/2015\/11\/Bogen-1759-und-Spanner-225x300.jpg\" alt=\"Bogen 1759 und Spanner\" width=\"225\" height=\"300\" \/><\/a>Historische Armbrust<\/p>\n<p><em> Der Kontakt mit dem Confent der sich aus der Confereratie der Sch\u00fctzengilde entwickelt hat, ist eigentlich einem Zufall zu verdanken. Mitte der achziger Jahre machte der Lions Club eine Informationsfahrt entlang der Grenze und kehrte zum Mittagessen in den Gasthof Peters ein. Dabei erregte eine an der Wand h\u00e4ngende Armbrust, mit der die Sch\u00fctzenbruderschaft nach dem Krieg ihren K\u00f6nig ermittelt hatte, die Neugier eines belgischen Mitgliedes, dass \u00fcber den damaligen Besitzers des Gasthofes Peters, Josef Peters Kontakt zum Kommandanten der Sch\u00fctzenbruderschaft, Lambert Spykers, bekam. Der wiederum kn\u00fcpfte die Verbindung zum Generalsekret\u00e4r der Konvention der Sch\u00fctzengilden, Marc de Schrijver. <\/em><\/p>\n<p><a href=\"http:\/\/www.schuetzen-hoengen.de\/wp-content\/uploads\/2015\/11\/IMG_2432.jpg\" rel=\"attachment wp-att-1923\" data-rel=\"lightbox-image-2\" data-rl_title=\"\" data-rl_caption=\"\" title=\"\"><img loading=\"lazy\" decoding=\"async\" class=\"size-medium wp-image-1923 aligncenter\" src=\"http:\/\/www.schuetzen-hoengen.de\/wp-content\/uploads\/2015\/11\/IMG_2432-300x225.jpg\" alt=\"IMG_2432\" width=\"300\" height=\"225\" \/><\/a><em>Marc de Schrijver &#8211; der Wegbereiter der Partnerschaft ( 2009 verstorben ) \u00a0<\/em><span style=\"font-family: trebuchet ms,sans-serif;\"><span style=\"font-size: medium;\"><span lang=\"NL\"><br \/>\nEre-Stadhouder\/ \u00a0Gezworen\/Gezel\/\u00a0<\/span><\/span><\/span><span lang=\"NL\"><span style=\"font-family: trebuchet ms,sans-serif;\"><span style=\"font-size: medium;\">medestichter\/doctorandus<\/p>\n<p><\/span><\/span><\/span><\/p>\n<p style=\"text-align: center;\"><a href=\"http:\/\/www.schuetzen-hoengen.de\/wp-content\/uploads\/2015\/11\/IMG_2449.jpg\" rel=\"attachment wp-att-1922\" data-rel=\"lightbox-image-3\" data-rl_title=\"\" data-rl_caption=\"\" title=\"\"><img loading=\"lazy\" decoding=\"async\" class=\"alignnone size-medium wp-image-1922\" src=\"http:\/\/www.schuetzen-hoengen.de\/wp-content\/uploads\/2015\/11\/IMG_2449-300x225.jpg\" alt=\"IMG_2449\" width=\"300\" height=\"225\" \/><\/a><\/p>\n<p style=\"text-align: center;\">Jan Mootgard\u00a0 ( Crans Antwerpen )<\/p>\n<p><em>Im Laufe der Jahre entwickelte sich eine enge Freundschaft zwischen der St. Johannes Baptist Sch\u00fctzenbruderschaft und der Konvention, zumal inzwischen in H\u00f6ngen das Kleinkalibergewehr, mit dem bislang der Sch\u00fctzenk\u00f6nig geschossen wurde, wegen der immer strenger werdenden Auflagen gegen die Armbrust getauscht wurde, wo mittlerweile auch an den belgischen Schie\u00dfwettbewerben an den Start geht<\/em>.<\/p>\n<p style=\"text-align: center;\"><a href=\"http:\/\/www.schuetzen-hoengen.de\/wp-content\/uploads\/2015\/11\/Internationalen-Freundscaftstreffen-Hongen-2002-056.jpg\" rel=\"attachment wp-att-1925\" data-rel=\"lightbox-image-4\" data-rl_title=\"\" data-rl_caption=\"\" title=\"\"><img loading=\"lazy\" decoding=\"async\" class=\"size-medium wp-image-1925 aligncenter\" src=\"http:\/\/www.schuetzen-hoengen.de\/wp-content\/uploads\/2015\/11\/Internationalen-Freundscaftstreffen-Hongen-2002-056-225x300.jpg\" alt=\"Internationalen Freundscaftstreffen, Hongen 2002 056\" width=\"225\" height=\"300\" \/><\/a>Jan beim Hochmastschiessen<\/p>\n<p style=\"text-align: center;\"><a href=\"http:\/\/www.schuetzen-hoengen.de\/wp-content\/uploads\/2015\/11\/Internationalen-Freundscaftstreffen-Hongen-2002-017.jpg\" rel=\"attachment wp-att-1928\" data-rel=\"lightbox-image-5\" data-rl_title=\"\" data-rl_caption=\"\" title=\"\"><img loading=\"lazy\" decoding=\"async\" class=\"alignnone size-medium wp-image-1928\" src=\"http:\/\/www.schuetzen-hoengen.de\/wp-content\/uploads\/2015\/11\/Internationalen-Freundscaftstreffen-Hongen-2002-017-300x225.jpg\" alt=\"Internationalen Freundscaftstreffen, Hongen 2002 017\" width=\"300\" height=\"225\" \/><\/a><\/p>\n<p style=\"text-align: center;\">Balancebogenschiessen<\/p>\n<p>Ebenfalls nahmen die belgischen G\u00e4ste am traditionellen Ostereierschie\u00dfen teil. Hier wurden drei Diziplinen angeboten. Luftgewehr mit Biathlon, Armbrust und Kleinkaliber sowie die Dorfmeisterschaft als Triathlon. Hier ging es darum an den beiden Tagen den Schie\u00dfsport der H\u00f6ngener Bev\u00f6lkerung und die Leistungsf\u00e4higkeit der Sch\u00fctzenbruderschaft, so Sch\u00fctzenmeister Berthold Conen, n\u00e4her zu bringen. Die zahlreichen Aktivit\u00e4ten des Vereinsleben wurde hier durch eine Bilderausstellung dokomentiert. Besonders stolz sei man darauf, das die Sch\u00fclermannschaft die Dekanatsstandarte und den Dekanatswanderpokal beim diesj\u00e4hrigen Dekanatsjungsch\u00fctzentag in Breberen erringen konnten. In den Rundenwettk\u00e4mpfen und bei der Bezirkmeisterschaft konnte man in den Einzel- und Mannschaftswettbewerben ebenfalls vordere Pl\u00e4tze erringen. Die gute Jugendarbeit zeige nun langsam ihre Fr\u00fcchte. Mit der Resonance beim Ostereierschie\u00dfen konnte man recht zufrieden sein, wobei 2000 Eier den Besitzer wechselten. Dorfmeister wurde Thomas Geradts.<\/p>\n<p>&nbsp;<\/p>\n","protected":false},"excerpt":{"rendered":"<p>Um die &#8221; Brabantische K\u00f6nigsw\u00fcrde &#8220; &nbsp; Im Rahmen des Ostereierschie\u00dfens konnte man am Wochenende vor Ostern den Vorstand des Belgischen Convents in der Sint Jan Sch\u00fctzenhalle zum Fr\u00fchst\u00fcck begr\u00fcssen, mit dem man an diesem Sonntagmorgen die Einzelheiten f\u00fcr das Freundschafttreffen absprach und die \u00d6rtlichkeiten, f\u00fcr die einzelnen Schie\u00dfwettbewerbe, besichtigte. Kirmes in H\u00f6ngen wird zum &hellip; <a href=\"https:\/\/schuetzen-hoengen.de\/index.php\/historisches\/internationales-freundschaftstreffen\/\" class=\"more-link\"><span class=\"screen-reader-text\">Besuch des Belgischen Convents zur Vorbereitung 2. Internationales Sch\u00fctzentreffen<\/span> weiterlesen <span class=\"meta-nav\">&rarr;<\/span><\/a><\/p>\n","protected":false},"author":2,"featured_media":0,"parent":42,"menu_order":0,"comment_status":"closed","ping_status":"closed","template":"","meta":{"footnotes":""},"_links":{"self":[{"href":"https:\/\/schuetzen-hoengen.de\/index.php\/wp-json\/wp\/v2\/pages\/1809"}],"collection":[{"href":"https:\/\/schuetzen-hoengen.de\/index.php\/wp-json\/wp\/v2\/pages"}],"about":[{"href":"https:\/\/schuetzen-hoengen.de\/index.php\/wp-json\/wp\/v2\/types\/page"}],"author":[{"embeddable":true,"href":"https:\/\/schuetzen-hoengen.de\/index.php\/wp-json\/wp\/v2\/users\/2"}],"replies":[{"embeddable":true,"href":"https:\/\/schuetzen-hoengen.de\/index.php\/wp-json\/wp\/v2\/comments?post=1809"}],"version-history":[{"count":13,"href":"https:\/\/schuetzen-hoengen.de\/index.php\/wp-json\/wp\/v2\/pages\/1809\/revisions"}],"predecessor-version":[{"id":4757,"href":"https:\/\/schuetzen-hoengen.de\/index.php\/wp-json\/wp\/v2\/pages\/1809\/revisions\/4757"}],"up":[{"embeddable":true,"href":"https:\/\/schuetzen-hoengen.de\/index.php\/wp-json\/wp\/v2\/pages\/42"}],"wp:attachment":[{"href":"https:\/\/schuetzen-hoengen.de\/index.php\/wp-json\/wp\/v2\/media?parent=1809"}],"curies":[{"name":"wp","href":"https:\/\/api.w.org\/{rel}","templated":true}]}}