{"id":1958,"date":"2016-02-24T09:24:46","date_gmt":"2016-02-24T08:24:46","guid":{"rendered":"http:\/\/www.schuetzen-hoengen.de\/?page_id=1958"},"modified":"2016-12-09T17:38:46","modified_gmt":"2016-12-09T16:38:46","slug":"tischtennisortsturnier","status":"publish","type":"page","link":"https:\/\/schuetzen-hoengen.de\/index.php\/veranstaltungen-2\/veranstaltungen-2016\/tischtennisortsturnier\/","title":{"rendered":"Tischtennisortsturnier"},"content":{"rendered":"<p><strong>KC Vreegelsk\u00f6pp gewinnt erneut das Tischtennisortsturnier des TTC H\u00f6ngen<\/strong><\/p>\n<p><strong>Kegelclub an der gr\u00fcnen Platte nicht zu schlagen <\/strong><\/p>\n<p>Die H\u00f6ngener Ortsvereine, Kegelclubs und Hobbymannschaften stellten ihre Schnibbel- und Schmetterk\u00fcnste beim traditionellen Tischtennisortsturnier des TTC H\u00f6ngen \u00a0unter Beweis.<\/p>\n<p>Am Samstag, den 20. Februar 2016 nahmen f\u00fcnf Mannschaften teil, die in der Gruppenphase im Prinzip Jeder-gegen-Jeden die beiden Finalteilnehmer KC Vreegelsk\u00f6pp und Alte Herren des SV Selfkantia H\u00f6ngen ermittelten. Die Sch\u00fctzenbruderschaft H\u00f6ngen, das Trommler-, Pfeifer- und Fanfarencorps H\u00f6ngen sowie der Tennisclub Freizeitspass H\u00f6ngen wurden auf die weiteren Pl\u00e4tze verwiesen.<\/p>\n<p>Im Anschluss an die Siegerehrung wurde beim geselligen Beisammensein, der eine oder andere Ball besprochen, bevor man beim Auseinandergehen sich fest f\u00fcr das n\u00e4chste Jahr verabredete.<\/p>\n<p>( Bericht Verein )<\/p>\n<p>&nbsp;<\/p>\n","protected":false},"excerpt":{"rendered":"<p>KC Vreegelsk\u00f6pp gewinnt erneut das Tischtennisortsturnier des TTC H\u00f6ngen Kegelclub an der gr\u00fcnen Platte nicht zu schlagen Die H\u00f6ngener Ortsvereine, Kegelclubs und Hobbymannschaften stellten ihre Schnibbel- und Schmetterk\u00fcnste beim traditionellen Tischtennisortsturnier des TTC H\u00f6ngen \u00a0unter Beweis. Am Samstag, den 20. Februar 2016 nahmen f\u00fcnf Mannschaften teil, die in der Gruppenphase im Prinzip Jeder-gegen-Jeden die beiden &hellip; <a href=\"https:\/\/schuetzen-hoengen.de\/index.php\/veranstaltungen-2\/veranstaltungen-2016\/tischtennisortsturnier\/\" class=\"more-link\"><span class=\"screen-reader-text\">Tischtennisortsturnier<\/span> weiterlesen <span class=\"meta-nav\">&rarr;<\/span><\/a><\/p>\n","protected":false},"author":2,"featured_media":0,"parent":1789,"menu_order":0,"comment_status":"closed","ping_status":"closed","template":"","meta":{"footnotes":""},"_links":{"self":[{"href":"https:\/\/schuetzen-hoengen.de\/index.php\/wp-json\/wp\/v2\/pages\/1958"}],"collection":[{"href":"https:\/\/schuetzen-hoengen.de\/index.php\/wp-json\/wp\/v2\/pages"}],"about":[{"href":"https:\/\/schuetzen-hoengen.de\/index.php\/wp-json\/wp\/v2\/types\/page"}],"author":[{"embeddable":true,"href":"https:\/\/schuetzen-hoengen.de\/index.php\/wp-json\/wp\/v2\/users\/2"}],"replies":[{"embeddable":true,"href":"https:\/\/schuetzen-hoengen.de\/index.php\/wp-json\/wp\/v2\/comments?post=1958"}],"version-history":[{"count":13,"href":"https:\/\/schuetzen-hoengen.de\/index.php\/wp-json\/wp\/v2\/pages\/1958\/revisions"}],"predecessor-version":[{"id":5517,"href":"https:\/\/schuetzen-hoengen.de\/index.php\/wp-json\/wp\/v2\/pages\/1958\/revisions\/5517"}],"up":[{"embeddable":true,"href":"https:\/\/schuetzen-hoengen.de\/index.php\/wp-json\/wp\/v2\/pages\/1789"}],"wp:attachment":[{"href":"https:\/\/schuetzen-hoengen.de\/index.php\/wp-json\/wp\/v2\/media?parent=1958"}],"curies":[{"name":"wp","href":"https:\/\/api.w.org\/{rel}","templated":true}]}}