{"id":2121,"date":"2016-03-08T12:31:08","date_gmt":"2016-03-08T11:31:08","guid":{"rendered":"http:\/\/www.schuetzen-hoengen.de\/?page_id=2121"},"modified":"2017-01-16T18:14:19","modified_gmt":"2017-01-16T17:14:19","slug":"einladung-bosselturnier","status":"publish","type":"page","link":"https:\/\/schuetzen-hoengen.de\/index.php\/aktuelles\/einladung-bosselturnier\/","title":{"rendered":"Het Bosselturnier"},"content":{"rendered":"<h3 style=\"text-align: center;\"><span style=\"color: #000000;\">Im Rahmen 500 Jahre<br \/>\nDeutsches Reinheitsgebot von 1516<br \/>\npr\u00e4sentieren wir <\/span><\/h3>\n<h3 style=\"text-align: center;\"><a href=\"http:\/\/www.schuetzen-hoengen.de\/wp-content\/uploads\/2016\/04\/Bitburger-Copy.jpg\" data-rel=\"lightbox-image-0\" data-rl_title=\"\" data-rl_caption=\"\" title=\"\"><img loading=\"lazy\" decoding=\"async\" class=\" wp-image-5331 aligncenter\" src=\"http:\/\/www.schuetzen-hoengen.de\/wp-content\/uploads\/2016\/04\/Bitburger-Copy-300x244.jpg\" alt=\"bitburger-copy\" width=\"214\" height=\"174\" srcset=\"https:\/\/schuetzen-hoengen.de\/wp-content\/uploads\/2016\/04\/Bitburger-Copy-300x244.jpg 300w, https:\/\/schuetzen-hoengen.de\/wp-content\/uploads\/2016\/04\/Bitburger-Copy.jpg 738w\" sizes=\"(max-width: 214px) 100vw, 214px\" \/><\/a>das 6. Bosselturnier in H\u00f6ngen mit<\/h3>\n<h3 style=\"text-align: center;\"><span style=\"color: #000000;\">Hauptsache Ihr habt Spa\u00df!!!!<\/span><\/h3>\n<hr \/>\n<h4 style=\"text-align: center;\"><span style=\"color: #008000;\"><em>Gedanken an einen unvergesslichen Tag<\/em><\/span><\/h4>\n<p><span style=\"color: #000000;\">Ein Jahr ist wieder einmal vorbei und die Zeit zum Bosseln ist gekommen. Wackere Gef\u00e4hrten machen sich auf den Weg, bewaffnet mit Bollerwagen, k\u00fchlen Getr\u00e4nken und Kugeln den H\u00f6ngener Wilden Westen zu erkunden. Vorbei an Wallfahrtsorten, Altersresidenzen, durch den Buchenhain &#8211; der zum Verweilen einl\u00e4dt &#8211; \u00fcber historische Br\u00fccken ( naja so historisch ja auch gerade nicht \u2013 eher schlicht und unscheinbar ), am Wildbach vorbei &#8211; den man bei Bedarf &#8211; barf\u00fc\u00dfig erkunden kann ( Ung\u00fcnstige Lage der Kugel ).<\/span><br \/>\n<span style=\"color: #000000;\">Auf dem R\u00fcckweg durch den Pfad des Klosters sind wir dann wieder froh, nach Strapazen, Entbehrungen, unvorhersehbaren Ereignissen, aber auch unvergesslichen Eindr\u00fccken endlich die \u201eNeue Stadt\u201c erreicht zu haben, wo wir in die Zivilisation zur\u00fcckkehren. <\/span><br \/>\n<span style=\"color: #000000;\">In den R\u00e4umlichkeiten der hiesigen Dorfverteidiger trifft man sich bei Musik, guter Laune &#8211; gest\u00e4rkt durch eine z\u00fcnftige Gulaschsuppe &#8211; um den Tag bei einem k\u00fchlen Glas Bier gem\u00fctlich ausklingen zu lassen.<\/span><br \/>\n<span style=\"color: #000000;\">Wer sich diesem, nicht ganz ernst zu nehmenden Wettkampf, nicht stellen m\u00f6chte, kommt am sp\u00e4ten Nachmittag einfach vorbei, wo dann, ab ca. 16:00 Uhr, die ersten Heimkehrer erwartet werden.<\/span><br \/>\n<span style=\"color: #000000;\">Achtung Weggef\u00e4hrten: K\u00fchltasche und Handtuch ( Bachbegehung ) nicht vergessen.<\/span><br \/>\n<span style=\"color: #000000;\">Das beste Bosselteam Damen \u2013 Herren erh\u00e4lt nat\u00fcrlich einen Pokal<\/span><\/p>\n<p>Euer Bossel Team<\/p>\n<p>&nbsp;<\/p>\n<div class=\"articleDetailHeader\">\n<h1 class=\"articleDetailTitle\">Bo\u00dfelturnier 2011<\/h1>\n<div class=\"articleDetailInfo\"><\/div>\n<\/div>\n<div class=\"articleDetailText\">\n<p><strong>Dieser Bericht verdient mehr als eine \u00dcberschrift\u2026<\/strong><\/p>\n<p>Eine langweilige\u2026 \u201eBo\u00dfelturnier 2011\u201c<\/p>\n<p>Eine nette\u2026 \u201eIch freue mich auf einen sch\u00f6nen Nachmittag mit Harald, Willi und Arno\u201c<\/p>\n<p>Eine kuriose\u2026 \u201eGottfried E. aus H. im S. auf Kneiptour oder als Perlentaucher\u201c<\/p>\n<p>Eine medizinische&#8230; &#8220;Nesselkur frei Haus&#8221;<\/p>\n<p>Eine geographische\u2026 \u201eHier sind wir noch nie gelaufen!\u201c<\/p>\n<p>Eine ehrliche\u2026 \u201eWo liegt die Kugel von den Sch\u00fctzen? \u2013 Im Gr\u00fcnen nat\u00fcrlich\u201c<\/p>\n<p>Eine seri\u00f6se\u2026 \u201eWilli Houben Bo\u00dfelgott&#8221;<\/p>\n<p>&nbsp;<\/p>\n<p>Und damit ist eigentlich auch schon alles gesagt, zum 1. H\u00f6ngener Bo\u00dfelturnier. Das H\u00f6ngener \u201eDriegeschaar\u201c hatte sich mit Steuerfrau und Gl\u00fcckbringer p\u00fcnktlich in der Sch\u00fctzenhalle eingefunden. Mit Bier, Bowlingkugel und Bollerwagen ging es auf gro\u00dfe Reise Richtung Feld, Wald und Wiese.<\/p>\n<p><img decoding=\"async\" src=\"http:\/\/www.tpfc.de\/images\/website\/aktuell\/PICT3419.jpg\" alt=\"\" \/><\/p>\n<p>Die ersten W\u00fcrfe waren getan und die Kugel lief und lief und lief. Den ersten spektakul\u00e4ren Wurf leistete sich Gottfried, er nahm \u00a0einen langen Anlauf, holte weit aus und lie\u00df die gr\u00fcne Bowlingkugel vor seine F\u00fc\u00dfe fallen. Upps, aber auch dieser Wurf z\u00e4hlte und zwei W\u00fcrfe weiter mu\u00dfte Ina das erste Mal ins Maisfeld. Aber kein Problem, Ina hatte an diesem Nachmittag mehr als einmal die rote Kugel aus dem Gr\u00fcnen geholt.<\/p>\n<p>Wiederrum war es Gottfried, der diesmal mit einem gekonnten Kurvenwurf die Kugel um die kleine Kapelle am Wald warf.<\/p>\n<p>Erst hinter dem Altenheim (da f\u00e4llt mir gerade ein Witz ein\u2026) wurde die Sache wieder interessant. De B\u00e4\u00e4k nahte. Hatte doch jeder Angst, als erster Spieler die Kugel aus dem k\u00fchlen Nass zu holen.<\/p>\n<p>Nachdem die rote Kugel unter schallendem Gel\u00e4chter der Sch\u00fctzen im Graben landete, bewahrheitete sich sofort der Spruch, wer zuletzt lacht, lacht am besten, denn die gr\u00fcne Kugel rollte und rollte und rollte und verschwand mit einem lauten Blubb im Saeffelbach.<\/p>\n<p><img decoding=\"async\" src=\"http:\/\/www.tpfc.de\/images\/PICT3412.jpg\" alt=\"\" \/>\u00a0\u00a0\u00a0\u00a0\u00a0\u00a0\u00a0\u00a0\u00a0 <img decoding=\"async\" src=\"http:\/\/www.tpfc.de\/images\/PICT3430.jpg\" alt=\"\" \/><\/p>\n<p>Da die Strecke nun parallel zum Saeffelbach verlief sei gesagt, wir haben kein Loch, keine Jauchegrube und keine Stromschnelle ausgelassen. Den Vogel hat jedoch Berthold abgeschossen. Clever wollte er sein und das Ende von Lied war, da\u00df er in de B\u00e4\u00e4k mu\u00dfte, um die rote Kugel wiederauszuholen. Er hatte sie mit dem Fu\u00df aus dem Weg r\u00e4umen wollen und die Kugel rollte und rollte und rollte und Blubb\u2026 einmal gratis Kneipen f\u00fcr Berthold. (Wer anderen eine Grube\u2026 ihr wi\u00dft schon).<\/p>\n<p>Mittlerweile hatte der Regen eingesetzt, aber das hinderte uns nicht daran bis zum bitteren Ende durchzuhalten.<\/p>\n<p><img decoding=\"async\" src=\"http:\/\/www.tpfc.de\/images\/website\/aktuell\/PICT3446.jpg\" alt=\"\" \/>\u00a0 <img decoding=\"async\" src=\"http:\/\/www.tpfc.de\/images\/website\/aktuell\/PICT3443.jpg\" alt=\"\" \/>\u00a0 <img decoding=\"async\" src=\"http:\/\/www.tpfc.de\/images\/website\/aktuell\/PICT3448.jpg\" alt=\"\" \/><\/p>\n<p>Mit ca. 125 W\u00fcrfen erreichten wir na\u00df, aber nach einem sehr gelungenen Nachmittag das Ziel. Die Platzierung war uns ganz egal, wir hatten unseren Spa\u00df und sind im n\u00e4chsten Jahr wieder dabei.<\/p>\n<p>Und hier noch einmal der Schlachtruf des Driegeschaar mit Steuerfrau\u2026 \u201eWilli Houben Bo\u00dfelgott\u201c.<\/p>\n<p><img decoding=\"async\" src=\"http:\/\/www.tpfc.de\/images\/website\/aktuell\/PICT3421.jpg\" alt=\"\" \/><\/p>\n<\/div>\n<div id=\"jc\">\u00a0Bericht und Bilder Trommler- Pfeifer- und Fanfarencorps H\u00f6ngen<\/div>\n","protected":false},"excerpt":{"rendered":"<p>Im Rahmen 500 Jahre Deutsches Reinheitsgebot von 1516 pr\u00e4sentieren wir das 6. Bosselturnier in H\u00f6ngen mit Hauptsache Ihr habt Spa\u00df!!!! Gedanken an einen unvergesslichen Tag Ein Jahr ist wieder einmal vorbei und die Zeit zum Bosseln ist gekommen. Wackere Gef\u00e4hrten machen sich auf den Weg, bewaffnet mit Bollerwagen, k\u00fchlen Getr\u00e4nken und Kugeln den H\u00f6ngener Wilden &hellip; <a href=\"https:\/\/schuetzen-hoengen.de\/index.php\/aktuelles\/einladung-bosselturnier\/\" class=\"more-link\"><span class=\"screen-reader-text\">Het Bosselturnier<\/span> weiterlesen <span class=\"meta-nav\">&rarr;<\/span><\/a><\/p>\n","protected":false},"author":2,"featured_media":0,"parent":38,"menu_order":0,"comment_status":"closed","ping_status":"closed","template":"","meta":{"footnotes":""},"_links":{"self":[{"href":"https:\/\/schuetzen-hoengen.de\/index.php\/wp-json\/wp\/v2\/pages\/2121"}],"collection":[{"href":"https:\/\/schuetzen-hoengen.de\/index.php\/wp-json\/wp\/v2\/pages"}],"about":[{"href":"https:\/\/schuetzen-hoengen.de\/index.php\/wp-json\/wp\/v2\/types\/page"}],"author":[{"embeddable":true,"href":"https:\/\/schuetzen-hoengen.de\/index.php\/wp-json\/wp\/v2\/users\/2"}],"replies":[{"embeddable":true,"href":"https:\/\/schuetzen-hoengen.de\/index.php\/wp-json\/wp\/v2\/comments?post=2121"}],"version-history":[{"count":29,"href":"https:\/\/schuetzen-hoengen.de\/index.php\/wp-json\/wp\/v2\/pages\/2121\/revisions"}],"predecessor-version":[{"id":6761,"href":"https:\/\/schuetzen-hoengen.de\/index.php\/wp-json\/wp\/v2\/pages\/2121\/revisions\/6761"}],"up":[{"embeddable":true,"href":"https:\/\/schuetzen-hoengen.de\/index.php\/wp-json\/wp\/v2\/pages\/38"}],"wp:attachment":[{"href":"https:\/\/schuetzen-hoengen.de\/index.php\/wp-json\/wp\/v2\/media?parent=2121"}],"curies":[{"name":"wp","href":"https:\/\/api.w.org\/{rel}","templated":true}]}}