{"id":3672,"date":"2016-05-20T04:13:52","date_gmt":"2016-05-20T02:13:52","guid":{"rendered":"http:\/\/www.schuetzen-hoengen.de\/?page_id=3672"},"modified":"2017-01-21T11:40:47","modified_gmt":"2017-01-21T10:40:47","slug":"5-2-2-westerholzerstrasse","status":"publish","type":"page","link":"https:\/\/schuetzen-hoengen.de\/index.php\/fotogalerie\/5-2-2-westerholzerstrasse\/","title":{"rendered":"5.2.2 Westerholzerstra\u00dfe"},"content":{"rendered":"<p>&nbsp;<\/p>\n<p><a href=\"http:\/\/www.schuetzen-hoengen.de\/wp-content\/uploads\/2016\/05\/IMG_4059_Bildgr\u00f6\u00dfe-\u00e4ndern-Copy.jpg\" data-rel=\"lightbox-image-0\" data-rl_title=\"\" data-rl_caption=\"\" title=\"\"><img loading=\"lazy\" decoding=\"async\" class=\"alignnone size-medium wp-image-7161\" src=\"http:\/\/www.schuetzen-hoengen.de\/wp-content\/uploads\/2016\/05\/IMG_4059_Bildgr\u00f6\u00dfe-\u00e4ndern-Copy-300x200.jpg\" alt=\"\" width=\"300\" height=\"200\" srcset=\"https:\/\/schuetzen-hoengen.de\/wp-content\/uploads\/2016\/05\/IMG_4059_Bildgr\u00f6\u00dfe-\u00e4ndern-Copy-300x200.jpg 300w, https:\/\/schuetzen-hoengen.de\/wp-content\/uploads\/2016\/05\/IMG_4059_Bildgr\u00f6\u00dfe-\u00e4ndern-Copy-768x513.jpg 768w, https:\/\/schuetzen-hoengen.de\/wp-content\/uploads\/2016\/05\/IMG_4059_Bildgr\u00f6\u00dfe-\u00e4ndern-Copy.jpg 800w\" sizes=\"(max-width: 300px) 100vw, 300px\" \/><\/a><\/p>\n<p><a href=\"http:\/\/www.schuetzen-hoengen.de\/wp-content\/uploads\/2016\/05\/IMG_4129_Bildgr\u00f6\u00dfe-\u00e4ndern-Copy.jpg\" data-rel=\"lightbox-image-1\" data-rl_title=\"\" data-rl_caption=\"\" title=\"\"><img loading=\"lazy\" decoding=\"async\" class=\"alignnone size-medium wp-image-7162\" src=\"http:\/\/www.schuetzen-hoengen.de\/wp-content\/uploads\/2016\/05\/IMG_4129_Bildgr\u00f6\u00dfe-\u00e4ndern-Copy-300x200.jpg\" alt=\"\" width=\"300\" height=\"200\" srcset=\"https:\/\/schuetzen-hoengen.de\/wp-content\/uploads\/2016\/05\/IMG_4129_Bildgr\u00f6\u00dfe-\u00e4ndern-Copy-300x200.jpg 300w, https:\/\/schuetzen-hoengen.de\/wp-content\/uploads\/2016\/05\/IMG_4129_Bildgr\u00f6\u00dfe-\u00e4ndern-Copy-768x513.jpg 768w, https:\/\/schuetzen-hoengen.de\/wp-content\/uploads\/2016\/05\/IMG_4129_Bildgr\u00f6\u00dfe-\u00e4ndern-Copy.jpg 800w\" sizes=\"(max-width: 300px) 100vw, 300px\" \/><\/a><\/p>\n<p><a href=\"http:\/\/www.schuetzen-hoengen.de\/wp-content\/uploads\/2016\/05\/IMG_4132_Bildgr\u00f6\u00dfe-\u00e4ndern-Copy.jpg\" data-rel=\"lightbox-image-2\" data-rl_title=\"\" data-rl_caption=\"\" title=\"\"><img loading=\"lazy\" decoding=\"async\" class=\"alignnone size-medium wp-image-7163\" src=\"http:\/\/www.schuetzen-hoengen.de\/wp-content\/uploads\/2016\/05\/IMG_4132_Bildgr\u00f6\u00dfe-\u00e4ndern-Copy-300x200.jpg\" alt=\"\" width=\"300\" height=\"200\" srcset=\"https:\/\/schuetzen-hoengen.de\/wp-content\/uploads\/2016\/05\/IMG_4132_Bildgr\u00f6\u00dfe-\u00e4ndern-Copy-300x200.jpg 300w, https:\/\/schuetzen-hoengen.de\/wp-content\/uploads\/2016\/05\/IMG_4132_Bildgr\u00f6\u00dfe-\u00e4ndern-Copy-768x513.jpg 768w, https:\/\/schuetzen-hoengen.de\/wp-content\/uploads\/2016\/05\/IMG_4132_Bildgr\u00f6\u00dfe-\u00e4ndern-Copy.jpg 800w\" sizes=\"(max-width: 300px) 100vw, 300px\" \/><\/a><\/p>\n<p><a href=\"http:\/\/www.schuetzen-hoengen.de\/wp-content\/uploads\/2016\/05\/IMG_4135_Bildgr\u00f6\u00dfe-\u00e4ndern-Copy.jpg\" data-rel=\"lightbox-image-3\" data-rl_title=\"\" data-rl_caption=\"\" title=\"\"><img loading=\"lazy\" decoding=\"async\" class=\"alignnone size-medium wp-image-7164\" src=\"http:\/\/www.schuetzen-hoengen.de\/wp-content\/uploads\/2016\/05\/IMG_4135_Bildgr\u00f6\u00dfe-\u00e4ndern-Copy-300x200.jpg\" alt=\"\" width=\"300\" height=\"200\" srcset=\"https:\/\/schuetzen-hoengen.de\/wp-content\/uploads\/2016\/05\/IMG_4135_Bildgr\u00f6\u00dfe-\u00e4ndern-Copy-300x200.jpg 300w, https:\/\/schuetzen-hoengen.de\/wp-content\/uploads\/2016\/05\/IMG_4135_Bildgr\u00f6\u00dfe-\u00e4ndern-Copy-768x513.jpg 768w, https:\/\/schuetzen-hoengen.de\/wp-content\/uploads\/2016\/05\/IMG_4135_Bildgr\u00f6\u00dfe-\u00e4ndern-Copy.jpg 800w\" sizes=\"(max-width: 300px) 100vw, 300px\" \/><\/a><\/p>\n<p><a href=\"http:\/\/www.schuetzen-hoengen.de\/wp-content\/uploads\/2016\/05\/IMG_4139_Bildgr\u00f6\u00dfe-\u00e4ndern-Copy.jpg\" data-rel=\"lightbox-image-4\" data-rl_title=\"\" data-rl_caption=\"\" title=\"\"><img loading=\"lazy\" decoding=\"async\" class=\"alignnone size-medium wp-image-7165\" src=\"http:\/\/www.schuetzen-hoengen.de\/wp-content\/uploads\/2016\/05\/IMG_4139_Bildgr\u00f6\u00dfe-\u00e4ndern-Copy-300x200.jpg\" alt=\"\" width=\"300\" height=\"200\" srcset=\"https:\/\/schuetzen-hoengen.de\/wp-content\/uploads\/2016\/05\/IMG_4139_Bildgr\u00f6\u00dfe-\u00e4ndern-Copy-300x200.jpg 300w, https:\/\/schuetzen-hoengen.de\/wp-content\/uploads\/2016\/05\/IMG_4139_Bildgr\u00f6\u00dfe-\u00e4ndern-Copy-768x513.jpg 768w, https:\/\/schuetzen-hoengen.de\/wp-content\/uploads\/2016\/05\/IMG_4139_Bildgr\u00f6\u00dfe-\u00e4ndern-Copy.jpg 800w\" sizes=\"(max-width: 300px) 100vw, 300px\" \/><\/a><\/p>\n<p><a href=\"http:\/\/www.schuetzen-hoengen.de\/wp-content\/uploads\/2016\/05\/IMG_4140_Bildgr\u00f6\u00dfe-\u00e4ndern-Copy.jpg\" data-rel=\"lightbox-image-5\" data-rl_title=\"\" data-rl_caption=\"\" title=\"\"><img loading=\"lazy\" decoding=\"async\" class=\"alignnone size-medium wp-image-7166\" src=\"http:\/\/www.schuetzen-hoengen.de\/wp-content\/uploads\/2016\/05\/IMG_4140_Bildgr\u00f6\u00dfe-\u00e4ndern-Copy-300x200.jpg\" alt=\"\" width=\"300\" height=\"200\" srcset=\"https:\/\/schuetzen-hoengen.de\/wp-content\/uploads\/2016\/05\/IMG_4140_Bildgr\u00f6\u00dfe-\u00e4ndern-Copy-300x200.jpg 300w, https:\/\/schuetzen-hoengen.de\/wp-content\/uploads\/2016\/05\/IMG_4140_Bildgr\u00f6\u00dfe-\u00e4ndern-Copy-768x513.jpg 768w, https:\/\/schuetzen-hoengen.de\/wp-content\/uploads\/2016\/05\/IMG_4140_Bildgr\u00f6\u00dfe-\u00e4ndern-Copy.jpg 800w\" sizes=\"(max-width: 300px) 100vw, 300px\" \/><\/a><\/p>\n<p><a href=\"http:\/\/www.schuetzen-hoengen.de\/wp-content\/uploads\/2016\/05\/IMG_4142_Bildgr\u00f6\u00dfe-\u00e4ndern-Copy.jpg\" data-rel=\"lightbox-image-6\" data-rl_title=\"\" data-rl_caption=\"\" title=\"\"><img loading=\"lazy\" decoding=\"async\" class=\"alignnone size-medium wp-image-7167\" src=\"http:\/\/www.schuetzen-hoengen.de\/wp-content\/uploads\/2016\/05\/IMG_4142_Bildgr\u00f6\u00dfe-\u00e4ndern-Copy-300x200.jpg\" alt=\"\" width=\"300\" height=\"200\" srcset=\"https:\/\/schuetzen-hoengen.de\/wp-content\/uploads\/2016\/05\/IMG_4142_Bildgr\u00f6\u00dfe-\u00e4ndern-Copy-300x200.jpg 300w, https:\/\/schuetzen-hoengen.de\/wp-content\/uploads\/2016\/05\/IMG_4142_Bildgr\u00f6\u00dfe-\u00e4ndern-Copy-768x513.jpg 768w, https:\/\/schuetzen-hoengen.de\/wp-content\/uploads\/2016\/05\/IMG_4142_Bildgr\u00f6\u00dfe-\u00e4ndern-Copy.jpg 800w\" sizes=\"(max-width: 300px) 100vw, 300px\" \/><\/a><\/p>\n<p><a href=\"http:\/\/www.schuetzen-hoengen.de\/wp-content\/uploads\/2016\/05\/IMG_4144_Bildgr\u00f6\u00dfe-\u00e4ndern-Copy.jpg\" data-rel=\"lightbox-image-7\" data-rl_title=\"\" data-rl_caption=\"\" title=\"\"><img loading=\"lazy\" decoding=\"async\" class=\"alignnone size-medium wp-image-7168\" src=\"http:\/\/www.schuetzen-hoengen.de\/wp-content\/uploads\/2016\/05\/IMG_4144_Bildgr\u00f6\u00dfe-\u00e4ndern-Copy-200x300.jpg\" alt=\"\" width=\"200\" height=\"300\" srcset=\"https:\/\/schuetzen-hoengen.de\/wp-content\/uploads\/2016\/05\/IMG_4144_Bildgr\u00f6\u00dfe-\u00e4ndern-Copy-200x300.jpg 200w, https:\/\/schuetzen-hoengen.de\/wp-content\/uploads\/2016\/05\/IMG_4144_Bildgr\u00f6\u00dfe-\u00e4ndern-Copy.jpg 400w\" sizes=\"(max-width: 200px) 100vw, 200px\" \/><\/a><\/p>\n<p><a href=\"http:\/\/www.schuetzen-hoengen.de\/wp-content\/uploads\/2016\/05\/IMG_4146_Bildgr\u00f6\u00dfe-\u00e4ndern-Copy.jpg\" data-rel=\"lightbox-image-8\" data-rl_title=\"\" data-rl_caption=\"\" title=\"\"><img loading=\"lazy\" decoding=\"async\" class=\"alignnone size-medium wp-image-7169\" src=\"http:\/\/www.schuetzen-hoengen.de\/wp-content\/uploads\/2016\/05\/IMG_4146_Bildgr\u00f6\u00dfe-\u00e4ndern-Copy-300x200.jpg\" alt=\"\" width=\"300\" height=\"200\" srcset=\"https:\/\/schuetzen-hoengen.de\/wp-content\/uploads\/2016\/05\/IMG_4146_Bildgr\u00f6\u00dfe-\u00e4ndern-Copy-300x200.jpg 300w, https:\/\/schuetzen-hoengen.de\/wp-content\/uploads\/2016\/05\/IMG_4146_Bildgr\u00f6\u00dfe-\u00e4ndern-Copy-768x513.jpg 768w, https:\/\/schuetzen-hoengen.de\/wp-content\/uploads\/2016\/05\/IMG_4146_Bildgr\u00f6\u00dfe-\u00e4ndern-Copy.jpg 800w\" sizes=\"(max-width: 300px) 100vw, 300px\" \/><\/a><\/p>\n<p><a href=\"http:\/\/www.schuetzen-hoengen.de\/wp-content\/uploads\/2016\/05\/IMG_4149_Bildgr\u00f6\u00dfe-\u00e4ndern-Copy.jpg\" data-rel=\"lightbox-image-9\" data-rl_title=\"\" data-rl_caption=\"\" title=\"\"><img loading=\"lazy\" decoding=\"async\" class=\"alignnone size-medium wp-image-7170\" src=\"http:\/\/www.schuetzen-hoengen.de\/wp-content\/uploads\/2016\/05\/IMG_4149_Bildgr\u00f6\u00dfe-\u00e4ndern-Copy-300x200.jpg\" alt=\"\" width=\"300\" height=\"200\" srcset=\"https:\/\/schuetzen-hoengen.de\/wp-content\/uploads\/2016\/05\/IMG_4149_Bildgr\u00f6\u00dfe-\u00e4ndern-Copy-300x200.jpg 300w, https:\/\/schuetzen-hoengen.de\/wp-content\/uploads\/2016\/05\/IMG_4149_Bildgr\u00f6\u00dfe-\u00e4ndern-Copy-768x513.jpg 768w, https:\/\/schuetzen-hoengen.de\/wp-content\/uploads\/2016\/05\/IMG_4149_Bildgr\u00f6\u00dfe-\u00e4ndern-Copy.jpg 800w\" sizes=\"(max-width: 300px) 100vw, 300px\" \/><\/a><\/p>\n<p><a href=\"http:\/\/www.schuetzen-hoengen.de\/wp-content\/uploads\/2016\/05\/IMG_4158_Bildgr\u00f6\u00dfe-\u00e4ndern-Copy.jpg\" data-rel=\"lightbox-image-10\" data-rl_title=\"\" data-rl_caption=\"\" title=\"\"><img loading=\"lazy\" decoding=\"async\" class=\"alignnone size-medium wp-image-7171\" src=\"http:\/\/www.schuetzen-hoengen.de\/wp-content\/uploads\/2016\/05\/IMG_4158_Bildgr\u00f6\u00dfe-\u00e4ndern-Copy-300x200.jpg\" alt=\"\" width=\"300\" height=\"200\" srcset=\"https:\/\/schuetzen-hoengen.de\/wp-content\/uploads\/2016\/05\/IMG_4158_Bildgr\u00f6\u00dfe-\u00e4ndern-Copy-300x200.jpg 300w, https:\/\/schuetzen-hoengen.de\/wp-content\/uploads\/2016\/05\/IMG_4158_Bildgr\u00f6\u00dfe-\u00e4ndern-Copy-768x513.jpg 768w, https:\/\/schuetzen-hoengen.de\/wp-content\/uploads\/2016\/05\/IMG_4158_Bildgr\u00f6\u00dfe-\u00e4ndern-Copy.jpg 800w\" sizes=\"(max-width: 300px) 100vw, 300px\" \/><\/a><\/p>\n<p><a href=\"http:\/\/www.schuetzen-hoengen.de\/wp-content\/uploads\/2016\/05\/IMG_4160_Bildgr\u00f6\u00dfe-\u00e4ndern-Copy.jpg\" data-rel=\"lightbox-image-11\" data-rl_title=\"\" data-rl_caption=\"\" title=\"\"><img loading=\"lazy\" decoding=\"async\" class=\"alignnone size-medium wp-image-7172\" src=\"http:\/\/www.schuetzen-hoengen.de\/wp-content\/uploads\/2016\/05\/IMG_4160_Bildgr\u00f6\u00dfe-\u00e4ndern-Copy-300x200.jpg\" alt=\"\" width=\"300\" height=\"200\" srcset=\"https:\/\/schuetzen-hoengen.de\/wp-content\/uploads\/2016\/05\/IMG_4160_Bildgr\u00f6\u00dfe-\u00e4ndern-Copy-300x200.jpg 300w, https:\/\/schuetzen-hoengen.de\/wp-content\/uploads\/2016\/05\/IMG_4160_Bildgr\u00f6\u00dfe-\u00e4ndern-Copy-768x513.jpg 768w, https:\/\/schuetzen-hoengen.de\/wp-content\/uploads\/2016\/05\/IMG_4160_Bildgr\u00f6\u00dfe-\u00e4ndern-Copy.jpg 800w\" sizes=\"(max-width: 300px) 100vw, 300px\" \/><\/a><\/p>\n<p><a href=\"http:\/\/www.schuetzen-hoengen.de\/wp-content\/uploads\/2016\/05\/IMG_4161_Bildgr\u00f6\u00dfe-\u00e4ndern-Copy.jpg\" data-rel=\"lightbox-image-12\" data-rl_title=\"\" data-rl_caption=\"\" title=\"\"><img loading=\"lazy\" decoding=\"async\" class=\"alignnone size-medium wp-image-7173\" src=\"http:\/\/www.schuetzen-hoengen.de\/wp-content\/uploads\/2016\/05\/IMG_4161_Bildgr\u00f6\u00dfe-\u00e4ndern-Copy-300x200.jpg\" alt=\"\" width=\"300\" height=\"200\" srcset=\"https:\/\/schuetzen-hoengen.de\/wp-content\/uploads\/2016\/05\/IMG_4161_Bildgr\u00f6\u00dfe-\u00e4ndern-Copy-300x200.jpg 300w, https:\/\/schuetzen-hoengen.de\/wp-content\/uploads\/2016\/05\/IMG_4161_Bildgr\u00f6\u00dfe-\u00e4ndern-Copy-768x513.jpg 768w, https:\/\/schuetzen-hoengen.de\/wp-content\/uploads\/2016\/05\/IMG_4161_Bildgr\u00f6\u00dfe-\u00e4ndern-Copy.jpg 800w\" sizes=\"(max-width: 300px) 100vw, 300px\" \/><\/a><\/p>\n<p><a href=\"http:\/\/www.schuetzen-hoengen.de\/wp-content\/uploads\/2016\/05\/IMG_4164_Bildgr\u00f6\u00dfe-\u00e4ndern-Copy.jpg\" data-rel=\"lightbox-image-13\" data-rl_title=\"\" data-rl_caption=\"\" title=\"\"><img loading=\"lazy\" decoding=\"async\" class=\"alignnone size-medium wp-image-7174\" src=\"http:\/\/www.schuetzen-hoengen.de\/wp-content\/uploads\/2016\/05\/IMG_4164_Bildgr\u00f6\u00dfe-\u00e4ndern-Copy-300x200.jpg\" alt=\"\" width=\"300\" height=\"200\" srcset=\"https:\/\/schuetzen-hoengen.de\/wp-content\/uploads\/2016\/05\/IMG_4164_Bildgr\u00f6\u00dfe-\u00e4ndern-Copy-300x200.jpg 300w, https:\/\/schuetzen-hoengen.de\/wp-content\/uploads\/2016\/05\/IMG_4164_Bildgr\u00f6\u00dfe-\u00e4ndern-Copy-768x513.jpg 768w, https:\/\/schuetzen-hoengen.de\/wp-content\/uploads\/2016\/05\/IMG_4164_Bildgr\u00f6\u00dfe-\u00e4ndern-Copy.jpg 800w\" sizes=\"(max-width: 300px) 100vw, 300px\" \/><\/a><\/p>\n<p><a href=\"http:\/\/www.schuetzen-hoengen.de\/wp-content\/uploads\/2016\/05\/IMG_4165_Bildgr\u00f6\u00dfe-\u00e4ndern-Copy.jpg\" data-rel=\"lightbox-image-14\" data-rl_title=\"\" data-rl_caption=\"\" title=\"\"><img loading=\"lazy\" decoding=\"async\" class=\"alignnone size-medium wp-image-7175\" src=\"http:\/\/www.schuetzen-hoengen.de\/wp-content\/uploads\/2016\/05\/IMG_4165_Bildgr\u00f6\u00dfe-\u00e4ndern-Copy-300x200.jpg\" alt=\"\" width=\"300\" height=\"200\" srcset=\"https:\/\/schuetzen-hoengen.de\/wp-content\/uploads\/2016\/05\/IMG_4165_Bildgr\u00f6\u00dfe-\u00e4ndern-Copy-300x200.jpg 300w, https:\/\/schuetzen-hoengen.de\/wp-content\/uploads\/2016\/05\/IMG_4165_Bildgr\u00f6\u00dfe-\u00e4ndern-Copy-768x513.jpg 768w, https:\/\/schuetzen-hoengen.de\/wp-content\/uploads\/2016\/05\/IMG_4165_Bildgr\u00f6\u00dfe-\u00e4ndern-Copy.jpg 800w\" sizes=\"(max-width: 300px) 100vw, 300px\" \/><\/a><\/p>\n<p><a href=\"http:\/\/www.schuetzen-hoengen.de\/wp-content\/uploads\/2016\/05\/IMG_4169_Bildgr\u00f6\u00dfe-\u00e4ndern-Copy.jpg\" data-rel=\"lightbox-image-15\" data-rl_title=\"\" data-rl_caption=\"\" title=\"\"><img loading=\"lazy\" decoding=\"async\" class=\"alignnone size-medium wp-image-7176\" src=\"http:\/\/www.schuetzen-hoengen.de\/wp-content\/uploads\/2016\/05\/IMG_4169_Bildgr\u00f6\u00dfe-\u00e4ndern-Copy-300x200.jpg\" alt=\"\" width=\"300\" height=\"200\" srcset=\"https:\/\/schuetzen-hoengen.de\/wp-content\/uploads\/2016\/05\/IMG_4169_Bildgr\u00f6\u00dfe-\u00e4ndern-Copy-300x200.jpg 300w, https:\/\/schuetzen-hoengen.de\/wp-content\/uploads\/2016\/05\/IMG_4169_Bildgr\u00f6\u00dfe-\u00e4ndern-Copy-768x513.jpg 768w, https:\/\/schuetzen-hoengen.de\/wp-content\/uploads\/2016\/05\/IMG_4169_Bildgr\u00f6\u00dfe-\u00e4ndern-Copy.jpg 800w\" sizes=\"(max-width: 300px) 100vw, 300px\" \/><\/a><\/p>\n<p><a href=\"http:\/\/www.schuetzen-hoengen.de\/wp-content\/uploads\/2016\/05\/IMG_4174_Bildgr\u00f6\u00dfe-\u00e4ndern-Copy.jpg\" data-rel=\"lightbox-image-16\" data-rl_title=\"\" data-rl_caption=\"\" title=\"\"><img loading=\"lazy\" decoding=\"async\" class=\"alignnone size-medium wp-image-7177\" src=\"http:\/\/www.schuetzen-hoengen.de\/wp-content\/uploads\/2016\/05\/IMG_4174_Bildgr\u00f6\u00dfe-\u00e4ndern-Copy-300x200.jpg\" alt=\"\" width=\"300\" height=\"200\" srcset=\"https:\/\/schuetzen-hoengen.de\/wp-content\/uploads\/2016\/05\/IMG_4174_Bildgr\u00f6\u00dfe-\u00e4ndern-Copy-300x200.jpg 300w, https:\/\/schuetzen-hoengen.de\/wp-content\/uploads\/2016\/05\/IMG_4174_Bildgr\u00f6\u00dfe-\u00e4ndern-Copy-768x513.jpg 768w, https:\/\/schuetzen-hoengen.de\/wp-content\/uploads\/2016\/05\/IMG_4174_Bildgr\u00f6\u00dfe-\u00e4ndern-Copy.jpg 800w\" sizes=\"(max-width: 300px) 100vw, 300px\" \/><\/a><\/p>\n<p><a href=\"http:\/\/www.schuetzen-hoengen.de\/wp-content\/uploads\/2016\/05\/IMG_4177_Bildgr\u00f6\u00dfe-\u00e4ndern-Copy.jpg\" data-rel=\"lightbox-image-17\" data-rl_title=\"\" data-rl_caption=\"\" title=\"\"><img loading=\"lazy\" decoding=\"async\" class=\"alignnone size-medium wp-image-7178\" src=\"http:\/\/www.schuetzen-hoengen.de\/wp-content\/uploads\/2016\/05\/IMG_4177_Bildgr\u00f6\u00dfe-\u00e4ndern-Copy-300x200.jpg\" alt=\"\" width=\"300\" height=\"200\" srcset=\"https:\/\/schuetzen-hoengen.de\/wp-content\/uploads\/2016\/05\/IMG_4177_Bildgr\u00f6\u00dfe-\u00e4ndern-Copy-300x200.jpg 300w, https:\/\/schuetzen-hoengen.de\/wp-content\/uploads\/2016\/05\/IMG_4177_Bildgr\u00f6\u00dfe-\u00e4ndern-Copy-768x513.jpg 768w, https:\/\/schuetzen-hoengen.de\/wp-content\/uploads\/2016\/05\/IMG_4177_Bildgr\u00f6\u00dfe-\u00e4ndern-Copy.jpg 800w\" sizes=\"(max-width: 300px) 100vw, 300px\" \/><\/a><\/p>\n<p><a href=\"http:\/\/www.schuetzen-hoengen.de\/wp-content\/uploads\/2016\/05\/IMG_4180_Bildgr\u00f6\u00dfe-\u00e4ndern-Copy.jpg\" data-rel=\"lightbox-image-18\" data-rl_title=\"\" data-rl_caption=\"\" title=\"\"><img loading=\"lazy\" decoding=\"async\" class=\"alignnone size-medium wp-image-7179\" src=\"http:\/\/www.schuetzen-hoengen.de\/wp-content\/uploads\/2016\/05\/IMG_4180_Bildgr\u00f6\u00dfe-\u00e4ndern-Copy-300x200.jpg\" alt=\"\" width=\"300\" height=\"200\" srcset=\"https:\/\/schuetzen-hoengen.de\/wp-content\/uploads\/2016\/05\/IMG_4180_Bildgr\u00f6\u00dfe-\u00e4ndern-Copy-300x200.jpg 300w, https:\/\/schuetzen-hoengen.de\/wp-content\/uploads\/2016\/05\/IMG_4180_Bildgr\u00f6\u00dfe-\u00e4ndern-Copy-768x513.jpg 768w, https:\/\/schuetzen-hoengen.de\/wp-content\/uploads\/2016\/05\/IMG_4180_Bildgr\u00f6\u00dfe-\u00e4ndern-Copy.jpg 800w\" sizes=\"(max-width: 300px) 100vw, 300px\" \/><\/a><\/p>\n<p><a href=\"http:\/\/www.schuetzen-hoengen.de\/wp-content\/uploads\/2016\/05\/IMG_4182_Bildgr\u00f6\u00dfe-\u00e4ndern-Copy.jpg\" data-rel=\"lightbox-image-19\" data-rl_title=\"\" data-rl_caption=\"\" title=\"\"><img loading=\"lazy\" decoding=\"async\" class=\"alignnone size-medium wp-image-7180\" src=\"http:\/\/www.schuetzen-hoengen.de\/wp-content\/uploads\/2016\/05\/IMG_4182_Bildgr\u00f6\u00dfe-\u00e4ndern-Copy-300x200.jpg\" alt=\"\" width=\"300\" height=\"200\" srcset=\"https:\/\/schuetzen-hoengen.de\/wp-content\/uploads\/2016\/05\/IMG_4182_Bildgr\u00f6\u00dfe-\u00e4ndern-Copy-300x200.jpg 300w, https:\/\/schuetzen-hoengen.de\/wp-content\/uploads\/2016\/05\/IMG_4182_Bildgr\u00f6\u00dfe-\u00e4ndern-Copy-768x513.jpg 768w, https:\/\/schuetzen-hoengen.de\/wp-content\/uploads\/2016\/05\/IMG_4182_Bildgr\u00f6\u00dfe-\u00e4ndern-Copy.jpg 800w\" sizes=\"(max-width: 300px) 100vw, 300px\" \/><\/a><\/p>\n<p><a href=\"http:\/\/www.schuetzen-hoengen.de\/wp-content\/uploads\/2016\/05\/IMG_4186_Bildgr\u00f6\u00dfe-\u00e4ndern-Copy.jpg\" data-rel=\"lightbox-image-20\" data-rl_title=\"\" data-rl_caption=\"\" title=\"\"><img loading=\"lazy\" decoding=\"async\" class=\"alignnone size-medium wp-image-7181\" src=\"http:\/\/www.schuetzen-hoengen.de\/wp-content\/uploads\/2016\/05\/IMG_4186_Bildgr\u00f6\u00dfe-\u00e4ndern-Copy-300x200.jpg\" alt=\"\" width=\"300\" height=\"200\" srcset=\"https:\/\/schuetzen-hoengen.de\/wp-content\/uploads\/2016\/05\/IMG_4186_Bildgr\u00f6\u00dfe-\u00e4ndern-Copy-300x200.jpg 300w, https:\/\/schuetzen-hoengen.de\/wp-content\/uploads\/2016\/05\/IMG_4186_Bildgr\u00f6\u00dfe-\u00e4ndern-Copy-768x513.jpg 768w, https:\/\/schuetzen-hoengen.de\/wp-content\/uploads\/2016\/05\/IMG_4186_Bildgr\u00f6\u00dfe-\u00e4ndern-Copy.jpg 800w\" sizes=\"(max-width: 300px) 100vw, 300px\" \/><\/a><\/p>\n<p><a href=\"http:\/\/www.schuetzen-hoengen.de\/wp-content\/uploads\/2016\/05\/IMG_4188_Bildgr\u00f6\u00dfe-\u00e4ndern-Copy.jpg\" data-rel=\"lightbox-image-21\" data-rl_title=\"\" data-rl_caption=\"\" title=\"\"><img loading=\"lazy\" decoding=\"async\" class=\"alignnone size-medium wp-image-7182\" src=\"http:\/\/www.schuetzen-hoengen.de\/wp-content\/uploads\/2016\/05\/IMG_4188_Bildgr\u00f6\u00dfe-\u00e4ndern-Copy-300x200.jpg\" alt=\"\" width=\"300\" height=\"200\" srcset=\"https:\/\/schuetzen-hoengen.de\/wp-content\/uploads\/2016\/05\/IMG_4188_Bildgr\u00f6\u00dfe-\u00e4ndern-Copy-300x200.jpg 300w, https:\/\/schuetzen-hoengen.de\/wp-content\/uploads\/2016\/05\/IMG_4188_Bildgr\u00f6\u00dfe-\u00e4ndern-Copy-768x513.jpg 768w, https:\/\/schuetzen-hoengen.de\/wp-content\/uploads\/2016\/05\/IMG_4188_Bildgr\u00f6\u00dfe-\u00e4ndern-Copy.jpg 800w\" sizes=\"(max-width: 300px) 100vw, 300px\" \/><\/a><\/p>\n<p><a href=\"http:\/\/www.schuetzen-hoengen.de\/wp-content\/uploads\/2016\/05\/IMG_4192_Bildgr\u00f6\u00dfe-\u00e4ndern-Copy.jpg\" data-rel=\"lightbox-image-22\" data-rl_title=\"\" data-rl_caption=\"\" title=\"\"><img loading=\"lazy\" decoding=\"async\" class=\"alignnone size-medium wp-image-7183\" src=\"http:\/\/www.schuetzen-hoengen.de\/wp-content\/uploads\/2016\/05\/IMG_4192_Bildgr\u00f6\u00dfe-\u00e4ndern-Copy-300x200.jpg\" alt=\"\" width=\"300\" height=\"200\" srcset=\"https:\/\/schuetzen-hoengen.de\/wp-content\/uploads\/2016\/05\/IMG_4192_Bildgr\u00f6\u00dfe-\u00e4ndern-Copy-300x200.jpg 300w, https:\/\/schuetzen-hoengen.de\/wp-content\/uploads\/2016\/05\/IMG_4192_Bildgr\u00f6\u00dfe-\u00e4ndern-Copy-768x513.jpg 768w, https:\/\/schuetzen-hoengen.de\/wp-content\/uploads\/2016\/05\/IMG_4192_Bildgr\u00f6\u00dfe-\u00e4ndern-Copy.jpg 800w\" sizes=\"(max-width: 300px) 100vw, 300px\" \/><\/a><\/p>\n<p><a href=\"http:\/\/www.schuetzen-hoengen.de\/wp-content\/uploads\/2016\/05\/IMG_4194_Bildgr\u00f6\u00dfe-\u00e4ndern-Copy.jpg\" data-rel=\"lightbox-image-23\" data-rl_title=\"\" data-rl_caption=\"\" title=\"\"><img loading=\"lazy\" decoding=\"async\" class=\"alignnone size-medium wp-image-7184\" src=\"http:\/\/www.schuetzen-hoengen.de\/wp-content\/uploads\/2016\/05\/IMG_4194_Bildgr\u00f6\u00dfe-\u00e4ndern-Copy-300x200.jpg\" alt=\"\" width=\"300\" height=\"200\" srcset=\"https:\/\/schuetzen-hoengen.de\/wp-content\/uploads\/2016\/05\/IMG_4194_Bildgr\u00f6\u00dfe-\u00e4ndern-Copy-300x200.jpg 300w, https:\/\/schuetzen-hoengen.de\/wp-content\/uploads\/2016\/05\/IMG_4194_Bildgr\u00f6\u00dfe-\u00e4ndern-Copy-768x513.jpg 768w, https:\/\/schuetzen-hoengen.de\/wp-content\/uploads\/2016\/05\/IMG_4194_Bildgr\u00f6\u00dfe-\u00e4ndern-Copy.jpg 800w\" sizes=\"(max-width: 300px) 100vw, 300px\" \/><\/a><\/p>\n<p>&nbsp;<\/p>\n<p>&nbsp;<\/p>\n<p>&nbsp;<\/p>\n<p>&nbsp;<\/p>\n<p style=\"text-align: center;\">Warten auf den Aufzug<\/p>\n<p style=\"text-align: center;\">Trommler- Peifer- und Fanfarencorps H\u00f6ngen<\/p>\n<p style=\"text-align: center;\">Musikverein St. Gregorius Saeffelen<\/p>\n<p style=\"text-align: center;\">General Josef Zaunbrecher und Adjutant Lambert Spykers<\/p>\n<p style=\"text-align: center;\">K\u00f6nigspaar Franz und Mia Hensgens mit den Adjutanten<br \/>\nSimon Hensgens und Christoph K\u00fcsters<\/p>\n<p style=\"text-align: center;\">Unsere schmucken Ehrendamen<\/p>\n<p style=\"text-align: center;\">Die Ehreng\u00e4ste<\/p>\n<p style=\"text-align: center;\">St. Nikolai Sch\u00fctzenbruderschaft Straeten &#8211; Dekantsstandarte<\/p>\n<p style=\"text-align: center;\">St. Urbanus Sch\u00fctzenbruderschaft Birgden &#8211; Wanderplakette<\/p>\n<p>Hein ( rich ) Aretz unser Ehrendekanatsbundesmeister<\/p>\n<p>Unsere Vriesch\u00f6tte lassen es sicht Gut gehen<\/p>\n<p>St. Sebastianus Sch\u00fctzenbruderschaft T\u00fcddern &#8211;<br \/>\nDekanats Jungsch\u00fctzen Standarte<\/p>\n<p>St. Salvator Sch\u00fctzenbruderschaft Langbroich &#8211; Harzelt<\/p>\n<p>Unsere &#8221; Belgischen G\u00e4ste &#8221;\u00a0 Kalmthout<\/p>\n<p>St. Hubertus Sch\u00fctzenbruderschaft Kirchhoven &#8211; Gastbruderschaft<\/p>\n<p>St. Michael Sch\u00fctzenbruderschaft Hillensberg<\/p>\n<p>St. Aegidius Sch\u00fctzenbruderschaft Kreuzrath<a href=\"http:\/\/www.schuetzen-hoengen.de\/wp-content\/uploads\/2015\/04\/IMG_4249_Bildgr\u00f6\u00dfe-\u00e4ndern.jpg\" data-rel=\"lightbox-image-24\" data-rl_title=\"\" data-rl_caption=\"\" title=\"\"><br \/>\n<\/a><br \/>\nSt. Quirinus Sch\u00fctzenbruderschaft Millen<\/p>\n<p>St. Aloysius Sch\u00fctzenbruderschaft Bocket<\/p>\n<p>Wir sehen uns wieder bei Eurem Bezirkssch\u00fctzenfest 2017<\/p>\n<p>St. Joachim Sch\u00fctzenbruderschaft Schierwaldenrath<\/p>\n<p>St. Martini Sch\u00fctzenbruderrschaft Isenbruch<\/p>\n<p>St. Sebastianus Sch\u00fctzenbruderschaft Saeffelen<\/p>\n<p>St. Johanni Sch\u00fctzenbruderschaft Gangelt<\/p>\n<p>St. Peter und Paul Sch\u00fctzenbruderschaft Schalbruch<\/p>\n<p>Vereinigte Sch\u00fctzenbruderschaften Breberen &#8211; Br\u00fcxgen<\/p>\n<p>St. Johannes von Nepomuk Sch\u00fctzenbruderschaft Havert<\/p>\n<p>St. Hubertus Sch\u00fctzenbruderschaft S\u00fcsterseel<\/p>\n<p>St. Severinus Sch\u00fctzenbruderschaft Wehr<\/p>\n<p>St. Josef Sch\u00fctzenbruderschaft Stahe &#8211; Niederbusch<\/p>\n<p>St. Petri und Paul Sch\u00fctzenbruderschaft Waldenrath<\/p>\n<p>St. Josef Sch\u00fctzenbruderschaft Hastenrath<\/p>\n<p>St. Peter und Paul Sch\u00fctzenbruderschaft Hatterath<\/p>\n<p>&nbsp;<\/p>\n<h3 style=\"text-align: center;\"><\/h3>\n","protected":false},"excerpt":{"rendered":"<p>&nbsp; &nbsp; &nbsp; &nbsp; &nbsp; Warten auf den Aufzug Trommler- Peifer- und Fanfarencorps H\u00f6ngen Musikverein St. Gregorius Saeffelen General Josef Zaunbrecher und Adjutant Lambert Spykers K\u00f6nigspaar Franz und Mia Hensgens mit den Adjutanten Simon Hensgens und Christoph K\u00fcsters Unsere schmucken Ehrendamen Die Ehreng\u00e4ste St. Nikolai Sch\u00fctzenbruderschaft Straeten &#8211; Dekantsstandarte St. Urbanus Sch\u00fctzenbruderschaft Birgden &#8211; Wanderplakette &hellip; <a href=\"https:\/\/schuetzen-hoengen.de\/index.php\/fotogalerie\/5-2-2-westerholzerstrasse\/\" class=\"more-link\"><span class=\"screen-reader-text\">5.2.2 Westerholzerstra\u00dfe<\/span> weiterlesen <span class=\"meta-nav\">&rarr;<\/span><\/a><\/p>\n","protected":false},"author":2,"featured_media":0,"parent":93,"menu_order":0,"comment_status":"closed","ping_status":"closed","template":"","meta":{"footnotes":""},"_links":{"self":[{"href":"https:\/\/schuetzen-hoengen.de\/index.php\/wp-json\/wp\/v2\/pages\/3672"}],"collection":[{"href":"https:\/\/schuetzen-hoengen.de\/index.php\/wp-json\/wp\/v2\/pages"}],"about":[{"href":"https:\/\/schuetzen-hoengen.de\/index.php\/wp-json\/wp\/v2\/types\/page"}],"author":[{"embeddable":true,"href":"https:\/\/schuetzen-hoengen.de\/index.php\/wp-json\/wp\/v2\/users\/2"}],"replies":[{"embeddable":true,"href":"https:\/\/schuetzen-hoengen.de\/index.php\/wp-json\/wp\/v2\/comments?post=3672"}],"version-history":[{"count":14,"href":"https:\/\/schuetzen-hoengen.de\/index.php\/wp-json\/wp\/v2\/pages\/3672\/revisions"}],"predecessor-version":[{"id":7185,"href":"https:\/\/schuetzen-hoengen.de\/index.php\/wp-json\/wp\/v2\/pages\/3672\/revisions\/7185"}],"up":[{"embeddable":true,"href":"https:\/\/schuetzen-hoengen.de\/index.php\/wp-json\/wp\/v2\/pages\/93"}],"wp:attachment":[{"href":"https:\/\/schuetzen-hoengen.de\/index.php\/wp-json\/wp\/v2\/media?parent=3672"}],"curies":[{"name":"wp","href":"https:\/\/api.w.org\/{rel}","templated":true}]}}