{"id":40,"date":"2015-04-29T20:44:05","date_gmt":"2015-04-29T18:44:05","guid":{"rendered":"http:\/\/www.schuetzen-hoengen.de\/?page_id=40"},"modified":"2018-09-10T13:49:29","modified_gmt":"2018-09-10T11:49:29","slug":"bruderschaft","status":"publish","type":"page","link":"https:\/\/schuetzen-hoengen.de\/index.php\/bruderschaft\/","title":{"rendered":"Bruderschaft \/ Dekanat"},"content":{"rendered":"<h5 style=\"text-align: center;\"><span style=\"color: #008000;\">Die St. Johannes Baptist Sch\u00fctzenbruderschaft<br \/>\n<\/span><br \/>\n<span style=\"color: #008000;\"> <strong>H\u00f6ngen e.V.\u00a0 besteht seit 1455<\/strong><\/span><\/h5>\n<p style=\"text-align: center;\"><a href=\"http:\/\/www.schuetzen-hoengen.de\/wp-content\/uploads\/2015\/04\/Sankt-Johannes-Baptist-Sch\u00fctzenbruderschaft-Copy.jpg\" data-rel=\"lightbox-image-0\" data-rl_title=\"\" data-rl_caption=\"\" title=\"\"><img loading=\"lazy\" decoding=\"async\" class=\"wp-image-7601 aligncenter\" src=\"http:\/\/www.schuetzen-hoengen.de\/wp-content\/uploads\/2015\/04\/Lambertus2-159x300.jpg\" alt=\"\" width=\"94\" height=\"177\" srcset=\"https:\/\/schuetzen-hoengen.de\/wp-content\/uploads\/2015\/04\/Lambertus2-159x300.jpg 159w, https:\/\/schuetzen-hoengen.de\/wp-content\/uploads\/2015\/04\/Lambertus2-542x1024.jpg 542w, https:\/\/schuetzen-hoengen.de\/wp-content\/uploads\/2015\/04\/Lambertus2.jpg 549w\" sizes=\"(max-width: 94px) 100vw, 94px\" \/><img loading=\"lazy\" decoding=\"async\" class=\"wp-image-5193 size-full aligncenter\" src=\"http:\/\/www.schuetzen-hoengen.de\/wp-content\/uploads\/2015\/04\/Sankt-Johannes-Baptist-Sch\u00fctzenbruderschaft-Copy.jpg\" alt=\"sankt-johannes-baptist-schuetzenbruderschaft-copy\" width=\"800\" height=\"600\" srcset=\"https:\/\/schuetzen-hoengen.de\/wp-content\/uploads\/2015\/04\/Sankt-Johannes-Baptist-Sch\u00fctzenbruderschaft-Copy.jpg 800w, https:\/\/schuetzen-hoengen.de\/wp-content\/uploads\/2015\/04\/Sankt-Johannes-Baptist-Sch\u00fctzenbruderschaft-Copy-300x225.jpg 300w, https:\/\/schuetzen-hoengen.de\/wp-content\/uploads\/2015\/04\/Sankt-Johannes-Baptist-Sch\u00fctzenbruderschaft-Copy-768x576.jpg 768w\" sizes=\"(max-width: 800px) 100vw, 800px\" \/><\/a><\/p>\n<p>Sie nimmt ihre Aufgaben getreu dem Wahlspruch<\/p>\n<h4 style=\"text-align: center;\"><span style=\"color: #008000;\">&#8221; F\u00fcr Glaube, Sitte und Heimat&#8221;<\/span><\/h4>\n<p>war.<\/p>\n<p>Die regelm\u00e4\u00dfigen Veranstaltungen des Jahres sind<\/p>\n<p>Prunkkirmes\u00a0\u00a0\u00a0\u00a0\u00a0\u00a0\u00a0\u00a0\u00a0\u00a0\u00a0\u00a0\u00a0\u00a0\u00a0\u00a0\u00a0\u00a0\u00a0 \u00a0 \u00a0 ( 2. Sonntag nach Pfingsten )<br \/>\nGeneralversammlung\u00a0\u00a0\u00a0 (\u00a0 Sonntag nach dem Johannestag )<br \/>\nLambertuskirmes \u00a0 \u00a0 \u00a0 \u00a0\u00a0 \u00a0\u00a0 ( Sonntag n. d. 17.09. )<br \/>\n2 Dekantssch\u00fctzenfeste<\/p>\n<p><span style=\"text-decoration: underline;\">Veranstaltungen:<\/span><br \/>\nBei den Kirmesveranstaltungen werden zusammen mit den musizierenden Vereinen festliche Umz\u00fcge und abendliche Tanzveranstaltungen durchgef\u00fchrt.<\/p>\n<p style=\"text-align: center;\"><a href=\"http:\/\/www.schuetzen-hoengen.de\/wp-content\/uploads\/2015\/05\/k-IMG_0193.jpg\" rel=\"attachment wp-att-218\" data-rel=\"lightbox-image-1\" data-rl_title=\"\" data-rl_caption=\"\" title=\"\"><img loading=\"lazy\" decoding=\"async\" class=\"size-medium wp-image-218 aligncenter\" src=\"http:\/\/www.schuetzen-hoengen.de\/wp-content\/uploads\/2015\/05\/k-IMG_0193-300x200.jpg\" alt=\"k-IMG_0193\" width=\"300\" height=\"200\" srcset=\"https:\/\/schuetzen-hoengen.de\/wp-content\/uploads\/2015\/05\/k-IMG_0193-300x200.jpg 300w, https:\/\/schuetzen-hoengen.de\/wp-content\/uploads\/2015\/05\/k-IMG_0193.jpg 800w\" sizes=\"(max-width: 300px) 100vw, 300px\" \/><\/a>Trommler- Pfeifer- und Fanfarencorps H\u00f6ngen<\/p>\n<p><a href=\"http:\/\/www.schuetzen-hoengen.de\/wp-content\/uploads\/2018\/06\/Kirmes-H\u00f6ngen-2018-eins-Copy.jpg\" data-rel=\"lightbox-image-2\" data-rl_title=\"\" data-rl_caption=\"\" title=\"\"><img loading=\"lazy\" decoding=\"async\" class=\"size-medium wp-image-10387 aligncenter\" src=\"http:\/\/www.schuetzen-hoengen.de\/wp-content\/uploads\/2018\/06\/Kirmes-H\u00f6ngen-2018-eins-Copy-300x200.jpg\" alt=\"\" width=\"300\" height=\"200\" srcset=\"https:\/\/schuetzen-hoengen.de\/wp-content\/uploads\/2018\/06\/Kirmes-H\u00f6ngen-2018-eins-Copy-300x200.jpg 300w, https:\/\/schuetzen-hoengen.de\/wp-content\/uploads\/2018\/06\/Kirmes-H\u00f6ngen-2018-eins-Copy-768x513.jpg 768w, https:\/\/schuetzen-hoengen.de\/wp-content\/uploads\/2018\/06\/Kirmes-H\u00f6ngen-2018-eins-Copy.jpg 800w\" sizes=\"(max-width: 300px) 100vw, 300px\" \/><\/a><\/p>\n<p style=\"text-align: center;\">K\u00f6nigspaar 2017\/ 18\u00a0 Philipp van Hall und Jule Dohmen<\/p>\n<p style=\"text-align: center;\"><a href=\"http:\/\/www.schuetzen-hoengen.de\/wp-content\/uploads\/2015\/04\/Musikkapelle-Copy.jpg\" data-rel=\"lightbox-image-3\" data-rl_title=\"\" data-rl_caption=\"\" title=\"\"><img loading=\"lazy\" decoding=\"async\" class=\"alignnone size-medium wp-image-5108\" src=\"http:\/\/www.schuetzen-hoengen.de\/wp-content\/uploads\/2015\/04\/Musikkapelle-Copy-300x200.jpg\" alt=\"musikkapelle-copy\" width=\"300\" height=\"200\" srcset=\"https:\/\/schuetzen-hoengen.de\/wp-content\/uploads\/2015\/04\/Musikkapelle-Copy-300x200.jpg 300w, https:\/\/schuetzen-hoengen.de\/wp-content\/uploads\/2015\/04\/Musikkapelle-Copy-768x511.jpg 768w, https:\/\/schuetzen-hoengen.de\/wp-content\/uploads\/2015\/04\/Musikkapelle-Copy.jpg 800w\" sizes=\"(max-width: 300px) 100vw, 300px\" \/><\/a><\/p>\n<p style=\"text-align: center;\">Coverband Music on the RoX &#8211; Prunkkirmes K\u00f6nigsball 2017<\/p>\n<p>&nbsp;<\/p>\n<p>Au\u00dferdem nimmt die Bruderschaft an kirchlichen und weltlichen Feierlichkeiten, wie Fronleichnam und Volkstrauertag, teil.<\/p>\n<p><a href=\"http:\/\/www.schuetzen-hoengen.de\/wp-content\/uploads\/2015\/04\/DSCN0685-Copy.jpg\" data-rel=\"lightbox-image-4\" data-rl_title=\"\" data-rl_caption=\"\" title=\"\"><img loading=\"lazy\" decoding=\"async\" class=\"size-medium wp-image-7602 aligncenter\" src=\"http:\/\/www.schuetzen-hoengen.de\/wp-content\/uploads\/2015\/04\/DSCN0685-Copy-300x225.jpg\" alt=\"\" width=\"300\" height=\"225\" srcset=\"https:\/\/schuetzen-hoengen.de\/wp-content\/uploads\/2015\/04\/DSCN0685-Copy-300x225.jpg 300w, https:\/\/schuetzen-hoengen.de\/wp-content\/uploads\/2015\/04\/DSCN0685-Copy-768x576.jpg 768w, https:\/\/schuetzen-hoengen.de\/wp-content\/uploads\/2015\/04\/DSCN0685-Copy.jpg 800w\" sizes=\"(max-width: 300px) 100vw, 300px\" \/><\/a><\/p>\n<p><span style=\"text-decoration: underline;\">Mitgliedschaft:<\/span><br \/>\nDie Bruderschaft geh\u00f6rt dem Bund der Historischen Deutschen Sch\u00fctzenbruderschaften an. Seit 1984 ist sie Mitglied im Belgischen Convent, dem Bruderschaften und Gilden aus Belgien, den Niederlanden und Frankreich angeh\u00f6ren.<\/p>\n<p><a href=\"http:\/\/www.schuetzen-hoengen.de\/wp-content\/uploads\/2015\/04\/Antwerpen.jpg\" rel=\"attachment wp-att-1694\" data-rel=\"lightbox-image-5\" data-rl_title=\"\" data-rl_caption=\"\" title=\"\"><img loading=\"lazy\" decoding=\"async\" class=\"wp-image-1694 aligncenter\" src=\"http:\/\/www.schuetzen-hoengen.de\/wp-content\/uploads\/2015\/04\/Antwerpen-257x300.jpg\" alt=\"Antwerpen\" width=\"159\" height=\"186\" srcset=\"https:\/\/schuetzen-hoengen.de\/wp-content\/uploads\/2015\/04\/Antwerpen-257x300.jpg 257w, https:\/\/schuetzen-hoengen.de\/wp-content\/uploads\/2015\/04\/Antwerpen.jpg 570w\" sizes=\"(max-width: 159px) 100vw, 159px\" \/><\/a><br \/>\nEine besondere Ehre und Vertrauensbeweis war es, dass man 1988 und 2002 im Rahmen eines Internationales Freundschaftstreffen, \u00fcber 30 Gilden und Bruderschaften begr\u00fcssen konnte, als Ausrichter des K\u00f6nigsschiessen um die Brabandtsche K\u00f6nigsw\u00fcrde. J\u00e4hrlich besucht man das &#8221; Gildenjuwel&#8221; in Centrum von Antwerpen. Auch sonst stehen\u00a0 ausl\u00e4ndische Gastbesuche im benachbartem Ausland auf dem Programm.<\/p>\n<p><span style=\"text-decoration: underline;\">Dekanatsverband Gangelt-Selfkant\u00a0\u00a0\u00a0<a href=\"http:\/\/www.dekanat-gangelt-selfkant.de\">Dekanat Gangelt Selfkant<\/a> <\/span><br \/>\nDie Bruderschaft ist auch Mitglied im Dekanatsverband Gangelt-Selfkant, dem 21 Sch\u00fctzenbruderschaften angeh\u00f6ren. Zwei Mal im Jahr richten jeweils 2 Bruderschaften das Dekantssch\u00fctzenfest f\u00fcr das Dekanat aus. Dabei sorgen die K\u00f6nigspaare und die Ehrendamen daf\u00fcr, dass tausende Zuschauer die Strassen s\u00e4umen.<\/p>\n<p style=\"text-align: center;\"><a href=\"http:\/\/www.schuetzen-hoengen.de\/wp-content\/uploads\/2015\/04\/Schuetzen-bildrund.jpg\" rel=\"attachment wp-att-28\" data-rel=\"lightbox-image-6\" data-rl_title=\"\" data-rl_caption=\"\" title=\"\"><img loading=\"lazy\" decoding=\"async\" class=\"wp-image-28 aligncenter\" src=\"http:\/\/www.schuetzen-hoengen.de\/wp-content\/uploads\/2015\/04\/Schuetzen-bildrund-300x279.jpg\" alt=\"Schuetzen-bildrund\" width=\"154\" height=\"143\" srcset=\"https:\/\/schuetzen-hoengen.de\/wp-content\/uploads\/2015\/04\/Schuetzen-bildrund-300x279.jpg 300w, https:\/\/schuetzen-hoengen.de\/wp-content\/uploads\/2015\/04\/Schuetzen-bildrund.jpg 608w\" sizes=\"(max-width: 154px) 100vw, 154px\" \/><\/a><\/p>\n<p style=\"text-align: center;\"><a href=\"http:\/\/www.schuetzen-hoengen.de\/wp-content\/uploads\/2016\/05\/IMG_4095_Bildgr\u00f6\u00dfe-\u00e4ndern-Copy.jpg\" data-rel=\"lightbox-image-7\" data-rl_title=\"\" data-rl_caption=\"\" title=\"\"><img loading=\"lazy\" decoding=\"async\" class=\"alignnone size-medium wp-image-5684\" src=\"http:\/\/www.schuetzen-hoengen.de\/wp-content\/uploads\/2016\/05\/IMG_4095_Bildgr\u00f6\u00dfe-\u00e4ndern-Copy-300x200.jpg\" alt=\"img_4095_bildgroesse-aendern-copy\" width=\"300\" height=\"200\" \/><\/a><\/p>\n<p style=\"text-align: center;\">Dekanatssch\u00fctzenfest H\u00f6ngen<\/p>\n<p>H\u00f6ngen war im Jahr 2015 Ausrichter des 1. Dekanatsch\u00fctzenfest und\u00a0 konnte bei bester Witterung, durch die sehr gute Unterst\u00fctzung der Bev\u00f6lkerung,\u00a0 auf ein stimmungsvolles, gro\u00dfartiges Fest zur\u00fcckblicken.<\/p>\n<p style=\"text-align: center;\"><a href=\"http:\/\/www.schuetzen-hoengen.de\/wp-content\/uploads\/2016\/05\/IMGP2623-Copy.jpg\" data-rel=\"lightbox-image-8\" data-rl_title=\"\" data-rl_caption=\"\" title=\"\"><img loading=\"lazy\" decoding=\"async\" class=\"size-medium wp-image-5953 aligncenter\" src=\"http:\/\/www.schuetzen-hoengen.de\/wp-content\/uploads\/2016\/05\/IMGP2623-Copy-300x201.jpg\" alt=\"imgp2623-copy\" width=\"300\" height=\"201\" \/><\/a>K\u00f6nigpaar Franz und Mia Hensgens<\/p>\n<p style=\"text-align: center;\"><a href=\"http:\/\/www.schuetzen-hoengen.de\/wp-content\/uploads\/2015\/05\/Reiter-2.jpg\" rel=\"attachment wp-att-268\" data-rel=\"lightbox-image-9\" data-rl_title=\"\" data-rl_caption=\"\" title=\"\"><img loading=\"lazy\" decoding=\"async\" class=\"alignnone wp-image-268\" src=\"http:\/\/www.schuetzen-hoengen.de\/wp-content\/uploads\/2015\/05\/Reiter-2.jpg\" alt=\"Reiter 2\" width=\"240\" height=\"162\" \/><\/a><\/p>\n<p style=\"text-align: center;\">H\u00f6ngener Offiziere &#8211; Sch\u00fctzenfest 1963 in H\u00f6ngen<\/p>\n<p><span style=\"text-decoration: underline;\">Schie\u00dfsport<\/span>:<br \/>\nDer Schie\u00dfstand\u00a0 in der Sint Jan Sch\u00fctzenhalle wurde im Jahre 1997 in Eigenleistung fertiggestellt. Neben dem geschulten Training durch ausgebildete Schie\u00dfleiter, finden in der Schie\u00dfgruppe fast w\u00f6chtlich Wettbewerbe im Kleinkaliberschiessen statt.<br \/>\nJ\u00e4hrlich werden die Vereinmeister in den Diziplinen: Kleinkaliber, Luftgewehr, Armbrust ( Hobby Tell, Op de Wipp ) ermittelt.<\/p>\n<p><a href=\"http:\/\/www.schuetzen-hoengen.de\/wp-content\/uploads\/2015\/04\/schiesssport.jpg\" rel=\"attachment wp-att-87\" data-rel=\"lightbox-image-10\" data-rl_title=\"\" data-rl_caption=\"\" title=\"\"><img loading=\"lazy\" decoding=\"async\" class=\"alignnone size-full wp-image-87\" src=\"http:\/\/www.schuetzen-hoengen.de\/wp-content\/uploads\/2015\/04\/schiesssport.jpg\" alt=\"schiesssport\" width=\"200\" height=\"122\" \/><\/a><\/p>\n<p><span style=\"text-decoration: underline;\">Arbeitskreis Heimat:<\/span><\/p>\n<p><a href=\"http:\/\/www.schuetzen-hoengen.de\/wp-content\/uploads\/2015\/04\/Keramikplatte-Zeughaus-Copy-1.jpg\" data-rel=\"lightbox-image-11\" data-rl_title=\"\" data-rl_caption=\"\" title=\"\"><img loading=\"lazy\" decoding=\"async\" class=\"wp-image-7603 aligncenter\" src=\"http:\/\/www.schuetzen-hoengen.de\/wp-content\/uploads\/2015\/04\/Keramikplatte-Zeughaus-Copy-1-300x225.jpg\" alt=\"\" width=\"157\" height=\"118\" srcset=\"https:\/\/schuetzen-hoengen.de\/wp-content\/uploads\/2015\/04\/Keramikplatte-Zeughaus-Copy-1-300x225.jpg 300w, https:\/\/schuetzen-hoengen.de\/wp-content\/uploads\/2015\/04\/Keramikplatte-Zeughaus-Copy-1.jpg 640w\" sizes=\"(max-width: 157px) 100vw, 157px\" \/><\/a><br \/>\nDer Arbeitskreis Heimat, beheimatet im Zeughaus, sammelt, archiviert und bearbeitet alte B\u00fccher und Schriften. Die umfangreiche Bibliothek ist bis \u00fcber die Landesgrenzen hinaus bekannt.<\/p>\n<p><a href=\"http:\/\/www.schuetzen-hoengen.de\/wp-content\/uploads\/2015\/04\/Urkunde-Copy.jpg\" data-rel=\"lightbox-image-12\" data-rl_title=\"\" data-rl_caption=\"\" title=\"\"><img loading=\"lazy\" decoding=\"async\" class=\" wp-image-7604 aligncenter\" src=\"http:\/\/www.schuetzen-hoengen.de\/wp-content\/uploads\/2015\/04\/Urkunde-Copy-225x300.jpg\" alt=\"\" width=\"164\" height=\"219\" srcset=\"https:\/\/schuetzen-hoengen.de\/wp-content\/uploads\/2015\/04\/Urkunde-Copy-225x300.jpg 225w, https:\/\/schuetzen-hoengen.de\/wp-content\/uploads\/2015\/04\/Urkunde-Copy.jpg 360w\" sizes=\"(max-width: 164px) 100vw, 164px\" \/><\/a><\/p>\n<p><span style=\"text-decoration: underline;\">F\u00f6rderverein:<\/span><br \/>\nDer F\u00f6rderverein unterst\u00fctzt die Sch\u00fctzenbruderschaft nicht nur<br \/>\nfinaziell. Er richtet auch das allj\u00e4hrliche &#8221; Bosselturnier &#8221; aus.<\/p>\n<p><a href=\"http:\/\/www.schuetzen-hoengen.de\/wp-content\/uploads\/2015\/04\/Bosselturnier_2016-Copy.jpg\" data-rel=\"lightbox-image-13\" data-rl_title=\"\" data-rl_caption=\"\" title=\"\"><img loading=\"lazy\" decoding=\"async\" class=\"size-medium wp-image-6562 aligncenter\" src=\"http:\/\/www.schuetzen-hoengen.de\/wp-content\/uploads\/2015\/04\/Bosselturnier_2016-Copy-300x214.jpg\" alt=\"bosselturnier_2016-copy\" width=\"300\" height=\"214\" srcset=\"https:\/\/schuetzen-hoengen.de\/wp-content\/uploads\/2015\/04\/Bosselturnier_2016-Copy-300x214.jpg 300w, https:\/\/schuetzen-hoengen.de\/wp-content\/uploads\/2015\/04\/Bosselturnier_2016-Copy-768x548.jpg 768w, https:\/\/schuetzen-hoengen.de\/wp-content\/uploads\/2015\/04\/Bosselturnier_2016-Copy.jpg 800w\" sizes=\"(max-width: 300px) 100vw, 300px\" \/><\/a><\/p>\n<p><span style=\"text-decoration: underline;\">Ortsring H\u00f6ngen:<br \/>\n<\/span>In diesem Gremium, dass sich zweimal im Jahr trifft, werden die Termine der einzelnen vertretenden Vereine koordiniert.<\/p>\n<p><img loading=\"lazy\" decoding=\"async\" class=\"aligncenter wp-image-5114 size-thumbnail\" src=\"http:\/\/www.schuetzen-hoengen.de\/wp-content\/uploads\/2015\/04\/Vereinsbaum2-Copy-150x150.jpg\" alt=\"vereinsbaum2-copy\" width=\"150\" height=\"150\" srcset=\"https:\/\/schuetzen-hoengen.de\/wp-content\/uploads\/2015\/04\/Vereinsbaum2-Copy-150x150.jpg 150w, https:\/\/schuetzen-hoengen.de\/wp-content\/uploads\/2015\/04\/Vereinsbaum2-Copy-575x576.jpg 575w\" sizes=\"(max-width: 150px) 100vw, 150px\" \/><\/p>\n<p><strong>Mitglied werden &#8211; Warum eigentlich nicht?<\/strong><br \/>\nWie sie sehen, ein Verein mit vielen Aktivit\u00e4ten, indem es sich lohnt Mitglied zu werden; sei es im Schie\u00dfsport oder bei der Brauchtumspflege.<br \/>\nDie Geselligkeit kommt bei uns\u00a0 auch nicht zu kurz!!<\/p>\n<p>PS: Seit 1996 k\u00f6nnen auch Frauen Mitglied in der Bruderschaft werden.<\/p>\n<p>&nbsp;<\/p>\n<p>&nbsp;<\/p>\n","protected":false},"excerpt":{"rendered":"<p>Die St. Johannes Baptist Sch\u00fctzenbruderschaft H\u00f6ngen e.V.\u00a0 besteht seit 1455 Sie nimmt ihre Aufgaben getreu dem Wahlspruch &#8221; F\u00fcr Glaube, Sitte und Heimat&#8221; war. Die regelm\u00e4\u00dfigen Veranstaltungen des Jahres sind Prunkkirmes\u00a0\u00a0\u00a0\u00a0\u00a0\u00a0\u00a0\u00a0\u00a0\u00a0\u00a0\u00a0\u00a0\u00a0\u00a0\u00a0\u00a0\u00a0\u00a0 \u00a0 \u00a0 ( 2. Sonntag nach Pfingsten ) Generalversammlung\u00a0\u00a0\u00a0 (\u00a0 Sonntag nach dem Johannestag ) Lambertuskirmes \u00a0 \u00a0 \u00a0 \u00a0\u00a0 \u00a0\u00a0 ( Sonntag n. &hellip; <a href=\"https:\/\/schuetzen-hoengen.de\/index.php\/bruderschaft\/\" class=\"more-link\"><span class=\"screen-reader-text\">Bruderschaft \/ Dekanat<\/span> weiterlesen <span class=\"meta-nav\">&rarr;<\/span><\/a><\/p>\n","protected":false},"author":1,"featured_media":0,"parent":0,"menu_order":25,"comment_status":"closed","ping_status":"open","template":"page-templates\/full-width.php","meta":{"footnotes":""},"_links":{"self":[{"href":"https:\/\/schuetzen-hoengen.de\/index.php\/wp-json\/wp\/v2\/pages\/40"}],"collection":[{"href":"https:\/\/schuetzen-hoengen.de\/index.php\/wp-json\/wp\/v2\/pages"}],"about":[{"href":"https:\/\/schuetzen-hoengen.de\/index.php\/wp-json\/wp\/v2\/types\/page"}],"author":[{"embeddable":true,"href":"https:\/\/schuetzen-hoengen.de\/index.php\/wp-json\/wp\/v2\/users\/1"}],"replies":[{"embeddable":true,"href":"https:\/\/schuetzen-hoengen.de\/index.php\/wp-json\/wp\/v2\/comments?post=40"}],"version-history":[{"count":49,"href":"https:\/\/schuetzen-hoengen.de\/index.php\/wp-json\/wp\/v2\/pages\/40\/revisions"}],"predecessor-version":[{"id":10405,"href":"https:\/\/schuetzen-hoengen.de\/index.php\/wp-json\/wp\/v2\/pages\/40\/revisions\/10405"}],"wp:attachment":[{"href":"https:\/\/schuetzen-hoengen.de\/index.php\/wp-json\/wp\/v2\/media?parent=40"}],"curies":[{"name":"wp","href":"https:\/\/api.w.org\/{rel}","templated":true}]}}