{"id":4143,"date":"2016-05-30T08:10:06","date_gmt":"2016-05-30T06:10:06","guid":{"rendered":"http:\/\/www.schuetzen-hoengen.de\/?page_id=4143"},"modified":"2017-07-02T09:52:01","modified_gmt":"2017-07-02T07:52:01","slug":"prunkkirmes","status":"publish","type":"page","link":"https:\/\/schuetzen-hoengen.de\/index.php\/veranstaltungen-2\/veranstaltungen-2016\/prunkkirmes\/","title":{"rendered":"Prunkkirmes"},"content":{"rendered":"<hr \/>\n<h3>Prunkkirmes Aufzug und Parade<\/h3>\n<h3><\/h3>\n<h3 style=\"text-align: center;\">trotz<\/h3>\n<p style=\"text-align: center;\"><a href=\"http:\/\/www.schuetzen-hoengen.de\/wp-content\/uploads\/2015\/04\/Wolken-Copy.jpg\" data-rel=\"lightbox-image-0\" data-rl_title=\"\" data-rl_caption=\"\" title=\"\"><img loading=\"lazy\" decoding=\"async\" class=\"alignnone size-medium wp-image-5115\" src=\"http:\/\/www.schuetzen-hoengen.de\/wp-content\/uploads\/2015\/04\/Wolken-Copy-300x199.jpg\" alt=\"wolken-copy\" width=\"300\" height=\"199\" srcset=\"https:\/\/schuetzen-hoengen.de\/wp-content\/uploads\/2015\/04\/Wolken-Copy-300x199.jpg 300w, https:\/\/schuetzen-hoengen.de\/wp-content\/uploads\/2015\/04\/Wolken-Copy-768x509.jpg 768w, https:\/\/schuetzen-hoengen.de\/wp-content\/uploads\/2015\/04\/Wolken-Copy.jpg 800w\" sizes=\"(max-width: 300px) 100vw, 300px\" \/><\/a><\/p>\n<h3 style=\"text-align: center;\">konnte<\/h3>\n<h3 style=\"text-align: center;\"><em>H\u00f6ngen auf eine stimmungsvolle Kirmes<br \/>\nzur\u00fcckblicken!!!<\/em><\/h3>\n<p><a href=\"http:\/\/www.schuetzen-hoengen.de\/wp-content\/uploads\/2016\/05\/146454302425136500_resized-Copy.jpg\" data-rel=\"lightbox-image-1\" data-rl_title=\"\" data-rl_caption=\"\" title=\"\"><img loading=\"lazy\" decoding=\"async\" class=\"alignnone size-medium wp-image-7581\" src=\"http:\/\/www.schuetzen-hoengen.de\/wp-content\/uploads\/2016\/05\/146454302425136500_resized-Copy-300x200.jpg\" alt=\"\" width=\"300\" height=\"200\" srcset=\"https:\/\/schuetzen-hoengen.de\/wp-content\/uploads\/2016\/05\/146454302425136500_resized-Copy-300x200.jpg 300w, https:\/\/schuetzen-hoengen.de\/wp-content\/uploads\/2016\/05\/146454302425136500_resized-Copy-768x512.jpg 768w, https:\/\/schuetzen-hoengen.de\/wp-content\/uploads\/2016\/05\/146454302425136500_resized-Copy.jpg 800w\" sizes=\"(max-width: 300px) 100vw, 300px\" \/><\/a><\/p>\n<p><em>Unser charmantes K\u00f6nigspaar Thomas Zimmermanns und Iris Schr\u00f6derbmit den Adjutanten\u00a0 Marcel Dauven und Normen Jansen<\/em><\/p>\n<p style=\"text-align: center;\"><a href=\"http:\/\/www.schuetzen-hoengen.de\/wp-content\/uploads\/2015\/04\/plakat-kirmes-1.jpg\" data-rel=\"lightbox-image-2\" data-rl_title=\"\" data-rl_caption=\"\" title=\"\"><img loading=\"lazy\" decoding=\"async\" class=\"alignnone size-medium wp-image-5370\" src=\"http:\/\/www.schuetzen-hoengen.de\/wp-content\/uploads\/2015\/04\/plakat-kirmes-1-212x300.jpg\" alt=\"plakat-kirmes\" width=\"212\" height=\"300\" srcset=\"https:\/\/schuetzen-hoengen.de\/wp-content\/uploads\/2015\/04\/plakat-kirmes-1-212x300.jpg 212w, https:\/\/schuetzen-hoengen.de\/wp-content\/uploads\/2015\/04\/plakat-kirmes-1-768x1086.jpg 768w, https:\/\/schuetzen-hoengen.de\/wp-content\/uploads\/2015\/04\/plakat-kirmes-1-724x1024.jpg 724w, https:\/\/schuetzen-hoengen.de\/wp-content\/uploads\/2015\/04\/plakat-kirmes-1.jpg 1754w\" sizes=\"(max-width: 212px) 100vw, 212px\" \/><\/a><\/p>\n<h3><em>K\u00f6nigsball &#8211; K\u00f6nigswalzer\u00a0 klappt doch!!<br \/>\n<\/em><\/h3>\n<p style=\"text-align: center;\"><a href=\"http:\/\/www.schuetzen-hoengen.de\/wp-content\/uploads\/2015\/04\/Musikkapelle-Copy.jpg\" data-rel=\"lightbox-image-3\" data-rl_title=\"\" data-rl_caption=\"\" title=\"\"><img loading=\"lazy\" decoding=\"async\" class=\"alignnone size-medium wp-image-5108\" src=\"http:\/\/www.schuetzen-hoengen.de\/wp-content\/uploads\/2015\/04\/Musikkapelle-Copy-300x200.jpg\" alt=\"musikkapelle-copy\" width=\"300\" height=\"200\" srcset=\"https:\/\/schuetzen-hoengen.de\/wp-content\/uploads\/2015\/04\/Musikkapelle-Copy-300x200.jpg 300w, https:\/\/schuetzen-hoengen.de\/wp-content\/uploads\/2015\/04\/Musikkapelle-Copy-768x511.jpg 768w, https:\/\/schuetzen-hoengen.de\/wp-content\/uploads\/2015\/04\/Musikkapelle-Copy.jpg 800w\" sizes=\"(max-width: 300px) 100vw, 300px\" \/><\/a><\/p>\n<h4>Musik on the RoX &#8211; Eine Band der Extraklasse<\/h4>\n<h5 style=\"text-align: left;\">Einer der H\u00f6hepunkte:<\/h5>\n<h5 style=\"text-align: left;\"><a href=\"http:\/\/www.schuetzen-hoengen.de\/wp-content\/uploads\/2015\/04\/Opinski.jpg\" data-rel=\"lightbox-image-4\" data-rl_title=\"\" data-rl_caption=\"\" title=\"\"><img loading=\"lazy\" decoding=\"async\" class=\"size-medium wp-image-5365 aligncenter\" src=\"http:\/\/www.schuetzen-hoengen.de\/wp-content\/uploads\/2015\/04\/Opinski-201x300.jpg\" alt=\"opinski\" width=\"201\" height=\"300\" srcset=\"https:\/\/schuetzen-hoengen.de\/wp-content\/uploads\/2015\/04\/Opinski-201x300.jpg 201w, https:\/\/schuetzen-hoengen.de\/wp-content\/uploads\/2015\/04\/Opinski.jpg 605w\" sizes=\"(max-width: 201px) 100vw, 201px\" \/><\/a><\/h5>\n<h5 style=\"text-align: left;\">Die Laudatio auf den K\u00f6nig; vorgetragen von Uwe Opinski<\/h5>\n<h4>Dank an alle Besucher und an alle, die mit angepackt haben; besonderen Dank aber an unser K\u00f6nigspaar!!!<\/h4>\n<h4 style=\"text-align: left;\">weitere Bilder vom K\u00f6nigsball und Aufzug &#8211; Parade auf der Seite von\u00a0\u00a0\u00a0 <a href=\"http:\/\/www.brit-meuwissen.de\/#!album-22\">Brit.Meuwissen<\/a><a href=\"http:\/\/www.schuetzen-hoengen.de\/wp-content\/uploads\/2015\/04\/kamerat.jpg\" rel=\"attachment wp-att-2823\" data-rel=\"lightbox-image-5\" data-rl_title=\"\" data-rl_caption=\"\" title=\"\"><img loading=\"lazy\" decoding=\"async\" class=\"wp-image-2823 aligncenter\" src=\"http:\/\/www.schuetzen-hoengen.de\/wp-content\/uploads\/2015\/04\/kamerat.jpg\" alt=\"kamerat\" width=\"70\" height=\"62\" \/><\/a>Bilder auch unter <a href=\"http:\/\/www.selfkant-online.de\" data-slimstat-async=\"false\" data-slimstat-callback=\"true\" data-slimstat-tracking=\"true\" data-slimstat-type=\"0\" data-slimstat-clicked=\"false\">Selfkant Online<\/a><\/h4>\n<p style=\"text-align: center;\"><a href=\"http:\/\/www.schuetzen-hoengen.de\/wp-content\/uploads\/2016\/05\/146454301195572200_resized-Copy.jpg\" data-rel=\"lightbox-image-6\" data-rl_title=\"\" data-rl_caption=\"\" title=\"\"><img loading=\"lazy\" decoding=\"async\" class=\"alignnone size-medium wp-image-7582\" src=\"http:\/\/www.schuetzen-hoengen.de\/wp-content\/uploads\/2016\/05\/146454301195572200_resized-Copy-300x200.jpg\" alt=\"\" width=\"300\" height=\"200\" srcset=\"https:\/\/schuetzen-hoengen.de\/wp-content\/uploads\/2016\/05\/146454301195572200_resized-Copy-300x200.jpg 300w, https:\/\/schuetzen-hoengen.de\/wp-content\/uploads\/2016\/05\/146454301195572200_resized-Copy-768x512.jpg 768w, https:\/\/schuetzen-hoengen.de\/wp-content\/uploads\/2016\/05\/146454301195572200_resized-Copy.jpg 800w\" sizes=\"(max-width: 300px) 100vw, 300px\" \/><\/a><\/p>\n<p style=\"text-align: center;\"><a href=\"http:\/\/www.schuetzen-hoengen.de\/wp-content\/uploads\/2016\/05\/146454302175323100_resized-Copy.jpg\" data-rel=\"lightbox-image-7\" data-rl_title=\"\" data-rl_caption=\"\" title=\"\"><img loading=\"lazy\" decoding=\"async\" class=\"alignnone size-medium wp-image-7583\" src=\"http:\/\/www.schuetzen-hoengen.de\/wp-content\/uploads\/2016\/05\/146454302175323100_resized-Copy-300x200.jpg\" alt=\"\" width=\"300\" height=\"200\" srcset=\"https:\/\/schuetzen-hoengen.de\/wp-content\/uploads\/2016\/05\/146454302175323100_resized-Copy-300x200.jpg 300w, https:\/\/schuetzen-hoengen.de\/wp-content\/uploads\/2016\/05\/146454302175323100_resized-Copy-768x512.jpg 768w, https:\/\/schuetzen-hoengen.de\/wp-content\/uploads\/2016\/05\/146454302175323100_resized-Copy.jpg 800w\" sizes=\"(max-width: 300px) 100vw, 300px\" \/><\/a><\/p>\n<p style=\"text-align: center;\"><a href=\"http:\/\/www.schuetzen-hoengen.de\/wp-content\/uploads\/2016\/05\/146454302425136500_resized-Copy-1.jpg\" data-rel=\"lightbox-image-8\" data-rl_title=\"\" data-rl_caption=\"\" title=\"\"><img loading=\"lazy\" decoding=\"async\" class=\"alignnone size-medium wp-image-7584\" src=\"http:\/\/www.schuetzen-hoengen.de\/wp-content\/uploads\/2016\/05\/146454302425136500_resized-Copy-1-300x200.jpg\" alt=\"\" width=\"300\" height=\"200\" srcset=\"https:\/\/schuetzen-hoengen.de\/wp-content\/uploads\/2016\/05\/146454302425136500_resized-Copy-1-300x200.jpg 300w, https:\/\/schuetzen-hoengen.de\/wp-content\/uploads\/2016\/05\/146454302425136500_resized-Copy-1-768x512.jpg 768w, https:\/\/schuetzen-hoengen.de\/wp-content\/uploads\/2016\/05\/146454302425136500_resized-Copy-1.jpg 800w\" sizes=\"(max-width: 300px) 100vw, 300px\" \/><\/a><\/p>\n<p style=\"text-align: center;\"><a href=\"http:\/\/www.schuetzen-hoengen.de\/wp-content\/uploads\/2016\/05\/146454303188669800_resized-Copy.jpg\" data-rel=\"lightbox-image-9\" data-rl_title=\"\" data-rl_caption=\"\" title=\"\"><img loading=\"lazy\" decoding=\"async\" class=\"alignnone size-medium wp-image-7585\" src=\"http:\/\/www.schuetzen-hoengen.de\/wp-content\/uploads\/2016\/05\/146454303188669800_resized-Copy-300x200.jpg\" alt=\"\" width=\"300\" height=\"200\" srcset=\"https:\/\/schuetzen-hoengen.de\/wp-content\/uploads\/2016\/05\/146454303188669800_resized-Copy-300x200.jpg 300w, https:\/\/schuetzen-hoengen.de\/wp-content\/uploads\/2016\/05\/146454303188669800_resized-Copy-768x512.jpg 768w, https:\/\/schuetzen-hoengen.de\/wp-content\/uploads\/2016\/05\/146454303188669800_resized-Copy.jpg 800w\" sizes=\"(max-width: 300px) 100vw, 300px\" \/><\/a><\/p>\n<p style=\"text-align: center;\"><a href=\"http:\/\/www.schuetzen-hoengen.de\/wp-content\/uploads\/2016\/05\/146454303385202300_resized-Copy.jpg\" data-rel=\"lightbox-image-10\" data-rl_title=\"\" data-rl_caption=\"\" title=\"\"><img loading=\"lazy\" decoding=\"async\" class=\"alignnone size-medium wp-image-7586\" src=\"http:\/\/www.schuetzen-hoengen.de\/wp-content\/uploads\/2016\/05\/146454303385202300_resized-Copy-300x200.jpg\" alt=\"\" width=\"300\" height=\"200\" srcset=\"https:\/\/schuetzen-hoengen.de\/wp-content\/uploads\/2016\/05\/146454303385202300_resized-Copy-300x200.jpg 300w, https:\/\/schuetzen-hoengen.de\/wp-content\/uploads\/2016\/05\/146454303385202300_resized-Copy-768x512.jpg 768w, https:\/\/schuetzen-hoengen.de\/wp-content\/uploads\/2016\/05\/146454303385202300_resized-Copy.jpg 800w\" sizes=\"(max-width: 300px) 100vw, 300px\" \/><\/a><\/p>\n<p style=\"text-align: center;\"><a href=\"http:\/\/www.schuetzen-hoengen.de\/wp-content\/uploads\/2016\/05\/146454304192730500_resized-Copy.jpg\" data-rel=\"lightbox-image-11\" data-rl_title=\"\" data-rl_caption=\"\" title=\"\"><img loading=\"lazy\" decoding=\"async\" class=\"alignnone size-medium wp-image-7587\" src=\"http:\/\/www.schuetzen-hoengen.de\/wp-content\/uploads\/2016\/05\/146454304192730500_resized-Copy-300x200.jpg\" alt=\"\" width=\"300\" height=\"200\" srcset=\"https:\/\/schuetzen-hoengen.de\/wp-content\/uploads\/2016\/05\/146454304192730500_resized-Copy-300x200.jpg 300w, https:\/\/schuetzen-hoengen.de\/wp-content\/uploads\/2016\/05\/146454304192730500_resized-Copy-768x512.jpg 768w, https:\/\/schuetzen-hoengen.de\/wp-content\/uploads\/2016\/05\/146454304192730500_resized-Copy.jpg 800w\" sizes=\"(max-width: 300px) 100vw, 300px\" \/><\/a><\/p>\n<p style=\"text-align: center;\"><a href=\"http:\/\/www.schuetzen-hoengen.de\/wp-content\/uploads\/2016\/05\/146454304593031600_resized-Copy.jpg\" data-rel=\"lightbox-image-12\" data-rl_title=\"\" data-rl_caption=\"\" title=\"\"><img loading=\"lazy\" decoding=\"async\" class=\"alignnone size-medium wp-image-7588\" src=\"http:\/\/www.schuetzen-hoengen.de\/wp-content\/uploads\/2016\/05\/146454304593031600_resized-Copy-300x200.jpg\" alt=\"\" width=\"300\" height=\"200\" srcset=\"https:\/\/schuetzen-hoengen.de\/wp-content\/uploads\/2016\/05\/146454304593031600_resized-Copy-300x200.jpg 300w, https:\/\/schuetzen-hoengen.de\/wp-content\/uploads\/2016\/05\/146454304593031600_resized-Copy-768x512.jpg 768w, https:\/\/schuetzen-hoengen.de\/wp-content\/uploads\/2016\/05\/146454304593031600_resized-Copy.jpg 800w\" sizes=\"(max-width: 300px) 100vw, 300px\" \/><\/a><\/p>\n<p style=\"text-align: center;\"><a href=\"http:\/\/www.schuetzen-hoengen.de\/wp-content\/uploads\/2016\/05\/146454305169595100_resized-Copy.jpg\" data-rel=\"lightbox-image-13\" data-rl_title=\"\" data-rl_caption=\"\" title=\"\"><img loading=\"lazy\" decoding=\"async\" class=\"alignnone size-medium wp-image-7589\" src=\"http:\/\/www.schuetzen-hoengen.de\/wp-content\/uploads\/2016\/05\/146454305169595100_resized-Copy-300x200.jpg\" alt=\"\" width=\"300\" height=\"200\" srcset=\"https:\/\/schuetzen-hoengen.de\/wp-content\/uploads\/2016\/05\/146454305169595100_resized-Copy-300x200.jpg 300w, https:\/\/schuetzen-hoengen.de\/wp-content\/uploads\/2016\/05\/146454305169595100_resized-Copy-768x512.jpg 768w, https:\/\/schuetzen-hoengen.de\/wp-content\/uploads\/2016\/05\/146454305169595100_resized-Copy.jpg 800w\" sizes=\"(max-width: 300px) 100vw, 300px\" \/><\/a><\/p>\n<p style=\"text-align: center;\"><a href=\"http:\/\/www.schuetzen-hoengen.de\/wp-content\/uploads\/2016\/05\/146454306135219300_resized-Copy.jpg\" data-rel=\"lightbox-image-14\" data-rl_title=\"\" data-rl_caption=\"\" title=\"\"><img loading=\"lazy\" decoding=\"async\" class=\"alignnone size-medium wp-image-7590\" src=\"http:\/\/www.schuetzen-hoengen.de\/wp-content\/uploads\/2016\/05\/146454306135219300_resized-Copy-300x200.jpg\" alt=\"\" width=\"300\" height=\"200\" srcset=\"https:\/\/schuetzen-hoengen.de\/wp-content\/uploads\/2016\/05\/146454306135219300_resized-Copy-300x200.jpg 300w, https:\/\/schuetzen-hoengen.de\/wp-content\/uploads\/2016\/05\/146454306135219300_resized-Copy-768x512.jpg 768w, https:\/\/schuetzen-hoengen.de\/wp-content\/uploads\/2016\/05\/146454306135219300_resized-Copy.jpg 800w\" sizes=\"(max-width: 300px) 100vw, 300px\" \/><\/a><\/p>\n<h5 style=\"text-align: center;\"><\/h5>\n<h3 style=\"text-align: center;\"><\/h3>\n<h3 style=\"text-align: center;\"><\/h3>\n<h3 style=\"text-align: center;\"><\/h3>\n<h3 style=\"text-align: center;\"><\/h3>\n<h3 style=\"text-align: center;\"><\/h3>\n<h3 style=\"text-align: center;\"><\/h3>\n<h3 style=\"text-align: center;\"><\/h3>\n<h3 style=\"text-align: center;\"><\/h3>\n<h3 style=\"text-align: center;\"><\/h3>\n<h3 style=\"text-align: center;\"><\/h3>\n<h3 style=\"text-align: center;\"><\/h3>\n<h3 style=\"text-align: center;\"><\/h3>\n<h3 style=\"text-align: center;\"><\/h3>\n<h3 style=\"text-align: center;\"><\/h3>\n<h3 style=\"text-align: center;\"><\/h3>\n<h3><\/h3>\n<h3>Vorbericht<\/h3>\n<h5><img decoding=\"async\" src=\"http:\/\/www.tpfc.de\/images\/website\/aktuell\/2014\/Koeningspaar400.jpg\" alt=\"\" \/><\/h5>\n<h4>Unser K\u00f6nigspaar Thomas Zimmermanns und Iris Schr\u00f6der<\/h4>\n<h4>Wir w\u00fcnschen unserem K\u00f6nigspaar eine<br \/>\nsch\u00f6ne, stimmungsvolle Kirmes<\/h4>\n<h4>mit viel<\/h4>\n<h4 style=\"text-align: left;\"><a href=\"http:\/\/www.schuetzen-hoengen.de\/wp-content\/uploads\/2015\/11\/Sonne.jpg\" rel=\"attachment wp-att-3252\" data-rel=\"lightbox-image-15\" data-rl_title=\"\" data-rl_caption=\"\" title=\"\"><img loading=\"lazy\" decoding=\"async\" class=\"wp-image-3252 aligncenter\" src=\"http:\/\/www.schuetzen-hoengen.de\/wp-content\/uploads\/2015\/11\/Sonne.jpg\" alt=\"Sonne\" width=\"165\" height=\"154\" \/><\/a><\/h4>\n<h5 style=\"text-align: left;\">weitere Erg\u00e4nzungen zum Programmablauf unter<br \/>\n<a href=\"http:\/\/www.tpfc.de\">Trommler-, Pfeifer- und Fanfarencorps H\u00f6ngen e.V.<\/a><\/h5>\n<hr \/>\n<h4 style=\"text-align: center;\">Flyer Prunkkirmes 2016<\/h4>\n<p><a href=\"http:\/\/www.schuetzen-hoengen.de\/wp-content\/uploads\/2016\/05\/Flyer_Prunkkirmes_2016.jpg\" data-rel=\"lightbox-image-16\" data-rl_title=\"\" data-rl_caption=\"\" title=\"\"><img loading=\"lazy\" decoding=\"async\" class=\"size-medium wp-image-5374 aligncenter\" src=\"http:\/\/www.schuetzen-hoengen.de\/wp-content\/uploads\/2016\/05\/Flyer_Prunkkirmes_2016-270x300.jpg\" alt=\"flyer_prunkkirmes_2016\" width=\"270\" height=\"300\" srcset=\"https:\/\/schuetzen-hoengen.de\/wp-content\/uploads\/2016\/05\/Flyer_Prunkkirmes_2016-270x300.jpg 270w, https:\/\/schuetzen-hoengen.de\/wp-content\/uploads\/2016\/05\/Flyer_Prunkkirmes_2016.jpg 743w\" sizes=\"(max-width: 270px) 100vw, 270px\" \/><\/a>Durch den Besuch unserer Veranstaltungen helfen Sie mit, dass die Kirmestradition in H\u00f6ngen noch lange Bestand hat!!!<\/p>\n<p>&nbsp;<\/p>\n<p>Prunkkirmes in H\u00f6ngen<\/p>\n<p><strong>H\u00f6ngen:<\/strong>\u00a0 Vom 27. \u2013 30. Mai feiert H\u00f6ngen in diesem Jahr die Prunkkirmes. Veranstalter sind wiederum gemeinsam das Trommler-, Pfeifer- und Fanfarencorps und die St. Johannes Baptist\u00a0 Sch\u00fctzenbruderschaft. Im Festzelt am Prunkweg hinter den Tennispl\u00e4tzen wird 4 Tage lang ein volles Programm geboten.<\/p>\n<p>Der Auftakt ist am Freitag mit der <strong>Kultfete \u2013 \u201eRumble in the Jungle\u201c<\/strong>. Im Festzelt und Open Air Bereich werden bekannte Highlights dieser Veranstaltung pr\u00e4sentiert. Ab 20 Uhr startet das Musikspektakel mit der Lichtshow des Teams <strong>\u201emusicnlight\u201c<\/strong>, bei der man nicht nur H\u00f6ngener sondern den ganzen Selfkant und Umgebung trifft. Zu sp\u00e4ter Stunde wird die <strong>Hakuna<\/strong> <strong>Matata Bar<\/strong> \u00f6ffnen und \u201eJungle Flair\u201c bringen, sowie S\u00fcdsee Tr\u00e4ume wahr werden lassen.<\/p>\n<p><img decoding=\"async\" src=\"http:\/\/www.tpfc.de\/images\/website\/aktuell\/2014\/Koeningspaar400.jpg\" alt=\"\" \/><\/p>\n<p>Nach dem Festaufzug am Samstag um 16:00 Uhr durch Wehrhagen l\u00e4dt das K\u00f6nigspaar Thomas Zimmermanns und Iris Schr\u00f6der seine G\u00e4ste und die Bev\u00f6lkerung aus H\u00f6ngen und Wehrhagen zum K\u00f6nigsball ein. Hier sorgt die Musikgruppe \u201eMusic on the roX\u201c f\u00fcr Stimmung. Der H\u00f6ngener K\u00f6nigsball ist mit seinen \u00fcberraschenden Darbietungen immer etwas Besonderes. Es finden sich im Freundeskreis des K\u00f6nigspaares immer wieder Gruppen die f\u00fcr das Highlight des Abends sorgen. Man darf auch diesmal gespannt sein.<\/p>\n<p>Der Sonntag beginnt um 9:00 Uhr mit dem Hochamt und anschlie\u00dfender Kranzniederlegung am Ehrenmahl. Danach wird zum Fr\u00fchschoppen ins Festzelt eingeladen.<\/p>\n<p>Ab 14:30 Uhr startet der Umzug durch H\u00f6ngen. Neben dem Trommler-, Pfeifer- und Fanfarencorps H\u00f6ngen, dem Musikverein St. Gregorius Saeffelen und der Sch\u00fctzenbruderschaft, sind diesmal die Sch\u00fctzenbruderschaften aus Saeffelen und Wehr sowie deren Spielmannsz\u00fcge mit dabei. Das K\u00f6nigspaar kann sich am von der Nachbarschaft pr\u00e4chtig geschm\u00fcckten Haus, auf einen besonders gro\u00dfen Festzug freuen.<\/p>\n<p>Wegstrecke: K\u00f6nigshaus Laaker Weg, Heerstra\u00dfe, Birderstra\u00dfe, Westerholzerstra\u00dfe, Op de Berg, Kirchstra\u00dfe, Heerstra\u00dfe, Prunkweg.<\/p>\n<p>Nach dem Festaufzug findet die Parade zu Ehren des K\u00f6nigspaares am Prunkweg statt. Im Anschluss an die Parade laden die Veranstalter zur K\u00f6nigshuldigung sowie Kaffee und Kuchen aufs Festzelt ein.<\/p>\n<p>Der Montag bildet den Abschluss der Kirmes. Nach der Messe um 10:00 Uhr trifft man sich gegen 11:00 Uhr im Festzelt zum Bauernfr\u00fchst\u00fcck mit Speck und Ei.<\/p>\n<p>Passend zum Fr\u00fchst\u00fcck schlie\u00dft sich unter dem Motto \u201eBureball\u201c eine Tanzveranstaltung an, bei der jeder Besucher aufgerufen ist das Motto nach seiner Idee zu interpretieren. Die passende Musik wird von DJ Nigel aufgelegt, und da wird bestimmt der ein oder andere Bureschlager mit dabei sein.<\/p>\n<p>Die St. Johannes Baptist Sch\u00fctzenbruderschaft mit dem Trommler-, Pfeifer- und Fanfarencorps l\u00e4dt die Bev\u00f6lkerung aus H\u00f6ngen, Wehrhagen und Umgebung recht herzlich ein, diese Kirmes mitzufeiern<\/p>\n","protected":false},"excerpt":{"rendered":"<p>Prunkkirmes Aufzug und Parade trotz konnte H\u00f6ngen auf eine stimmungsvolle Kirmes zur\u00fcckblicken!!! Unser charmantes K\u00f6nigspaar Thomas Zimmermanns und Iris Schr\u00f6derbmit den Adjutanten\u00a0 Marcel Dauven und Normen Jansen K\u00f6nigsball &#8211; K\u00f6nigswalzer\u00a0 klappt doch!! Musik on the RoX &#8211; Eine Band der Extraklasse Einer der H\u00f6hepunkte: Die Laudatio auf den K\u00f6nig; vorgetragen von Uwe Opinski Dank an &hellip; <a href=\"https:\/\/schuetzen-hoengen.de\/index.php\/veranstaltungen-2\/veranstaltungen-2016\/prunkkirmes\/\" class=\"more-link\"><span class=\"screen-reader-text\">Prunkkirmes<\/span> weiterlesen <span class=\"meta-nav\">&rarr;<\/span><\/a><\/p>\n","protected":false},"author":2,"featured_media":0,"parent":1789,"menu_order":0,"comment_status":"closed","ping_status":"closed","template":"","meta":{"footnotes":""},"_links":{"self":[{"href":"https:\/\/schuetzen-hoengen.de\/index.php\/wp-json\/wp\/v2\/pages\/4143"}],"collection":[{"href":"https:\/\/schuetzen-hoengen.de\/index.php\/wp-json\/wp\/v2\/pages"}],"about":[{"href":"https:\/\/schuetzen-hoengen.de\/index.php\/wp-json\/wp\/v2\/types\/page"}],"author":[{"embeddable":true,"href":"https:\/\/schuetzen-hoengen.de\/index.php\/wp-json\/wp\/v2\/users\/2"}],"replies":[{"embeddable":true,"href":"https:\/\/schuetzen-hoengen.de\/index.php\/wp-json\/wp\/v2\/comments?post=4143"}],"version-history":[{"count":21,"href":"https:\/\/schuetzen-hoengen.de\/index.php\/wp-json\/wp\/v2\/pages\/4143\/revisions"}],"predecessor-version":[{"id":8968,"href":"https:\/\/schuetzen-hoengen.de\/index.php\/wp-json\/wp\/v2\/pages\/4143\/revisions\/8968"}],"up":[{"embeddable":true,"href":"https:\/\/schuetzen-hoengen.de\/index.php\/wp-json\/wp\/v2\/pages\/1789"}],"wp:attachment":[{"href":"https:\/\/schuetzen-hoengen.de\/index.php\/wp-json\/wp\/v2\/media?parent=4143"}],"curies":[{"name":"wp","href":"https:\/\/api.w.org\/{rel}","templated":true}]}}