{"id":44,"date":"2015-04-29T20:46:08","date_gmt":"2015-04-29T18:46:08","guid":{"rendered":"http:\/\/www.schuetzen-hoengen.de\/?page_id=44"},"modified":"2018-09-10T13:50:29","modified_gmt":"2018-09-10T11:50:29","slug":"schiesssport","status":"publish","type":"page","link":"https:\/\/schuetzen-hoengen.de\/index.php\/schiesssport\/","title":{"rendered":"Schie\u00dfsport"},"content":{"rendered":"<p><a href=\"http:\/\/www.schuetzen-hoengen.de\/wp-content\/uploads\/2015\/04\/schiesssport.jpg\" data-rel=\"lightbox-image-0\" data-rl_title=\"\" data-rl_caption=\"\" title=\"\"><img loading=\"lazy\" decoding=\"async\" class=\"alignnone size-full wp-image-87\" src=\"http:\/\/www.schuetzen-hoengen.de\/wp-content\/uploads\/2015\/04\/schiesssport.jpg\" alt=\"schiesssport\" width=\"200\" height=\"122\" \/><\/a><\/p>\n<p><strong><span style=\"color: #008000;\">St. Johannes Baptist Sch\u00fctzenbruderschaft\u00a0 H\u00f6ngen &#8211; Schie\u00dfsport<\/span><\/strong><\/p>\n<table width=\"1000\">\n<tbody>\n<tr>\n<td width=\"870\">In unserer Bruderschaft bieten wir im Moment\u00a0 folgende\u00a0 Disziplinen im Schie\u00dfsport an.<\/p>\n<p><strong>Hobby Tell \u00a0 \u00a0 <a href=\"http:\/\/www.schuetzen-hoengen.de\/wp-content\/uploads\/2015\/04\/Hobby-Tell.jpg\" data-rel=\"lightbox-image-1\" data-rl_title=\"\" data-rl_caption=\"\" title=\"\"><img loading=\"lazy\" decoding=\"async\" class=\"alignnone wp-image-6332\" src=\"http:\/\/www.schuetzen-hoengen.de\/wp-content\/uploads\/2015\/04\/Hobby-Tell-300x129.jpg\" alt=\"hobby-tell\" width=\"153\" height=\"66\" srcset=\"https:\/\/schuetzen-hoengen.de\/wp-content\/uploads\/2015\/04\/Hobby-Tell-300x129.jpg 300w, https:\/\/schuetzen-hoengen.de\/wp-content\/uploads\/2015\/04\/Hobby-Tell.jpg 366w\" sizes=\"(max-width: 153px) 100vw, 153px\" \/><\/a><\/strong><\/p>\n<p><strong>Luftgewehr\u00a0\u00a0\u00a0 <a href=\"http:\/\/www.schuetzen-hoengen.de\/wp-content\/uploads\/2015\/04\/luftgewehr.jpg\" data-rel=\"lightbox-image-2\" data-rl_title=\"\" data-rl_caption=\"\" title=\"\"><img loading=\"lazy\" decoding=\"async\" class=\"alignnone wp-image-6333\" src=\"http:\/\/www.schuetzen-hoengen.de\/wp-content\/uploads\/2015\/04\/luftgewehr-300x150.jpg\" alt=\"luftgewehr\" width=\"154\" height=\"77\" srcset=\"https:\/\/schuetzen-hoengen.de\/wp-content\/uploads\/2015\/04\/luftgewehr-300x150.jpg 300w, https:\/\/schuetzen-hoengen.de\/wp-content\/uploads\/2015\/04\/luftgewehr.jpg 318w\" sizes=\"(max-width: 154px) 100vw, 154px\" \/><\/a><br \/>\n<\/strong><\/p>\n<p><strong>Kleinkaliber\u00a0\u00a0 <a href=\"http:\/\/www.schuetzen-hoengen.de\/wp-content\/uploads\/2015\/04\/kleinkalibergewehr_50m_sp.jpg\" rel=\"attachment wp-att-1677\" data-rel=\"lightbox-image-3\" data-rl_title=\"\" data-rl_caption=\"\" title=\"\"><img loading=\"lazy\" decoding=\"async\" class=\"alignnone wp-image-1677\" src=\"http:\/\/www.schuetzen-hoengen.de\/wp-content\/uploads\/2015\/04\/kleinkalibergewehr_50m_sp-300x130.jpg\" alt=\"kleinkalibergewehr_50m_sp\" width=\"157\" height=\"68\" \/><\/a><br \/>\n<\/strong><\/p>\n<p>Wir nehmen an Wettk\u00e4mpfen im Dekanat Gangelt\/Selfkant und auch an Wettk\u00e4mpfen im Ausland teil. Dar\u00fcber hinaus veranstalten wir einmal im Jahr eine Vereinsmeisterschaft .<\/p>\n<p>Nat\u00fcrlich geht es ohne ein regelm\u00e4\u00dfiges Training nicht. Deswegen lautet unser Wahlspruch:<strong> \u201e Ohne Flei\u00df kein Preis\u00a0 &#8221; <\/strong> Aus diesem Grund finden wir uns Montags ab 19:00 Uhr in der Sch\u00fctzenhalle ein.<\/p>\n<p><span style=\"color: #008000;\"><strong>Bei Interesse, melde dich bei unserem Schie\u00dfmeister Karl Heinz Welter<\/strong>.<\/span><\/p>\n<p>Infos Schie\u00dfsport unter: <a href=\"http:\/\/www.dekanat-gangelt-selfkant.de\"><u><span style=\"color: #0066cc;\">Dekanat Gangelt Selfkant<\/span><\/u><\/a><\/td>\n<\/tr>\n<\/tbody>\n<\/table>\n","protected":false},"excerpt":{"rendered":"<p>St. Johannes Baptist Sch\u00fctzenbruderschaft\u00a0 H\u00f6ngen &#8211; Schie\u00dfsport In unserer Bruderschaft bieten wir im Moment\u00a0 folgende\u00a0 Disziplinen im Schie\u00dfsport an. Hobby Tell \u00a0 \u00a0 Luftgewehr\u00a0\u00a0\u00a0 Kleinkaliber\u00a0\u00a0 Wir nehmen an Wettk\u00e4mpfen im Dekanat Gangelt\/Selfkant und auch an Wettk\u00e4mpfen im Ausland teil. Dar\u00fcber hinaus veranstalten wir einmal im Jahr eine Vereinsmeisterschaft . Nat\u00fcrlich geht es ohne ein regelm\u00e4\u00dfiges &hellip; <a href=\"https:\/\/schuetzen-hoengen.de\/index.php\/schiesssport\/\" class=\"more-link\"><span class=\"screen-reader-text\">Schie\u00dfsport<\/span> weiterlesen <span class=\"meta-nav\">&rarr;<\/span><\/a><\/p>\n","protected":false},"author":1,"featured_media":0,"parent":0,"menu_order":30,"comment_status":"closed","ping_status":"open","template":"","meta":{"footnotes":""},"_links":{"self":[{"href":"https:\/\/schuetzen-hoengen.de\/index.php\/wp-json\/wp\/v2\/pages\/44"}],"collection":[{"href":"https:\/\/schuetzen-hoengen.de\/index.php\/wp-json\/wp\/v2\/pages"}],"about":[{"href":"https:\/\/schuetzen-hoengen.de\/index.php\/wp-json\/wp\/v2\/types\/page"}],"author":[{"embeddable":true,"href":"https:\/\/schuetzen-hoengen.de\/index.php\/wp-json\/wp\/v2\/users\/1"}],"replies":[{"embeddable":true,"href":"https:\/\/schuetzen-hoengen.de\/index.php\/wp-json\/wp\/v2\/comments?post=44"}],"version-history":[{"count":15,"href":"https:\/\/schuetzen-hoengen.de\/index.php\/wp-json\/wp\/v2\/pages\/44\/revisions"}],"predecessor-version":[{"id":6335,"href":"https:\/\/schuetzen-hoengen.de\/index.php\/wp-json\/wp\/v2\/pages\/44\/revisions\/6335"}],"wp:attachment":[{"href":"https:\/\/schuetzen-hoengen.de\/index.php\/wp-json\/wp\/v2\/media?parent=44"}],"curies":[{"name":"wp","href":"https:\/\/api.w.org\/{rel}","templated":true}]}}