{"id":4615,"date":"2016-08-27T18:16:20","date_gmt":"2016-08-27T16:16:20","guid":{"rendered":"http:\/\/www.schuetzen-hoengen.de\/?page_id=4615"},"modified":"2017-01-28T21:19:47","modified_gmt":"2017-01-28T20:19:47","slug":"montfort","status":"publish","type":"page","link":"https:\/\/schuetzen-hoengen.de\/index.php\/schiesssport\/montfort\/","title":{"rendered":"Montfort 12-08-2016"},"content":{"rendered":"<h1 style=\"text-align: center;\"><em>Freitag, 12.\u00a0 August 2016<\/em><\/h1>\n<p><a href=\"http:\/\/www.schuetzen-hoengen.de\/wp-content\/uploads\/2015\/11\/Unbenannt.jpg\" data-rel=\"lightbox-image-0\" data-rl_title=\"\" data-rl_caption=\"\" title=\"\"><img loading=\"lazy\" decoding=\"async\" class=\"size-full wp-image-7767 aligncenter\" src=\"http:\/\/www.schuetzen-hoengen.de\/wp-content\/uploads\/2015\/11\/Unbenannt.jpg\" alt=\"\" width=\"241\" height=\"219\" \/><\/a><\/p>\n<p style=\"text-align: center;\"><a title=\"\" href=\"http:\/\/www.schuetzen-hoengen.de\/wp-content\/uploads\/2015\/04\/Montfort.png\" data-slimstat-callback=\"false\" data-slimstat-async=\"false\" data-slimstat-tracking=\"false\" data-slimstat-type=\"2\" data-slimstat-clicked=\"false\" data-rel=\"lightbox-image-bGlnaHRib3gtNQ==\" data-rl_title=\"\" data-rl_caption=\"\"><img loading=\"lazy\" decoding=\"async\" class=\"alignnone wp-image-4539\" src=\"http:\/\/www.schuetzen-hoengen.de\/wp-content\/uploads\/2015\/04\/Montfort-300x45.png\" sizes=\"(max-width: 347px) 100vw, 347px\" srcset=\"http:\/\/www.schuetzen-hoengen.de\/wp-content\/uploads\/2015\/04\/Montfort-300x45.png 300w, http:\/\/www.schuetzen-hoengen.de\/wp-content\/uploads\/2015\/04\/Montfort.png 603w\" alt=\"Montfort\" width=\"347\" height=\"52\" \/><\/a><\/p>\n<h1 style=\"text-align: center;\">G\u00e4steschiessen Montfort<\/h1>\n<h3 style=\"text-align: center;\">Es war gesellig!!!<\/h3>\n<h3 style=\"text-align: center;\"><a title=\"\" href=\"http:\/\/www.schuetzen-hoengen.de\/wp-content\/uploads\/2015\/04\/20160812_215257.jpg\" data-slimstat-callback=\"false\" data-slimstat-async=\"false\" data-slimstat-tracking=\"false\" data-slimstat-type=\"2\" data-slimstat-clicked=\"false\" data-rel=\"lightbox-image-bGlnaHRib3gtNg==\" data-rl_title=\"\" data-rl_caption=\"\"><img loading=\"lazy\" decoding=\"async\" class=\"alignnone size-medium wp-image-4566\" src=\"http:\/\/www.schuetzen-hoengen.de\/wp-content\/uploads\/2015\/04\/20160812_215257-169x300.jpg\" sizes=\"(max-width: 169px) 100vw, 169px\" srcset=\"http:\/\/www.schuetzen-hoengen.de\/wp-content\/uploads\/2015\/04\/20160812_215257-169x300.jpg 169w, http:\/\/www.schuetzen-hoengen.de\/wp-content\/uploads\/2015\/04\/20160812_215257-768x1365.jpg 768w, http:\/\/www.schuetzen-hoengen.de\/wp-content\/uploads\/2015\/04\/20160812_215257-576x1024.jpg 576w\" alt=\"20160812_215257\" width=\"169\" height=\"300\" \/><\/a><a title=\"\" href=\"http:\/\/www.schuetzen-hoengen.de\/wp-content\/uploads\/2015\/04\/IMG-20160812-WA0006.jpg\" data-slimstat-callback=\"false\" data-slimstat-async=\"false\" data-slimstat-tracking=\"false\" data-slimstat-type=\"2\" data-slimstat-clicked=\"false\" data-rel=\"lightbox-image-bGlnaHRib3gtNw==\" data-rl_title=\"\" data-rl_caption=\"\"><img loading=\"lazy\" decoding=\"async\" class=\"alignnone size-medium wp-image-4569\" src=\"http:\/\/www.schuetzen-hoengen.de\/wp-content\/uploads\/2015\/04\/IMG-20160812-WA0006-169x300.jpg\" sizes=\"(max-width: 169px) 100vw, 169px\" srcset=\"http:\/\/www.schuetzen-hoengen.de\/wp-content\/uploads\/2015\/04\/IMG-20160812-WA0006-169x300.jpg 169w, http:\/\/www.schuetzen-hoengen.de\/wp-content\/uploads\/2015\/04\/IMG-20160812-WA0006-576x1024.jpg 576w, http:\/\/www.schuetzen-hoengen.de\/wp-content\/uploads\/2015\/04\/IMG-20160812-WA0006.jpg 747w\" alt=\"IMG-20160812-WA0006\" width=\"169\" height=\"300\" \/><\/a><a title=\"\" href=\"http:\/\/www.schuetzen-hoengen.de\/wp-content\/uploads\/2015\/04\/20160812_215257.jpg\" data-slimstat-callback=\"false\" data-slimstat-async=\"false\" data-slimstat-tracking=\"false\" data-slimstat-type=\"2\" data-slimstat-clicked=\"false\" data-rel=\"lightbox-image-bGlnaHRib3gtNg==\" data-rl_title=\"\" data-rl_caption=\"\"><br \/>\n<\/a><br \/>\nSieger Hans Wolky<\/h3>\n<p style=\"text-align: center;\"><a title=\"\" href=\"http:\/\/www.schuetzen-hoengen.de\/wp-content\/uploads\/2015\/04\/20160814_115101.jpg\" data-slimstat-callback=\"false\" data-slimstat-async=\"false\" data-slimstat-tracking=\"false\" data-slimstat-type=\"2\" data-slimstat-clicked=\"false\" data-rel=\"lightbox-image-bGlnaHRib3gtOQ==\" data-rl_title=\"\" data-rl_caption=\"\"><img loading=\"lazy\" decoding=\"async\" class=\"alignnone size-medium wp-image-4567\" src=\"http:\/\/www.schuetzen-hoengen.de\/wp-content\/uploads\/2015\/04\/20160814_115101-300x169.jpg\" sizes=\"(max-width: 300px) 100vw, 300px\" srcset=\"http:\/\/www.schuetzen-hoengen.de\/wp-content\/uploads\/2015\/04\/20160814_115101-300x169.jpg 300w, http:\/\/www.schuetzen-hoengen.de\/wp-content\/uploads\/2015\/04\/20160814_115101-768x432.jpg 768w, http:\/\/www.schuetzen-hoengen.de\/wp-content\/uploads\/2015\/04\/20160814_115101-1024x576.jpg 1024w\" alt=\"20160814_115101\" width=\"300\" height=\"169\" \/><\/a><\/p>\n<p style=\"text-align: center;\"><a title=\"\" href=\"http:\/\/www.schuetzen-hoengen.de\/wp-content\/uploads\/2015\/04\/20160812_203403.jpg\" data-slimstat-callback=\"false\" data-slimstat-async=\"false\" data-slimstat-tracking=\"false\" data-slimstat-type=\"2\" data-slimstat-clicked=\"false\" data-rel=\"lightbox-image-bGlnaHRib3gtMTA=\" data-rl_title=\"\" data-rl_caption=\"\"><img loading=\"lazy\" decoding=\"async\" class=\"alignnone size-medium wp-image-4564\" src=\"http:\/\/www.schuetzen-hoengen.de\/wp-content\/uploads\/2015\/04\/20160812_203403-169x300.jpg\" sizes=\"(max-width: 169px) 100vw, 169px\" srcset=\"http:\/\/www.schuetzen-hoengen.de\/wp-content\/uploads\/2015\/04\/20160812_203403-169x300.jpg 169w, http:\/\/www.schuetzen-hoengen.de\/wp-content\/uploads\/2015\/04\/20160812_203403-768x1365.jpg 768w, http:\/\/www.schuetzen-hoengen.de\/wp-content\/uploads\/2015\/04\/20160812_203403-576x1024.jpg 576w\" alt=\"20160812_203403\" width=\"169\" height=\"300\" \/><\/a><a title=\"\" href=\"http:\/\/www.schuetzen-hoengen.de\/wp-content\/uploads\/2015\/04\/IMG-20160812-WA0009.jpg\" data-slimstat-callback=\"false\" data-slimstat-async=\"false\" data-slimstat-tracking=\"false\" data-slimstat-type=\"2\" data-slimstat-clicked=\"false\" data-rel=\"lightbox-image-bGlnaHRib3gtMTE=\" data-rl_title=\"\" data-rl_caption=\"\"><img loading=\"lazy\" decoding=\"async\" class=\"alignnone size-medium wp-image-4574\" src=\"http:\/\/www.schuetzen-hoengen.de\/wp-content\/uploads\/2015\/04\/IMG-20160812-WA0009-169x300.jpg\" sizes=\"(max-width: 169px) 100vw, 169px\" srcset=\"http:\/\/www.schuetzen-hoengen.de\/wp-content\/uploads\/2015\/04\/IMG-20160812-WA0009-169x300.jpg 169w, http:\/\/www.schuetzen-hoengen.de\/wp-content\/uploads\/2015\/04\/IMG-20160812-WA0009-576x1024.jpg 576w, http:\/\/www.schuetzen-hoengen.de\/wp-content\/uploads\/2015\/04\/IMG-20160812-WA0009.jpg 747w\" alt=\"IMG-20160812-WA0009\" width=\"169\" height=\"300\" \/><\/a><\/p>\n<p style=\"text-align: center;\"><a title=\"\" href=\"http:\/\/www.schuetzen-hoengen.de\/wp-content\/uploads\/2015\/04\/20160812_203227.jpg\" data-slimstat-callback=\"false\" data-slimstat-async=\"false\" data-slimstat-tracking=\"false\" data-slimstat-type=\"2\" data-slimstat-clicked=\"false\" data-rel=\"lightbox-image-bGlnaHRib3gtMTI=\" data-rl_title=\"\" data-rl_caption=\"\"><img loading=\"lazy\" decoding=\"async\" class=\"alignnone size-medium wp-image-4563\" src=\"http:\/\/www.schuetzen-hoengen.de\/wp-content\/uploads\/2015\/04\/20160812_203227-169x300.jpg\" sizes=\"(max-width: 169px) 100vw, 169px\" srcset=\"http:\/\/www.schuetzen-hoengen.de\/wp-content\/uploads\/2015\/04\/20160812_203227-169x300.jpg 169w, http:\/\/www.schuetzen-hoengen.de\/wp-content\/uploads\/2015\/04\/20160812_203227-768x1365.jpg 768w, http:\/\/www.schuetzen-hoengen.de\/wp-content\/uploads\/2015\/04\/20160812_203227-576x1024.jpg 576w\" alt=\"20160812_203227\" width=\"169\" height=\"300\" \/><\/a><\/p>\n<p style=\"text-align: center;\"><a title=\"\" href=\"http:\/\/www.schuetzen-hoengen.de\/wp-content\/uploads\/2015\/04\/IMG-20160812-WA0008-2.jpg\" data-slimstat-callback=\"false\" data-slimstat-async=\"false\" data-slimstat-tracking=\"false\" data-slimstat-type=\"2\" data-slimstat-clicked=\"false\" data-rel=\"lightbox-image-bGlnaHRib3gtMTM=\" data-rl_title=\"\" data-rl_caption=\"\"><img loading=\"lazy\" decoding=\"async\" class=\"alignnone size-medium wp-image-4573\" src=\"http:\/\/www.schuetzen-hoengen.de\/wp-content\/uploads\/2015\/04\/IMG-20160812-WA0008-2-300x169.jpg\" sizes=\"(max-width: 300px) 100vw, 300px\" srcset=\"http:\/\/www.schuetzen-hoengen.de\/wp-content\/uploads\/2015\/04\/IMG-20160812-WA0008-2-300x169.jpg 300w, http:\/\/www.schuetzen-hoengen.de\/wp-content\/uploads\/2015\/04\/IMG-20160812-WA0008-2-768x432.jpg 768w, http:\/\/www.schuetzen-hoengen.de\/wp-content\/uploads\/2015\/04\/IMG-20160812-WA0008-2-1024x576.jpg 1024w, http:\/\/www.schuetzen-hoengen.de\/wp-content\/uploads\/2015\/04\/IMG-20160812-WA0008-2.jpg 1600w\" alt=\"IMG-20160812-WA0008\" width=\"300\" height=\"169\" \/><\/a><\/p>\n<p style=\"text-align: center;\">zum Vergr\u00f6\u00dfern Bilder anklicken!!!<\/p>\n<hr \/>\n","protected":false},"excerpt":{"rendered":"<p>Freitag, 12.\u00a0 August 2016 G\u00e4steschiessen Montfort Es war gesellig!!! Sieger Hans Wolky zum Vergr\u00f6\u00dfern Bilder anklicken!!!<\/p>\n","protected":false},"author":2,"featured_media":0,"parent":44,"menu_order":0,"comment_status":"closed","ping_status":"closed","template":"","meta":{"footnotes":""},"_links":{"self":[{"href":"https:\/\/schuetzen-hoengen.de\/index.php\/wp-json\/wp\/v2\/pages\/4615"}],"collection":[{"href":"https:\/\/schuetzen-hoengen.de\/index.php\/wp-json\/wp\/v2\/pages"}],"about":[{"href":"https:\/\/schuetzen-hoengen.de\/index.php\/wp-json\/wp\/v2\/types\/page"}],"author":[{"embeddable":true,"href":"https:\/\/schuetzen-hoengen.de\/index.php\/wp-json\/wp\/v2\/users\/2"}],"replies":[{"embeddable":true,"href":"https:\/\/schuetzen-hoengen.de\/index.php\/wp-json\/wp\/v2\/comments?post=4615"}],"version-history":[{"count":4,"href":"https:\/\/schuetzen-hoengen.de\/index.php\/wp-json\/wp\/v2\/pages\/4615\/revisions"}],"predecessor-version":[{"id":7769,"href":"https:\/\/schuetzen-hoengen.de\/index.php\/wp-json\/wp\/v2\/pages\/4615\/revisions\/7769"}],"up":[{"embeddable":true,"href":"https:\/\/schuetzen-hoengen.de\/index.php\/wp-json\/wp\/v2\/pages\/44"}],"wp:attachment":[{"href":"https:\/\/schuetzen-hoengen.de\/index.php\/wp-json\/wp\/v2\/media?parent=4615"}],"curies":[{"name":"wp","href":"https:\/\/api.w.org\/{rel}","templated":true}]}}