{"id":4686,"date":"2016-09-04T19:38:54","date_gmt":"2016-09-04T17:38:54","guid":{"rendered":"http:\/\/www.schuetzen-hoengen.de\/?page_id=4686"},"modified":"2016-11-06T18:32:14","modified_gmt":"2016-11-06T17:32:14","slug":"tuedderen","status":"publish","type":"page","link":"https:\/\/schuetzen-hoengen.de\/index.php\/veranstaltungen-2\/veranstaltungen-2016\/kaiserfeste\/tuedderen\/","title":{"rendered":"T\u00fcdderen"},"content":{"rendered":"<h5>\u00a0\u00a0\u00a0\u00a0\u00a0\u00a0\u00a0\u00a0\u00a0\u00a0\u00a0\u00a0\u00a0\u00a0\u00a0\u00a0\u00a0\u00a0\u00a0\u00a0\u00a0\u00a0\u00a0\u00a0\u00a0\u00a0\u00a0\u00a0\u00a0\u00a0\u00a0\u00a0\u00a0\u00a0\u00a0 <a href=\"http:\/\/www.schuetzen-hoengen.de\/wp-content\/uploads\/2015\/04\/Sch\u00fctzensymbol_Gr\u00fcn.jpg\" rel=\"attachment wp-att-3327\" data-rel=\"lightbox-image-0\" data-rl_title=\"\" data-rl_caption=\"\" title=\"\"><img loading=\"lazy\" decoding=\"async\" class=\"size-full wp-image-3327 aligncenter\" src=\"http:\/\/www.schuetzen-hoengen.de\/wp-content\/uploads\/2015\/04\/Sch\u00fctzensymbol_Gr\u00fcn.jpg\" alt=\"Sch\u00fctzensymbol_Gr\u00fcn\" width=\"112\" height=\"113\" \/><\/a><\/h5>\n<h3 style=\"text-align: center;\">Kaiserfest in T\u00fcddern<\/h3>\n<h4 style=\"text-align: left;\"><span style=\"color: #000000;\">Dank an alle Sch\u00fctzen f\u00fcr die gute Beteiligung, trotz des langen Wochenendes.<\/span><\/h4>\n<h4 style=\"text-align: left;\">Es war nicht nur warm, es war hei\u00df!! \u00a0 \u00a0 \u00a0 \u00a0 \u00a0 \u00a0 \u00a0 \u00a0 \u00a0\u00a0 <a href=\"http:\/\/www.schuetzen-hoengen.de\/wp-content\/uploads\/2015\/11\/Sonne.jpg\" rel=\"attachment wp-att-3252\" data-rel=\"lightbox-image-1\" data-rl_title=\"\" data-rl_caption=\"\" title=\"\"><img loading=\"lazy\" decoding=\"async\" class=\"wp-image-3252 aligncenter\" src=\"http:\/\/www.schuetzen-hoengen.de\/wp-content\/uploads\/2015\/11\/Sonne.jpg\" alt=\"Sonne\" width=\"165\" height=\"154\" \/><\/a><a href=\"http:\/\/www.schuetzen-hoengen.de\/wp-content\/uploads\/2016\/09\/K\u00f6nigspaar_T\u00fcddern-Copy.jpg\" data-rel=\"lightbox-image-2\" data-rl_title=\"\" data-rl_caption=\"\" title=\"\"><img loading=\"lazy\" decoding=\"async\" class=\"size-medium wp-image-5439 aligncenter\" src=\"http:\/\/www.schuetzen-hoengen.de\/wp-content\/uploads\/2016\/09\/K\u00f6nigspaar_T\u00fcddern-Copy-300x200.jpg\" alt=\"koenigspaar_tueddern-copy\" width=\"300\" height=\"200\" srcset=\"https:\/\/schuetzen-hoengen.de\/wp-content\/uploads\/2016\/09\/K\u00f6nigspaar_T\u00fcddern-Copy-300x200.jpg 300w, https:\/\/schuetzen-hoengen.de\/wp-content\/uploads\/2016\/09\/K\u00f6nigspaar_T\u00fcddern-Copy-768x511.jpg 768w, https:\/\/schuetzen-hoengen.de\/wp-content\/uploads\/2016\/09\/K\u00f6nigspaar_T\u00fcddern-Copy.jpg 800w\" sizes=\"(max-width: 300px) 100vw, 300px\" \/><\/a><\/h4>\n<h4>K\u00f6nigspaar Franz und Mia Hensgens mit den Adjutanten<br \/>\nDaniel Backhaus und Marcel Dahlmanns<\/h4>\n<h6>Bild wurde uns von Uwe Huchel &#8211; selfkant-online &#8211; zur Verf\u00fcgung gestellt.<\/h6>\n<h5 style=\"text-align: left;\">K\u00f6nig Franz Hensgens; die Adjutanten Saddo (Marcel Dahlmanns)<br \/>\nund Boon ( Daniel Backhaus) im 3mm Partnerlook. Das hat schon was!<br \/>\nHauptsache die Frisur sitzt!!!<\/h5>\n","protected":false},"excerpt":{"rendered":"<p>\u00a0\u00a0\u00a0\u00a0\u00a0\u00a0\u00a0\u00a0\u00a0\u00a0\u00a0\u00a0\u00a0\u00a0\u00a0\u00a0\u00a0\u00a0\u00a0\u00a0\u00a0\u00a0\u00a0\u00a0\u00a0\u00a0\u00a0\u00a0\u00a0\u00a0\u00a0\u00a0\u00a0\u00a0\u00a0 Kaiserfest in T\u00fcddern Dank an alle Sch\u00fctzen f\u00fcr die gute Beteiligung, trotz des langen Wochenendes. Es war nicht nur warm, es war hei\u00df!! \u00a0 \u00a0 \u00a0 \u00a0 \u00a0 \u00a0 \u00a0 \u00a0 \u00a0\u00a0 K\u00f6nigspaar Franz und Mia Hensgens mit den Adjutanten Daniel Backhaus und Marcel Dahlmanns Bild wurde uns von Uwe Huchel &#8211; selfkant-online &#8211; &hellip; <a href=\"https:\/\/schuetzen-hoengen.de\/index.php\/veranstaltungen-2\/veranstaltungen-2016\/kaiserfeste\/tuedderen\/\" class=\"more-link\"><span class=\"screen-reader-text\">T\u00fcdderen<\/span> weiterlesen <span class=\"meta-nav\">&rarr;<\/span><\/a><\/p>\n","protected":false},"author":2,"featured_media":0,"parent":4684,"menu_order":0,"comment_status":"closed","ping_status":"closed","template":"","meta":{"footnotes":""},"_links":{"self":[{"href":"https:\/\/schuetzen-hoengen.de\/index.php\/wp-json\/wp\/v2\/pages\/4686"}],"collection":[{"href":"https:\/\/schuetzen-hoengen.de\/index.php\/wp-json\/wp\/v2\/pages"}],"about":[{"href":"https:\/\/schuetzen-hoengen.de\/index.php\/wp-json\/wp\/v2\/types\/page"}],"author":[{"embeddable":true,"href":"https:\/\/schuetzen-hoengen.de\/index.php\/wp-json\/wp\/v2\/users\/2"}],"replies":[{"embeddable":true,"href":"https:\/\/schuetzen-hoengen.de\/index.php\/wp-json\/wp\/v2\/comments?post=4686"}],"version-history":[{"count":2,"href":"https:\/\/schuetzen-hoengen.de\/index.php\/wp-json\/wp\/v2\/pages\/4686\/revisions"}],"predecessor-version":[{"id":5440,"href":"https:\/\/schuetzen-hoengen.de\/index.php\/wp-json\/wp\/v2\/pages\/4686\/revisions\/5440"}],"up":[{"embeddable":true,"href":"https:\/\/schuetzen-hoengen.de\/index.php\/wp-json\/wp\/v2\/pages\/4684"}],"wp:attachment":[{"href":"https:\/\/schuetzen-hoengen.de\/index.php\/wp-json\/wp\/v2\/media?parent=4686"}],"curies":[{"name":"wp","href":"https:\/\/api.w.org\/{rel}","templated":true}]}}