{"id":4690,"date":"2016-09-04T19:42:01","date_gmt":"2016-09-04T17:42:01","guid":{"rendered":"http:\/\/www.schuetzen-hoengen.de\/?page_id=4690"},"modified":"2016-09-21T19:18:15","modified_gmt":"2016-09-21T17:18:15","slug":"isenbruch","status":"publish","type":"page","link":"https:\/\/schuetzen-hoengen.de\/index.php\/veranstaltungen-2\/veranstaltungen-2016\/kaiserfeste\/isenbruch\/","title":{"rendered":"Isenbruch"},"content":{"rendered":"<hr \/>\n<h5 style=\"text-align: left;\">\u00a0<a href=\"http:\/\/www.schuetzen-hoengen.de\/wp-content\/uploads\/2015\/04\/Wappen-selfkant1.jpg\" rel=\"attachment wp-att-1749\" data-rel=\"lightbox-image-0\" data-rl_title=\"\" data-rl_caption=\"\" title=\"\"><img loading=\"lazy\" decoding=\"async\" class=\"wp-image-28 alignleft\" src=\"http:\/\/www.schuetzen-hoengen.de\/wp-content\/uploads\/2015\/04\/Schuetzen-bildrund-300x279.jpg\" alt=\"Schuetzen-bildrund\" width=\"72\" height=\"67\" srcset=\"https:\/\/schuetzen-hoengen.de\/wp-content\/uploads\/2015\/04\/Schuetzen-bildrund-300x279.jpg 300w, https:\/\/schuetzen-hoengen.de\/wp-content\/uploads\/2015\/04\/Schuetzen-bildrund.jpg 608w\" sizes=\"(max-width: 72px) 100vw, 72px\" \/><\/a><span style=\"color: #000000;\">\u00a0\u00a0\u00a0\u00a0\u00a0\u00a0<span style=\"color: #339966;\">\u00a0\u00a0<span style=\"color: #008000;\"> Kaiserfest Isenbruch 21.08.<\/span><\/span><span style=\"color: #008000;\">\u00a0 \u00a0<\/span> \u00a0 \u00a0<\/span>\u00a0 \u00a0 \u00a0 <span style=\"color: #000000;\">\u00a0 <\/span><a href=\"http:\/\/www.schuetzen-hoengen.de\/wp-content\/uploads\/2015\/04\/Wappen-selfkant1.jpg\" rel=\"attachment wp-att-1749\" data-rel=\"lightbox-image-1\" data-rl_title=\"\" data-rl_caption=\"\" title=\"\"><img loading=\"lazy\" decoding=\"async\" class=\"alignnone wp-image-1749\" src=\"http:\/\/www.schuetzen-hoengen.de\/wp-content\/uploads\/2015\/04\/Wappen-selfkant1-254x300.jpg\" alt=\"Wappen selfkant1\" width=\"71\" height=\"84\" srcset=\"https:\/\/schuetzen-hoengen.de\/wp-content\/uploads\/2015\/04\/Wappen-selfkant1-254x300.jpg 254w, https:\/\/schuetzen-hoengen.de\/wp-content\/uploads\/2015\/04\/Wappen-selfkant1.jpg 379w\" sizes=\"(max-width: 71px) 100vw, 71px\" \/><\/a><\/h5>\n<h4>Sch\u00f6nes Wetter, prima Stimmung, gute Beteiligung<\/h4>\n<h6 style=\"text-align: center;\"><img loading=\"lazy\" decoding=\"async\" class=\"attachment-thumbnail aligncenter\" src=\"http:\/\/foto.selfkant-online.de\/wp-content\/uploads\/2016\/08\/ise16-08-21P1300238.jpg\" sizes=\"(max-width: 128px) 100vw, 128px\" srcset=\"http:\/\/foto.selfkant-online.de\/wp-content\/uploads\/2016\/08\/ise16-08-21P1300238.jpg 1024w, http:\/\/foto.selfkant-online.de\/wp-content\/uploads\/2016\/08\/ise16-08-21P1300238-768x512.jpg 768w\" alt=\"ise16-08-21P1300238\" width=\"368\" height=\"246\" \/>K\u00f6nigspaar Thomas Zimmermanns und Iris Schr\u00f6der<\/h6>\n<h6 style=\"text-align: center;\"><img loading=\"lazy\" decoding=\"async\" class=\"attachment-thumbnail  aligncenter\" src=\"http:\/\/foto.selfkant-online.de\/wp-content\/uploads\/2016\/08\/ise16-08-21P1300240.jpg\" sizes=\"(max-width: 128px) 100vw, 128px\" srcset=\"http:\/\/foto.selfkant-online.de\/wp-content\/uploads\/2016\/08\/ise16-08-21P1300240.jpg 1024w, http:\/\/foto.selfkant-online.de\/wp-content\/uploads\/2016\/08\/ise16-08-21P1300240-768x512.jpg 768w\" alt=\"ise16-08-21P1300240\" width=\"370\" height=\"247\" \/><br \/>\nund unsere schmucken Ehrendamen<\/h6>\n<p><img loading=\"lazy\" decoding=\"async\" class=\"attachment-thumbnail  aligncenter\" src=\"http:\/\/foto.selfkant-online.de\/wp-content\/uploads\/2016\/08\/ise16-08-21P1300152.jpg\" sizes=\"(max-width: 128px) 100vw, 128px\" srcset=\"http:\/\/foto.selfkant-online.de\/wp-content\/uploads\/2016\/08\/ise16-08-21P1300152.jpg 1024w, http:\/\/foto.selfkant-online.de\/wp-content\/uploads\/2016\/08\/ise16-08-21P1300152-768x512.jpg 768w\" alt=\"ise16-08-21P1300152\" width=\"372\" height=\"248\" \/><\/p>\n<p style=\"text-align: center;\">Bilder Selfkant Online<\/p>\n","protected":false},"excerpt":{"rendered":"<p>\u00a0\u00a0\u00a0\u00a0\u00a0\u00a0\u00a0\u00a0\u00a0 Kaiserfest Isenbruch 21.08.\u00a0 \u00a0 \u00a0 \u00a0\u00a0 \u00a0 \u00a0 \u00a0 Sch\u00f6nes Wetter, prima Stimmung, gute Beteiligung K\u00f6nigspaar Thomas Zimmermanns und Iris Schr\u00f6der und unsere schmucken Ehrendamen Bilder Selfkant Online<\/p>\n","protected":false},"author":2,"featured_media":0,"parent":4684,"menu_order":0,"comment_status":"closed","ping_status":"closed","template":"","meta":{"footnotes":""},"_links":{"self":[{"href":"https:\/\/schuetzen-hoengen.de\/index.php\/wp-json\/wp\/v2\/pages\/4690"}],"collection":[{"href":"https:\/\/schuetzen-hoengen.de\/index.php\/wp-json\/wp\/v2\/pages"}],"about":[{"href":"https:\/\/schuetzen-hoengen.de\/index.php\/wp-json\/wp\/v2\/types\/page"}],"author":[{"embeddable":true,"href":"https:\/\/schuetzen-hoengen.de\/index.php\/wp-json\/wp\/v2\/users\/2"}],"replies":[{"embeddable":true,"href":"https:\/\/schuetzen-hoengen.de\/index.php\/wp-json\/wp\/v2\/comments?post=4690"}],"version-history":[{"count":2,"href":"https:\/\/schuetzen-hoengen.de\/index.php\/wp-json\/wp\/v2\/pages\/4690\/revisions"}],"predecessor-version":[{"id":4807,"href":"https:\/\/schuetzen-hoengen.de\/index.php\/wp-json\/wp\/v2\/pages\/4690\/revisions\/4807"}],"up":[{"embeddable":true,"href":"https:\/\/schuetzen-hoengen.de\/index.php\/wp-json\/wp\/v2\/pages\/4684"}],"wp:attachment":[{"href":"https:\/\/schuetzen-hoengen.de\/index.php\/wp-json\/wp\/v2\/media?parent=4690"}],"curies":[{"name":"wp","href":"https:\/\/api.w.org\/{rel}","templated":true}]}}