{"id":55,"date":"2015-04-29T21:28:25","date_gmt":"2015-04-29T19:28:25","guid":{"rendered":"http:\/\/www.schuetzen-hoengen.de\/?page_id=55"},"modified":"2020-10-01T09:16:08","modified_gmt":"2020-10-01T07:16:08","slug":"vorstand","status":"publish","type":"page","link":"https:\/\/schuetzen-hoengen.de\/index.php\/bruderschaft\/vorstand\/","title":{"rendered":"Vorstand"},"content":{"rendered":"<h5 style=\"text-align: center;\"><strong><a href=\"http:\/\/www.schuetzen-hoengen.de\/wp-content\/uploads\/2015\/04\/Erweiterter-Vorstand1.jpg\" data-rel=\"lightbox-image-0\" data-rl_title=\"\" data-rl_caption=\"\" title=\"\">Vorstand der St. Johannes Baptist Sch\u00fctzenbruderschaft<\/a><\/strong><\/h5>\n<p style=\"text-align: center;\">\u00a0\u00a0\u00a0 <a href=\"http:\/\/www.schuetzen-hoengen.de\/wp-content\/uploads\/2015\/04\/Vorstand-Copy.jpg\" data-rel=\"lightbox-image-1\" data-rl_title=\"\" data-rl_caption=\"\" title=\"\"><img loading=\"lazy\" decoding=\"async\" class=\"size-medium wp-image-5194 aligncenter\" src=\"http:\/\/www.schuetzen-hoengen.de\/wp-content\/uploads\/2015\/04\/Vorstand-Copy-300x225.jpg\" alt=\"vorstand-copy\" width=\"300\" height=\"225\" srcset=\"https:\/\/schuetzen-hoengen.de\/wp-content\/uploads\/2015\/04\/Vorstand-Copy-300x225.jpg 300w, https:\/\/schuetzen-hoengen.de\/wp-content\/uploads\/2015\/04\/Vorstand-Copy-768x576.jpg 768w, https:\/\/schuetzen-hoengen.de\/wp-content\/uploads\/2015\/04\/Vorstand-Copy.jpg 800w\" sizes=\"(max-width: 300px) 100vw, 300px\" \/><\/a>erweiterter Vorstand Sch\u00fctzenfest 2015<\/p>\n<p style=\"text-align: center;\">v. Reihe:\u00a0 H.L. Keulen, H. Jan\u00dfen, F. Hensgens, L. Spykers<\/p>\n<p style=\"text-align: center;\">h. Reihe:\u00a0 J. Zaunbrecher, K.H. Welter, B.Conen, R. v. Cleef,<br \/>\nG.Basten, J. van de Looij<\/p>\n<p><strong>Pr\u00e4sident:<\/strong><br \/>\nHeinz-Leo Keulen<\/p>\n<p><strong>Schie\u00dfmeister und stellvertr. Pr\u00e4sident:<\/strong><br \/>\nKarl-Heinz Welters<\/p>\n<p><strong>Schriftf\u00fchrer:<\/strong><br \/>\nAxel Fiddelers<\/p>\n<p><strong>Kassierer:<\/strong><br \/>\nFranz Hensgens<\/p>\n<p><strong>Beisitzer:\u00a0\u00a0\u00a0 \u00a0 \u00a0 \u00a0 \u00a0 \u00a0 \u00a0 \u00a0 \u00a0 \u00a0 \u00a0 \u00a0 \u00a0 \u00a0 \u00a0 \u00a0 \u00a0 \u00a0 \u00a0 \u00a0 \u00a0 \u00a0 \u00a0 \u00a0 \u00a0 \u00a0 \u00a0 \u00a0 \u00a0\u00a0 \u00a0\u00a0\u00a0\u00a0\u00a0\u00a0\u00a0\u00a0\u00a0\u00a0\u00a0\u00a0\u00a0\u00a0\u00a0\u00a0\u00a0\u00a0\u00a0\u00a0\u00a0\u00a0 <\/strong><br \/>\nRudi von Cleef, Thobias Keulen, Oliver Bodden<\/p>\n<p><strong>Amtierender\u00a0 K\u00f6nig:<br \/>\n<\/strong>Ralf Amkreutz<strong><br \/>\n<\/strong><\/p>\n<p><strong>Amtierender\u00a0 Kaiser:<br \/>\n<\/strong>Philipp van Hall<\/p>\n<p><strong>Pr\u00e4ses:<\/strong><br \/>\nPfr. Jos Kallupilankal<\/p>\n<p><strong>Ehrenpr\u00e4sident und beratendes Mitglied \u00a0 \u00a0 \u00a0 \u00a0 \u00a0 \u00a0 \u00a0 \u00a0 \u00a0 \u00a0 \u00a0 \u00a0 \u00a0 \u00a0 \u00a0 \u00a0 \u00a0 \u00a0 \u00a0 \u00a0 \u00a0 \u00a0 \u00a0 \u00a0 \u00a0 \u00a0 \u00a0 \u00a0 \u00a0\u00a0\u00a0 <\/strong>Hans Jan\u00dfen<strong><br \/>\n<\/strong><\/p>\n<p><strong>Internet:<br \/>\n<\/strong>Ger Hanssen und Berthold Conen<\/p>\n<h5>Vorstand F\u00f6rderverein<\/h5>\n<p><strong>Vorsitzender:<br \/>\n<\/strong>Ger Hanssen<strong><br \/>\n<\/strong><\/p>\n<p><strong>Schriftf\u00fchrer:<\/strong><br \/>\nBerthold Conen<\/p>\n<p><strong>Kassierer:<br \/>\n<\/strong>Norbert Jeurissen<\/p>\n<p><strong>\u00a0<\/strong><\/p>\n<p>&nbsp;<\/p>\n<p>&nbsp;<\/p>\n<p><strong>\u00a0<\/strong><\/p>\n","protected":false},"excerpt":{"rendered":"<p>Vorstand der St. Johannes Baptist Sch\u00fctzenbruderschaft \u00a0\u00a0\u00a0 erweiterter Vorstand Sch\u00fctzenfest 2015 v. Reihe:\u00a0 H.L. Keulen, H. Jan\u00dfen, F. Hensgens, L. Spykers h. Reihe:\u00a0 J. Zaunbrecher, K.H. Welter, B.Conen, R. v. Cleef, G.Basten, J. van de Looij Pr\u00e4sident: Heinz-Leo Keulen Schie\u00dfmeister und stellvertr. Pr\u00e4sident: Karl-Heinz Welters Schriftf\u00fchrer: Axel Fiddelers Kassierer: Franz Hensgens Beisitzer:\u00a0\u00a0\u00a0 \u00a0 \u00a0 \u00a0 &hellip; <a href=\"https:\/\/schuetzen-hoengen.de\/index.php\/bruderschaft\/vorstand\/\" class=\"more-link\"><span class=\"screen-reader-text\">Vorstand<\/span> weiterlesen <span class=\"meta-nav\">&rarr;<\/span><\/a><\/p>\n","protected":false},"author":1,"featured_media":0,"parent":40,"menu_order":1,"comment_status":"closed","ping_status":"open","template":"","meta":{"footnotes":""},"_links":{"self":[{"href":"https:\/\/schuetzen-hoengen.de\/index.php\/wp-json\/wp\/v2\/pages\/55"}],"collection":[{"href":"https:\/\/schuetzen-hoengen.de\/index.php\/wp-json\/wp\/v2\/pages"}],"about":[{"href":"https:\/\/schuetzen-hoengen.de\/index.php\/wp-json\/wp\/v2\/types\/page"}],"author":[{"embeddable":true,"href":"https:\/\/schuetzen-hoengen.de\/index.php\/wp-json\/wp\/v2\/users\/1"}],"replies":[{"embeddable":true,"href":"https:\/\/schuetzen-hoengen.de\/index.php\/wp-json\/wp\/v2\/comments?post=55"}],"version-history":[{"count":40,"href":"https:\/\/schuetzen-hoengen.de\/index.php\/wp-json\/wp\/v2\/pages\/55\/revisions"}],"predecessor-version":[{"id":12681,"href":"https:\/\/schuetzen-hoengen.de\/index.php\/wp-json\/wp\/v2\/pages\/55\/revisions\/12681"}],"up":[{"embeddable":true,"href":"https:\/\/schuetzen-hoengen.de\/index.php\/wp-json\/wp\/v2\/pages\/40"}],"wp:attachment":[{"href":"https:\/\/schuetzen-hoengen.de\/index.php\/wp-json\/wp\/v2\/media?parent=55"}],"curies":[{"name":"wp","href":"https:\/\/api.w.org\/{rel}","templated":true}]}}