{"id":591,"date":"2015-11-16T11:30:26","date_gmt":"2015-11-16T10:30:26","guid":{"rendered":"http:\/\/www.schuetzen-hoengen.de\/?page_id=591"},"modified":"2017-02-17T21:53:45","modified_gmt":"2017-02-17T20:53:45","slug":"titel-1","status":"publish","type":"page","link":"https:\/\/schuetzen-hoengen.de\/index.php\/aktuelles\/titel-1\/","title":{"rendered":"Sch\u00fctzenfest H\u00f6ngen 2015"},"content":{"rendered":"<h4 style=\"text-align: center;\"><span style=\"color: #008000;\"><em>\u00a0<\/em><\/span><\/h4>\n<p><a href=\"http:\/\/www.schuetzen-hoengen.de\/wp-content\/uploads\/2015\/11\/Banner-Ortseingange-Defintiv-Copy.jpg\" data-rel=\"lightbox-image-0\" data-rl_title=\"\" data-rl_caption=\"\" title=\"\"><img loading=\"lazy\" decoding=\"async\" class=\"size-medium wp-image-6289 aligncenter\" src=\"http:\/\/www.schuetzen-hoengen.de\/wp-content\/uploads\/2015\/11\/Banner-Ortseingange-Defintiv-Copy-300x170.jpg\" alt=\"banner-ortseingange-defintiv-copy\" width=\"300\" height=\"170\" srcset=\"https:\/\/schuetzen-hoengen.de\/wp-content\/uploads\/2015\/11\/Banner-Ortseingange-Defintiv-Copy-300x170.jpg 300w, https:\/\/schuetzen-hoengen.de\/wp-content\/uploads\/2015\/11\/Banner-Ortseingange-Defintiv-Copy-768x435.jpg 768w, https:\/\/schuetzen-hoengen.de\/wp-content\/uploads\/2015\/11\/Banner-Ortseingange-Defintiv-Copy.jpg 800w\" sizes=\"(max-width: 300px) 100vw, 300px\" \/><\/a><\/p>\n<h1 style=\"text-align: center;\"><span style=\"color: #008000;\"><em>Sch\u00fctzenfest 2015<\/em><\/span><\/h1>\n<h4 style=\"text-align: center;\"><span style=\"color: #008000;\"><em>das Sch\u00f6nste, was das Sch\u00fctzenfest zu bieten hatte!!!<\/em><\/span><\/h4>\n<p>&nbsp;<\/p>\n<p><a href=\"http:\/\/www.schuetzen-hoengen.de\/wp-content\/uploads\/2015\/11\/Ehrendamen-mit-K\u00f6nigin-Copy.jpg\" data-rel=\"lightbox-image-1\" data-rl_title=\"\" data-rl_caption=\"\" title=\"\"><img loading=\"lazy\" decoding=\"async\" class=\"wp-image-5411 size-full alignnone\" src=\"http:\/\/www.schuetzen-hoengen.de\/wp-content\/uploads\/2015\/11\/Ehrendamen-mit-K\u00f6nigin-Copy.jpg\" alt=\"ehrendamen-mit-koenigin-copy\" width=\"800\" height=\"450\" srcset=\"https:\/\/schuetzen-hoengen.de\/wp-content\/uploads\/2015\/11\/Ehrendamen-mit-K\u00f6nigin-Copy.jpg 800w, https:\/\/schuetzen-hoengen.de\/wp-content\/uploads\/2015\/11\/Ehrendamen-mit-K\u00f6nigin-Copy-300x169.jpg 300w, https:\/\/schuetzen-hoengen.de\/wp-content\/uploads\/2015\/11\/Ehrendamen-mit-K\u00f6nigin-Copy-768x432.jpg 768w\" sizes=\"(max-width: 800px) 100vw, 800px\" \/><\/a><\/p>\n<h4 style=\"text-align: center;\">zur Vergr\u00f6\u00dferung Bild anklicken<\/h4>\n<p>K\u00f6nigin Mia Hensgens umrahmt von den Ehrendamen:<br \/>\nKatrin Trepels, Maren Arets, Andrea Houben, Jana Basten,<br \/>\nJulia Conen und Stefanie Houben<\/p>\n<p>An dieser Stelle m\u00f6chte sich die St. Johannes Baptist Sch\u00fctzenbruderschaft H\u00f6ngen bei allen bedanken, die es erm\u00f6glicht haben, so ein gro\u00dfartiges Fest in H\u00f6ngen auf die Beine zu stellen.<\/p>\n<p>Ein Fest, dass in H\u00f6ngen noch lange in Erinnerung bleiben wird!<\/p>\n<p><a href=\"http:\/\/www.schuetzen-hoengen.de\/wp-content\/uploads\/2015\/11\/IMG_3841_Bildgr\u00f6\u00dfe-\u00e4ndern-Copy.jpg\" data-rel=\"lightbox-image-2\" data-rl_title=\"\" data-rl_caption=\"\" title=\"\"><img loading=\"lazy\" decoding=\"async\" class=\"size-medium wp-image-5413 aligncenter\" src=\"http:\/\/www.schuetzen-hoengen.de\/wp-content\/uploads\/2015\/11\/IMG_3841_Bildgr\u00f6\u00dfe-\u00e4ndern-Copy-300x200.jpg\" alt=\"img_3841_bildgroesse-aendern-copy\" width=\"300\" height=\"200\" \/><\/a>Ehenpr\u00e4sident Hans Jan\u00dfen und Pr\u00e4sident Heinz-Leo Keulen<br \/>\nbei der Abnahme des Gro\u00dfen Zapfenstreiches, wie immer einer der H\u00f6hepunkte eines Sch\u00fctzenfestes<\/p>\n<p style=\"text-align: center;\"><a href=\"http:\/\/www.schuetzen-hoengen.de\/wp-content\/uploads\/2015\/11\/IMG_3851_Bildgr\u00f6\u00dfe-\u00e4ndern-Copy.jpg\" data-rel=\"lightbox-image-3\" data-rl_title=\"\" data-rl_caption=\"\" title=\"\"><img loading=\"lazy\" decoding=\"async\" class=\"size-medium wp-image-5414 aligncenter\" src=\"http:\/\/www.schuetzen-hoengen.de\/wp-content\/uploads\/2015\/11\/IMG_3851_Bildgr\u00f6\u00dfe-\u00e4ndern-Copy-300x200.jpg\" alt=\"img_3851_bildgroesse-aendern-copy\" width=\"300\" height=\"200\" srcset=\"https:\/\/schuetzen-hoengen.de\/wp-content\/uploads\/2015\/11\/IMG_3851_Bildgr\u00f6\u00dfe-\u00e4ndern-Copy-300x200.jpg 300w, https:\/\/schuetzen-hoengen.de\/wp-content\/uploads\/2015\/11\/IMG_3851_Bildgr\u00f6\u00dfe-\u00e4ndern-Copy-768x513.jpg 768w, https:\/\/schuetzen-hoengen.de\/wp-content\/uploads\/2015\/11\/IMG_3851_Bildgr\u00f6\u00dfe-\u00e4ndern-Copy.jpg 800w\" sizes=\"(max-width: 300px) 100vw, 300px\" \/><\/a>kommandiert vom Kommandanten Karl-Heinz Welter<\/p>\n<h5 style=\"text-align: left;\"><a href=\"http:\/\/www.schuetzen-hoengen.de\/wp-content\/uploads\/2015\/04\/Geehrte-Copy-2.jpg\" data-rel=\"lightbox-image-4\" data-rl_title=\"\" data-rl_caption=\"\" title=\"\"><img loading=\"lazy\" decoding=\"async\" class=\"alignnone wp-image-7721 size-full\" src=\"http:\/\/www.schuetzen-hoengen.de\/wp-content\/uploads\/2015\/04\/Geehrte-Copy-2.jpg\" width=\"1200\" height=\"376\" srcset=\"https:\/\/schuetzen-hoengen.de\/wp-content\/uploads\/2015\/04\/Geehrte-Copy-2.jpg 1200w, https:\/\/schuetzen-hoengen.de\/wp-content\/uploads\/2015\/04\/Geehrte-Copy-2-300x94.jpg 300w, https:\/\/schuetzen-hoengen.de\/wp-content\/uploads\/2015\/04\/Geehrte-Copy-2-768x241.jpg 768w, https:\/\/schuetzen-hoengen.de\/wp-content\/uploads\/2015\/04\/Geehrte-Copy-2-1024x321.jpg 1024w\" sizes=\"(max-width: 1200px) 100vw, 1200px\" \/><\/a><\/h5>\n<p style=\"text-align: center;\">Geehrte &#8221; Jubelorden&#8221; Sch\u00fctzenfest 2015<\/p>\n<p><a href=\"http:\/\/www.schuetzen-hoengen.de\/wp-content\/uploads\/2015\/04\/Jubelorden-Copy.jpg\" data-rel=\"lightbox-image-5\" data-rl_title=\"\" data-rl_caption=\"\" title=\"\"><img loading=\"lazy\" decoding=\"async\" class=\"alignnone wp-image-7725 size-full\" src=\"http:\/\/www.schuetzen-hoengen.de\/wp-content\/uploads\/2015\/04\/Jubelorden-Copy.jpg\" width=\"1200\" height=\"539\" srcset=\"https:\/\/schuetzen-hoengen.de\/wp-content\/uploads\/2015\/04\/Jubelorden-Copy.jpg 1200w, https:\/\/schuetzen-hoengen.de\/wp-content\/uploads\/2015\/04\/Jubelorden-Copy-300x135.jpg 300w, https:\/\/schuetzen-hoengen.de\/wp-content\/uploads\/2015\/04\/Jubelorden-Copy-768x345.jpg 768w, https:\/\/schuetzen-hoengen.de\/wp-content\/uploads\/2015\/04\/Jubelorden-Copy-1024x460.jpg 1024w\" sizes=\"(max-width: 1200px) 100vw, 1200px\" \/><\/a><\/p>\n<p style=\"text-align: center;\">Geehrte &#8221; Verdienstorden&#8221; Sch\u00fctzenfest 2015<\/p>\n<p>&nbsp;<\/p>\n<p>&nbsp;<\/p>\n<p>&nbsp;<\/p>\n<p>&nbsp;<\/p>\n<p>&nbsp;<\/p>\n<p>&nbsp;<\/p>\n<p>&nbsp;<\/p>\n<p>&nbsp;<\/p>\n<p>&nbsp;<\/p>\n<p>&nbsp;<\/p>\n<p>&nbsp;<\/p>\n<p>&nbsp;<\/p>\n<p>&nbsp;<\/p>\n<p>&nbsp;<\/p>\n<p>&nbsp;<\/p>\n<p>&nbsp;<\/p>\n<p>&nbsp;<\/p>\n<p>&nbsp;<\/p>\n<p>&nbsp;<\/p>\n<p>&nbsp;<\/p>\n<p>&nbsp;<\/p>\n<p>&nbsp;<\/p>\n<p>&nbsp;<\/p>\n<p>&nbsp;<\/p>\n","protected":false},"excerpt":{"rendered":"<p>\u00a0 Sch\u00fctzenfest 2015 das Sch\u00f6nste, was das Sch\u00fctzenfest zu bieten hatte!!! &nbsp; zur Vergr\u00f6\u00dferung Bild anklicken K\u00f6nigin Mia Hensgens umrahmt von den Ehrendamen: Katrin Trepels, Maren Arets, Andrea Houben, Jana Basten, Julia Conen und Stefanie Houben An dieser Stelle m\u00f6chte sich die St. Johannes Baptist Sch\u00fctzenbruderschaft H\u00f6ngen bei allen bedanken, die es erm\u00f6glicht haben, so &hellip; <a href=\"https:\/\/schuetzen-hoengen.de\/index.php\/aktuelles\/titel-1\/\" class=\"more-link\"><span class=\"screen-reader-text\">Sch\u00fctzenfest H\u00f6ngen 2015<\/span> weiterlesen <span class=\"meta-nav\">&rarr;<\/span><\/a><\/p>\n","protected":false},"author":2,"featured_media":0,"parent":38,"menu_order":0,"comment_status":"closed","ping_status":"closed","template":"page-templates\/full-width.php","meta":{"footnotes":""},"_links":{"self":[{"href":"https:\/\/schuetzen-hoengen.de\/index.php\/wp-json\/wp\/v2\/pages\/591"}],"collection":[{"href":"https:\/\/schuetzen-hoengen.de\/index.php\/wp-json\/wp\/v2\/pages"}],"about":[{"href":"https:\/\/schuetzen-hoengen.de\/index.php\/wp-json\/wp\/v2\/types\/page"}],"author":[{"embeddable":true,"href":"https:\/\/schuetzen-hoengen.de\/index.php\/wp-json\/wp\/v2\/users\/2"}],"replies":[{"embeddable":true,"href":"https:\/\/schuetzen-hoengen.de\/index.php\/wp-json\/wp\/v2\/comments?post=591"}],"version-history":[{"count":15,"href":"https:\/\/schuetzen-hoengen.de\/index.php\/wp-json\/wp\/v2\/pages\/591\/revisions"}],"predecessor-version":[{"id":7883,"href":"https:\/\/schuetzen-hoengen.de\/index.php\/wp-json\/wp\/v2\/pages\/591\/revisions\/7883"}],"up":[{"embeddable":true,"href":"https:\/\/schuetzen-hoengen.de\/index.php\/wp-json\/wp\/v2\/pages\/38"}],"wp:attachment":[{"href":"https:\/\/schuetzen-hoengen.de\/index.php\/wp-json\/wp\/v2\/media?parent=591"}],"curies":[{"name":"wp","href":"https:\/\/api.w.org\/{rel}","templated":true}]}}