{"id":659,"date":"2015-11-18T08:44:48","date_gmt":"2015-11-18T07:44:48","guid":{"rendered":"http:\/\/www.schuetzen-hoengen.de\/?page_id=659"},"modified":"2016-12-22T19:35:41","modified_gmt":"2016-12-22T18:35:41","slug":"laudatio-koenigspaar-2015","status":"publish","type":"page","link":"https:\/\/schuetzen-hoengen.de\/index.php\/aktuelles\/titel-1\/laudatio-koenigspaar-2015\/","title":{"rendered":"Laudatio K\u00f6nigspaar 2015"},"content":{"rendered":"<h4 style=\"text-align: center;\"><em><strong>Laudatio<\/strong><\/em><\/h4>\n<h4 style=\"text-align: center;\"><em><strong>auf das K\u00f6nigspaar<\/strong><\/em><\/h4>\n<h4 style=\"text-align: center;\"><em><strong>Franz und Mia Hensgens<\/strong><\/em><\/h4>\n<h6 style=\"text-align: center;\">Anno Domini 2015<br \/>\nIm 2. Pontifikat des Papstes Franziskus,<br \/>\nHeinrich Mussinghoff ist Bischof von Aachen<br \/>\nund Pastor Ralf Schl\u00f6sser Pr\u00e4ses der Bruderschaft.<\/h6>\n<h6 style=\"text-align: center;\">Michael Gauck ist Pr\u00e4sident der Bundesrepublik Deutschland,<br \/>\nBundeskanzlerin ist Angela Merkel,<br \/>\nHannelore Kraft regiert das Land Nordrhein \u2013 Westfalen.<br \/>\nB\u00fcrgermeister der Gemeinde Selfkant ist Herbert Corsten.<\/h6>\n<h6 style=\"text-align: center;\">Pr\u00e4sident Leo Keulen, Sch\u00fctzenmeister Berthold Conen,<br \/>\nKassierer Franz Hensgens und Kommandant Karl-Heinz Welter f\u00fchren die St. Johannes Baptist Sch\u00fctzenbruderschaft H\u00f6ngen.<\/h6>\n<p>&nbsp;<\/p>\n<p>Im Jahre 1984 trat unser Sch\u00fctzenk\u00f6nig Franz als Sp\u00e4tberufener in die Sch\u00fctzenbruderschaft ein. Nach dem letzten Sch\u00fctzenfest wechselte er in das Offizierscorps im Range eines Leutnants als Adjutant und nun, im Jahre 2015, konnte er zum zweiten Mal die K\u00f6nigsw\u00fcrde erringen.<\/p>\n<p>Nachdem wir bei der letzten Laudatio die zur\u00fcckliegenden Jahre betrachtet haben \u2013 wollen wir nun das letzte Sch\u00fctzenjahr in Angriff nehmen.<\/p>\n<p>Franz als Kassierer war im letzten Jahr mit den Vorbereitungen f\u00fcr das anstehende Sch\u00fctzenfest eingespannt, wobei er immer auf die tatkr\u00e4ftige Unterst\u00fctzung seiner K\u00f6nigin Mia z\u00e4hlen konnte.<br \/>\nDoch auch Privat musste noch einiges bew\u00e4ltigt werden. Ein neues Auto musste her \u2013 der Pool wurde vergr\u00f6\u00dfert \u2013 im n\u00e4chsten Jahr wird er wohl \u00fcberdacht werden \u2013 Christina konnte auch ihre Zelte wieder in H\u00f6ngen aufschlagen, wobei Franz mal wieder kr\u00e4ftig angepackt hat.<br \/>\nDer Hensgens Clan breitet sich somit im Zehntweg immer weiter aus.<br \/>\nHolly oder Bollywood l\u00e4sst gr\u00fc\u00dfen!!!<\/p>\n<p>Die K\u00f6nigin war auch im letzten Jahr immer pr\u00e4sent. Man hat ja seine Repr\u00e4sentationspflichten.<br \/>\nJetzt weiss ich auch was ein Fazinator ist. Einfach fazinierend.<br \/>\nGetragen von unserer K\u00f6nigin und bestaunt beim Empfang der Ortsvereine anl\u00e4sslich der Goldhochzeit von Peter und Gertrud Scheufens.<br \/>\nDer arme Toni der macht was mit!! Durch Mias spontanen Auftritt bei der Frauensitzung brachte Sie den gesamtem Programmablauf gewaltig ins wanken. Doch hier konnte Schwester Rosi die Wogen gl\u00e4tten.<br \/>\nAber es sollte noch besser kommen. Quasie die Spitze des Eisberges \u2013 Die Rasselbande thront nun auf der Spitze des Vereinsbaums. Wer h\u00e4tte das gedacht? Und das ganz umsesonst<br \/>\nMia nutzte einen unbeobachteten Moment &#8211; Toni erholte sich vom Stress und Genoss eine leckere Grillwust, da plazierte sie die Rasselbande on Top \u2013 wo sie ihrer Meinung her hingeh\u00f6rt \u201e\u00dcmer dobie wir wehte alles\u201c<\/p>\n<p>Bei den Vorbereitungen zum Sch\u00fctzenfest haben beide kr\u00e4ftig mit angepackt. Sei es\u00a0 bei der Zeltdecko oder Franz als Kassierer mit seinem Bankenspekulanten um die Knete einzusacken!!!<\/p>\n<p>Ups, in den letzten Wochen erhielten wir eine Einladung in Englisch.<br \/>\nF\u00fcr unsere Altsch\u00fctzen nicht so ganz verst\u00e4ndlich.<\/p>\n<p>He did it again!<\/p>\n<p>Wie sieht das eigentlich im n\u00e4chsten Jahr aus, wenn es zur Errinnung der Kaiserw\u00fcrde kommen k\u00f6nnte!!<\/p>\n<p>Der Name Kaiser Franz, edel und Mia, dann mit Extentions \u2013 das passt schon.<\/p>\n<p>Und die Einladung ?<\/p>\n<p>Nat\u00fcrlich Ups, he did it \u2013 noch ens \u2013 again!<\/p>\n<p>Doch nun wollen wir zum Ende kommen.<\/p>\n<p>Bleibt wie ihr seid. Wir die Sch\u00fctzenbruderschaft, aber sicher auch alle Anwesenden, w\u00fcnschen Euch f\u00fcr eure Regentschaft alles Gute.<\/p>\n<p>Zum Abschluss wollen wir unser K\u00f6nigspaar hochleben lassen.<\/p>\n<p>Das K\u00f6nigspaar<br \/>\nEs lebe Hoch: zum 1. Male hoch, zum 2. Male hoch und zum 3. Male hoch<\/p>\n","protected":false},"excerpt":{"rendered":"<p>Laudatio auf das K\u00f6nigspaar Franz und Mia Hensgens Anno Domini 2015 Im 2. Pontifikat des Papstes Franziskus, Heinrich Mussinghoff ist Bischof von Aachen und Pastor Ralf Schl\u00f6sser Pr\u00e4ses der Bruderschaft. Michael Gauck ist Pr\u00e4sident der Bundesrepublik Deutschland, Bundeskanzlerin ist Angela Merkel, Hannelore Kraft regiert das Land Nordrhein \u2013 Westfalen. B\u00fcrgermeister der Gemeinde Selfkant ist Herbert &hellip; <a href=\"https:\/\/schuetzen-hoengen.de\/index.php\/aktuelles\/titel-1\/laudatio-koenigspaar-2015\/\" class=\"more-link\"><span class=\"screen-reader-text\">Laudatio K\u00f6nigspaar 2015<\/span> weiterlesen <span class=\"meta-nav\">&rarr;<\/span><\/a><\/p>\n","protected":false},"author":2,"featured_media":0,"parent":591,"menu_order":0,"comment_status":"closed","ping_status":"closed","template":"","meta":{"footnotes":""},"_links":{"self":[{"href":"https:\/\/schuetzen-hoengen.de\/index.php\/wp-json\/wp\/v2\/pages\/659"}],"collection":[{"href":"https:\/\/schuetzen-hoengen.de\/index.php\/wp-json\/wp\/v2\/pages"}],"about":[{"href":"https:\/\/schuetzen-hoengen.de\/index.php\/wp-json\/wp\/v2\/types\/page"}],"author":[{"embeddable":true,"href":"https:\/\/schuetzen-hoengen.de\/index.php\/wp-json\/wp\/v2\/users\/2"}],"replies":[{"embeddable":true,"href":"https:\/\/schuetzen-hoengen.de\/index.php\/wp-json\/wp\/v2\/comments?post=659"}],"version-history":[{"count":8,"href":"https:\/\/schuetzen-hoengen.de\/index.php\/wp-json\/wp\/v2\/pages\/659\/revisions"}],"predecessor-version":[{"id":6345,"href":"https:\/\/schuetzen-hoengen.de\/index.php\/wp-json\/wp\/v2\/pages\/659\/revisions\/6345"}],"up":[{"embeddable":true,"href":"https:\/\/schuetzen-hoengen.de\/index.php\/wp-json\/wp\/v2\/pages\/591"}],"wp:attachment":[{"href":"https:\/\/schuetzen-hoengen.de\/index.php\/wp-json\/wp\/v2\/media?parent=659"}],"curies":[{"name":"wp","href":"https:\/\/api.w.org\/{rel}","templated":true}]}}