{"id":67,"date":"2015-04-29T21:56:42","date_gmt":"2015-04-29T19:56:42","guid":{"rendered":"http:\/\/www.schuetzen-hoengen.de\/?page_id=67"},"modified":"2018-06-11T21:44:46","modified_gmt":"2018-06-11T19:44:46","slug":"mitglieder","status":"publish","type":"page","link":"https:\/\/schuetzen-hoengen.de\/index.php\/bruderschaft\/mitglieder\/","title":{"rendered":"Mitglieder"},"content":{"rendered":"<h1 style=\"text-align: center;\"><span style=\"color: #008000;\">Mitgliedschaft<\/span><\/h1>\n<p><a href=\"http:\/\/www.schuetzen-hoengen.de\/wp-content\/uploads\/2015\/11\/Lambertus2.jpg\" data-rel=\"lightbox-image-0\" data-rl_title=\"\" data-rl_caption=\"\" title=\"\"><img loading=\"lazy\" decoding=\"async\" class=\"wp-image-1249 aligncenter\" src=\"http:\/\/www.schuetzen-hoengen.de\/wp-content\/uploads\/2015\/11\/Lambertus2-159x300.jpg\" alt=\"Lambertus2\" width=\"86\" height=\"162\" \/><\/a>die St. Johannes Baptist Sch\u00fctzenbruderschaft hat\u00a0\u00a0\u00a0\u00a0\u00a0\u00a0\u00a0\u00a0\u00a0\u00a0\u00a0\u00a0\u00a0\u00a0\u00a0\u00a0\u00a0\u00a0\u00a0\u00a0\u00a0\u00a0\u00a0\u00a0\u00a0\u00a0\u00a0\u00a0\u00a0\u00a0\u00a0\u00a0\u00a0\u00a0\u00a0 z.\u00a0 Zt.\u00a0 ca. 130 Mitglieder\u00a0 (\u00a0\u00a0\u00a0) ca. Anzahl der jeweiligen Mitglieder<\/p>\n<h6><span style=\"text-decoration: underline;\">Aktive Mitglieder ( 70 )<\/span><\/h6>\n<p><strong>Aktive Sch\u00fctzen ( 40 )\u00a0<\/strong>\u00a0\u00a0\u00a0\u00a0\u00a0\u00a0\u00a0\u00a0\u00a0\u00a0\u00a0\u00a0\u00a0\u00a0\u00a0\u00a0\u00a0\u00a0\u00a0\u00a0\u00a0\u00a0\u00a0\u00a0\u00a0\u00a0\u00a0\u00a0\u00a0\u00a0\u00a0\u00a0\u00a0\u00a0\u00a0\u00a0\u00a0\u00a0\u00a0\u00a0\u00a0\u00a0\u00a0\u00a0\u00a0\u00a0\u00a0\u00a0\u00a0\u00a0\u00a0\u00a0\u00a0\u00a0\u00a0\u00a0\u00a0\u00a0\u00a0\u00a0\u00a0\u00a0\u00a0\u00a0\u00a0\u00a0\u00a0\u00a0\u00a0\u00a0\u00a0\u00a0\u00a0\u00a0\u00a0\u00a0\u00a0\u00a0\u00a0\u00a0\u00a0\u00a0\u00a0\u00a0\u00a0\u00a0\u00a0\u00a0\u00a0\u00a0\u00a0\u00a0\u00a0\u00a0\u00a0\u00a0\u00a0\u00a0\u00a0\u00a0\u00a0\u00a0 Mitglieder die sich in Uniform an den Aufz\u00fcgen beteiligen.<\/p>\n<p><strong>Aktive Sch\u00fctzen Trommlercorps ( 15 )<\/strong><br \/>\nMitglieder des Trommler- Pfeifer- und Fanfarencorps, die bei den Aufz\u00fcgen\u00a0der Sch\u00fctzenbruderschaft \u00a0beim TPFC mitziehen.<\/p>\n<p><strong>Aktive Sch\u00fctzen &#8221; Schwarzr\u00f6cke &#8221; ( 9 )<br \/>\n<\/strong>Dieser eigenst\u00e4ndige Zug mit Mitgliedern ab 50 Jahren hat sich in den letzten beiden Jahren gebildet, nach dem Motto:<br \/>\n&#8221; Wir sind da wenn wir gebraucht werden &#8221;<\/p>\n<p><strong>Friesch\u00f6tte ( 6 )<\/strong><br \/>\nMitglieder, die aus gesundheitlichen Gr\u00fcnden nicht mehr an den Aufz\u00fcgen teilnehmen; aber uns gerne noch zu den Messg\u00e4ngen begleiten.<\/p>\n<p><strong><span style=\"text-decoration: underline;\">Inaktive Mitglieder ( 60 )<\/span><\/strong><br \/>\nMitglieder, die uns nicht nur finanziell unterst\u00fctzen.<\/p>\n<p>N\u00e4heres zum Status &#8220;Aktive Mitgliedschaft&#8221;\u00a0 regeln die Statuten\u00a0 bzw.\u00a0 die Gesch\u00e4ftsordnung.<\/p>\n<h2 style=\"text-align: center;\"><span style=\"text-decoration: underline; color: #008000;\">Mitglied werden<\/span><\/h2>\n<h5 style=\"text-align: left;\">Werden Sie einfach Mitglied: \u00a0 &#8220;Aktiv\u00a0 oder Inaktiv&#8221;<br \/>\nDamit helfen Sie mit , dass die Tradition und Brauchtumspflege in H\u00f6ngen und Wehrhagen noch lange Bestand hat!<\/h5>\n<h5>Wir w\u00fcrden und freuen, wenn Sie den Weg zu uns finden w\u00fcrden!!<\/h5>\n<h5><\/h5>\n<p>&nbsp;<\/p>\n","protected":false},"excerpt":{"rendered":"<p>Mitgliedschaft die St. Johannes Baptist Sch\u00fctzenbruderschaft hat\u00a0\u00a0\u00a0\u00a0\u00a0\u00a0\u00a0\u00a0\u00a0\u00a0\u00a0\u00a0\u00a0\u00a0\u00a0\u00a0\u00a0\u00a0\u00a0\u00a0\u00a0\u00a0\u00a0\u00a0\u00a0\u00a0\u00a0\u00a0\u00a0\u00a0\u00a0\u00a0\u00a0\u00a0\u00a0 z.\u00a0 Zt.\u00a0 ca. 130 Mitglieder\u00a0 (\u00a0\u00a0\u00a0) ca. Anzahl der jeweiligen Mitglieder Aktive Mitglieder ( 70 ) Aktive Sch\u00fctzen ( 40 )\u00a0\u00a0\u00a0\u00a0\u00a0\u00a0\u00a0\u00a0\u00a0\u00a0\u00a0\u00a0\u00a0\u00a0\u00a0\u00a0\u00a0\u00a0\u00a0\u00a0\u00a0\u00a0\u00a0\u00a0\u00a0\u00a0\u00a0\u00a0\u00a0\u00a0\u00a0\u00a0\u00a0\u00a0\u00a0\u00a0\u00a0\u00a0\u00a0\u00a0\u00a0\u00a0\u00a0\u00a0\u00a0\u00a0\u00a0\u00a0\u00a0\u00a0\u00a0\u00a0\u00a0\u00a0\u00a0\u00a0\u00a0\u00a0\u00a0\u00a0\u00a0\u00a0\u00a0\u00a0\u00a0\u00a0\u00a0\u00a0\u00a0\u00a0\u00a0\u00a0\u00a0\u00a0\u00a0\u00a0\u00a0\u00a0\u00a0\u00a0\u00a0\u00a0\u00a0\u00a0\u00a0\u00a0\u00a0\u00a0\u00a0\u00a0\u00a0\u00a0\u00a0\u00a0\u00a0\u00a0\u00a0\u00a0\u00a0\u00a0\u00a0\u00a0\u00a0 Mitglieder die sich in Uniform an den Aufz\u00fcgen beteiligen. Aktive Sch\u00fctzen Trommlercorps ( 15 ) Mitglieder des Trommler- Pfeifer- und Fanfarencorps, die bei den Aufz\u00fcgen\u00a0der Sch\u00fctzenbruderschaft \u00a0beim &hellip; <a href=\"https:\/\/schuetzen-hoengen.de\/index.php\/bruderschaft\/mitglieder\/\" class=\"more-link\"><span class=\"screen-reader-text\">Mitglieder<\/span> weiterlesen <span class=\"meta-nav\">&rarr;<\/span><\/a><\/p>\n","protected":false},"author":1,"featured_media":0,"parent":40,"menu_order":4,"comment_status":"closed","ping_status":"open","template":"","meta":{"footnotes":""},"_links":{"self":[{"href":"https:\/\/schuetzen-hoengen.de\/index.php\/wp-json\/wp\/v2\/pages\/67"}],"collection":[{"href":"https:\/\/schuetzen-hoengen.de\/index.php\/wp-json\/wp\/v2\/pages"}],"about":[{"href":"https:\/\/schuetzen-hoengen.de\/index.php\/wp-json\/wp\/v2\/types\/page"}],"author":[{"embeddable":true,"href":"https:\/\/schuetzen-hoengen.de\/index.php\/wp-json\/wp\/v2\/users\/1"}],"replies":[{"embeddable":true,"href":"https:\/\/schuetzen-hoengen.de\/index.php\/wp-json\/wp\/v2\/comments?post=67"}],"version-history":[{"count":18,"href":"https:\/\/schuetzen-hoengen.de\/index.php\/wp-json\/wp\/v2\/pages\/67\/revisions"}],"predecessor-version":[{"id":10407,"href":"https:\/\/schuetzen-hoengen.de\/index.php\/wp-json\/wp\/v2\/pages\/67\/revisions\/10407"}],"up":[{"embeddable":true,"href":"https:\/\/schuetzen-hoengen.de\/index.php\/wp-json\/wp\/v2\/pages\/40"}],"wp:attachment":[{"href":"https:\/\/schuetzen-hoengen.de\/index.php\/wp-json\/wp\/v2\/media?parent=67"}],"curies":[{"name":"wp","href":"https:\/\/api.w.org\/{rel}","templated":true}]}}