{"id":704,"date":"2015-11-19T08:58:35","date_gmt":"2015-11-19T07:58:35","guid":{"rendered":"http:\/\/www.schuetzen-hoengen.de\/?page_id=704"},"modified":"2017-01-17T17:58:18","modified_gmt":"2017-01-17T16:58:18","slug":"fahnen","status":"publish","type":"page","link":"https:\/\/schuetzen-hoengen.de\/index.php\/historisches\/wertsachen-2\/fahnen\/","title":{"rendered":"Fahnen"},"content":{"rendered":"<p style=\"text-align: left;\"><a href=\"http:\/\/www.schuetzen-hoengen.de\/wp-content\/uploads\/2015\/11\/Sankt-Johannes-Baptist-Fahne-Copy.jpg\" data-rel=\"lightbox-image-0\" data-rl_title=\"\" data-rl_caption=\"\" title=\"\"><img loading=\"lazy\" decoding=\"async\" class=\"size-medium wp-image-6273 aligncenter\" src=\"http:\/\/www.schuetzen-hoengen.de\/wp-content\/uploads\/2015\/11\/Sankt-Johannes-Baptist-Fahne-Copy-225x300.jpg\" alt=\"sankt-johannes-baptist-fahne-copy\" width=\"225\" height=\"300\" srcset=\"https:\/\/schuetzen-hoengen.de\/wp-content\/uploads\/2015\/11\/Sankt-Johannes-Baptist-Fahne-Copy-225x300.jpg 225w, https:\/\/schuetzen-hoengen.de\/wp-content\/uploads\/2015\/11\/Sankt-Johannes-Baptist-Fahne-Copy.jpg 450w\" sizes=\"(max-width: 225px) 100vw, 225px\" \/><\/a><span style=\"color: #000000;\">Die Fahne von 1913. Sie zeigt den Schutzpatron der Sch\u00fctzengesellschaft St.Johannes Baptist, d.h. Johannes den T\u00e4ufer. Die Fahne ist auf der Vorderseite mit dem Schutzpatron sowie mit der Beschriftung &#8221;Sch\u00fctzen-Gesellschaft H\u00f6ngen 1913\u00a0&#8221;\u00a0ausgestattet. Die Ruckseite zeigt eine Schie\u00dfscheibe im Hirschgeweih, umgeben von vier Ornamenten. Die Fahne ist gestickt. Sie wurde bis 1975 in der Bruderschaft mitgef\u00fchrt. Der Zahn der Zeit zeigte sich an dieser Fahne, so dass sie ausgemustert werden musste. Seit 1975 wird eine Replica dieser Fahne in der Bruderschaft mitgef\u00fchrt.<\/span><\/p>\n<p style=\"text-align: left;\"><a href=\"http:\/\/www.schuetzen-hoengen.de\/wp-content\/uploads\/2015\/11\/Sankt-Johannes-Baptist-Fahne-Copy-1.jpg\" data-rel=\"lightbox-image-1\" data-rl_title=\"\" data-rl_caption=\"\" title=\"\"><img loading=\"lazy\" decoding=\"async\" class=\"size-medium wp-image-6779 aligncenter\" src=\"http:\/\/www.schuetzen-hoengen.de\/wp-content\/uploads\/2015\/11\/Sankt-Johannes-Baptist-Fahne-Copy-1-225x300.jpg\" alt=\"Sankt Johannes Baptist Fahne (Copy)\" width=\"225\" height=\"300\" srcset=\"https:\/\/schuetzen-hoengen.de\/wp-content\/uploads\/2015\/11\/Sankt-Johannes-Baptist-Fahne-Copy-1-225x300.jpg 225w, https:\/\/schuetzen-hoengen.de\/wp-content\/uploads\/2015\/11\/Sankt-Johannes-Baptist-Fahne-Copy-1.jpg 360w\" sizes=\"(max-width: 225px) 100vw, 225px\" \/><\/a><span style=\"color: #000000;\">Kopie\u00a0der St. Johann Baptist Fahne aus 1975. Diese Fahne ist nicht gestickt sondern gemalt.\u00a0<\/span><\/p>\n<p>&nbsp;<\/p>\n<p><a href=\"http:\/\/www.schuetzen-hoengen.de\/wp-content\/uploads\/2015\/11\/DSCN0633-Copy.jpg\" data-rel=\"lightbox-image-2\" data-rl_title=\"\" data-rl_caption=\"\" title=\"\"><img loading=\"lazy\" decoding=\"async\" class=\"alignnone size-medium wp-image-6292\" src=\"http:\/\/www.schuetzen-hoengen.de\/wp-content\/uploads\/2015\/11\/DSCN0633-Copy-225x300.jpg\" alt=\"dscn0633-copy\" width=\"225\" height=\"300\" srcset=\"https:\/\/schuetzen-hoengen.de\/wp-content\/uploads\/2015\/11\/DSCN0633-Copy-225x300.jpg 225w, https:\/\/schuetzen-hoengen.de\/wp-content\/uploads\/2015\/11\/DSCN0633-Copy.jpg 450w\" sizes=\"(max-width: 225px) 100vw, 225px\" \/><\/a> <a href=\"http:\/\/www.schuetzen-hoengen.de\/wp-content\/uploads\/2015\/11\/DSCN0629-Copy.jpg\" data-rel=\"lightbox-image-3\" data-rl_title=\"\" data-rl_caption=\"\" title=\"\"><img loading=\"lazy\" decoding=\"async\" class=\"alignnone size-medium wp-image-6293\" src=\"http:\/\/www.schuetzen-hoengen.de\/wp-content\/uploads\/2015\/11\/DSCN0629-Copy-225x300.jpg\" alt=\"dscn0629-copy\" width=\"225\" height=\"300\" srcset=\"https:\/\/schuetzen-hoengen.de\/wp-content\/uploads\/2015\/11\/DSCN0629-Copy-225x300.jpg 225w, https:\/\/schuetzen-hoengen.de\/wp-content\/uploads\/2015\/11\/DSCN0629-Copy.jpg 450w\" sizes=\"(max-width: 225px) 100vw, 225px\" \/><\/a><\/p>\n<h6><span style=\"color: #000000;\">Die Fahne von 1933 Sie zeigt das Bild des Pfarrpatrons St. Lambertus mit Bischofsstab und einem B\u00e4r, im Hintergrund ein Haus und eine Kirche, umgeben vom Schriftzug ,, St Lambertus Pfarrpatron &#8221; dazu rechts und links ein Eichenblatt.<\/span><\/h6>\n<p>&nbsp;<\/p>\n<p><a href=\"http:\/\/www.schuetzen-hoengen.de\/wp-content\/uploads\/2015\/11\/Fahne-Birderkapelle-Copy.jpg\" data-rel=\"lightbox-image-4\" data-rl_title=\"\" data-rl_caption=\"\" title=\"\"><img loading=\"lazy\" decoding=\"async\" class=\"size-medium wp-image-6777 aligncenter\" src=\"http:\/\/www.schuetzen-hoengen.de\/wp-content\/uploads\/2015\/11\/Fahne-Birderkapelle-Copy-225x300.jpg\" alt=\"Fahne Birderkapelle (Copy)\" width=\"225\" height=\"300\" srcset=\"https:\/\/schuetzen-hoengen.de\/wp-content\/uploads\/2015\/11\/Fahne-Birderkapelle-Copy-225x300.jpg 225w, https:\/\/schuetzen-hoengen.de\/wp-content\/uploads\/2015\/11\/Fahne-Birderkapelle-Copy.jpg 360w\" sizes=\"(max-width: 225px) 100vw, 225px\" \/><\/a><\/p>\n<p><a href=\"http:\/\/www.schuetzen-hoengen.de\/wp-content\/uploads\/2015\/11\/Fahne-Haus-Dilia-Copy.jpg\" data-rel=\"lightbox-image-5\" data-rl_title=\"\" data-rl_caption=\"\" title=\"\"><img loading=\"lazy\" decoding=\"async\" class=\"size-medium wp-image-6778 aligncenter\" src=\"http:\/\/www.schuetzen-hoengen.de\/wp-content\/uploads\/2015\/11\/Fahne-Haus-Dilia-Copy-225x300.jpg\" alt=\"Fahne Haus Dilia (Copy)\" width=\"225\" height=\"300\" srcset=\"https:\/\/schuetzen-hoengen.de\/wp-content\/uploads\/2015\/11\/Fahne-Haus-Dilia-Copy-225x300.jpg 225w, https:\/\/schuetzen-hoengen.de\/wp-content\/uploads\/2015\/11\/Fahne-Haus-Dilia-Copy.jpg 360w\" sizes=\"(max-width: 225px) 100vw, 225px\" \/><\/a><\/p>\n<h6 style=\"text-align: left;\"><span style=\"color: #000000;\">Die Schwenkfahne 1987\u00a0 stiftete und malte Heinz Meuffels unser damaliger Fahnenschwenker eine neue Schwenkfahne. Als Hauptmotiv w\u00e4hlte er Haus Dilia in Hoengen. Oben links sind das Gemeindewappen und oben rechts das Symbol der Historischen Deutschen Sch\u00fctzenbruderschaften zu sehen. Beschriftet ist die Fahne mit ,,St. Johannes Baptist Hoengen<\/span><\/h6>\n<p>&nbsp;<\/p>\n<p><a href=\"http:\/\/www.schuetzen-hoengen.de\/wp-content\/uploads\/2015\/11\/Erste-Schwenkfahne-Copy.jpg\" data-rel=\"lightbox-image-6\" data-rl_title=\"\" data-rl_caption=\"\" title=\"\"><img loading=\"lazy\" decoding=\"async\" class=\"size-medium wp-image-6246 aligncenter\" src=\"http:\/\/www.schuetzen-hoengen.de\/wp-content\/uploads\/2015\/11\/Erste-Schwenkfahne-Copy-225x300.jpg\" alt=\"erste-schwenkfahne-copy\" width=\"225\" height=\"300\" srcset=\"https:\/\/schuetzen-hoengen.de\/wp-content\/uploads\/2015\/11\/Erste-Schwenkfahne-Copy-225x300.jpg 225w, https:\/\/schuetzen-hoengen.de\/wp-content\/uploads\/2015\/11\/Erste-Schwenkfahne-Copy.jpg 450w\" sizes=\"(max-width: 225px) 100vw, 225px\" \/><\/a><\/p>\n<p>&nbsp;<\/p>\n","protected":false},"excerpt":{"rendered":"<p>Die Fahne von 1913. Sie zeigt den Schutzpatron der Sch\u00fctzengesellschaft St.Johannes Baptist, d.h. Johannes den T\u00e4ufer. Die Fahne ist auf der Vorderseite mit dem Schutzpatron sowie mit der Beschriftung &#8221;Sch\u00fctzen-Gesellschaft H\u00f6ngen 1913\u00a0&#8221;\u00a0ausgestattet. Die Ruckseite zeigt eine Schie\u00dfscheibe im Hirschgeweih, umgeben von vier Ornamenten. Die Fahne ist gestickt. Sie wurde bis 1975 in der Bruderschaft mitgef\u00fchrt. &hellip; <a href=\"https:\/\/schuetzen-hoengen.de\/index.php\/historisches\/wertsachen-2\/fahnen\/\" class=\"more-link\"><span class=\"screen-reader-text\">Fahnen<\/span> weiterlesen <span class=\"meta-nav\">&rarr;<\/span><\/a><\/p>\n","protected":false},"author":2,"featured_media":0,"parent":580,"menu_order":0,"comment_status":"closed","ping_status":"closed","template":"","meta":{"footnotes":""},"_links":{"self":[{"href":"https:\/\/schuetzen-hoengen.de\/index.php\/wp-json\/wp\/v2\/pages\/704"}],"collection":[{"href":"https:\/\/schuetzen-hoengen.de\/index.php\/wp-json\/wp\/v2\/pages"}],"about":[{"href":"https:\/\/schuetzen-hoengen.de\/index.php\/wp-json\/wp\/v2\/types\/page"}],"author":[{"embeddable":true,"href":"https:\/\/schuetzen-hoengen.de\/index.php\/wp-json\/wp\/v2\/users\/2"}],"replies":[{"embeddable":true,"href":"https:\/\/schuetzen-hoengen.de\/index.php\/wp-json\/wp\/v2\/comments?post=704"}],"version-history":[{"count":47,"href":"https:\/\/schuetzen-hoengen.de\/index.php\/wp-json\/wp\/v2\/pages\/704\/revisions"}],"predecessor-version":[{"id":6780,"href":"https:\/\/schuetzen-hoengen.de\/index.php\/wp-json\/wp\/v2\/pages\/704\/revisions\/6780"}],"up":[{"embeddable":true,"href":"https:\/\/schuetzen-hoengen.de\/index.php\/wp-json\/wp\/v2\/pages\/580"}],"wp:attachment":[{"href":"https:\/\/schuetzen-hoengen.de\/index.php\/wp-json\/wp\/v2\/media?parent=704"}],"curies":[{"name":"wp","href":"https:\/\/api.w.org\/{rel}","templated":true}]}}