{"id":71,"date":"2015-04-29T21:59:39","date_gmt":"2015-04-29T19:59:39","guid":{"rendered":"http:\/\/www.schuetzen-hoengen.de\/?page_id=71"},"modified":"2017-01-23T17:47:17","modified_gmt":"2017-01-23T16:47:17","slug":"koenigssilber","status":"publish","type":"page","link":"https:\/\/schuetzen-hoengen.de\/index.php\/historisches\/koenigssilber\/","title":{"rendered":"K\u00f6nigssilber"},"content":{"rendered":"<h4 style=\"text-align: center;\">K\u00f6nigssilber<\/h4>\n<p><a href=\"http:\/\/www.schuetzen-hoengen.de\/wp-content\/uploads\/2015\/04\/K\u00f6nigssilber-4-Copy.jpg\" data-rel=\"lightbox-image-0\" data-rl_title=\"\" data-rl_caption=\"\" title=\"\"><img loading=\"lazy\" decoding=\"async\" class=\"size-medium wp-image-7594 aligncenter\" src=\"http:\/\/www.schuetzen-hoengen.de\/wp-content\/uploads\/2015\/04\/K\u00f6nigssilber-4-Copy-300x225.jpg\" alt=\"\" width=\"300\" height=\"225\" srcset=\"https:\/\/schuetzen-hoengen.de\/wp-content\/uploads\/2015\/04\/K\u00f6nigssilber-4-Copy-300x225.jpg 300w, https:\/\/schuetzen-hoengen.de\/wp-content\/uploads\/2015\/04\/K\u00f6nigssilber-4-Copy.jpg 640w\" sizes=\"(max-width: 300px) 100vw, 300px\" \/><\/a><\/p>\n<p><a href=\"http:\/\/www.schuetzen-hoengen.de\/wp-content\/uploads\/2015\/04\/K\u00f6nigssilber-2-Copy.jpg\" data-rel=\"lightbox-image-1\" data-rl_title=\"\" data-rl_caption=\"\" title=\"\"><img loading=\"lazy\" decoding=\"async\" class=\"size-medium wp-image-7592 aligncenter\" src=\"http:\/\/www.schuetzen-hoengen.de\/wp-content\/uploads\/2015\/04\/K\u00f6nigssilber-2-Copy-300x225.jpg\" alt=\"\" width=\"300\" height=\"225\" srcset=\"https:\/\/schuetzen-hoengen.de\/wp-content\/uploads\/2015\/04\/K\u00f6nigssilber-2-Copy-300x225.jpg 300w, https:\/\/schuetzen-hoengen.de\/wp-content\/uploads\/2015\/04\/K\u00f6nigssilber-2-Copy.jpg 640w\" sizes=\"(max-width: 300px) 100vw, 300px\" \/><\/a><\/p>\n<h4 style=\"text-align: center;\"><a href=\"http:\/\/www.schuetzen-hoengen.de\/wp-content\/uploads\/2015\/04\/K\u00f6nigssilber-3-Copy.jpg\" data-rel=\"lightbox-image-2\" data-rl_title=\"\" data-rl_caption=\"\" title=\"\"><img loading=\"lazy\" decoding=\"async\" class=\"size-medium wp-image-7593 aligncenter\" src=\"http:\/\/www.schuetzen-hoengen.de\/wp-content\/uploads\/2015\/04\/K\u00f6nigssilber-3-Copy-300x225.jpg\" alt=\"\" width=\"300\" height=\"225\" srcset=\"https:\/\/schuetzen-hoengen.de\/wp-content\/uploads\/2015\/04\/K\u00f6nigssilber-3-Copy-300x225.jpg 300w, https:\/\/schuetzen-hoengen.de\/wp-content\/uploads\/2015\/04\/K\u00f6nigssilber-3-Copy.jpg 640w\" sizes=\"(max-width: 300px) 100vw, 300px\" \/><\/a>Stern<\/h4>\n<h6 style=\"text-align: center;\">( gestiftet durch Lambert Spykers )<\/h6>\n<p style=\"text-align: left;\">der neue K\u00f6nig bekommt beim Vogelschuss den Stern \u00fcberreicht und tr\u00e4gt ihn\u00a0 solange bis er bei der Prunkkirmes &#8211; Hochamt das K\u00f6nigssilber erh\u00e4lt und K\u00f6nig und Silber gesegnet wird.<\/p>\n<p style=\"text-align: center;\"><a href=\"http:\/\/www.schuetzen-hoengen.de\/wp-content\/uploads\/2015\/04\/IMG_3502.JPGl-Copy.jpg\" data-rel=\"lightbox-image-3\" data-rl_title=\"\" data-rl_caption=\"\" title=\"\"><img loading=\"lazy\" decoding=\"async\" class=\"alignnone size-medium wp-image-7606\" src=\"http:\/\/www.schuetzen-hoengen.de\/wp-content\/uploads\/2015\/04\/IMG_3502.JPGl-Copy-300x195.jpg\" alt=\"\" width=\"300\" height=\"195\" srcset=\"https:\/\/schuetzen-hoengen.de\/wp-content\/uploads\/2015\/04\/IMG_3502.JPGl-Copy-300x195.jpg 300w, https:\/\/schuetzen-hoengen.de\/wp-content\/uploads\/2015\/04\/IMG_3502.JPGl-Copy.jpg 640w\" sizes=\"(max-width: 300px) 100vw, 300px\" \/><\/a><\/p>\n<p style=\"text-align: center;\">K\u00f6nig Philipp van Hall mit Stern<\/p>\n<p style=\"text-align: center;\">\n","protected":false},"excerpt":{"rendered":"<p>K\u00f6nigssilber Stern ( gestiftet durch Lambert Spykers ) der neue K\u00f6nig bekommt beim Vogelschuss den Stern \u00fcberreicht und tr\u00e4gt ihn\u00a0 solange bis er bei der Prunkkirmes &#8211; Hochamt das K\u00f6nigssilber erh\u00e4lt und K\u00f6nig und Silber gesegnet wird. K\u00f6nig Philipp van Hall mit Stern<\/p>\n","protected":false},"author":1,"featured_media":0,"parent":42,"menu_order":2,"comment_status":"closed","ping_status":"open","template":"page-templates\/full-width.php","meta":{"footnotes":""},"_links":{"self":[{"href":"https:\/\/schuetzen-hoengen.de\/index.php\/wp-json\/wp\/v2\/pages\/71"}],"collection":[{"href":"https:\/\/schuetzen-hoengen.de\/index.php\/wp-json\/wp\/v2\/pages"}],"about":[{"href":"https:\/\/schuetzen-hoengen.de\/index.php\/wp-json\/wp\/v2\/types\/page"}],"author":[{"embeddable":true,"href":"https:\/\/schuetzen-hoengen.de\/index.php\/wp-json\/wp\/v2\/users\/1"}],"replies":[{"embeddable":true,"href":"https:\/\/schuetzen-hoengen.de\/index.php\/wp-json\/wp\/v2\/comments?post=71"}],"version-history":[{"count":10,"href":"https:\/\/schuetzen-hoengen.de\/index.php\/wp-json\/wp\/v2\/pages\/71\/revisions"}],"predecessor-version":[{"id":7607,"href":"https:\/\/schuetzen-hoengen.de\/index.php\/wp-json\/wp\/v2\/pages\/71\/revisions\/7607"}],"up":[{"embeddable":true,"href":"https:\/\/schuetzen-hoengen.de\/index.php\/wp-json\/wp\/v2\/pages\/42"}],"wp:attachment":[{"href":"https:\/\/schuetzen-hoengen.de\/index.php\/wp-json\/wp\/v2\/media?parent=71"}],"curies":[{"name":"wp","href":"https:\/\/api.w.org\/{rel}","templated":true}]}}