{"id":736,"date":"2015-11-19T10:54:36","date_gmt":"2015-11-19T09:54:36","guid":{"rendered":"http:\/\/www.schuetzen-hoengen.de\/?page_id=736"},"modified":"2016-12-27T13:32:31","modified_gmt":"2016-12-27T12:32:31","slug":"titel-6","status":"publish","type":"page","link":"https:\/\/schuetzen-hoengen.de\/index.php\/veranstaltungen-2\/veranstaltungen-2015\/titel-6\/","title":{"rendered":"Bosselturnier 2015"},"content":{"rendered":"<p style=\"text-align: center;\"><a href=\"http:\/\/www.schuetzen-hoengen.de\/wp-content\/uploads\/2015\/04\/Bosselturnier_Bildkollage-Copy.jpg\" data-rel=\"lightbox-image-0\" data-rl_title=\"\" data-rl_caption=\"\" title=\"\"><img loading=\"lazy\" decoding=\"async\" class=\"alignnone size-medium wp-image-5088\" src=\"http:\/\/www.schuetzen-hoengen.de\/wp-content\/uploads\/2015\/04\/Bosselturnier_Bildkollage-Copy-300x212.jpg\" alt=\"bosselturnier_bildkollage-copy\" width=\"300\" height=\"212\" srcset=\"https:\/\/schuetzen-hoengen.de\/wp-content\/uploads\/2015\/04\/Bosselturnier_Bildkollage-Copy-300x212.jpg 300w, https:\/\/schuetzen-hoengen.de\/wp-content\/uploads\/2015\/04\/Bosselturnier_Bildkollage-Copy-768x543.jpg 768w, https:\/\/schuetzen-hoengen.de\/wp-content\/uploads\/2015\/04\/Bosselturnier_Bildkollage-Copy.jpg 800w\" sizes=\"(max-width: 300px) 100vw, 300px\" \/><\/a><\/p>\n<p style=\"text-align: center;\">Immer wieder sch\u00f6n!!!<br \/>\nBosselturnier 2015<\/p>\n<div>\n<p>Selfkant-H\u00f6ngen. Beim f\u00fcnften Bosselturnier des F\u00f6rdervereins der St.-Johannes-Baptist-Sch\u00fctzenbruderschaft H\u00f6ngen gingen 14 Mannschaften an den Start. Es gab reichlich Spa\u00df.<\/p>\n<p>Bei den M\u00e4nnern war die Entscheidung sehr knapp, im Kabeln setzten sich die Freunde St. Urbanus aus Montfort\/NL gegen Rudis Kiosk-Team aus Birgden durch. Bei den Frauen hatte das Team \u201eRudi B\u00f6ller und die wilden Uschis\u201c schon nach dem Start ab der Sint-Jan-Sch\u00fctzenhalle Riesenspa\u00df, die lustige Gruppe siegte souver\u00e4n.<\/p>\n<p>Im Ort selbst wurde die Kugel nicht geworfen. Die eigentliche Bosselstrecke startete am Haus von Berthold Conen, f\u00fchrte dann \u00fcber Wirtschaftswege vorbei am Kapellchen, Haus Biesen, dann hinein ins Buchenw\u00e4ldchen bis zur Saeffelbachbr\u00fccke. Dort erfolgte der Leerguttausch gegen volle Flaschen. Die weitere Bosselstrecke f\u00fchrte bis Ende Klosterpfad, dann zur\u00fcck durch H\u00f6ngen. Dort gab es eine gro\u00dfe Siegerehrung und After-Bossel-Party.<\/p>\n<p>Alle Gruppen hatten einen kleinen Bollerwagen dabei, dieser war f\u00fcr die insgesamt drei Kilometer lange Tour bestens mit Verpflegung gef\u00fcllt. Die reine Bosseltour bis Klosterpfad betrug rund 2,2 Kilometer. Dort galt es, eine Kugel m\u00f6glichst gut auf dem Wirtschaftsweg zu postieren, damit stets weitergeworfen werden konnte. So manche Kugel landete im Gestr\u00fcpp oder flutschte in die angrenzende Wiese. Da war erst einmal eine intensive Suche nach der Kugel angesagt.<\/p>\n<p>Bosselturniersieg f\u00fcr \u201eUschis\u201c und St. Urbanus &#8211;<\/p>\n<p><a href=\"http:\/\/www.schuetzen-hoengen.de\/wp-content\/uploads\/2015\/11\/Uschis-Copy.jpg\" data-rel=\"lightbox-image-1\" data-rl_title=\"\" data-rl_caption=\"\" title=\"\"><img loading=\"lazy\" decoding=\"async\" class=\"alignnone wp-image-6412 size-full\" src=\"http:\/\/www.schuetzen-hoengen.de\/wp-content\/uploads\/2015\/11\/Uschis-Copy.jpg\" alt=\"uschis-copy\" width=\"800\" height=\"449\" srcset=\"https:\/\/schuetzen-hoengen.de\/wp-content\/uploads\/2015\/11\/Uschis-Copy.jpg 800w, https:\/\/schuetzen-hoengen.de\/wp-content\/uploads\/2015\/11\/Uschis-Copy-300x168.jpg 300w, https:\/\/schuetzen-hoengen.de\/wp-content\/uploads\/2015\/11\/Uschis-Copy-768x431.jpg 768w\" sizes=\"(max-width: 800px) 100vw, 800px\" \/><\/a><\/p>\n<p>B<\/p>\n<\/div>\n<p>&nbsp;<\/p>\n","protected":false},"excerpt":{"rendered":"<p>Immer wieder sch\u00f6n!!! Bosselturnier 2015 Selfkant-H\u00f6ngen. Beim f\u00fcnften Bosselturnier des F\u00f6rdervereins der St.-Johannes-Baptist-Sch\u00fctzenbruderschaft H\u00f6ngen gingen 14 Mannschaften an den Start. Es gab reichlich Spa\u00df. Bei den M\u00e4nnern war die Entscheidung sehr knapp, im Kabeln setzten sich die Freunde St. Urbanus aus Montfort\/NL gegen Rudis Kiosk-Team aus Birgden durch. Bei den Frauen hatte das Team \u201eRudi &hellip; <a href=\"https:\/\/schuetzen-hoengen.de\/index.php\/veranstaltungen-2\/veranstaltungen-2015\/titel-6\/\" class=\"more-link\"><span class=\"screen-reader-text\">Bosselturnier 2015<\/span> weiterlesen <span class=\"meta-nav\">&rarr;<\/span><\/a><\/p>\n","protected":false},"author":2,"featured_media":0,"parent":862,"menu_order":0,"comment_status":"closed","ping_status":"closed","template":"","meta":{"footnotes":""},"_links":{"self":[{"href":"https:\/\/schuetzen-hoengen.de\/index.php\/wp-json\/wp\/v2\/pages\/736"}],"collection":[{"href":"https:\/\/schuetzen-hoengen.de\/index.php\/wp-json\/wp\/v2\/pages"}],"about":[{"href":"https:\/\/schuetzen-hoengen.de\/index.php\/wp-json\/wp\/v2\/types\/page"}],"author":[{"embeddable":true,"href":"https:\/\/schuetzen-hoengen.de\/index.php\/wp-json\/wp\/v2\/users\/2"}],"replies":[{"embeddable":true,"href":"https:\/\/schuetzen-hoengen.de\/index.php\/wp-json\/wp\/v2\/comments?post=736"}],"version-history":[{"count":26,"href":"https:\/\/schuetzen-hoengen.de\/index.php\/wp-json\/wp\/v2\/pages\/736\/revisions"}],"predecessor-version":[{"id":6413,"href":"https:\/\/schuetzen-hoengen.de\/index.php\/wp-json\/wp\/v2\/pages\/736\/revisions\/6413"}],"up":[{"embeddable":true,"href":"https:\/\/schuetzen-hoengen.de\/index.php\/wp-json\/wp\/v2\/pages\/862"}],"wp:attachment":[{"href":"https:\/\/schuetzen-hoengen.de\/index.php\/wp-json\/wp\/v2\/media?parent=736"}],"curies":[{"name":"wp","href":"https:\/\/api.w.org\/{rel}","templated":true}]}}