{"id":770,"date":"2015-11-19T21:50:36","date_gmt":"2015-11-19T20:50:36","guid":{"rendered":"http:\/\/www.schuetzen-hoengen.de\/?page_id=770"},"modified":"2017-03-31T22:01:52","modified_gmt":"2017-03-31T20:01:52","slug":"titel-1","status":"publish","type":"page","link":"https:\/\/schuetzen-hoengen.de\/index.php\/schiesssport\/titel-1\/","title":{"rendered":"6_Schie\u00dfst\u00e4nde"},"content":{"rendered":"<p style=\"text-align: center;\"><a href=\"http:\/\/www.schuetzen-hoengen.de\/wp-content\/uploads\/2015\/11\/Hobby-tell.jpg\" data-rel=\"lightbox-image-0\" data-rl_title=\"\" data-rl_caption=\"\" title=\"\"><img loading=\"lazy\" decoding=\"async\" class=\"alignnone wp-image-7579\" src=\"http:\/\/www.schuetzen-hoengen.de\/wp-content\/uploads\/2015\/11\/Hobby-tell.jpg\" alt=\"\" width=\"295\" height=\"181\" \/><\/a><\/p>\n<p style=\"text-align: center;\"><span style=\"color: #008000;\"><span style=\"color: #000000;\"><a href=\"http:\/\/www.schuetzen-hoengen.de\/wp-content\/uploads\/2015\/11\/DSCN1907-Copy.jpg\" data-rel=\"lightbox-image-1\" data-rl_title=\"\" data-rl_caption=\"\" title=\"\"><img loading=\"lazy\" decoding=\"async\" class=\"alignnone size-medium wp-image-7568\" src=\"http:\/\/www.schuetzen-hoengen.de\/wp-content\/uploads\/2015\/11\/DSCN1907-Copy-300x225.jpg\" alt=\"\" width=\"300\" height=\"225\" srcset=\"https:\/\/schuetzen-hoengen.de\/wp-content\/uploads\/2015\/11\/DSCN1907-Copy-300x225.jpg 300w, https:\/\/schuetzen-hoengen.de\/wp-content\/uploads\/2015\/11\/DSCN1907-Copy-768x576.jpg 768w, https:\/\/schuetzen-hoengen.de\/wp-content\/uploads\/2015\/11\/DSCN1907-Copy.jpg 800w\" sizes=\"(max-width: 300px) 100vw, 300px\" \/><\/a>\u00a0<\/span><\/span><\/p>\n<p style=\"text-align: center;\"><span style=\"color: #008000;\"><span style=\"color: #000000;\">Armbrust\u00a0 2 St\u00e4nde<br \/>\n<\/span><\/span><\/p>\n<p style=\"text-align: center;\"><a href=\"http:\/\/www.schuetzen-hoengen.de\/wp-content\/uploads\/2015\/11\/DSCN1822-Copy.jpg\" data-rel=\"lightbox-image-2\" data-rl_title=\"\" data-rl_caption=\"\" title=\"\"><img loading=\"lazy\" decoding=\"async\" class=\"size-medium wp-image-6326 aligncenter\" src=\"http:\/\/www.schuetzen-hoengen.de\/wp-content\/uploads\/2015\/11\/DSCN1822-Copy-300x225.jpg\" alt=\"dscn1822-copy\" width=\"300\" height=\"225\" srcset=\"https:\/\/schuetzen-hoengen.de\/wp-content\/uploads\/2015\/11\/DSCN1822-Copy-300x225.jpg 300w, https:\/\/schuetzen-hoengen.de\/wp-content\/uploads\/2015\/11\/DSCN1822-Copy-768x576.jpg 768w, https:\/\/schuetzen-hoengen.de\/wp-content\/uploads\/2015\/11\/DSCN1822-Copy.jpg 800w\" sizes=\"(max-width: 300px) 100vw, 300px\" \/><\/a> Kleinkaliber 2 St\u00e4nde<\/p>\n<p style=\"text-align: center;\"><a href=\"http:\/\/www.schuetzen-hoengen.de\/wp-content\/uploads\/2015\/11\/DSCN1823-Copy.jpg\" data-rel=\"lightbox-image-3\" data-rl_title=\"\" data-rl_caption=\"\" title=\"\"><img loading=\"lazy\" decoding=\"async\" class=\"alignnone size-medium wp-image-6327\" src=\"http:\/\/www.schuetzen-hoengen.de\/wp-content\/uploads\/2015\/11\/DSCN1823-Copy-300x225.jpg\" alt=\"dscn1823-copy\" width=\"300\" height=\"225\" srcset=\"https:\/\/schuetzen-hoengen.de\/wp-content\/uploads\/2015\/11\/DSCN1823-Copy-300x225.jpg 300w, https:\/\/schuetzen-hoengen.de\/wp-content\/uploads\/2015\/11\/DSCN1823-Copy-768x576.jpg 768w, https:\/\/schuetzen-hoengen.de\/wp-content\/uploads\/2015\/11\/DSCN1823-Copy.jpg 800w\" sizes=\"(max-width: 300px) 100vw, 300px\" \/><\/a><\/p>\n<p style=\"text-align: center;\">Luftgewehr 7 St\u00e4nde<\/p>\n<p style=\"text-align: center;\">\n","protected":false},"excerpt":{"rendered":"<p>\u00a0 Armbrust\u00a0 2 St\u00e4nde Kleinkaliber 2 St\u00e4nde Luftgewehr 7 St\u00e4nde<\/p>\n","protected":false},"author":2,"featured_media":0,"parent":44,"menu_order":0,"comment_status":"closed","ping_status":"closed","template":"","meta":{"footnotes":""},"_links":{"self":[{"href":"https:\/\/schuetzen-hoengen.de\/index.php\/wp-json\/wp\/v2\/pages\/770"}],"collection":[{"href":"https:\/\/schuetzen-hoengen.de\/index.php\/wp-json\/wp\/v2\/pages"}],"about":[{"href":"https:\/\/schuetzen-hoengen.de\/index.php\/wp-json\/wp\/v2\/types\/page"}],"author":[{"embeddable":true,"href":"https:\/\/schuetzen-hoengen.de\/index.php\/wp-json\/wp\/v2\/users\/2"}],"replies":[{"embeddable":true,"href":"https:\/\/schuetzen-hoengen.de\/index.php\/wp-json\/wp\/v2\/comments?post=770"}],"version-history":[{"count":12,"href":"https:\/\/schuetzen-hoengen.de\/index.php\/wp-json\/wp\/v2\/pages\/770\/revisions"}],"predecessor-version":[{"id":7580,"href":"https:\/\/schuetzen-hoengen.de\/index.php\/wp-json\/wp\/v2\/pages\/770\/revisions\/7580"}],"up":[{"embeddable":true,"href":"https:\/\/schuetzen-hoengen.de\/index.php\/wp-json\/wp\/v2\/pages\/44"}],"wp:attachment":[{"href":"https:\/\/schuetzen-hoengen.de\/index.php\/wp-json\/wp\/v2\/media?parent=770"}],"curies":[{"name":"wp","href":"https:\/\/api.w.org\/{rel}","templated":true}]}}