{"id":7878,"date":"2017-02-17T21:46:45","date_gmt":"2017-02-17T20:46:45","guid":{"rendered":"http:\/\/www.schuetzen-hoengen.de\/?page_id=7878"},"modified":"2019-02-02T06:52:36","modified_gmt":"2019-02-02T05:52:36","slug":"kk-stand-abbau","status":"publish","type":"page","link":"https:\/\/schuetzen-hoengen.de\/index.php\/schiesssport\/titel-1\/kk-stand-abbau\/","title":{"rendered":"KK Stand Abbau"},"content":{"rendered":"<h5><\/h5>\n<h5 style=\"text-align: center;\">Abbau Schiessstand f\u00fcr Karneval 2018<\/h5>\n<h4 style=\"text-align: center;\">Klappt doch!!!<\/h4>\n<h5 style=\"text-align: center;\">aller guten Dinge sind &#8220;Drei&#8221;<\/h5>\n<figure style=\"width: 96px\" class=\"wp-caption aligncenter\"><img loading=\"lazy\" decoding=\"async\" class=\"irc_mi\" src=\"https:\/\/i.ebayimg.com\/00\/s\/MTAyNFg1NzY=\/z\/dOkAAOSwySlaSoZ-\/$_72.JPG\" alt=\"Bildergebnis f\u00fcr Bilder Stapler defekt\" width=\"96\" height=\"171\" \/><figcaption class=\"wp-caption-text\">Defekte Batterie war die Ursache<\/figcaption><\/figure>\n<h6 style=\"text-align: center;\">Soweit zum Thema elektrische Mobilit\u00e4t<\/h6>\n<p style=\"text-align: center;\"><a href=\"http:\/\/www.schuetzen-hoengen.de\/wp-content\/uploads\/2018\/01\/IMG_20180111_181811427-Copy.jpg\" data-rel=\"lightbox-image-0\" data-rl_title=\"\" data-rl_caption=\"\" title=\"\"><img loading=\"lazy\" decoding=\"async\" class=\"alignnone wp-image-9664 \" src=\"http:\/\/www.schuetzen-hoengen.de\/wp-content\/uploads\/2018\/01\/IMG_20180111_181811427-Copy-300x169.jpg\" alt=\"\" width=\"412\" height=\"232\" srcset=\"https:\/\/schuetzen-hoengen.de\/wp-content\/uploads\/2018\/01\/IMG_20180111_181811427-Copy-300x169.jpg 300w, https:\/\/schuetzen-hoengen.de\/wp-content\/uploads\/2018\/01\/IMG_20180111_181811427-Copy.jpg 640w\" sizes=\"(max-width: 412px) 100vw, 412px\" \/><\/a><\/p>\n<h5 style=\"text-align: center;\">Dank an die Truppe, die mit angepackt hat.<br \/>\nBesonderen Dank an Engelbert ( Schmidtchen )<\/h5>\n<h5 style=\"text-align: center;\">daf\u00fcr \u00a0 \u00a0 \u00a0\u00a0 <a href=\"http:\/\/www.schuetzen-hoengen.de\/wp-content\/uploads\/2015\/04\/Smilies-6.jpg\" data-rel=\"lightbox-image-1\" data-rl_title=\"\" data-rl_caption=\"\" title=\"\"><img loading=\"lazy\" decoding=\"async\" class=\"alignnone wp-image-8643\" src=\"http:\/\/www.schuetzen-hoengen.de\/wp-content\/uploads\/2015\/04\/Smilies-6-300x75.jpg\" alt=\"\" width=\"220\" height=\"55\" \/><\/a><\/h5>\n<p style=\"text-align: center;\"><a href=\"http:\/\/www.schuetzen-hoengen.de\/wp-content\/uploads\/2018\/01\/IMG_20180111_190932237-Copy.jpg\" data-rel=\"lightbox-image-2\" data-rl_title=\"\" data-rl_caption=\"\" title=\"\"><img loading=\"lazy\" decoding=\"async\" class=\"alignnone wp-image-9665\" src=\"http:\/\/www.schuetzen-hoengen.de\/wp-content\/uploads\/2018\/01\/IMG_20180111_190932237-Copy-300x169.jpg\" alt=\"\" width=\"410\" height=\"231\" srcset=\"https:\/\/schuetzen-hoengen.de\/wp-content\/uploads\/2018\/01\/IMG_20180111_190932237-Copy-300x169.jpg 300w, https:\/\/schuetzen-hoengen.de\/wp-content\/uploads\/2018\/01\/IMG_20180111_190932237-Copy.jpg 640w\" sizes=\"(max-width: 410px) 100vw, 410px\" \/><\/a><\/p>\n<h5 style=\"text-align: center;\">abgebauter Kleinkaliberschie\u00dfstand<\/h5>\n<h5><a href=\"http:\/\/www.schuetzen-hoengen.de\/wp-content\/uploads\/2015\/04\/Bauarbeiter.jpg\" data-rel=\"lightbox-image-3\" data-rl_title=\"\" data-rl_caption=\"\" title=\"\"><img loading=\"lazy\" decoding=\"async\" class=\"wp-image-6796 aligncenter\" src=\"http:\/\/www.schuetzen-hoengen.de\/wp-content\/uploads\/2015\/04\/Bauarbeiter.jpg\" alt=\"\" width=\"92\" height=\"147\" \/><\/a><\/h5>\n<h5 style=\"text-align: center;\">Abbau KK Stand f\u00fcr Karneval<\/h5>\n<p style=\"text-align: center;\"><a href=\"http:\/\/www.schuetzen-hoengen.de\/wp-content\/uploads\/2015\/04\/Abbau-KK-Stand-24-1-2017-1.jpg\" data-rel=\"lightbox-image-4\" data-rl_title=\"\" data-rl_caption=\"\" title=\"\"><br \/>\n<\/a><a href=\"http:\/\/www.schuetzen-hoengen.de\/wp-content\/uploads\/2015\/04\/Abbau-KK-Stand-24-1-2017-4.jpg\" data-rel=\"lightbox-image-5\" data-rl_title=\"\" data-rl_caption=\"\" title=\"\"><img loading=\"lazy\" decoding=\"async\" class=\"alignnone size-medium wp-image-7677\" src=\"http:\/\/www.schuetzen-hoengen.de\/wp-content\/uploads\/2015\/04\/Abbau-KK-Stand-24-1-2017-4-300x169.jpg\" alt=\"\" width=\"300\" height=\"169\" srcset=\"https:\/\/schuetzen-hoengen.de\/wp-content\/uploads\/2015\/04\/Abbau-KK-Stand-24-1-2017-4-300x169.jpg 300w, https:\/\/schuetzen-hoengen.de\/wp-content\/uploads\/2015\/04\/Abbau-KK-Stand-24-1-2017-4-768x432.jpg 768w, https:\/\/schuetzen-hoengen.de\/wp-content\/uploads\/2015\/04\/Abbau-KK-Stand-24-1-2017-4-1024x576.jpg 1024w, https:\/\/schuetzen-hoengen.de\/wp-content\/uploads\/2015\/04\/Abbau-KK-Stand-24-1-2017-4.jpg 1280w\" sizes=\"(max-width: 300px) 100vw, 300px\" \/><\/a><\/p>\n<h6 style=\"text-align: center;\"><strong>Technik, die begeistert!!!<\/strong><\/h6>\n<p style=\"text-align: center;\"><a href=\"http:\/\/www.schuetzen-hoengen.de\/wp-content\/uploads\/2015\/04\/Abbau-KK-Stand-24-1-2017-1.jpg\" data-rel=\"lightbox-image-6\" data-rl_title=\"\" data-rl_caption=\"\" title=\"\"><img loading=\"lazy\" decoding=\"async\" class=\"alignnone size-medium wp-image-7676\" src=\"http:\/\/www.schuetzen-hoengen.de\/wp-content\/uploads\/2015\/04\/Abbau-KK-Stand-24-1-2017-1-300x169.jpg\" alt=\"\" width=\"300\" height=\"169\" srcset=\"https:\/\/schuetzen-hoengen.de\/wp-content\/uploads\/2015\/04\/Abbau-KK-Stand-24-1-2017-1-300x169.jpg 300w, https:\/\/schuetzen-hoengen.de\/wp-content\/uploads\/2015\/04\/Abbau-KK-Stand-24-1-2017-1-768x432.jpg 768w, https:\/\/schuetzen-hoengen.de\/wp-content\/uploads\/2015\/04\/Abbau-KK-Stand-24-1-2017-1-1024x576.jpg 1024w, https:\/\/schuetzen-hoengen.de\/wp-content\/uploads\/2015\/04\/Abbau-KK-Stand-24-1-2017-1.jpg 1280w\" sizes=\"(max-width: 300px) 100vw, 300px\" \/><\/a><\/p>\n<p style=\"text-align: center;\"><a href=\"http:\/\/www.schuetzen-hoengen.de\/wp-content\/uploads\/2015\/04\/Abbau-KK-Stand-24-1-2017-16.jpg\" data-rel=\"lightbox-image-7\" data-rl_title=\"\" data-rl_caption=\"\" title=\"\"><img loading=\"lazy\" decoding=\"async\" class=\"alignnone size-medium wp-image-7668\" src=\"http:\/\/www.schuetzen-hoengen.de\/wp-content\/uploads\/2015\/04\/Abbau-KK-Stand-24-1-2017-16-300x169.jpg\" alt=\"\" width=\"300\" height=\"169\" srcset=\"https:\/\/schuetzen-hoengen.de\/wp-content\/uploads\/2015\/04\/Abbau-KK-Stand-24-1-2017-16-300x169.jpg 300w, https:\/\/schuetzen-hoengen.de\/wp-content\/uploads\/2015\/04\/Abbau-KK-Stand-24-1-2017-16-768x432.jpg 768w, https:\/\/schuetzen-hoengen.de\/wp-content\/uploads\/2015\/04\/Abbau-KK-Stand-24-1-2017-16-1024x576.jpg 1024w, https:\/\/schuetzen-hoengen.de\/wp-content\/uploads\/2015\/04\/Abbau-KK-Stand-24-1-2017-16.jpg 1280w\" sizes=\"(max-width: 300px) 100vw, 300px\" \/><\/a><\/p>\n<h6 style=\"text-align: center;\">klappt doch!!!!<\/h6>\n<p style=\"text-align: center;\"><a href=\"http:\/\/www.schuetzen-hoengen.de\/wp-content\/uploads\/2015\/04\/Abbau-KK-Stand-24-1-2017-14.jpg\" data-rel=\"lightbox-image-8\" data-rl_title=\"\" data-rl_caption=\"\" title=\"\"><img loading=\"lazy\" decoding=\"async\" class=\"alignnone size-medium wp-image-7666\" src=\"http:\/\/www.schuetzen-hoengen.de\/wp-content\/uploads\/2015\/04\/Abbau-KK-Stand-24-1-2017-14-300x169.jpg\" alt=\"\" width=\"300\" height=\"169\" srcset=\"https:\/\/schuetzen-hoengen.de\/wp-content\/uploads\/2015\/04\/Abbau-KK-Stand-24-1-2017-14-300x169.jpg 300w, https:\/\/schuetzen-hoengen.de\/wp-content\/uploads\/2015\/04\/Abbau-KK-Stand-24-1-2017-14-768x432.jpg 768w, https:\/\/schuetzen-hoengen.de\/wp-content\/uploads\/2015\/04\/Abbau-KK-Stand-24-1-2017-14-1024x576.jpg 1024w, https:\/\/schuetzen-hoengen.de\/wp-content\/uploads\/2015\/04\/Abbau-KK-Stand-24-1-2017-14.jpg 1280w\" sizes=\"(max-width: 300px) 100vw, 300px\" \/><\/a><\/p>\n<p style=\"text-align: center;\"><a href=\"http:\/\/www.schuetzen-hoengen.de\/wp-content\/uploads\/2015\/04\/Abbau-KK-Stand-24-1-2017-9.jpg\" data-rel=\"lightbox-image-9\" data-rl_title=\"\" data-rl_caption=\"\" title=\"\"><img loading=\"lazy\" decoding=\"async\" class=\"alignnone size-medium wp-image-7661\" src=\"http:\/\/www.schuetzen-hoengen.de\/wp-content\/uploads\/2015\/04\/Abbau-KK-Stand-24-1-2017-9-300x169.jpg\" alt=\"\" width=\"300\" height=\"169\" srcset=\"https:\/\/schuetzen-hoengen.de\/wp-content\/uploads\/2015\/04\/Abbau-KK-Stand-24-1-2017-9-300x169.jpg 300w, https:\/\/schuetzen-hoengen.de\/wp-content\/uploads\/2015\/04\/Abbau-KK-Stand-24-1-2017-9-768x432.jpg 768w, https:\/\/schuetzen-hoengen.de\/wp-content\/uploads\/2015\/04\/Abbau-KK-Stand-24-1-2017-9-1024x576.jpg 1024w, https:\/\/schuetzen-hoengen.de\/wp-content\/uploads\/2015\/04\/Abbau-KK-Stand-24-1-2017-9.jpg 1280w\" sizes=\"(max-width: 300px) 100vw, 300px\" \/><br \/>\n<\/a><br \/>\n<strong>20 Jahre Erfahrung im Abbau des KK Standes<br \/>\nund das in der Vergangenheit teilweise drei Mal im Jahr<br \/>\n<\/strong><\/p>\n<h5 style=\"text-align: center;\"><a href=\"http:\/\/www.schuetzen-hoengen.de\/wp-content\/uploads\/2015\/04\/Abbau-KK-Stand-24-1-2017-17.jpg\" data-rel=\"lightbox-image-10\" data-rl_title=\"\" data-rl_caption=\"\" title=\"\"><img loading=\"lazy\" decoding=\"async\" class=\"alignnone size-medium wp-image-7669\" src=\"http:\/\/www.schuetzen-hoengen.de\/wp-content\/uploads\/2015\/04\/Abbau-KK-Stand-24-1-2017-17-300x169.jpg\" alt=\"\" width=\"300\" height=\"169\" srcset=\"https:\/\/schuetzen-hoengen.de\/wp-content\/uploads\/2015\/04\/Abbau-KK-Stand-24-1-2017-17-300x169.jpg 300w, https:\/\/schuetzen-hoengen.de\/wp-content\/uploads\/2015\/04\/Abbau-KK-Stand-24-1-2017-17-768x432.jpg 768w, https:\/\/schuetzen-hoengen.de\/wp-content\/uploads\/2015\/04\/Abbau-KK-Stand-24-1-2017-17-1024x576.jpg 1024w, https:\/\/schuetzen-hoengen.de\/wp-content\/uploads\/2015\/04\/Abbau-KK-Stand-24-1-2017-17.jpg 1280w\" sizes=\"(max-width: 300px) 100vw, 300px\" \/><\/a><\/h5>\n<p style=\"text-align: center;\"><a href=\"http:\/\/www.schuetzen-hoengen.de\/wp-content\/uploads\/2015\/04\/Abbau-KK-Stand-24-1-2017-21.jpg\" data-rel=\"lightbox-image-11\" data-rl_title=\"\" data-rl_caption=\"\" title=\"\"><img loading=\"lazy\" decoding=\"async\" class=\"alignnone size-medium wp-image-7678\" src=\"http:\/\/www.schuetzen-hoengen.de\/wp-content\/uploads\/2015\/04\/Abbau-KK-Stand-24-1-2017-21-300x169.jpg\" alt=\"\" width=\"300\" height=\"169\" srcset=\"https:\/\/schuetzen-hoengen.de\/wp-content\/uploads\/2015\/04\/Abbau-KK-Stand-24-1-2017-21-300x169.jpg 300w, https:\/\/schuetzen-hoengen.de\/wp-content\/uploads\/2015\/04\/Abbau-KK-Stand-24-1-2017-21-768x432.jpg 768w, https:\/\/schuetzen-hoengen.de\/wp-content\/uploads\/2015\/04\/Abbau-KK-Stand-24-1-2017-21-1024x576.jpg 1024w, https:\/\/schuetzen-hoengen.de\/wp-content\/uploads\/2015\/04\/Abbau-KK-Stand-24-1-2017-21.jpg 1280w\" sizes=\"(max-width: 300px) 100vw, 300px\" \/><\/a><\/p>\n<p style=\"text-align: center;\"><strong>Das Team<\/strong><\/p>\n","protected":false},"excerpt":{"rendered":"<p>Abbau Schiessstand f\u00fcr Karneval 2018 Klappt doch!!! aller guten Dinge sind &#8220;Drei&#8221; Soweit zum Thema elektrische Mobilit\u00e4t Dank an die Truppe, die mit angepackt hat. Besonderen Dank an Engelbert ( Schmidtchen ) daf\u00fcr \u00a0 \u00a0 \u00a0\u00a0 abgebauter Kleinkaliberschie\u00dfstand Abbau KK Stand f\u00fcr Karneval Technik, die begeistert!!! klappt doch!!!! 20 Jahre Erfahrung im Abbau des KK &hellip; <a href=\"https:\/\/schuetzen-hoengen.de\/index.php\/schiesssport\/titel-1\/kk-stand-abbau\/\" class=\"more-link\"><span class=\"screen-reader-text\">KK Stand Abbau<\/span> weiterlesen <span class=\"meta-nav\">&rarr;<\/span><\/a><\/p>\n","protected":false},"author":2,"featured_media":0,"parent":770,"menu_order":0,"comment_status":"closed","ping_status":"closed","template":"","meta":{"footnotes":""},"_links":{"self":[{"href":"https:\/\/schuetzen-hoengen.de\/index.php\/wp-json\/wp\/v2\/pages\/7878"}],"collection":[{"href":"https:\/\/schuetzen-hoengen.de\/index.php\/wp-json\/wp\/v2\/pages"}],"about":[{"href":"https:\/\/schuetzen-hoengen.de\/index.php\/wp-json\/wp\/v2\/types\/page"}],"author":[{"embeddable":true,"href":"https:\/\/schuetzen-hoengen.de\/index.php\/wp-json\/wp\/v2\/users\/2"}],"replies":[{"embeddable":true,"href":"https:\/\/schuetzen-hoengen.de\/index.php\/wp-json\/wp\/v2\/comments?post=7878"}],"version-history":[{"count":6,"href":"https:\/\/schuetzen-hoengen.de\/index.php\/wp-json\/wp\/v2\/pages\/7878\/revisions"}],"predecessor-version":[{"id":11229,"href":"https:\/\/schuetzen-hoengen.de\/index.php\/wp-json\/wp\/v2\/pages\/7878\/revisions\/11229"}],"up":[{"embeddable":true,"href":"https:\/\/schuetzen-hoengen.de\/index.php\/wp-json\/wp\/v2\/pages\/770"}],"wp:attachment":[{"href":"https:\/\/schuetzen-hoengen.de\/index.php\/wp-json\/wp\/v2\/media?parent=7878"}],"curies":[{"name":"wp","href":"https:\/\/api.w.org\/{rel}","templated":true}]}}