{"id":845,"date":"2015-11-21T12:22:07","date_gmt":"2015-11-21T11:22:07","guid":{"rendered":"http:\/\/www.schuetzen-hoengen.de\/?page_id=845"},"modified":"2015-11-21T13:06:48","modified_gmt":"2015-11-21T12:06:48","slug":"veranstaltungen2","status":"publish","type":"page","link":"https:\/\/schuetzen-hoengen.de\/index.php\/historisches\/veranstaltungen2\/","title":{"rendered":"Feldandacht"},"content":{"rendered":"<p><span style=\"color: #008000;\"><strong>St. Johannes Baptist Sch\u00fctzenbruderschaft H\u00f6ngen \u2013 Feldandacht<\/strong><\/span><\/p>\n<table width=\"1000\">\n<tbody>\n<tr>\n<td width=\"870\"><strong><em><u>Feldandacht im Dekanat Gangelt Selfkant<\/u><\/em><\/strong>1963 wurde auf dem Dekanatsch\u00fctzenfest in H\u00f6ngen die erste Feldandacht im Dekanat gehalten. Die initiative des Vorstandes wurde vom Pr\u00e4ses Pfarrer Josef Klingelmann tatkr\u00e4ftig unterst\u00fctzt. Nach \u00fcber 40 Jahre wurde das Original des Programmablaufes der Feldandacht aufgefunden. Ich m\u00f6chte das Dokument hier einmal wiedergeben.<strong><u>F e s t a n d a c h t<\/u><\/strong>auf der Festwiese anl\u00e4sslich de Dekanatsch\u00fctzenfestes<br \/>\nin H\u00f6ngen\/Selfkant \u2013 Sonntag, den 23. Juni 1963<br \/>\n\u2013 \u2013 \u2013 \u2013 \u2013 \u2013 \u2013 \u2013 \u2013 \u2013 \u2013 \u2013 \u2013 \u2013 \u2013 \u2013 \u2013 \u2013 \u2013 \u2013 \u2013 \u2013 \u2013 \u2013 \u2013 \u2013 \u2013 \u2013 \u2013 \u2013 \u2013 \u2013 \u2013 \u2013 \u2013 \u2013 \u2013 \u2013Gemeinsames Lied:<\/p>\n<p>W ir\u00a0\u00a0 t r e t e n\u00a0\u00a0 z u m\u00a0\u00a0 B e t e n\u00a0\u00a0\u00a0 Es spielen alle anwesenden Musikkapellen<\/p>\n<p>Begr\u00fc\u00dfungswort\u00a0: \u00a0Pfr. Klingelmann, Pr\u00e4ses der St. Joh. Baptist\u00a0\u00a0\u00a0\u00a0\u00a0\u00a0\u00a0\u00a0\u00a0\u00a0\u00a0\u00a0 Sch\u00fctzenbruderschaft \u201eH\u00f6ngen\u201c<\/p>\n<p>Wir stellen unser Fest unter den Schutz und Segen Gottes:<\/p>\n<p>1. Wir beten die gro\u00dfe Lobpreisung d.hl. Dreifaltigkeit: G l o r i a<br \/>\n2. Wir bekennen unseren Glauben:<br \/>\nKirchenlied: Wir sind im wahren Christentum<br \/>\n3.\u00a0\u00a0 Wir empfehlen uns der F\u00fcrbitte\u00a0der Gottesmutter: Schutzheilige des Selfkantes\u00a0 des hl. Lambertus. Pfarr- und Ortspatron v.H\u00f6ngen\u00a0 des hl. Joh. Baptist . Patron d. Sch\u00fctzenbruderschaft H\u00f6ngen\u00a0 u. beten 5 .u.6.Str.. d. Liedes. Ihr Freunde Gottes\u2026.<\/p>\n<p>4.\u00a0 In einem gemeinsamen \u201cVater unser \u201e rufen wir Gottes Segen herab auf:\u00a0\u00a0unsere Kirche, unser Volk und Vaterland,\u00a0unsere Heimat und die Menschen unsere Heimat.,\u00a0die Lebenden u. Verstorbenen unserer Bruderschaft\u00a0\u00a0unser Dorf und alle, die an unsererm Fest teilnehmen.<br \/>\nS e g e n<br \/>\n5. Ansprache des Dekanatspr\u00e4ses der Sch\u00fctzenbruderschaften\u00a0\u00a0\u00a0\u00a0\u00a0\u00a0\u00a0\u00a0\u00a0\u00a0\u00a0\u00a0\u00a0\u00a0\u00a0\u00a0\u00a0\u00a0\u00a0\u00a0\u00a0\u00a0\u00a0\u00a0\u00a0\u00a0\u00a0\u00a0\u00a0\u00a0\u00a0\u00a0\u00a0\u00a0\u00a0\u00a0\u00a0\u00a0\u00a0\u00a0\u00a0\u00a0 H.H.Pfr. Thoren.Langbroich<\/p>\n<p>6. Wir beschlie\u00dfen unsere Festandacht mit dem Leid:<br \/>\nGro\u00dfer Gott \u2026\u2026..\u00a0\u00a0\u00a0\u00a0\u00a0\u00a0\u00a0\u00a0\u00a0\u00a0\u00a0\u00a0\u00a0\u00a0\u00a0\u00a0\u00a0\u00a0\u00a0\u00a0\u00a0\u00a0\u00a0\u00a0\u00a0\u00a0\u00a0\u00a0\u00a0\u00a0\u00a0\u00a0\u00a0\u00a0\u00a0\u00a0\u00a0\u00a0\u00a0\u00a0\u00a0 Es spielen alle anwesenden Kapellen<\/td>\n<\/tr>\n<\/tbody>\n<\/table>\n","protected":false},"excerpt":{"rendered":"<p>St. Johannes Baptist Sch\u00fctzenbruderschaft H\u00f6ngen \u2013 Feldandacht Feldandacht im Dekanat Gangelt Selfkant1963 wurde auf dem Dekanatsch\u00fctzenfest in H\u00f6ngen die erste Feldandacht im Dekanat gehalten. Die initiative des Vorstandes wurde vom Pr\u00e4ses Pfarrer Josef Klingelmann tatkr\u00e4ftig unterst\u00fctzt. Nach \u00fcber 40 Jahre wurde das Original des Programmablaufes der Feldandacht aufgefunden. Ich m\u00f6chte das Dokument hier einmal wiedergeben.F &hellip; <a href=\"https:\/\/schuetzen-hoengen.de\/index.php\/historisches\/veranstaltungen2\/\" class=\"more-link\"><span class=\"screen-reader-text\">Feldandacht<\/span> weiterlesen <span class=\"meta-nav\">&rarr;<\/span><\/a><\/p>\n","protected":false},"author":2,"featured_media":0,"parent":42,"menu_order":0,"comment_status":"closed","ping_status":"closed","template":"","meta":{"footnotes":""},"_links":{"self":[{"href":"https:\/\/schuetzen-hoengen.de\/index.php\/wp-json\/wp\/v2\/pages\/845"}],"collection":[{"href":"https:\/\/schuetzen-hoengen.de\/index.php\/wp-json\/wp\/v2\/pages"}],"about":[{"href":"https:\/\/schuetzen-hoengen.de\/index.php\/wp-json\/wp\/v2\/types\/page"}],"author":[{"embeddable":true,"href":"https:\/\/schuetzen-hoengen.de\/index.php\/wp-json\/wp\/v2\/users\/2"}],"replies":[{"embeddable":true,"href":"https:\/\/schuetzen-hoengen.de\/index.php\/wp-json\/wp\/v2\/comments?post=845"}],"version-history":[{"count":10,"href":"https:\/\/schuetzen-hoengen.de\/index.php\/wp-json\/wp\/v2\/pages\/845\/revisions"}],"predecessor-version":[{"id":856,"href":"https:\/\/schuetzen-hoengen.de\/index.php\/wp-json\/wp\/v2\/pages\/845\/revisions\/856"}],"up":[{"embeddable":true,"href":"https:\/\/schuetzen-hoengen.de\/index.php\/wp-json\/wp\/v2\/pages\/42"}],"wp:attachment":[{"href":"https:\/\/schuetzen-hoengen.de\/index.php\/wp-json\/wp\/v2\/media?parent=845"}],"curies":[{"name":"wp","href":"https:\/\/api.w.org\/{rel}","templated":true}]}}