{"id":858,"date":"2015-11-21T13:09:55","date_gmt":"2015-11-21T12:09:55","guid":{"rendered":"http:\/\/www.schuetzen-hoengen.de\/?page_id=858"},"modified":"2019-03-17T20:10:27","modified_gmt":"2019-03-17T19:10:27","slug":"veranstaltungen-2","status":"publish","type":"page","link":"https:\/\/schuetzen-hoengen.de\/index.php\/veranstaltungen-2\/","title":{"rendered":"Veranstaltungen"},"content":{"rendered":"<h5 style=\"text-align: left;\"><a href=\"http:\/\/www.schuetzen-hoengen.de\/wp-content\/uploads\/2015\/11\/Lambertus2.jpg\" data-rel=\"lightbox-image-0\" data-rl_title=\"\" data-rl_caption=\"\" title=\"\"><img loading=\"lazy\" decoding=\"async\" class=\" wp-image-1249 aligncenter\" src=\"http:\/\/www.schuetzen-hoengen.de\/wp-content\/uploads\/2015\/11\/Lambertus2-159x300.jpg\" alt=\"Lambertus2\" width=\"141\" height=\"267\" \/><\/a>Auf den folgenden Seiten geben wir Ihnen einen \u00dcberblick \u00fcber die zur\u00fcckliegenden Veranstaltungen; aber auch \u00fcber Einladungen f\u00fcr das laufende Jahr.<\/h5>\n<h5 style=\"text-align: center;\">Bedanken d\u00fcrfen wir uns bei allen, die unsere<br \/>\nVeranstaltungen besuchen.<\/h5>\n<h5 style=\"text-align: center;\">Ihre St. Johannes Baptist Sch\u00fctzenbruderschaft<br \/>\nH\u00f6ngen e.V.<\/h5>\n<p style=\"text-align: center;\"><a href=\"http:\/\/www.schuetzen-hoengen.de\/wp-content\/uploads\/2015\/04\/Antwerpen.jpg\" rel=\"attachment wp-att-1694\" data-rel=\"lightbox-image-1\" data-rl_title=\"\" data-rl_caption=\"\" title=\"\"><img loading=\"lazy\" decoding=\"async\" class=\" wp-image-1694 aligncenter\" src=\"http:\/\/www.schuetzen-hoengen.de\/wp-content\/uploads\/2015\/04\/Antwerpen-257x300.jpg\" alt=\"Antwerpen\" width=\"141\" height=\"165\" srcset=\"https:\/\/schuetzen-hoengen.de\/wp-content\/uploads\/2015\/04\/Antwerpen-257x300.jpg 257w, https:\/\/schuetzen-hoengen.de\/wp-content\/uploads\/2015\/04\/Antwerpen.jpg 570w\" sizes=\"(max-width: 141px) 100vw, 141px\" \/><\/a>Wappen unsere Belgischen Freunde<\/p>\n","protected":false},"excerpt":{"rendered":"<p>Auf den folgenden Seiten geben wir Ihnen einen \u00dcberblick \u00fcber die zur\u00fcckliegenden Veranstaltungen; aber auch \u00fcber Einladungen f\u00fcr das laufende Jahr. Bedanken d\u00fcrfen wir uns bei allen, die unsere Veranstaltungen besuchen. Ihre St. Johannes Baptist Sch\u00fctzenbruderschaft H\u00f6ngen e.V. Wappen unsere Belgischen Freunde<\/p>\n","protected":false},"author":2,"featured_media":0,"parent":0,"menu_order":10,"comment_status":"closed","ping_status":"closed","template":"","meta":{"footnotes":""},"_links":{"self":[{"href":"https:\/\/schuetzen-hoengen.de\/index.php\/wp-json\/wp\/v2\/pages\/858"}],"collection":[{"href":"https:\/\/schuetzen-hoengen.de\/index.php\/wp-json\/wp\/v2\/pages"}],"about":[{"href":"https:\/\/schuetzen-hoengen.de\/index.php\/wp-json\/wp\/v2\/types\/page"}],"author":[{"embeddable":true,"href":"https:\/\/schuetzen-hoengen.de\/index.php\/wp-json\/wp\/v2\/users\/2"}],"replies":[{"embeddable":true,"href":"https:\/\/schuetzen-hoengen.de\/index.php\/wp-json\/wp\/v2\/comments?post=858"}],"version-history":[{"count":13,"href":"https:\/\/schuetzen-hoengen.de\/index.php\/wp-json\/wp\/v2\/pages\/858\/revisions"}],"predecessor-version":[{"id":2039,"href":"https:\/\/schuetzen-hoengen.de\/index.php\/wp-json\/wp\/v2\/pages\/858\/revisions\/2039"}],"wp:attachment":[{"href":"https:\/\/schuetzen-hoengen.de\/index.php\/wp-json\/wp\/v2\/media?parent=858"}],"curies":[{"name":"wp","href":"https:\/\/api.w.org\/{rel}","templated":true}]}}