{"id":866,"date":"2015-11-21T13:14:30","date_gmt":"2015-11-21T12:14:30","guid":{"rendered":"http:\/\/www.schuetzen-hoengen.de\/?page_id=866"},"modified":"2017-02-04T15:48:24","modified_gmt":"2017-02-04T14:48:24","slug":"bosselturnier-2014","status":"publish","type":"page","link":"https:\/\/schuetzen-hoengen.de\/index.php\/veranstaltungen-2\/veranstaltungen-2014\/bosselturnier-2014\/","title":{"rendered":"Bosselturnier 2014"},"content":{"rendered":"<p>&nbsp;<\/p>\n<h5 style=\"text-align: center;\"><span style=\"color: #008000;\"><strong>Bosselturnier 2014<\/strong><\/span><\/h5>\n<p>&nbsp;<\/p>\n<p>Gedanken an einen unvergesslichen Tag<\/p>\n<p>Ein Jahr ist wieder einmal vorbei und die Zeit zum Bosseln ist gekommen. Wackere Gef\u00e4hrten machen sich auf den Weg, bewaffnet mit Bollerwagen, k\u00fchlen Getr\u00e4nken und Kugeln den H\u00f6ngener Wilden Westen zu erkunden. Vorbei an Wallfahrtsorten, Altersresidenzen, durch den Buchenhain &#8211; der zum Verweilen einl\u00e4dt &#8211; \u00fcber historische Br\u00fccken ( naja so historisch ja auch gerade nicht \u2013 eher schlicht und unscheinbar ), am Wildbach vorbei &#8211; den man barf\u00fc\u00dfig erkunden kann.<br \/>\nRitterg\u00fcter begleiten uns auf dem R\u00fcckweg durch das Auental. Froh sind wir, nach Strapazen, Entbehrungen, unvorhersehbaren Ereignissen, aber auch unvergesslichen Eindr\u00fccken endlich K\u00f6hlens Corner erreicht zu haben, wo wir in die Zivilisation zur\u00fcckkehren.<br \/>\nIn den R\u00e4umlichkeiten der hiesigen Dorfverteidiger trifft man sich bei Musik, guter Laune &#8211; gest\u00e4rkt durch eine z\u00fcnftige Gulaschsuppe &#8211; um dann den Tag bei einem k\u00fchlen Glas Bier gem\u00fctlich ausklingen zu lassen.<br \/>\nWer sich diesem Wettkampf nicht stellen m\u00f6chte, kommt am sp\u00e4ten Nachmittag einfach vorbei, wo dann ab ca. 17:00 Uhr, die ersten Heimkehrer erwartet werden.<br \/>\nAchtung Weggef\u00e4hrten: K\u00fchltasche und Handtuch nicht vergessen.<br \/>\nDas beste Bosselteam Damen \u2013 Herren erh\u00e4lt einen Pokal<\/p>\n<p>Euer Bossel Team<\/p>\n<p><a href=\"http:\/\/www.schuetzen-hoengen.de\/wp-content\/uploads\/2015\/11\/CIMG0481-Copy.jpg\" data-rel=\"lightbox-image-0\" data-rl_title=\"\" data-rl_caption=\"\" title=\"\"><img loading=\"lazy\" decoding=\"async\" class=\"size-medium wp-image-6359 aligncenter\" src=\"http:\/\/www.schuetzen-hoengen.de\/wp-content\/uploads\/2015\/11\/CIMG0481-Copy-300x225.jpg\" alt=\"cimg0481-copy\" width=\"300\" height=\"225\" srcset=\"https:\/\/schuetzen-hoengen.de\/wp-content\/uploads\/2015\/11\/CIMG0481-Copy-300x225.jpg 300w, https:\/\/schuetzen-hoengen.de\/wp-content\/uploads\/2015\/11\/CIMG0481-Copy-768x576.jpg 768w, https:\/\/schuetzen-hoengen.de\/wp-content\/uploads\/2015\/11\/CIMG0481-Copy.jpg 800w\" sizes=\"(max-width: 300px) 100vw, 300px\" \/><\/a><\/p>\n<p style=\"text-align: center;\">Seriensieger\u00a0\u00a0 &#8220;Rudi B\u00f6ller und die wilden Uschis&#8221;<\/p>\n<p style=\"text-align: center;\">Hauptsache Ihr habt Spa\u00df!!!!<\/p>\n<p>&nbsp;<\/p>\n<p>&nbsp;<\/p>\n<p>&nbsp;<\/p>\n<p>&nbsp;<\/p>\n<p>&nbsp;<\/p>\n<p>&nbsp;<\/p>\n<p>&nbsp;<\/p>\n","protected":false},"excerpt":{"rendered":"<p>&nbsp; Bosselturnier 2014 &nbsp; Gedanken an einen unvergesslichen Tag Ein Jahr ist wieder einmal vorbei und die Zeit zum Bosseln ist gekommen. Wackere Gef\u00e4hrten machen sich auf den Weg, bewaffnet mit Bollerwagen, k\u00fchlen Getr\u00e4nken und Kugeln den H\u00f6ngener Wilden Westen zu erkunden. Vorbei an Wallfahrtsorten, Altersresidenzen, durch den Buchenhain &#8211; der zum Verweilen einl\u00e4dt &#8211; &hellip; <a href=\"https:\/\/schuetzen-hoengen.de\/index.php\/veranstaltungen-2\/veranstaltungen-2014\/bosselturnier-2014\/\" class=\"more-link\"><span class=\"screen-reader-text\">Bosselturnier 2014<\/span> weiterlesen <span class=\"meta-nav\">&rarr;<\/span><\/a><\/p>\n","protected":false},"author":2,"featured_media":0,"parent":860,"menu_order":0,"comment_status":"closed","ping_status":"closed","template":"","meta":{"footnotes":""},"_links":{"self":[{"href":"https:\/\/schuetzen-hoengen.de\/index.php\/wp-json\/wp\/v2\/pages\/866"}],"collection":[{"href":"https:\/\/schuetzen-hoengen.de\/index.php\/wp-json\/wp\/v2\/pages"}],"about":[{"href":"https:\/\/schuetzen-hoengen.de\/index.php\/wp-json\/wp\/v2\/types\/page"}],"author":[{"embeddable":true,"href":"https:\/\/schuetzen-hoengen.de\/index.php\/wp-json\/wp\/v2\/users\/2"}],"replies":[{"embeddable":true,"href":"https:\/\/schuetzen-hoengen.de\/index.php\/wp-json\/wp\/v2\/comments?post=866"}],"version-history":[{"count":9,"href":"https:\/\/schuetzen-hoengen.de\/index.php\/wp-json\/wp\/v2\/pages\/866\/revisions"}],"predecessor-version":[{"id":7829,"href":"https:\/\/schuetzen-hoengen.de\/index.php\/wp-json\/wp\/v2\/pages\/866\/revisions\/7829"}],"up":[{"embeddable":true,"href":"https:\/\/schuetzen-hoengen.de\/index.php\/wp-json\/wp\/v2\/pages\/860"}],"wp:attachment":[{"href":"https:\/\/schuetzen-hoengen.de\/index.php\/wp-json\/wp\/v2\/media?parent=866"}],"curies":[{"name":"wp","href":"https:\/\/api.w.org\/{rel}","templated":true}]}}