{"id":9173,"date":"2017-09-05T17:31:50","date_gmt":"2017-09-05T15:31:50","guid":{"rendered":"http:\/\/www.schuetzen-hoengen.de\/?page_id=9173"},"modified":"2017-11-11T05:55:09","modified_gmt":"2017-11-11T04:55:09","slug":"seniorenfahrt-05-09-2017","status":"publish","type":"page","link":"https:\/\/schuetzen-hoengen.de\/index.php\/veranstaltungen-2\/0-veranstaltungen-2017\/seniorenfahrt-05-09-2017\/","title":{"rendered":"Seniorenfahrt 05-09-2017"},"content":{"rendered":"<p><a href=\"http:\/\/www.schuetzen-hoengen.de\/wp-content\/uploads\/2015\/04\/Seniorenfahrt.jpg\" data-rel=\"lightbox-image-0\" data-rl_title=\"\" data-rl_caption=\"\" title=\"\"><img loading=\"lazy\" decoding=\"async\" class=\"wp-image-8892 aligncenter\" src=\"http:\/\/www.schuetzen-hoengen.de\/wp-content\/uploads\/2015\/04\/Seniorenfahrt-300x179.jpg\" alt=\"\" width=\"273\" height=\"163\" srcset=\"https:\/\/schuetzen-hoengen.de\/wp-content\/uploads\/2015\/04\/Seniorenfahrt-300x179.jpg 300w, https:\/\/schuetzen-hoengen.de\/wp-content\/uploads\/2015\/04\/Seniorenfahrt.jpg 546w\" sizes=\"(max-width: 273px) 100vw, 273px\" \/><\/a><\/p>\n<h6>Die 26. Seniorenfahrt im Sch\u00fctzendekanatsverband Gangelt-Selfkant f\u00fchrte in die Vulkaneifel sowie nach Bad Neuenahr\/Ahrweiler. Die Senioren wurden in den jeweiligen Heimatort abgeholt. Dekanatsehrenbundesmeister Heinrich Aretz hatte wie immer alles bestens ausgearbeitet, die drei Busse sorgten f\u00fcr reibungslose Aufnahme der insgesamt der Teilnehmer aus den 21 Bruderschaften im Dekanatsverband Gangelt-Selfkant. Auf dem Bushof am gro\u00dfen Pley in Birgden war dann Treffpunkt zum gemeinsamen Foto, anschlie\u00dfend war das Kloster Maria Laach Ziel der insgesamt drei Reisebusse. Hier gab die legend\u00e4re Erbsensuppe im Kloster, anschlie\u00dfend ging es nach Brohl. Die Fahrt mit dem Vulkanexpress war ein Erlebnis, die Busse stoppten nachher in Bad Neuenahr sowie Ahrweiler. Am Abend war Gillrath das Ziel, hier gab es das gemeinsame Abendessen im Restaurant Pfefferkorn.<\/h6>\n<p>&nbsp;<\/p>\n","protected":false},"excerpt":{"rendered":"<p>Die 26. Seniorenfahrt im Sch\u00fctzendekanatsverband Gangelt-Selfkant f\u00fchrte in die Vulkaneifel sowie nach Bad Neuenahr\/Ahrweiler. Die Senioren wurden in den jeweiligen Heimatort abgeholt. Dekanatsehrenbundesmeister Heinrich Aretz hatte wie immer alles bestens ausgearbeitet, die drei Busse sorgten f\u00fcr reibungslose Aufnahme der insgesamt der Teilnehmer aus den 21 Bruderschaften im Dekanatsverband Gangelt-Selfkant. Auf dem Bushof am gro\u00dfen Pley &hellip; <a href=\"https:\/\/schuetzen-hoengen.de\/index.php\/veranstaltungen-2\/0-veranstaltungen-2017\/seniorenfahrt-05-09-2017\/\" class=\"more-link\"><span class=\"screen-reader-text\">Seniorenfahrt 05-09-2017<\/span> weiterlesen <span class=\"meta-nav\">&rarr;<\/span><\/a><\/p>\n","protected":false},"author":3,"featured_media":0,"parent":6385,"menu_order":0,"comment_status":"closed","ping_status":"closed","template":"","meta":{"footnotes":""},"_links":{"self":[{"href":"https:\/\/schuetzen-hoengen.de\/index.php\/wp-json\/wp\/v2\/pages\/9173"}],"collection":[{"href":"https:\/\/schuetzen-hoengen.de\/index.php\/wp-json\/wp\/v2\/pages"}],"about":[{"href":"https:\/\/schuetzen-hoengen.de\/index.php\/wp-json\/wp\/v2\/types\/page"}],"author":[{"embeddable":true,"href":"https:\/\/schuetzen-hoengen.de\/index.php\/wp-json\/wp\/v2\/users\/3"}],"replies":[{"embeddable":true,"href":"https:\/\/schuetzen-hoengen.de\/index.php\/wp-json\/wp\/v2\/comments?post=9173"}],"version-history":[{"count":3,"href":"https:\/\/schuetzen-hoengen.de\/index.php\/wp-json\/wp\/v2\/pages\/9173\/revisions"}],"predecessor-version":[{"id":9424,"href":"https:\/\/schuetzen-hoengen.de\/index.php\/wp-json\/wp\/v2\/pages\/9173\/revisions\/9424"}],"up":[{"embeddable":true,"href":"https:\/\/schuetzen-hoengen.de\/index.php\/wp-json\/wp\/v2\/pages\/6385"}],"wp:attachment":[{"href":"https:\/\/schuetzen-hoengen.de\/index.php\/wp-json\/wp\/v2\/media?parent=9173"}],"curies":[{"name":"wp","href":"https:\/\/api.w.org\/{rel}","templated":true}]}}