{"id":9419,"date":"2017-11-11T05:50:02","date_gmt":"2017-11-11T04:50:02","guid":{"rendered":"http:\/\/www.schuetzen-hoengen.de\/?page_id=9419"},"modified":"2017-11-11T05:52:07","modified_gmt":"2017-11-11T04:52:07","slug":"oktoberfest-saeffelen","status":"publish","type":"page","link":"https:\/\/schuetzen-hoengen.de\/index.php\/veranstaltungen-2\/0-veranstaltungen-2017\/oktoberfest-saeffelen\/","title":{"rendered":"Oktoberfest Saeffelen"},"content":{"rendered":"<h1 style=\"text-align: center;\">\u00a0Oktoberfest Saeffelen<\/h1>\n<p style=\"text-align: center;\">\n<p><a href=\"http:\/\/www.schuetzen-hoengen.de\/wp-content\/uploads\/2015\/04\/Saeffelen.jpg\" data-rel=\"lightbox-image-0\" data-rl_title=\"\" data-rl_caption=\"\" title=\"\"><img loading=\"lazy\" decoding=\"async\" class=\"alignnone wp-image-9276 aligncenter\" src=\"http:\/\/www.schuetzen-hoengen.de\/wp-content\/uploads\/2015\/04\/Saeffelen-300x162.jpg\" alt=\"\" width=\"226\" height=\"122\" srcset=\"https:\/\/schuetzen-hoengen.de\/wp-content\/uploads\/2015\/04\/Saeffelen-300x162.jpg 300w, https:\/\/schuetzen-hoengen.de\/wp-content\/uploads\/2015\/04\/Saeffelen-768x414.jpg 768w, https:\/\/schuetzen-hoengen.de\/wp-content\/uploads\/2015\/04\/Saeffelen-1024x551.jpg 1024w, https:\/\/schuetzen-hoengen.de\/wp-content\/uploads\/2015\/04\/Saeffelen.jpg 1027w\" sizes=\"(max-width: 226px) 100vw, 226px\" \/><\/a><\/p>\n<h4>bestes Wetter &#8211; kurzer Aufzug mit anschl. Vorbeimarsch &#8211; K\u00f6nigshuldigung mit K\u00f6nigswalzer\u00a0 &#8211; prima Stimmung.<br \/>\nWieder einmal ein sch\u00f6ner, kurzweiliger Nachmittag!<\/h4>\n<h4>Alles \u00fcberstrahlte unser charmantes K\u00f6nigspaar Philipp und Jule<\/h4>\n<h1 style=\"text-align: center;\">H\u00f6ngen hat\u00b4s eben<\/h1>\n<h5>Danke an das Team Thekendienst am Samstag und an die Sch\u00fctzen f\u00fcr die gute Beteiligung Sonntag.<\/h5>\n","protected":false},"excerpt":{"rendered":"<p>\u00a0Oktoberfest Saeffelen bestes Wetter &#8211; kurzer Aufzug mit anschl. Vorbeimarsch &#8211; K\u00f6nigshuldigung mit K\u00f6nigswalzer\u00a0 &#8211; prima Stimmung. Wieder einmal ein sch\u00f6ner, kurzweiliger Nachmittag! Alles \u00fcberstrahlte unser charmantes K\u00f6nigspaar Philipp und Jule H\u00f6ngen hat\u00b4s eben Danke an das Team Thekendienst am Samstag und an die Sch\u00fctzen f\u00fcr die gute Beteiligung Sonntag.<\/p>\n","protected":false},"author":3,"featured_media":0,"parent":6385,"menu_order":0,"comment_status":"closed","ping_status":"closed","template":"","meta":{"footnotes":""},"_links":{"self":[{"href":"https:\/\/schuetzen-hoengen.de\/index.php\/wp-json\/wp\/v2\/pages\/9419"}],"collection":[{"href":"https:\/\/schuetzen-hoengen.de\/index.php\/wp-json\/wp\/v2\/pages"}],"about":[{"href":"https:\/\/schuetzen-hoengen.de\/index.php\/wp-json\/wp\/v2\/types\/page"}],"author":[{"embeddable":true,"href":"https:\/\/schuetzen-hoengen.de\/index.php\/wp-json\/wp\/v2\/users\/3"}],"replies":[{"embeddable":true,"href":"https:\/\/schuetzen-hoengen.de\/index.php\/wp-json\/wp\/v2\/comments?post=9419"}],"version-history":[{"count":2,"href":"https:\/\/schuetzen-hoengen.de\/index.php\/wp-json\/wp\/v2\/pages\/9419\/revisions"}],"predecessor-version":[{"id":9422,"href":"https:\/\/schuetzen-hoengen.de\/index.php\/wp-json\/wp\/v2\/pages\/9419\/revisions\/9422"}],"up":[{"embeddable":true,"href":"https:\/\/schuetzen-hoengen.de\/index.php\/wp-json\/wp\/v2\/pages\/6385"}],"wp:attachment":[{"href":"https:\/\/schuetzen-hoengen.de\/index.php\/wp-json\/wp\/v2\/media?parent=9419"}],"curies":[{"name":"wp","href":"https:\/\/api.w.org\/{rel}","templated":true}]}}