{"id":9484,"date":"2017-11-19T07:28:24","date_gmt":"2017-11-19T06:28:24","guid":{"rendered":"http:\/\/www.schuetzen-hoengen.de\/?page_id=9484"},"modified":"2019-11-09T12:22:32","modified_gmt":"2019-11-09T11:22:32","slug":"volkstrauertag","status":"publish","type":"page","link":"https:\/\/schuetzen-hoengen.de\/index.php\/veranstaltungen-2\/0-veranstaltungen-2017\/volkstrauertag\/","title":{"rendered":"Volkstrauertag"},"content":{"rendered":"<h4><\/h4>\n<h1 style=\"text-align: center;\">Volkstrauertag<\/h1>\n<p style=\"text-align: center;\"><a href=\"http:\/\/www.schuetzen-hoengen.de\/wp-content\/uploads\/2015\/04\/Volstrauertag-1.jpg\" data-rel=\"lightbox-image-0\" data-rl_title=\"\" data-rl_caption=\"\" title=\"\"><img loading=\"lazy\" decoding=\"async\" class=\"alignnone size-medium wp-image-9454\" src=\"http:\/\/www.schuetzen-hoengen.de\/wp-content\/uploads\/2015\/04\/Volstrauertag-1-300x201.jpg\" alt=\"\" width=\"300\" height=\"201\" srcset=\"https:\/\/schuetzen-hoengen.de\/wp-content\/uploads\/2015\/04\/Volstrauertag-1-300x201.jpg 300w, https:\/\/schuetzen-hoengen.de\/wp-content\/uploads\/2015\/04\/Volstrauertag-1.jpg 596w\" sizes=\"(max-width: 300px) 100vw, 300px\" \/><\/a><\/p>\n<p style=\"text-align: center;\"><a href=\"http:\/\/www.schuetzen-hoengen.de\/wp-content\/uploads\/2017\/11\/Volkstrauertag-19-11-2017-4.jpg\" data-rel=\"lightbox-image-1\" data-rl_title=\"\" data-rl_caption=\"\" title=\"\"><img loading=\"lazy\" decoding=\"async\" class=\"alignnone size-medium wp-image-9488\" src=\"http:\/\/www.schuetzen-hoengen.de\/wp-content\/uploads\/2017\/11\/Volkstrauertag-19-11-2017-4-300x225.jpg\" alt=\"\" width=\"300\" height=\"225\" srcset=\"https:\/\/schuetzen-hoengen.de\/wp-content\/uploads\/2017\/11\/Volkstrauertag-19-11-2017-4-300x225.jpg 300w, https:\/\/schuetzen-hoengen.de\/wp-content\/uploads\/2017\/11\/Volkstrauertag-19-11-2017-4-768x576.jpg 768w, https:\/\/schuetzen-hoengen.de\/wp-content\/uploads\/2017\/11\/Volkstrauertag-19-11-2017-4-1024x768.jpg 1024w, https:\/\/schuetzen-hoengen.de\/wp-content\/uploads\/2017\/11\/Volkstrauertag-19-11-2017-4.jpg 1280w\" sizes=\"(max-width: 300px) 100vw, 300px\" \/><\/a> <a href=\"http:\/\/www.schuetzen-hoengen.de\/wp-content\/uploads\/2017\/11\/Volkstrauertag-19-11-2017-5.jpg\" data-rel=\"lightbox-image-2\" data-rl_title=\"\" data-rl_caption=\"\" title=\"\"><img loading=\"lazy\" decoding=\"async\" class=\"alignnone size-medium wp-image-9489\" src=\"http:\/\/www.schuetzen-hoengen.de\/wp-content\/uploads\/2017\/11\/Volkstrauertag-19-11-2017-5-300x225.jpg\" alt=\"\" width=\"300\" height=\"225\" srcset=\"https:\/\/schuetzen-hoengen.de\/wp-content\/uploads\/2017\/11\/Volkstrauertag-19-11-2017-5-300x225.jpg 300w, https:\/\/schuetzen-hoengen.de\/wp-content\/uploads\/2017\/11\/Volkstrauertag-19-11-2017-5-768x576.jpg 768w, https:\/\/schuetzen-hoengen.de\/wp-content\/uploads\/2017\/11\/Volkstrauertag-19-11-2017-5-1024x768.jpg 1024w, https:\/\/schuetzen-hoengen.de\/wp-content\/uploads\/2017\/11\/Volkstrauertag-19-11-2017-5.jpg 1280w\" sizes=\"(max-width: 300px) 100vw, 300px\" \/><\/a> <a href=\"http:\/\/www.schuetzen-hoengen.de\/wp-content\/uploads\/2017\/11\/Volkstrauertag-19-11-2017-6.jpg\" data-rel=\"lightbox-image-3\" data-rl_title=\"\" data-rl_caption=\"\" title=\"\"><img loading=\"lazy\" decoding=\"async\" class=\"alignnone size-medium wp-image-9490\" src=\"http:\/\/www.schuetzen-hoengen.de\/wp-content\/uploads\/2017\/11\/Volkstrauertag-19-11-2017-6-300x225.jpg\" alt=\"\" width=\"300\" height=\"225\" srcset=\"https:\/\/schuetzen-hoengen.de\/wp-content\/uploads\/2017\/11\/Volkstrauertag-19-11-2017-6-300x225.jpg 300w, https:\/\/schuetzen-hoengen.de\/wp-content\/uploads\/2017\/11\/Volkstrauertag-19-11-2017-6-768x576.jpg 768w, https:\/\/schuetzen-hoengen.de\/wp-content\/uploads\/2017\/11\/Volkstrauertag-19-11-2017-6-1024x768.jpg 1024w, https:\/\/schuetzen-hoengen.de\/wp-content\/uploads\/2017\/11\/Volkstrauertag-19-11-2017-6.jpg 1280w\" sizes=\"(max-width: 300px) 100vw, 300px\" \/><\/a> <a href=\"http:\/\/www.schuetzen-hoengen.de\/wp-content\/uploads\/2017\/11\/Volkstrauertag-19-11-2017-9.jpg\" data-rel=\"lightbox-image-4\" data-rl_title=\"\" data-rl_caption=\"\" title=\"\"><img loading=\"lazy\" decoding=\"async\" class=\"alignnone size-medium wp-image-9491\" src=\"http:\/\/www.schuetzen-hoengen.de\/wp-content\/uploads\/2017\/11\/Volkstrauertag-19-11-2017-9-300x225.jpg\" alt=\"\" width=\"300\" height=\"225\" srcset=\"https:\/\/schuetzen-hoengen.de\/wp-content\/uploads\/2017\/11\/Volkstrauertag-19-11-2017-9-300x225.jpg 300w, https:\/\/schuetzen-hoengen.de\/wp-content\/uploads\/2017\/11\/Volkstrauertag-19-11-2017-9-768x576.jpg 768w, https:\/\/schuetzen-hoengen.de\/wp-content\/uploads\/2017\/11\/Volkstrauertag-19-11-2017-9-1024x768.jpg 1024w, https:\/\/schuetzen-hoengen.de\/wp-content\/uploads\/2017\/11\/Volkstrauertag-19-11-2017-9.jpg 1280w\" sizes=\"(max-width: 300px) 100vw, 300px\" \/><\/a> <a href=\"http:\/\/www.schuetzen-hoengen.de\/wp-content\/uploads\/2017\/11\/Volkstrauertag-19-11-2017-16.jpg\" data-rel=\"lightbox-image-5\" data-rl_title=\"\" data-rl_caption=\"\" title=\"\"><img loading=\"lazy\" decoding=\"async\" class=\"alignnone size-medium wp-image-9492\" src=\"http:\/\/www.schuetzen-hoengen.de\/wp-content\/uploads\/2017\/11\/Volkstrauertag-19-11-2017-16-300x225.jpg\" alt=\"\" width=\"300\" height=\"225\" srcset=\"https:\/\/schuetzen-hoengen.de\/wp-content\/uploads\/2017\/11\/Volkstrauertag-19-11-2017-16-300x225.jpg 300w, https:\/\/schuetzen-hoengen.de\/wp-content\/uploads\/2017\/11\/Volkstrauertag-19-11-2017-16-768x576.jpg 768w, https:\/\/schuetzen-hoengen.de\/wp-content\/uploads\/2017\/11\/Volkstrauertag-19-11-2017-16-1024x768.jpg 1024w, https:\/\/schuetzen-hoengen.de\/wp-content\/uploads\/2017\/11\/Volkstrauertag-19-11-2017-16.jpg 1280w\" sizes=\"(max-width: 300px) 100vw, 300px\" \/><\/a><a href=\"http:\/\/www.schuetzen-hoengen.de\/wp-content\/uploads\/2017\/11\/Volkstrauertag-19-11-2017-3.jpg\" data-rel=\"lightbox-image-6\" data-rl_title=\"\" data-rl_caption=\"\" title=\"\"><img loading=\"lazy\" decoding=\"async\" class=\"alignnone size-medium wp-image-9494\" src=\"http:\/\/www.schuetzen-hoengen.de\/wp-content\/uploads\/2017\/11\/Volkstrauertag-19-11-2017-3-300x225.jpg\" alt=\"\" width=\"300\" height=\"225\" srcset=\"https:\/\/schuetzen-hoengen.de\/wp-content\/uploads\/2017\/11\/Volkstrauertag-19-11-2017-3-300x225.jpg 300w, https:\/\/schuetzen-hoengen.de\/wp-content\/uploads\/2017\/11\/Volkstrauertag-19-11-2017-3-768x576.jpg 768w, https:\/\/schuetzen-hoengen.de\/wp-content\/uploads\/2017\/11\/Volkstrauertag-19-11-2017-3-1024x768.jpg 1024w, https:\/\/schuetzen-hoengen.de\/wp-content\/uploads\/2017\/11\/Volkstrauertag-19-11-2017-3.jpg 1280w\" sizes=\"(max-width: 300px) 100vw, 300px\" \/><\/a><\/p>\n<p style=\"text-align: center;\">Bilder Ger Hanssen<\/p>\n<h3 style=\"text-align: center;\"><\/h3>\n<h3>Volkstrauertag Sonntag, 19.11.2017<\/h3>\n<h6><strong>9.45 Uhr Antreten<\/strong> der Ortsvereine an der Sch\u00fctzenhalle mit Schirmm\u00fctze und<br \/>\nWinterjacke (dunkel); Offiziere in Uniform, Fahne.<br \/>\n10.00 Uhr Wortgottesdienst mit anschlie\u00dfender Gefallenenehrung.<\/h6>\n<h6>Wir gedenken der Toten der beiden Weltkriege, aber auch der im Einsatz get\u00f6teten<br \/>\nBundeswehrsoldaten und bitten um eine gute Beteiligung.<\/h6>\n<p><a href=\"http:\/\/www.schuetzen-hoengen.de\/wp-content\/uploads\/2015\/04\/Kriegergedenkst\u00e4tte2-Copy.jpg\" data-rel=\"lightbox-image-7\" data-rl_title=\"\" data-rl_caption=\"\" title=\"\"><img loading=\"lazy\" decoding=\"async\" class=\"size-medium wp-image-9321 aligncenter\" src=\"http:\/\/www.schuetzen-hoengen.de\/wp-content\/uploads\/2015\/04\/Kriegergedenkst\u00e4tte2-Copy-300x191.jpg\" alt=\"\" width=\"300\" height=\"191\" srcset=\"https:\/\/schuetzen-hoengen.de\/wp-content\/uploads\/2015\/04\/Kriegergedenkst\u00e4tte2-Copy-300x191.jpg 300w, https:\/\/schuetzen-hoengen.de\/wp-content\/uploads\/2015\/04\/Kriegergedenkst\u00e4tte2-Copy.jpg 640w\" sizes=\"(max-width: 300px) 100vw, 300px\" \/>\u00a0\u00a0 <\/a><\/p>\n<p>Wie wir in den letzten Jahren in H\u00f6ngen leider feststellen mussten, l\u00e4sst die Beteiligung der<br \/>\nH\u00f6ngener Bev\u00f6lkerung, aber auch die Beteiligung der Ortsvereine, an der Gedenkfeier zu<br \/>\nVolkstrauertag immer mehr nach.<br \/>\nEigentlich schade, wenn man bedenkt, wir gedenken der Toten und Vermissten der beiden<br \/>\nWeltkriege, die f\u00fcr ein faschistisches System ihr Leben lassen mussten.<\/p>\n<h4><strong>Deshalb wollen wir, als Sch\u00fctzenbruderschaft, durch eine gute Beteiligung, an dieser Gedenkveranstaltung, Flagge zeigen.<\/strong><\/h4>\n<p>&nbsp;<\/p>\n<p><a href=\"http:\/\/www.schuetzen-hoengen.de\/wp-content\/uploads\/2015\/04\/DSCN0685-Copy-1.jpg\" data-rel=\"lightbox-image-8\" data-rl_title=\"\" data-rl_caption=\"\" title=\"\"><img loading=\"lazy\" decoding=\"async\" class=\"size-medium wp-image-9375 aligncenter\" src=\"http:\/\/www.schuetzen-hoengen.de\/wp-content\/uploads\/2015\/04\/DSCN0685-Copy-1-300x225.jpg\" alt=\"\" width=\"300\" height=\"225\" srcset=\"https:\/\/schuetzen-hoengen.de\/wp-content\/uploads\/2015\/04\/DSCN0685-Copy-1-300x225.jpg 300w, https:\/\/schuetzen-hoengen.de\/wp-content\/uploads\/2015\/04\/DSCN0685-Copy-1-768x576.jpg 768w, https:\/\/schuetzen-hoengen.de\/wp-content\/uploads\/2015\/04\/DSCN0685-Copy-1.jpg 800w\" sizes=\"(max-width: 300px) 100vw, 300px\" \/><\/a><\/p>\n","protected":false},"excerpt":{"rendered":"<p>Volkstrauertag Bilder Ger Hanssen Volkstrauertag Sonntag, 19.11.2017 9.45 Uhr Antreten der Ortsvereine an der Sch\u00fctzenhalle mit Schirmm\u00fctze und Winterjacke (dunkel); Offiziere in Uniform, Fahne. 10.00 Uhr Wortgottesdienst mit anschlie\u00dfender Gefallenenehrung. Wir gedenken der Toten der beiden Weltkriege, aber auch der im Einsatz get\u00f6teten Bundeswehrsoldaten und bitten um eine gute Beteiligung. \u00a0\u00a0 Wie wir in den &hellip; <a href=\"https:\/\/schuetzen-hoengen.de\/index.php\/veranstaltungen-2\/0-veranstaltungen-2017\/volkstrauertag\/\" class=\"more-link\"><span class=\"screen-reader-text\">Volkstrauertag<\/span> weiterlesen <span class=\"meta-nav\">&rarr;<\/span><\/a><\/p>\n","protected":false},"author":3,"featured_media":0,"parent":6385,"menu_order":0,"comment_status":"closed","ping_status":"closed","template":"","meta":{"footnotes":""},"_links":{"self":[{"href":"https:\/\/schuetzen-hoengen.de\/index.php\/wp-json\/wp\/v2\/pages\/9484"}],"collection":[{"href":"https:\/\/schuetzen-hoengen.de\/index.php\/wp-json\/wp\/v2\/pages"}],"about":[{"href":"https:\/\/schuetzen-hoengen.de\/index.php\/wp-json\/wp\/v2\/types\/page"}],"author":[{"embeddable":true,"href":"https:\/\/schuetzen-hoengen.de\/index.php\/wp-json\/wp\/v2\/users\/3"}],"replies":[{"embeddable":true,"href":"https:\/\/schuetzen-hoengen.de\/index.php\/wp-json\/wp\/v2\/comments?post=9484"}],"version-history":[{"count":4,"href":"https:\/\/schuetzen-hoengen.de\/index.php\/wp-json\/wp\/v2\/pages\/9484\/revisions"}],"predecessor-version":[{"id":10849,"href":"https:\/\/schuetzen-hoengen.de\/index.php\/wp-json\/wp\/v2\/pages\/9484\/revisions\/10849"}],"up":[{"embeddable":true,"href":"https:\/\/schuetzen-hoengen.de\/index.php\/wp-json\/wp\/v2\/pages\/6385"}],"wp:attachment":[{"href":"https:\/\/schuetzen-hoengen.de\/index.php\/wp-json\/wp\/v2\/media?parent=9484"}],"curies":[{"name":"wp","href":"https:\/\/api.w.org\/{rel}","templated":true}]}}