{"id":9627,"date":"2018-01-03T22:17:09","date_gmt":"2018-01-03T21:17:09","guid":{"rendered":"http:\/\/www.schuetzen-hoengen.de\/?page_id=9627"},"modified":"2018-09-30T06:22:58","modified_gmt":"2018-09-30T04:22:58","slug":"schuetzenfest-bocket","status":"publish","type":"page","link":"https:\/\/schuetzen-hoengen.de\/index.php\/veranstaltungen-2\/veranstaltungen-2018\/schuetzenfest-bocket\/","title":{"rendered":"Sch\u00fctzenfest Bocket"},"content":{"rendered":"<h4><\/h4>\n<h4>Bezirkssch\u00fctzenfest Bocket<\/h4>\n<h6>Wir konnten auf einen sch\u00f6nen kurzweiligen Nachmittag zur\u00fcckblicken.\u00a0 Bei bester Witterung und einer guten Beteiligung.<\/h6>\n<h6>Sch\u00f6n war es auch mal zu sehen, wie der Bezirksverband Heinsberg so einen Nachmittag gestaltet. Ich muss sagen, dass wir in unserem Dekanat gut aufgestellt sind, wenn man sieht, dass eine Vielzahl von Sch\u00fctzen, sogar Offiziere,\u00a0 der einzelnen Bruderschaften die Feldandacht am Bierpavillion verbrachten.<br \/>\nSonst war der Aufzug, trotz der L\u00e4nge,\u00a0 gut organisiert.<\/h6>\n<h6>Unser K\u00f6nigspaar genoss wieder einmal das Bad in der Menge und wurde mit sehr viel Applaus bedacht.<\/h6>\n<p>&nbsp;<\/p>\n<h6><a href=\"http:\/\/www.schuetzen-hoengen.de\/wp-content\/uploads\/2018\/09\/Sch\u00fctzenfest-Bocket-Copy.jpg\" data-rel=\"lightbox-image-0\" data-rl_title=\"\" data-rl_caption=\"\" title=\"\"><img loading=\"lazy\" decoding=\"async\" class=\"size-medium wp-image-10651 aligncenter\" src=\"http:\/\/www.schuetzen-hoengen.de\/wp-content\/uploads\/2018\/09\/Sch\u00fctzenfest-Bocket-Copy-300x169.jpg\" alt=\"\" width=\"300\" height=\"169\" srcset=\"https:\/\/schuetzen-hoengen.de\/wp-content\/uploads\/2018\/09\/Sch\u00fctzenfest-Bocket-Copy-300x169.jpg 300w, https:\/\/schuetzen-hoengen.de\/wp-content\/uploads\/2018\/09\/Sch\u00fctzenfest-Bocket-Copy-768x432.jpg 768w, https:\/\/schuetzen-hoengen.de\/wp-content\/uploads\/2018\/09\/Sch\u00fctzenfest-Bocket-Copy.jpg 800w\" sizes=\"(max-width: 300px) 100vw, 300px\" \/><\/a>eine kleine Verschnaufpause kurz vor dem Vorbeimarsch!!!<\/h6>\n<h6>Dank an alle die mit dabei waren!!!!<\/h6>\n<h5><\/h5>\n<h5>Liebe Sch\u00fctzenfreunde aus H\u00f6ngen,<\/h5>\n<h6>die St. Aloysius Sch\u00fctzenbruderschaft Bocket richtet vom 07. bis 09. September 2018 das Bezirkssch\u00fctzenfest des Sch\u00fctzenbezirks Heinsberg aus. Gerne w\u00fcrden wir Euch dazu als Gastbruderschaft begr\u00fc\u00dfen und m\u00f6chten Euch daher schon vorab bitten diesen Termin bei Euren Planung im n\u00e4chsten Jahr zu ber\u00fccksichtigten. \u00dcber Euren Besuch zu unserem Fest w\u00fcrden wir uns sehr freuen.<\/h6>\n<h6>Eine offizielle Einladung erhaltet Ihr im Fr\u00fchjahr des n\u00e4chsten Jahres.<\/h6>\n<h6>Viele Gr\u00fc\u00dfe aus Bocket<\/h6>\n<h6>Christoph Nie\u00dfen<\/h6>\n<h6>Pr\u00e4sident St. Aloysius Sch\u00fctzenbruderschaft Bocket<\/h6>\n<p><a href=\"http:\/\/www.schuetzen-hoengen.de\/wp-content\/uploads\/2015\/04\/Boggeder-Gr\u00f6ne.png\" data-rel=\"lightbox-image-1\" data-rl_title=\"\" data-rl_caption=\"\" title=\"\"><img loading=\"lazy\" decoding=\"async\" class=\"wp-image-9333 alignleft\" src=\"http:\/\/www.schuetzen-hoengen.de\/wp-content\/uploads\/2015\/04\/Boggeder-Gr\u00f6ne.png\" alt=\"\" width=\"85\" height=\"87\" \/><\/a><\/p>\n<h5>Boggeder Jr\u00f6ne<\/h5>\n<p><img loading=\"lazy\" decoding=\"async\" class=\"aligncenter\" src=\"http:\/\/www.schuetzen-hoengen.de\/wp-content\/uploads\/2016\/04\/CIMG0961-Copy.jpg\" width=\"271\" height=\"203\" \/><\/p>\n<p>zwei Bocketer Pr\u00e4sident Christoph Nie\u00dfen und Ehrendame Julia von Helden ( Conen ) beim Sch\u00fctzenfest 2015 in H\u00f6ngen<\/p>\n<h6>Wir freuen uns auf ein Wiedersehen bei eurem Bezirkssch\u00fctzenfest 2018<\/h6>\n<p>&nbsp;<\/p>\n<h1><\/h1>\n<p>&nbsp;<\/p>\n<p>&nbsp;<\/p>\n<h5><\/h5>\n<h1><\/h1>\n<h1><\/h1>\n","protected":false},"excerpt":{"rendered":"<p>Bezirkssch\u00fctzenfest Bocket Wir konnten auf einen sch\u00f6nen kurzweiligen Nachmittag zur\u00fcckblicken.\u00a0 Bei bester Witterung und einer guten Beteiligung. Sch\u00f6n war es auch mal zu sehen, wie der Bezirksverband Heinsberg so einen Nachmittag gestaltet. Ich muss sagen, dass wir in unserem Dekanat gut aufgestellt sind, wenn man sieht, dass eine Vielzahl von Sch\u00fctzen, sogar Offiziere,\u00a0 der einzelnen &hellip; <a href=\"https:\/\/schuetzen-hoengen.de\/index.php\/veranstaltungen-2\/veranstaltungen-2018\/schuetzenfest-bocket\/\" class=\"more-link\"><span class=\"screen-reader-text\">Sch\u00fctzenfest Bocket<\/span> weiterlesen <span class=\"meta-nav\">&rarr;<\/span><\/a><\/p>\n","protected":false},"author":3,"featured_media":0,"parent":9625,"menu_order":0,"comment_status":"closed","ping_status":"closed","template":"","meta":{"footnotes":""},"_links":{"self":[{"href":"https:\/\/schuetzen-hoengen.de\/index.php\/wp-json\/wp\/v2\/pages\/9627"}],"collection":[{"href":"https:\/\/schuetzen-hoengen.de\/index.php\/wp-json\/wp\/v2\/pages"}],"about":[{"href":"https:\/\/schuetzen-hoengen.de\/index.php\/wp-json\/wp\/v2\/types\/page"}],"author":[{"embeddable":true,"href":"https:\/\/schuetzen-hoengen.de\/index.php\/wp-json\/wp\/v2\/users\/3"}],"replies":[{"embeddable":true,"href":"https:\/\/schuetzen-hoengen.de\/index.php\/wp-json\/wp\/v2\/comments?post=9627"}],"version-history":[{"count":5,"href":"https:\/\/schuetzen-hoengen.de\/index.php\/wp-json\/wp\/v2\/pages\/9627\/revisions"}],"predecessor-version":[{"id":10789,"href":"https:\/\/schuetzen-hoengen.de\/index.php\/wp-json\/wp\/v2\/pages\/9627\/revisions\/10789"}],"up":[{"embeddable":true,"href":"https:\/\/schuetzen-hoengen.de\/index.php\/wp-json\/wp\/v2\/pages\/9625"}],"wp:attachment":[{"href":"https:\/\/schuetzen-hoengen.de\/index.php\/wp-json\/wp\/v2\/media?parent=9627"}],"curies":[{"name":"wp","href":"https:\/\/api.w.org\/{rel}","templated":true}]}}