{"id":9828,"date":"2018-02-02T16:26:15","date_gmt":"2018-02-02T15:26:15","guid":{"rendered":"http:\/\/www.schuetzen-hoengen.de\/?page_id=9828"},"modified":"2018-02-02T16:26:15","modified_gmt":"2018-02-02T15:26:15","slug":"1_tischtennisortsturnier","status":"publish","type":"page","link":"https:\/\/schuetzen-hoengen.de\/index.php\/veranstaltungen-2\/veranstaltungen-2018\/1_tischtennisortsturnier\/","title":{"rendered":"1_Tischtennisortsturnier"},"content":{"rendered":"<h1>Tischtennisortsturnier<\/h1>\n<h5>Sonntag 14. Januar, ab 10.30 Uhr<\/h5>\n<h5>Die Sch\u00fctzenbruderschaft ging auch mit einer Mannschaft an den Start.<\/h5>\n<h5>Man konnte sich, in der Besetzung Peter Stoffels, Guido Basten, Heinz-Leo Keulen und Berthold Conen, unter den ersten sieben Mannschaft plazieren.<\/h5>\n<p>&nbsp;<\/p>\n<p><a href=\"http:\/\/www.schuetzen-hoengen.de\/wp-content\/uploads\/2018\/01\/TTC-turnier-Copy.jpg\" data-rel=\"lightbox-image-0\" data-rl_title=\"\" data-rl_caption=\"\" title=\"\"><img loading=\"lazy\" decoding=\"async\" class=\"alignnone wp-image-9692 \" src=\"http:\/\/www.schuetzen-hoengen.de\/wp-content\/uploads\/2018\/01\/TTC-turnier-Copy.jpg\" alt=\"\" width=\"421\" height=\"237\" srcset=\"https:\/\/schuetzen-hoengen.de\/wp-content\/uploads\/2018\/01\/TTC-turnier-Copy.jpg 640w, https:\/\/schuetzen-hoengen.de\/wp-content\/uploads\/2018\/01\/TTC-turnier-Copy-300x169.jpg 300w\" sizes=\"(max-width: 421px) 100vw, 421px\" \/><\/a><\/p>\n<h5>die erfolgreiche Mannschaft; naja nicht so ganz!!!<\/h5>\n<p>&nbsp;<\/p>\n<figure style=\"width: 510px\" class=\"wp-caption aligncenter\"><img loading=\"lazy\" decoding=\"async\" class=\"mfp-img\" src=\"http:\/\/www.selfkant-online.de\/media\/k2\/items\/cache\/6ee02b14a3c53cc476fcf7c4ed73b5d0_XL.jpg\" alt=\"Titel erfolgreich verteidigt\" width=\"510\" height=\"312\" \/><figcaption class=\"wp-caption-text\">Bild selfkant-online<\/figcaption><\/figure>\n<p>Aus dem Hauptfeld mit sieben Mannschaften, die in zwei Gruppen im Prinzip Jeder-gegen-Jeden die Halbfinalteilnehmer ermittelten, qualifizierten sich die Mannschaften KC Juut Hohl, KC Vregelsk\u00f6pp, \u201eMein pers\u00f6nliches Lieblingsteam\u201c und das Trommler-, Pfeifer- und Fanfarencorps H\u00f6ngen f\u00fcr die Halbfinals.<\/p>\n<p><strong>Das Finale konnte dann \u201eMein pers\u00f6nliches Lieblingsteam\u201c gegen KC Juut Hohl knapp mit 3:2 f\u00fcr sich entscheiden.<br \/>\n<\/strong><br \/>\nSiegerin der Trostrunde wurde die einzige Damenmannschaft im Teilnehmerfeld, die Tanzgruppe H\u00f6ngen-Saeffelen, die den KC Stief Dropp und die Sch\u00fctzen auf die weiteren Pl\u00e4tze verwies.<\/p>\n<p>Bericht selfkant-online<\/p>\n","protected":false},"excerpt":{"rendered":"<p>Tischtennisortsturnier Sonntag 14. Januar, ab 10.30 Uhr Die Sch\u00fctzenbruderschaft ging auch mit einer Mannschaft an den Start. Man konnte sich, in der Besetzung Peter Stoffels, Guido Basten, Heinz-Leo Keulen und Berthold Conen, unter den ersten sieben Mannschaft plazieren. &nbsp; die erfolgreiche Mannschaft; naja nicht so ganz!!! &nbsp; Aus dem Hauptfeld mit sieben Mannschaften, die in &hellip; <a href=\"https:\/\/schuetzen-hoengen.de\/index.php\/veranstaltungen-2\/veranstaltungen-2018\/1_tischtennisortsturnier\/\" class=\"more-link\"><span class=\"screen-reader-text\">1_Tischtennisortsturnier<\/span> weiterlesen <span class=\"meta-nav\">&rarr;<\/span><\/a><\/p>\n","protected":false},"author":3,"featured_media":0,"parent":9625,"menu_order":0,"comment_status":"closed","ping_status":"closed","template":"","meta":{"footnotes":""},"_links":{"self":[{"href":"https:\/\/schuetzen-hoengen.de\/index.php\/wp-json\/wp\/v2\/pages\/9828"}],"collection":[{"href":"https:\/\/schuetzen-hoengen.de\/index.php\/wp-json\/wp\/v2\/pages"}],"about":[{"href":"https:\/\/schuetzen-hoengen.de\/index.php\/wp-json\/wp\/v2\/types\/page"}],"author":[{"embeddable":true,"href":"https:\/\/schuetzen-hoengen.de\/index.php\/wp-json\/wp\/v2\/users\/3"}],"replies":[{"embeddable":true,"href":"https:\/\/schuetzen-hoengen.de\/index.php\/wp-json\/wp\/v2\/comments?post=9828"}],"version-history":[{"count":1,"href":"https:\/\/schuetzen-hoengen.de\/index.php\/wp-json\/wp\/v2\/pages\/9828\/revisions"}],"predecessor-version":[{"id":9829,"href":"https:\/\/schuetzen-hoengen.de\/index.php\/wp-json\/wp\/v2\/pages\/9828\/revisions\/9829"}],"up":[{"embeddable":true,"href":"https:\/\/schuetzen-hoengen.de\/index.php\/wp-json\/wp\/v2\/pages\/9625"}],"wp:attachment":[{"href":"https:\/\/schuetzen-hoengen.de\/index.php\/wp-json\/wp\/v2\/media?parent=9828"}],"curies":[{"name":"wp","href":"https:\/\/api.w.org\/{rel}","templated":true}]}}