{"id":9991,"date":"2018-03-13T14:52:53","date_gmt":"2018-03-13T13:52:53","guid":{"rendered":"http:\/\/www.schuetzen-hoengen.de\/?page_id=9991"},"modified":"2018-09-29T08:06:31","modified_gmt":"2018-09-29T06:06:31","slug":"3-2-rueckblick-kk-zwischenrunde-2017-18","status":"publish","type":"page","link":"https:\/\/schuetzen-hoengen.de\/index.php\/schiesssport\/3-2-rueckblick-kk-zwischenrunde-2017-18\/","title":{"rendered":"3.2. R\u00fcckblick KK Zwischenrunde 2017\/ 18"},"content":{"rendered":"<h5><\/h5>\n<h1 style=\"text-align: center;\">Kleinkaliber Zwischenrunde 2017\/ 18<\/h1>\n<p><img loading=\"lazy\" decoding=\"async\" class=\"irc_mi aligncenter\" src=\"http:\/\/muensterdorf-fussball.de\/wp-content\/uploads\/2014\/03\/finale.jpg\" alt=\"Bildergebnis f\u00fcr Bilder Finale\" width=\"265\" height=\"166\" \/><\/p>\n<h5 style=\"text-align: left;\">letzter Wettkampftag<\/h5>\n<h5 style=\"text-align: left;\">02.02.2018 \u00a0\u00a0 12. Wettkampftag\u00a0\u00a0 26 Treffer<\/h5>\n<h6>Wettkampftag:\u00a0\u00a0\u00a0\u00a0\u00a0 1.\u00a0\u00a0\u00a0 2. \u00a0 \u00a0 3.\u00a0\u00a0 \u00a0 4.\u00a0\u00a0\u00a0 \u00a0 5.\u00a0\u00a0\u00a0\u00a0 6.\u00a0\u00a0 \u00a0 7. \u00a0\u00a0\u00a0 8.\u00a0\u00a0\u00a0 9.\u00a0\u00a0 \u00a0 10. \u00a0\u00a0 11.\u00a0\u00a0 12.<br \/>\nErgebnis:\u00a0\u00a0\u00a0\u00a0\u00a0\u00a0\u00a0\u00a0\u00a0\u00a0\u00a0\u00a0\u00a0\u00a0\u00a0\u00a0 27\u00a0\u00a0 25\u00a0\u00a0 30\u00a0\u00a0 30\u00a0\u00a0\u00a0 27\u00a0\u00a0\u00a0 26\u00a0\u00a0 27\u00a0 \u00a0 29\u00a0\u00a0 30\u00a0\u00a0\u00a0 26\u00a0\u00a0\u00a0 30\u00a0\u00a0 \u00a0 26<br \/>\nPlazierung:\u00a0\u00a0\u00a0\u00a0\u00a0\u00a0 \u00a0\u00a0\u00a0\u00a0 21\u00a0\u00a0 26\u00a0\u00a0 20\u00a0\u00a0 17\u00a0\u00a0\u00a0 21\u00a0\u00a0\u00a0\u00a0 22\u00a0\u00a0 21\u00a0\u00a0 21\u00a0\u00a0\u00a0 21\u00a0\u00a0\u00a0 21\u00a0\u00a0\u00a0 21\u00a0\u00a0 \u00a0 21<\/h6>\n<h6>Gesamttrefferzahl\u00a0 H\u00f6ngen 333 von 360 m\u00f6glichen Treffern<\/h6>\n<h6>Gesamttreffer H\u00f6ngen in der Hauptrunde Herbst 2017 2. Bezirksklasse 343<br \/>\n341 Treffer h\u00e4tten in der HR 1. Bezirksklasse ausgereicht um die Klasse zu halten.<\/h6>\n<h6>Trotz Aufstieg mit 343 Treffern wird es schwer werden sich in der\u00a0 1. Bezirksklasse zu halten. Wir hoffen auf viele Heimwettk\u00e4mpfe, auf unserem modifiziertemSchie\u00dfstand und einen funktionierenden Thekendienst; dann wird der Rest wohl auch klappen!!!<\/h6>\n<h6>Dank an die Schie\u00dfgruppe, die den Schie\u00dfsport in unserer Bruderschaft hoch h\u00e4lt!!<\/h6>\n<h6>In der Hauptrunde, wo man wieder auf dem eigenen Schie\u00dfstand trainieren wird, werden die Ergebnisse auch wieder besser &#8211; konstanter. ( hoffentlich )<\/h6>\n<h5>Link zur\u00a0\u00a0 <a href=\"http:\/\/www.dekanat-gangelt-selfkant.de\/Tabelle_neu.php?var0=173\">Abschlusstabelle Zwischenrunde 2017\/ 18\u00a0\u00a0<\/a><\/h5>\n<h5>Infos Dekanat unter:\u00a0\u00a0<a href=\"http:\/\/www.dekanat-gangelt-selfkant.de\" data-slimstat-tracking=\"true\" data-slimstat-callback=\"true\">Dekanat Gangelt Selfkant\u00a0 <\/a><\/h5>\n<p>&nbsp;<\/p>\n<p><a href=\"http:\/\/www.schuetzen-hoengen.de\/wp-content\/uploads\/2015\/04\/KK-Schutzen_2016-Copy.jpg\" data-rel=\"lightbox-image-0\" data-rl_title=\"\" data-rl_caption=\"\" title=\"\"><img loading=\"lazy\" decoding=\"async\" class=\"alignnone wp-image-5102 \" src=\"http:\/\/www.schuetzen-hoengen.de\/wp-content\/uploads\/2015\/04\/KK-Schutzen_2016-Copy-300x224.jpg\" alt=\"\" width=\"387\" height=\"289\" srcset=\"https:\/\/schuetzen-hoengen.de\/wp-content\/uploads\/2015\/04\/KK-Schutzen_2016-Copy-300x224.jpg 300w, https:\/\/schuetzen-hoengen.de\/wp-content\/uploads\/2015\/04\/KK-Schutzen_2016-Copy-768x574.jpg 768w, https:\/\/schuetzen-hoengen.de\/wp-content\/uploads\/2015\/04\/KK-Schutzen_2016-Copy.jpg 800w\" sizes=\"(max-width: 387px) 100vw, 387px\" \/><\/a><\/p>\n<p>KK Mannschaft 2017\/18\u00a0 Auf dem Bild fehlt Stefanie Schmitz<\/p>\n<p>&nbsp;<\/p>\n<h6 style=\"text-align: center;\">unser neuer Kugelfang (Schie\u00dfstand Kleinkaliber ) fertiggestellt<\/h6>\n<p><a href=\"http:\/\/www.schuetzen-hoengen.de\/wp-content\/uploads\/2015\/04\/Smilies-6.jpg\" data-rel=\"lightbox-image-1\" data-rl_title=\"\" data-rl_caption=\"\" title=\"\"><img loading=\"lazy\" decoding=\"async\" class=\"alignnone wp-image-8643 aligncenter\" src=\"http:\/\/www.schuetzen-hoengen.de\/wp-content\/uploads\/2015\/04\/Smilies-6-300x75.jpg\" alt=\"\" width=\"220\" height=\"55\" \/><\/a><\/p>\n<p><a href=\"http:\/\/www.schuetzen-hoengen.de\/wp-content\/uploads\/2017\/12\/Schie\u00dfstand-Copy.jpg\" data-rel=\"lightbox-image-2\" data-rl_title=\"\" data-rl_caption=\"\" title=\"\"><img loading=\"lazy\" decoding=\"async\" class=\"alignnone wp-image-9593 \" src=\"http:\/\/www.schuetzen-hoengen.de\/wp-content\/uploads\/2017\/12\/Schie\u00dfstand-Copy.jpg\" alt=\"\" width=\"501\" height=\"282\" srcset=\"https:\/\/schuetzen-hoengen.de\/wp-content\/uploads\/2017\/12\/Schie\u00dfstand-Copy.jpg 640w, https:\/\/schuetzen-hoengen.de\/wp-content\/uploads\/2017\/12\/Schie\u00dfstand-Copy-300x169.jpg 300w\" sizes=\"(max-width: 501px) 100vw, 501px\" \/><\/a><\/p>\n<h6>In den letzten Wochen konnte die Schie\u00dfgruppe den neuen Kugelfangfertigstellen. Hier wird das KK Geschoss nicht mehr von Holz aufgefangen, sondern von einer Metallwanne.<br \/>\nDie Abnahme erfolgt nach Karneval, sodass die Heimwettk\u00e4mpfe der KK Hauptrunde im Fr\u00fchjahr wieder auf dem eigenen Schiessstand durchgef\u00fchrt werden k\u00f6nnen.<\/h6>\n<p><a href=\"http:\/\/www.schuetzen-hoengen.de\/wp-content\/uploads\/2015\/11\/DSCN1822-Copy.jpg\" data-rel=\"lightbox-image-3\" data-rl_title=\"\" data-rl_caption=\"\" title=\"\"><img loading=\"lazy\" decoding=\"async\" class=\"alignnone size-medium wp-image-6326\" src=\"http:\/\/www.schuetzen-hoengen.de\/wp-content\/uploads\/2015\/11\/DSCN1822-Copy-300x225.jpg\" alt=\"\" width=\"300\" height=\"225\" srcset=\"https:\/\/schuetzen-hoengen.de\/wp-content\/uploads\/2015\/11\/DSCN1822-Copy-300x225.jpg 300w, https:\/\/schuetzen-hoengen.de\/wp-content\/uploads\/2015\/11\/DSCN1822-Copy-768x576.jpg 768w, https:\/\/schuetzen-hoengen.de\/wp-content\/uploads\/2015\/11\/DSCN1822-Copy.jpg 800w\" sizes=\"(max-width: 300px) 100vw, 300px\" \/><\/a><\/p>\n<p>unser mobiler KK Stand &#8211; einmalig im Dekanat<\/p>\n<p>&nbsp;<\/p>\n<p>&nbsp;<\/p>\n<p>&nbsp;<\/p>\n<table id=\"table3\" border=\"0\" width=\"650\">\n<tbody>\n<tr>\n<td>\n<h1 align=\"center\"><\/h1>\n<h1 align=\"center\"><\/h1>\n<h1 align=\"center\"><\/h1>\n<h1 align=\"center\"><\/h1>\n<h1 align=\"center\"><\/h1>\n<h1 align=\"center\"><\/h1>\n<h1 align=\"center\"><\/h1>\n<h1 align=\"center\"><\/h1>\n<h1 align=\"center\"><\/h1>\n<h1 align=\"center\"><\/h1>\n<h1 align=\"center\"><\/h1>\n<h1 align=\"center\"><\/h1>\n<h1 align=\"center\"><\/h1>\n<h1 align=\"center\"><\/h1>\n<h1 align=\"center\"><\/h1>\n<h1 align=\"center\"><\/h1>\n<h1 align=\"center\"><\/h1>\n<h1 align=\"center\"><\/h1>\n<h1 align=\"center\"><\/h1>\n<h1 align=\"center\"><\/h1>\n<h1 align=\"center\"><\/h1>\n<h1 align=\"center\"><\/h1>\n<h1 align=\"center\"><\/h1>\n<h1 align=\"center\"><\/h1>\n<h1 align=\"center\"><\/h1>\n<h1 align=\"center\"><\/h1>\n<h1 align=\"center\"><\/h1>\n<h1 align=\"center\"><\/h1>\n<hr \/>\n<p>PS:\u00a0\u00a0 Platzhalter, um die Seitenbreite zu gew\u00e4hrleisten<\/p>\n<p>Tabelle<\/p>\n<table id=\"table4\" border=\"0\" align=\"center\">\n<tbody>\n<tr>\n<td width=\"44\">Platz<\/td>\n<td width=\"150\">Mannschaft<\/td>\n<td align=\"center\" width=\"80\">Gesamt<\/td>\n<td align=\"center\" width=\"30\"><a href=\"http:\/\/www.dekanat-gangelt-selfkant.de\/Tabelle_neu.php?var0=162&amp;var1=1\">1<\/a><\/td>\n<td align=\"center\" width=\"30\"><a href=\"http:\/\/www.dekanat-gangelt-selfkant.de\/Tabelle_neu.php?var0=162&amp;var1=2\">2<\/a><\/td>\n<td align=\"center\" width=\"30\"><a href=\"http:\/\/www.dekanat-gangelt-selfkant.de\/Tabelle_neu.php?var0=162&amp;var1=3\">3<\/a><\/td>\n<td align=\"center\" width=\"30\"><a href=\"http:\/\/www.dekanat-gangelt-selfkant.de\/Tabelle_neu.php?var0=162&amp;var1=4\">4<\/a><\/td>\n<td align=\"center\" width=\"30\"><a href=\"http:\/\/www.dekanat-gangelt-selfkant.de\/Tabelle_neu.php?var0=162&amp;var1=5\">5<\/a><\/td>\n<td align=\"center\" width=\"30\"><a href=\"http:\/\/www.dekanat-gangelt-selfkant.de\/Tabelle_neu.php?var0=162&amp;var1=6\">6<\/a><\/td>\n<td align=\"center\" width=\"30\"><a href=\"http:\/\/www.dekanat-gangelt-selfkant.de\/Tabelle_neu.php?var0=162&amp;var1=7\">7<\/a><\/td>\n<td align=\"center\" width=\"30\"><a href=\"http:\/\/www.dekanat-gangelt-selfkant.de\/Tabelle_neu.php?var0=162&amp;var1=8\">8<\/a><\/td>\n<td align=\"center\" width=\"30\"><a href=\"http:\/\/www.dekanat-gangelt-selfkant.de\/Tabelle_neu.php?var0=162&amp;var1=9\">9<\/a><\/td>\n<td align=\"center\" width=\"30\"><a href=\"http:\/\/www.dekanat-gangelt-selfkant.de\/Tabelle_neu.php?var0=162&amp;var1=10\">10<\/a><\/td>\n<td align=\"center\" width=\"30\"><a href=\"http:\/\/www.dekanat-gangelt-selfkant.de\/Tabelle_neu.php?var0=162&amp;var1=11\">11<\/a><\/td>\n<td align=\"center\" width=\"30\"><a href=\"http:\/\/www.dekanat-gangelt-selfkant.de\/Tabelle_neu.php?var0=162&amp;var1=12\">12<\/a><\/td>\n<\/tr>\n<tr>\n<td align=\"center\" width=\"44\">1<\/td>\n<td width=\"150\">Schierw&#8217;rath II<\/td>\n<td align=\"center\" width=\"80\">356<\/td>\n<td align=\"center\">30<\/td>\n<td align=\"center\">28<\/td>\n<td align=\"center\">30<\/td>\n<td align=\"center\">30<\/td>\n<td align=\"center\">30<\/td>\n<td align=\"center\">29<\/td>\n<td align=\"center\">30<\/td>\n<td align=\"center\">30<\/td>\n<td align=\"center\">30<\/td>\n<td align=\"center\">30<\/td>\n<td align=\"center\">30<\/td>\n<td align=\"center\">29<\/td>\n<\/tr>\n<tr>\n<td align=\"center\" width=\"44\">2<\/td>\n<td width=\"150\">Stahe I<\/td>\n<td align=\"center\" width=\"80\">349<\/td>\n<td align=\"center\">30<\/td>\n<td align=\"center\">30<\/td>\n<td align=\"center\">26<\/td>\n<td align=\"center\">29<\/td>\n<td align=\"center\">30<\/td>\n<td align=\"center\">28<\/td>\n<td align=\"center\">30<\/td>\n<td align=\"center\">29<\/td>\n<td align=\"center\">30<\/td>\n<td align=\"center\">28<\/td>\n<td align=\"center\">30<\/td>\n<td align=\"center\">29<\/td>\n<\/tr>\n<tr>\n<td align=\"center\" width=\"44\">3<\/td>\n<td width=\"150\">Schierw&#8217;rath I<\/td>\n<td align=\"center\" width=\"80\">344<\/td>\n<td align=\"center\">28<\/td>\n<td align=\"center\">29<\/td>\n<td align=\"center\">29<\/td>\n<td align=\"center\">29<\/td>\n<td align=\"center\">29<\/td>\n<td align=\"center\">28<\/td>\n<td align=\"center\">29<\/td>\n<td align=\"center\">30<\/td>\n<td align=\"center\">28<\/td>\n<td align=\"center\">29<\/td>\n<td align=\"center\">27<\/td>\n<td align=\"center\">29<\/td>\n<\/tr>\n<tr>\n<td align=\"center\" width=\"44\">4<\/td>\n<td width=\"150\">H\u00f6ngen<\/td>\n<td align=\"center\" width=\"80\">343<\/td>\n<td align=\"center\">30<\/td>\n<td align=\"center\">29<\/td>\n<td align=\"center\">29<\/td>\n<td align=\"center\">28<\/td>\n<td align=\"center\">29<\/td>\n<td align=\"center\">29<\/td>\n<td align=\"center\">30<\/td>\n<td align=\"center\">27<\/td>\n<td align=\"center\">28<\/td>\n<td align=\"center\">27<\/td>\n<td align=\"center\">29<\/td>\n<td align=\"center\">28<\/td>\n<\/tr>\n<tr>\n<td align=\"center\" width=\"44\">5<\/td>\n<td width=\"150\">Hastenrath I<\/td>\n<td align=\"center\" width=\"80\">340<\/td>\n<td align=\"center\">30<\/td>\n<td align=\"center\">24<\/td>\n<td align=\"center\">30<\/td>\n<td align=\"center\">29<\/td>\n<td align=\"center\">28<\/td>\n<td align=\"center\">29<\/td>\n<td align=\"center\">24<\/td>\n<td align=\"center\">27<\/td>\n<td align=\"center\">30<\/td>\n<td align=\"center\">30<\/td>\n<td align=\"center\">30<\/td>\n<td align=\"center\">29<\/td>\n<\/tr>\n<tr>\n<td align=\"center\" width=\"44\">5<\/td>\n<td width=\"150\">Schalbruch II<\/td>\n<td align=\"center\" width=\"80\">340<\/td>\n<td align=\"center\">28<\/td>\n<td align=\"center\">28<\/td>\n<td align=\"center\">28<\/td>\n<td align=\"center\">29<\/td>\n<td align=\"center\">27<\/td>\n<td align=\"center\">25<\/td>\n<td align=\"center\">29<\/td>\n<td align=\"center\">28<\/td>\n<td align=\"center\">29<\/td>\n<td align=\"center\">29<\/td>\n<td align=\"center\">30<\/td>\n<td align=\"center\">30<\/td>\n<\/tr>\n<\/tbody>\n<\/table>\n<\/td>\n<\/tr>\n<\/tbody>\n<\/table>\n","protected":false},"excerpt":{"rendered":"<p>Kleinkaliber Zwischenrunde 2017\/ 18 letzter Wettkampftag 02.02.2018 \u00a0\u00a0 12. Wettkampftag\u00a0\u00a0 26 Treffer Wettkampftag:\u00a0\u00a0\u00a0\u00a0\u00a0 1.\u00a0\u00a0\u00a0 2. \u00a0 \u00a0 3.\u00a0\u00a0 \u00a0 4.\u00a0\u00a0\u00a0 \u00a0 5.\u00a0\u00a0\u00a0\u00a0 6.\u00a0\u00a0 \u00a0 7. \u00a0\u00a0\u00a0 8.\u00a0\u00a0\u00a0 9.\u00a0\u00a0 \u00a0 10. \u00a0\u00a0 11.\u00a0\u00a0 12. Ergebnis:\u00a0\u00a0\u00a0\u00a0\u00a0\u00a0\u00a0\u00a0\u00a0\u00a0\u00a0\u00a0\u00a0\u00a0\u00a0\u00a0 27\u00a0\u00a0 25\u00a0\u00a0 30\u00a0\u00a0 30\u00a0\u00a0\u00a0 27\u00a0\u00a0\u00a0 26\u00a0\u00a0 27\u00a0 \u00a0 29\u00a0\u00a0 30\u00a0\u00a0\u00a0 26\u00a0\u00a0\u00a0 30\u00a0\u00a0 \u00a0 26 Plazierung:\u00a0\u00a0\u00a0\u00a0\u00a0\u00a0 \u00a0\u00a0\u00a0\u00a0 21\u00a0\u00a0 26\u00a0\u00a0 20\u00a0\u00a0 17\u00a0\u00a0\u00a0 21\u00a0\u00a0\u00a0\u00a0 &hellip; <a href=\"https:\/\/schuetzen-hoengen.de\/index.php\/schiesssport\/3-2-rueckblick-kk-zwischenrunde-2017-18\/\" class=\"more-link\"><span class=\"screen-reader-text\">3.2. R\u00fcckblick KK Zwischenrunde 2017\/ 18<\/span> weiterlesen <span class=\"meta-nav\">&rarr;<\/span><\/a><\/p>\n","protected":false},"author":3,"featured_media":0,"parent":44,"menu_order":0,"comment_status":"closed","ping_status":"closed","template":"","meta":{"footnotes":""},"_links":{"self":[{"href":"https:\/\/schuetzen-hoengen.de\/index.php\/wp-json\/wp\/v2\/pages\/9991"}],"collection":[{"href":"https:\/\/schuetzen-hoengen.de\/index.php\/wp-json\/wp\/v2\/pages"}],"about":[{"href":"https:\/\/schuetzen-hoengen.de\/index.php\/wp-json\/wp\/v2\/types\/page"}],"author":[{"embeddable":true,"href":"https:\/\/schuetzen-hoengen.de\/index.php\/wp-json\/wp\/v2\/users\/3"}],"replies":[{"embeddable":true,"href":"https:\/\/schuetzen-hoengen.de\/index.php\/wp-json\/wp\/v2\/comments?post=9991"}],"version-history":[{"count":6,"href":"https:\/\/schuetzen-hoengen.de\/index.php\/wp-json\/wp\/v2\/pages\/9991\/revisions"}],"predecessor-version":[{"id":10779,"href":"https:\/\/schuetzen-hoengen.de\/index.php\/wp-json\/wp\/v2\/pages\/9991\/revisions\/10779"}],"up":[{"embeddable":true,"href":"https:\/\/schuetzen-hoengen.de\/index.php\/wp-json\/wp\/v2\/pages\/44"}],"wp:attachment":[{"href":"https:\/\/schuetzen-hoengen.de\/index.php\/wp-json\/wp\/v2\/media?parent=9991"}],"curies":[{"name":"wp","href":"https:\/\/api.w.org\/{rel}","templated":true}]}}